{"id":17403,"date":"2019-05-26T00:04:10","date_gmt":"2019-05-25T22:04:10","guid":{"rendered":"https:\/\/zfl-lernen.de\/?page_id=17403"},"modified":"2022-08-31T09:36:54","modified_gmt":"2022-08-31T07:36:54","slug":"wegweiser-lernmodule","status":"publish","type":"page","link":"https:\/\/zfl-lernen.de\/en\/wegweiser-lernmodule\/","title":{"rendered":"Wegweiser Lernmodule"},"content":{"rendered":"<h1>Bedienungsanleitung<\/h1>\n<p>Auf dieser Seite finden Sie einen kurzen \u00dcberblick zur Bedienung unserer Lernmodule:<\/p>\n<hr \/>\n<h2>&#8222;Zur\u00fcck&#8220; und &#8222;Weiter&#8220;<\/h2>\n<p><img loading=\"lazy\" decoding=\"async\" class=\"wp-image-32641 alignright\" src=\"https:\/\/zfl-lernen.de\/wp-content\/uploads\/zfl_wiki_lernmodule_anleitung.png\" alt=\"\" width=\"402\" height=\"58\" \/><\/p>\n<p>Mit den mit \u201eZur\u00fcck\u201c- und \u201eWeiter\u201c-Schaltfl\u00e4chen k\u00f6nnen Sie sich durch das Lernmodul navigieren. So gelangen Sie nacheinander zu allen Lektionen (bzw. Seiten) des Lernmoduls.<\/p>\n<hr \/>\n<h2>Gliederung<\/h2>\n<p><img loading=\"lazy\" decoding=\"async\" class=\"alignright wp-image-32657 size-full\" src=\"https:\/\/zfl-lernen.de\/wp-content\/uploads\/zfl_wiki_lernmodule_anleitung_navi.png\" alt=\"\" width=\"372\" height=\"245\" \/>An welcher Stelle des Lernmoduls Sie sich dabei gerade befinden, wird Ihnen auf der <strong>linken Seite in der Navigation<\/strong> angezeigt. Ihre aktuell aufgerufene Lektion ist dabei hellgrau unterlegt.<\/p>\n<p>Die<strong> blauen \u00dcberschriften mit den Pfeilen<\/strong> stellen die Oberkapitel dar, unter denen verschiedene Lektionen zu finden sind. Die Oberkapitel sind selbst keine aufrufbaren Lektionen, sondern <strong>dienen NUR zur Strukturierung der Inhalte<\/strong>. Durch Klicken oder tippen auf die Oberkapitel, lassen sich diese zur besseren \u00dcbersicht ein- oder ausklappen.<\/p>\n<hr \/>\n<p><img loading=\"lazy\" decoding=\"async\" class=\"alignright wp-image-32645 size-full\" src=\"https:\/\/zfl-lernen.de\/wp-content\/uploads\/zfl_wiki_lernmodule_anleitung_navi-lasche.png\" alt=\"\" width=\"91\" height=\"64\" \/><\/p>\n<p><strong>Aufrufen und Einklappen der Gliederung <\/strong><\/p>\n<p>Durch Klicken auf das &#8222;gelbe F\u00e4hnchen&#8220; k\u00f6nnen Sie die Gliederung im linken Reiter aus- und wieder einblenden.<\/p>\n<hr \/>\n<p><strong>Funktionen<\/strong><\/p>\n<p><img loading=\"lazy\" decoding=\"async\" class=\"alignright wp-image-32643 size-full\" src=\"https:\/\/zfl-lernen.de\/wp-content\/uploads\/zfl_wiki_lernmodule_anleitung_icons.png\" alt=\"\" width=\"152\" height=\"65\" \/><span style=\"font-size: inherit;\">In der rechten oberen Ecke Ihrer Ansicht des Lernmoduls befinden sich drei Icons:<\/span><\/p>\n<ul>\n<li>\u00dcber das <strong>\u00a7<\/strong> rufen sie das zum Lernmodul passende Impressum auf.<\/li>\n<li>Mittels <strong>?<\/strong> gelangen Sie zu dieser Bedienungsanleitung der Lernmodule<\/li>\n<li>Mit einem Klick auf das <strong>X<\/strong> schlie\u00dfen Sie das Lernmodul und gelangen zur Startseite des jeweiligen Lernmoduls.<\/li>\n<\/ul>\n<hr \/>\n<p><strong>Seitenabschluss<\/strong><\/p>\n<p><img loading=\"lazy\" decoding=\"async\" class=\"alignnone wp-image-32644 size-full\" src=\"https:\/\/zfl-lernen.de\/wp-content\/uploads\/zfl_wiki_lernmodule_anleitung_footer.png\" alt=\"\" width=\"1824\" height=\"82\" \/><\/p>\n<p>Im unteren Bereich des Lernmoduls finden Sie die Logos der Universit\u00e4t zu K\u00f6ln, des Zentrums f\u00fcr LehrerInnenbildung sowie ggf. an der Produktion des Lernmoduls beteiligten Kooperationspartner. Ebenso finden Sie dort Informationen zur verwendeten Lizenz.<\/p>\n<hr \/>\n<h2><img loading=\"lazy\" decoding=\"async\" class=\"wp-image-23738 alignright\" src=\"https:\/\/zfl-lernen.de\/wp-content\/uploads\/2020\/03\/Design-ohne-Titel-1-300x213.png\" alt=\"\" width=\"380\" height=\"270\" srcset=\"https:\/\/zfl-lernen.de\/wp-content\/uploads\/2020\/03\/Design-ohne-Titel-1-300x213.png 300w, https:\/\/zfl-lernen.de\/wp-content\/uploads\/2020\/03\/Design-ohne-Titel-1-1024x727.png 1024w, https:\/\/zfl-lernen.de\/wp-content\/uploads\/2020\/03\/Design-ohne-Titel-1-768x545.png 768w, https:\/\/zfl-lernen.de\/wp-content\/uploads\/2020\/03\/Design-ohne-Titel-1-1536x1090.png 1536w, https:\/\/zfl-lernen.de\/wp-content\/uploads\/2020\/03\/Design-ohne-Titel-1.png 1747w\" sizes=\"auto, (max-width: 380px) 100vw, 380px\" \/><\/h2>\n<h2><strong>Interaktive Elemente<\/strong><\/h2>\n<p>Teilweise erscheinen in den Lernmodulen interaktive Elemente, wie interaktive Grafiken, Videos oder auch sogenannte &#8222;Course Presentations&#8220;.<\/p>\n<p>Course Presentations sind interaktiv und enthalten mehrere Seiten. In diesem Fall sind die Pr\u00e4sentationen durch die Pfeile am rechten und linken Rand klickbar wie auf dem nebenstehenden Beispiel.<\/p>\n<hr \/>\n<p><strong>Zusatzinformation in der &#8222;Nerd&#8220;-Box<\/strong><\/p>\n<p><img loading=\"lazy\" decoding=\"async\" class=\"alignnone wp-image-32642\" src=\"https:\/\/zfl-lernen.de\/wp-content\/uploads\/zfl_wiki_lernmodule_anleitung_nerd.png\" alt=\"\" width=\"929\" height=\"128\" \/><br \/>\nIm Lernmodul werden Ihnen ab und an Boxen mit dem Nerd-Gesicht begegnen. Diese k\u00f6nnen angeklickt werden und verweisen auf <strong>zus\u00e4tzliche Informationen zum Thema<\/strong>. In gleicher Form werden auch <strong>Literaturhinweise<\/strong> dargestellt.<\/p>\n<hr \/>\n<h2>&#8230;und jetzt w\u00fcnschen wir viel Spa\u00df und spannende Erkenntnisse beim Lernen!<\/h2>"},"excerpt":{"rendered":"<p>Bedienungsanleitung Auf dieser Seite finden Sie einen kurzen \u00dcberblick zur Bedienung unserer Lernmodule: &#8222;Zur\u00fcck&#8220; und &#8222;Weiter&#8220; Mit den mit \u201eZur\u00fcck\u201c- und \u201eWeiter\u201c-Schaltfl\u00e4chen k\u00f6nnen Sie sich durch das Lernmodul navigieren. So gelangen Sie nacheinander zu allen Lektionen (bzw. Seiten) des Lernmoduls. &hellip; <\/p>","protected":false},"author":2,"featured_media":0,"parent":0,"menu_order":0,"comment_status":"closed","ping_status":"closed","template":"","meta":{"_acf_changed":false,"footnotes":""},"categories":[],"tags":[],"kooperation":[],"class_list":["post-17403","page","type-page","status-publish","hentry"],"acf":[],"yoast_head":"<!-- This site is optimized with the Yoast SEO plugin v27.1.1 - https:\/\/yoast.com\/product\/yoast-seo-wordpress\/ -->\n<title>Wegweiser Lernmodule - ZfL Lernen<\/title>\n<meta name=\"robots\" content=\"index, follow, max-snippet:-1, max-image-preview:large, max-video-preview:-1\" \/>\n<link rel=\"canonical\" href=\"https:\/\/zfl-lernen.de\/en\/wegweiser-lernmodule\/\" \/>\n<meta property=\"og:locale\" content=\"en_US\" \/>\n<meta property=\"og:type\" content=\"article\" \/>\n<meta property=\"og:title\" content=\"Wegweiser Lernmodule - ZfL Lernen\" \/>\n<meta property=\"og:description\" content=\"Bedienungsanleitung Auf dieser Seite finden Sie einen kurzen \u00dcberblick zur Bedienung unserer Lernmodule: &#8222;Zur\u00fcck&#8220; und &#8222;Weiter&#8220; Mit den mit \u201eZur\u00fcck\u201c- und \u201eWeiter\u201c-Schaltfl\u00e4chen k\u00f6nnen Sie sich durch das Lernmodul navigieren. So gelangen Sie nacheinander zu allen Lektionen (bzw. Seiten) des Lernmoduls. &hellip;\" \/>\n<meta property=\"og:url\" content=\"https:\/\/zfl-lernen.de\/en\/wegweiser-lernmodule\/\" \/>\n<meta property=\"og:site_name\" content=\"ZfL Lernen\" \/>\n<meta property=\"article:publisher\" content=\"https:\/\/www.facebook.com\/zflkoeln\" \/>\n<meta property=\"article:modified_time\" content=\"2022-08-31T07:36:54+00:00\" \/>\n<meta property=\"og:image\" content=\"https:\/\/zfl-lernen.de\/wp-content\/uploads\/zfl_wiki_lernmodule_anleitung.png\" \/>\n<meta name=\"twitter:card\" content=\"summary_large_image\" \/>\n<meta name=\"twitter:site\" content=\"@Lehrer_innen\" \/>\n<meta name=\"twitter:label1\" content=\"Est. reading time\" \/>\n\t<meta name=\"twitter:data1\" content=\"2 minutes\" \/>\n<script type=\"application\/ld+json\" class=\"yoast-schema-graph\">{\"@context\":\"https:\/\/schema.org\",\"@graph\":[{\"@type\":\"WebPage\",\"@id\":\"https:\/\/zfl-lernen.de\/wegweiser-lernmodule\/\",\"url\":\"https:\/\/zfl-lernen.de\/wegweiser-lernmodule\/\",\"name\":\"Wegweiser Lernmodule - ZfL Lernen\",\"isPartOf\":{\"@id\":\"https:\/\/zfl-lernen.de\/#website\"},\"primaryImageOfPage\":{\"@id\":\"https:\/\/zfl-lernen.de\/wegweiser-lernmodule\/#primaryimage\"},\"image\":{\"@id\":\"https:\/\/zfl-lernen.de\/wegweiser-lernmodule\/#primaryimage\"},\"thumbnailUrl\":\"https:\/\/zfl-lernen.de\/wp-content\/uploads\/zfl_wiki_lernmodule_anleitung.png\",\"datePublished\":\"2019-05-25T22:04:10+00:00\",\"dateModified\":\"2022-08-31T07:36:54+00:00\",\"breadcrumb\":{\"@id\":\"https:\/\/zfl-lernen.de\/wegweiser-lernmodule\/#breadcrumb\"},\"inLanguage\":\"en-US\",\"potentialAction\":[{\"@type\":\"ReadAction\",\"target\":[\"https:\/\/zfl-lernen.de\/wegweiser-lernmodule\/\"]}]},{\"@type\":\"ImageObject\",\"inLanguage\":\"en-US\",\"@id\":\"https:\/\/zfl-lernen.de\/wegweiser-lernmodule\/#primaryimage\",\"url\":\"https:\/\/zfl-lernen.de\/wp-content\/uploads\/zfl_wiki_lernmodule_anleitung.png\",\"contentUrl\":\"https:\/\/zfl-lernen.de\/wp-content\/uploads\/zfl_wiki_lernmodule_anleitung.png\"},{\"@type\":\"BreadcrumbList\",\"@id\":\"https:\/\/zfl-lernen.de\/wegweiser-lernmodule\/#breadcrumb\",\"itemListElement\":[{\"@type\":\"ListItem\",\"position\":1,\"name\":\"Startseite\",\"item\":\"https:\/\/zfl-lernen.de\/\"},{\"@type\":\"ListItem\",\"position\":2,\"name\":\"Wegweiser Lernmodule\"}]},{\"@type\":\"WebSite\",\"@id\":\"https:\/\/zfl-lernen.de\/#website\",\"url\":\"https:\/\/zfl-lernen.de\/\",\"name\":\"ZfL Lernen\",\"description\":\"ZfL Offene Bildungsangebote\",\"potentialAction\":[{\"@type\":\"SearchAction\",\"target\":{\"@type\":\"EntryPoint\",\"urlTemplate\":\"https:\/\/zfl-lernen.de\/?s={search_term_string}\"},\"query-input\":{\"@type\":\"PropertyValueSpecification\",\"valueRequired\":true,\"valueName\":\"search_term_string\"}}],\"inLanguage\":\"en-US\"}]}<\/script>\n<!-- \/ Yoast SEO plugin. -->","yoast_head_json":{"title":"Wegweiser Lernmodule - ZfL Lernen","robots":{"index":"index","follow":"follow","max-snippet":"max-snippet:-1","max-image-preview":"max-image-preview:large","max-video-preview":"max-video-preview:-1"},"canonical":"https:\/\/zfl-lernen.de\/en\/wegweiser-lernmodule\/","og_locale":"en_US","og_type":"article","og_title":"Wegweiser Lernmodule - ZfL Lernen","og_description":"Bedienungsanleitung Auf dieser Seite finden Sie einen kurzen \u00dcberblick zur Bedienung unserer Lernmodule: &#8222;Zur\u00fcck&#8220; und &#8222;Weiter&#8220; Mit den mit \u201eZur\u00fcck\u201c- und \u201eWeiter\u201c-Schaltfl\u00e4chen k\u00f6nnen Sie sich durch das Lernmodul navigieren. So gelangen Sie nacheinander zu allen Lektionen (bzw. Seiten) des Lernmoduls. &hellip;","og_url":"https:\/\/zfl-lernen.de\/en\/wegweiser-lernmodule\/","og_site_name":"ZfL Lernen","article_publisher":"https:\/\/www.facebook.com\/zflkoeln","article_modified_time":"2022-08-31T07:36:54+00:00","og_image":[{"url":"https:\/\/zfl-lernen.de\/wp-content\/uploads\/zfl_wiki_lernmodule_anleitung.png","type":"","width":"","height":""}],"twitter_card":"summary_large_image","twitter_site":"@Lehrer_innen","twitter_misc":{"Est. reading time":"2 minutes"},"schema":{"@context":"https:\/\/schema.org","@graph":[{"@type":"WebPage","@id":"https:\/\/zfl-lernen.de\/wegweiser-lernmodule\/","url":"https:\/\/zfl-lernen.de\/wegweiser-lernmodule\/","name":"Wegweiser Lernmodule - ZfL Lernen","isPartOf":{"@id":"https:\/\/zfl-lernen.de\/#website"},"primaryImageOfPage":{"@id":"https:\/\/zfl-lernen.de\/wegweiser-lernmodule\/#primaryimage"},"image":{"@id":"https:\/\/zfl-lernen.de\/wegweiser-lernmodule\/#primaryimage"},"thumbnailUrl":"https:\/\/zfl-lernen.de\/wp-content\/uploads\/zfl_wiki_lernmodule_anleitung.png","datePublished":"2019-05-25T22:04:10+00:00","dateModified":"2022-08-31T07:36:54+00:00","breadcrumb":{"@id":"https:\/\/zfl-lernen.de\/wegweiser-lernmodule\/#breadcrumb"},"inLanguage":"en-US","potentialAction":[{"@type":"ReadAction","target":["https:\/\/zfl-lernen.de\/wegweiser-lernmodule\/"]}]},{"@type":"ImageObject","inLanguage":"en-US","@id":"https:\/\/zfl-lernen.de\/wegweiser-lernmodule\/#primaryimage","url":"https:\/\/zfl-lernen.de\/wp-content\/uploads\/zfl_wiki_lernmodule_anleitung.png","contentUrl":"https:\/\/zfl-lernen.de\/wp-content\/uploads\/zfl_wiki_lernmodule_anleitung.png"},{"@type":"BreadcrumbList","@id":"https:\/\/zfl-lernen.de\/wegweiser-lernmodule\/#breadcrumb","itemListElement":[{"@type":"ListItem","position":1,"name":"Startseite","item":"https:\/\/zfl-lernen.de\/"},{"@type":"ListItem","position":2,"name":"Wegweiser Lernmodule"}]},{"@type":"WebSite","@id":"https:\/\/zfl-lernen.de\/#website","url":"https:\/\/zfl-lernen.de\/","name":"ZfL Lernen","description":"ZfL Offene Bildungsangebote","potentialAction":[{"@type":"SearchAction","target":{"@type":"EntryPoint","urlTemplate":"https:\/\/zfl-lernen.de\/?s={search_term_string}"},"query-input":{"@type":"PropertyValueSpecification","valueRequired":true,"valueName":"search_term_string"}}],"inLanguage":"en-US"}]}},"_links":{"self":[{"href":"https:\/\/zfl-lernen.de\/en\/wp-json\/wp\/v2\/pages\/17403","targetHints":{"allow":["GET"]}}],"collection":[{"href":"https:\/\/zfl-lernen.de\/en\/wp-json\/wp\/v2\/pages"}],"about":[{"href":"https:\/\/zfl-lernen.de\/en\/wp-json\/wp\/v2\/types\/page"}],"author":[{"embeddable":true,"href":"https:\/\/zfl-lernen.de\/en\/wp-json\/wp\/v2\/users\/2"}],"replies":[{"embeddable":true,"href":"https:\/\/zfl-lernen.de\/en\/wp-json\/wp\/v2\/comments?post=17403"}],"version-history":[{"count":0,"href":"https:\/\/zfl-lernen.de\/en\/wp-json\/wp\/v2\/pages\/17403\/revisions"}],"wp:attachment":[{"href":"https:\/\/zfl-lernen.de\/en\/wp-json\/wp\/v2\/media?parent=17403"}],"wp:term":[{"taxonomy":"category","embeddable":true,"href":"https:\/\/zfl-lernen.de\/en\/wp-json\/wp\/v2\/categories?post=17403"},{"taxonomy":"post_tag","embeddable":true,"href":"https:\/\/zfl-lernen.de\/en\/wp-json\/wp\/v2\/tags?post=17403"},{"taxonomy":"kooperation","embeddable":true,"href":"https:\/\/zfl-lernen.de\/en\/wp-json\/wp\/v2\/kooperation?post=17403"}],"curies":[{"name":"wp","href":"https:\/\/api.w.org\/{rel}","templated":true}]}}