{"id":21564,"date":"2019-10-25T09:26:00","date_gmt":"2019-10-25T07:26:00","guid":{"rendered":"https:\/\/zfl-lernen.de\/?page_id=21564"},"modified":"2022-03-08T14:15:48","modified_gmt":"2022-03-08T13:15:48","slug":"cookie-richtlinien","status":"publish","type":"page","link":"https:\/\/zfl-lernen.de\/en\/cookie-richtlinien\/","title":{"rendered":"Cookie Richtlinien"},"content":{"rendered":"<div class=\"cli_pg_page_contaner\">\n<h3>\u00dcber die Cookie-Richtlinie<\/h3>\n<div>\n<p>Diese Cookie-Richtlinie erkl\u00e4rt, was Cookies sind und wie wir sie nutzen. Sie sollten diese Richtlinie lesen und zu verstehen, was Cookies sind, wie wir sie nutzen, welche Arten von Cookies wir nutzen, welche Informationen wir mit Cookies sammeln und wie diese Informationen genutzt wird und wie die Cookie-Einstellungen kontrolliert werden k\u00f6nnen. Weitere Informationen dar\u00fcber, wie wir pers\u00f6nlichen Daten nutzen, speichern, verarbeiten und teilen sind in den Datenschutzbestimmungen einzusehen.<\/p>\n<p>Sie k\u00f6nnen ihre Einwilligung zur Cookie-Nutzung jederzeit \u00fcber die Cookie-Erkl\u00e4rung auf unserer Webseite \u00e4ndern oder entziehen.<\/p>\n<p>Lernen Sie mehr dar\u00fcber wer wir sind, wie Sie uns kontaktieren k\u00f6nnen und wie wir Ihre pers\u00f6nlichen Daten verarbeiten &#8211;&gt; in unseren Datenschutzbestimmungen.<\/p>\n<p>Ihre Einwilligung bezieht sich auf folgende Dom\u00e4ne<\/p>\n<p><a href=\"https:\/\/zfl-lernen.de\/en\/\">zfl-lernen.de<\/a><\/p>\n[user_consent_state]\n<\/div>\n<h3>Was sind Cookies?<\/h3>\n<div>\n<p>Cookies sind kleine Textdateien, die dazu genutzt werden kleine Informationsschnipsel zu speichern. Die Cookies werden auf Ihrem jeweiligen Endger\u00e4t beziehungsweise Browser geladen, wenn Sie diese Webseite aufrufen. Diese Cookies helfen uns die Webseite und Ihre diversen Funktionen zu erm\u00f6glichen, die Webseite sicherer zu machen, die Nutzererfahrung und die Nutzung der Webseite zu verbessern und zu verfolgen und zu analysieren, ob die Webseite funktioniert und wie wir sie besser gestalten k\u00f6nnen.<\/p>\n<\/div>\n<h3>Wie benutzen wir Cookies?<\/h3>\n<p>Wie die meisten Online-Angebote benutzt unsere Webseite aus diversen Gr\u00fcnden Cookies. Unsere eigenen Cookies dienen vorrangig der Gew\u00e4hrleistung grundlegender Funktionalit\u00e4ten der Webseite und sammeln keine pers\u00f6nlichen Daten.<\/p>\n<p>Cookies von Drittanbietern werden auf dieser Webseite nicht benutzt.<\/p>\n<h3>Welche Art von Cookies benutzen wir?<\/h3>\n<div>\n<p><span style=\"font-weight: bold;\">Notwendig<\/span>: Manche Cookies sind notwendig, um die volle Funktionalit\u00e4t dieser Webseite zu gew\u00e4hrleisten. Diese erlauben uns Nutzersitzungen (Sessions) aufrechtzuerhalten und dienen der Sicherheit der Webseite. Diese Cookies sammeln und speichern keine pers\u00f6nlichen Informationen.<\/p>\n<p><span style=\"font-weight: bold;\">Statistik:<\/span> Zum jetzigen Zeitpunkt nutzt diese Webseite keine Cookies aus statistischen Gr\u00fcnden. Statistische Cookies speichern im Allgemeinen Informationen \u00fcber die Anzahl an (einzelnen) Besuchern, welche Seiten wann und wie oft besucht werden, die Quelle des Besuchs (Verlinkung) etc. Diese Daten helfen den Betreibern die Webseite und das Angebot zu analysieren und zu verbessern.<\/p>\n<p><span style=\"font-weight: bold;\">Werbung: <\/span>Zum jetzigen Zeitpunkt nutzt diese Webseite keine Werbe-Cookies. Werbe-Cookies erm\u00f6glichen es allen Nutzern individuelle Werbeanzeigen zu liefern und zudem die Effizienz der Werbung zu verfolgen. Werbe-Cookies k\u00f6nnen auch von Drittanbietern genutzt werden, um auch auf anderen Webseiten personalisierte Werbung zu erhalten.<\/p>\n<p><span style=\"font-weight: bold;\">Funktional:<\/span> Das sind die Cookies, die nicht-essenzielle Funktionalit\u00e4ten der Webseite erm\u00f6glichen, also nicht unbedingt notwendig sind. Dazu z\u00e4hlen haupts\u00e4chlich Funktionen zum Einbetten von Videos oder \u00c4hnlichem.<\/p>\n<p><span style=\"font-weight: bold;\">Einstellungen:<\/span> Diese Cookies erm\u00f6glichen es uns Ihre Webseiten- und Browsereinstellungen zu speichern, um Ihnen eine bessere und einfachere Nutzung der Webseite zu erm\u00f6glichen. Dabei werden beispielsweise Ihre pr\u00e4ferierte Sprache oder ausgew\u00e4hlte stilistische Einstellungen gespeichert.<\/p>\n[cookie_audit columns=&#8220;cookie,description&#8220; heading=&#8220;The below list details the cookies used in our website.&#8220;]\n<\/div>\n<h3>Wie kann ich kontrollieren, welche Cookies aktiviert sind?<\/h3>\n<div>\n<p>Sollten Sie sich dazu entscheiden die Cookie-Einwilligung zu \u00e4ndern, befindet sich im unteren rechten Bereich des Browserfensters die Schaltfl\u00e4che &#8222;Datenschutz &amp; Cookies&#8220;. Diese wird die urspr\u00fcngliche Nachricht zur Einwilligung der Cookies anzeigen. \u00dcber einen Klick auf den Link &#8222;Cookie-Einstellungen&#8220; k\u00f6nnen Sie nicht-notwendige Cookies deaktivieren.<\/p>\n<p>Zus\u00e4tzlich dazu bieten die meisten (modernen) Browser M\u00f6glichkeiten an Cookies (webseitenspezifisch) zu blockieren und zu l\u00f6schen. Diese Option m\u00fcssen Sie jedoch manuell \u00fcber die Einstellung des Browsers aktivieren. Um mehr \u00fcber Cookies und das Blockieren\/L\u00f6schen dieser besuchen Sie: <a href=\"https:\/\/en.wikipedia.org\/wiki\/HTTP_cookie\" target=\"_blank\" rel=\"nofollow noopener noreferrer\">wikipedia.org<\/a>, <a href=\"https:\/\/www.allaboutcookies.org\/\" target=\"_blank\" rel=\"nofollow noopener noreferrer\">www.allaboutcookies.org.<\/a><\/p>\n<\/div>\n<\/div>"},"excerpt":{"rendered":"<p>\u00dcber die Cookie-Richtlinie Diese Cookie-Richtlinie erkl\u00e4rt, was Cookies sind und wie wir sie nutzen. Sie sollten diese Richtlinie lesen und zu verstehen, was Cookies sind, wie wir sie nutzen, welche Arten von Cookies wir nutzen, welche Informationen wir mit Cookies &hellip; <\/p>","protected":false},"author":6,"featured_media":0,"parent":0,"menu_order":0,"comment_status":"closed","ping_status":"closed","template":"","meta":{"_acf_changed":false,"footnotes":""},"categories":[],"tags":[],"kooperation":[],"class_list":["post-21564","page","type-page","status-publish","hentry"],"acf":[],"yoast_head":"<!-- This site is optimized with the Yoast SEO plugin v27.1.1 - https:\/\/yoast.com\/product\/yoast-seo-wordpress\/ -->\n<title>Cookie Richtlinien - ZfL Lernen<\/title>\n<meta name=\"robots\" content=\"index, follow, max-snippet:-1, max-image-preview:large, max-video-preview:-1\" \/>\n<link rel=\"canonical\" href=\"https:\/\/zfl-lernen.de\/en\/cookie-richtlinien\/\" \/>\n<meta property=\"og:locale\" content=\"en_US\" \/>\n<meta property=\"og:type\" content=\"article\" \/>\n<meta property=\"og:title\" content=\"Cookie Richtlinien - ZfL Lernen\" \/>\n<meta property=\"og:description\" content=\"\u00dcber die Cookie-Richtlinie Diese Cookie-Richtlinie erkl\u00e4rt, was Cookies sind und wie wir sie nutzen. Sie sollten diese Richtlinie lesen und zu verstehen, was Cookies sind, wie wir sie nutzen, welche Arten von Cookies wir nutzen, welche Informationen wir mit Cookies &hellip;\" \/>\n<meta property=\"og:url\" content=\"https:\/\/zfl-lernen.de\/en\/cookie-richtlinien\/\" \/>\n<meta property=\"og:site_name\" content=\"ZfL Lernen\" \/>\n<meta property=\"article:publisher\" content=\"https:\/\/www.facebook.com\/zflkoeln\" \/>\n<meta property=\"article:modified_time\" content=\"2022-03-08T13:15:48+00:00\" \/>\n<meta property=\"og:image\" content=\"https:\/\/zfl-lernen.de\/wp-content\/uploads\/zfl-logo_neu-1.png\" \/>\n\t<meta property=\"og:image:width\" content=\"300\" \/>\n\t<meta property=\"og:image:height\" content=\"161\" \/>\n\t<meta property=\"og:image:type\" content=\"image\/png\" \/>\n<meta name=\"twitter:card\" content=\"summary_large_image\" \/>\n<meta name=\"twitter:site\" content=\"@Lehrer_innen\" \/>\n<meta name=\"twitter:label1\" content=\"Est. reading time\" \/>\n\t<meta name=\"twitter:data1\" content=\"3 minutes\" \/>\n<script type=\"application\/ld+json\" class=\"yoast-schema-graph\">{\"@context\":\"https:\/\/schema.org\",\"@graph\":[{\"@type\":\"WebPage\",\"@id\":\"https:\/\/zfl-lernen.de\/cookie-richtlinien\/\",\"url\":\"https:\/\/zfl-lernen.de\/cookie-richtlinien\/\",\"name\":\"Cookie Richtlinien - ZfL Lernen\",\"isPartOf\":{\"@id\":\"https:\/\/zfl-lernen.de\/#website\"},\"datePublished\":\"2019-10-25T07:26:00+00:00\",\"dateModified\":\"2022-03-08T13:15:48+00:00\",\"breadcrumb\":{\"@id\":\"https:\/\/zfl-lernen.de\/cookie-richtlinien\/#breadcrumb\"},\"inLanguage\":\"en-US\",\"potentialAction\":[{\"@type\":\"ReadAction\",\"target\":[\"https:\/\/zfl-lernen.de\/cookie-richtlinien\/\"]}]},{\"@type\":\"BreadcrumbList\",\"@id\":\"https:\/\/zfl-lernen.de\/cookie-richtlinien\/#breadcrumb\",\"itemListElement\":[{\"@type\":\"ListItem\",\"position\":1,\"name\":\"Startseite\",\"item\":\"https:\/\/zfl-lernen.de\/\"},{\"@type\":\"ListItem\",\"position\":2,\"name\":\"Cookie Richtlinien\"}]},{\"@type\":\"WebSite\",\"@id\":\"https:\/\/zfl-lernen.de\/#website\",\"url\":\"https:\/\/zfl-lernen.de\/\",\"name\":\"ZfL Lernen\",\"description\":\"ZfL Offene Bildungsangebote\",\"potentialAction\":[{\"@type\":\"SearchAction\",\"target\":{\"@type\":\"EntryPoint\",\"urlTemplate\":\"https:\/\/zfl-lernen.de\/?s={search_term_string}\"},\"query-input\":{\"@type\":\"PropertyValueSpecification\",\"valueRequired\":true,\"valueName\":\"search_term_string\"}}],\"inLanguage\":\"en-US\"}]}<\/script>\n<!-- \/ Yoast SEO plugin. -->","yoast_head_json":{"title":"Cookie Richtlinien - ZfL Lernen","robots":{"index":"index","follow":"follow","max-snippet":"max-snippet:-1","max-image-preview":"max-image-preview:large","max-video-preview":"max-video-preview:-1"},"canonical":"https:\/\/zfl-lernen.de\/en\/cookie-richtlinien\/","og_locale":"en_US","og_type":"article","og_title":"Cookie Richtlinien - ZfL Lernen","og_description":"\u00dcber die Cookie-Richtlinie Diese Cookie-Richtlinie erkl\u00e4rt, was Cookies sind und wie wir sie nutzen. Sie sollten diese Richtlinie lesen und zu verstehen, was Cookies sind, wie wir sie nutzen, welche Arten von Cookies wir nutzen, welche Informationen wir mit Cookies &hellip;","og_url":"https:\/\/zfl-lernen.de\/en\/cookie-richtlinien\/","og_site_name":"ZfL Lernen","article_publisher":"https:\/\/www.facebook.com\/zflkoeln","article_modified_time":"2022-03-08T13:15:48+00:00","og_image":[{"width":300,"height":161,"url":"https:\/\/zfl-lernen.de\/wp-content\/uploads\/zfl-logo_neu-1.png","type":"image\/png"}],"twitter_card":"summary_large_image","twitter_site":"@Lehrer_innen","twitter_misc":{"Est. reading time":"3 minutes"},"schema":{"@context":"https:\/\/schema.org","@graph":[{"@type":"WebPage","@id":"https:\/\/zfl-lernen.de\/cookie-richtlinien\/","url":"https:\/\/zfl-lernen.de\/cookie-richtlinien\/","name":"Cookie Richtlinien - ZfL Lernen","isPartOf":{"@id":"https:\/\/zfl-lernen.de\/#website"},"datePublished":"2019-10-25T07:26:00+00:00","dateModified":"2022-03-08T13:15:48+00:00","breadcrumb":{"@id":"https:\/\/zfl-lernen.de\/cookie-richtlinien\/#breadcrumb"},"inLanguage":"en-US","potentialAction":[{"@type":"ReadAction","target":["https:\/\/zfl-lernen.de\/cookie-richtlinien\/"]}]},{"@type":"BreadcrumbList","@id":"https:\/\/zfl-lernen.de\/cookie-richtlinien\/#breadcrumb","itemListElement":[{"@type":"ListItem","position":1,"name":"Startseite","item":"https:\/\/zfl-lernen.de\/"},{"@type":"ListItem","position":2,"name":"Cookie Richtlinien"}]},{"@type":"WebSite","@id":"https:\/\/zfl-lernen.de\/#website","url":"https:\/\/zfl-lernen.de\/","name":"ZfL Lernen","description":"ZfL Offene Bildungsangebote","potentialAction":[{"@type":"SearchAction","target":{"@type":"EntryPoint","urlTemplate":"https:\/\/zfl-lernen.de\/?s={search_term_string}"},"query-input":{"@type":"PropertyValueSpecification","valueRequired":true,"valueName":"search_term_string"}}],"inLanguage":"en-US"}]}},"_links":{"self":[{"href":"https:\/\/zfl-lernen.de\/en\/wp-json\/wp\/v2\/pages\/21564","targetHints":{"allow":["GET"]}}],"collection":[{"href":"https:\/\/zfl-lernen.de\/en\/wp-json\/wp\/v2\/pages"}],"about":[{"href":"https:\/\/zfl-lernen.de\/en\/wp-json\/wp\/v2\/types\/page"}],"author":[{"embeddable":true,"href":"https:\/\/zfl-lernen.de\/en\/wp-json\/wp\/v2\/users\/6"}],"replies":[{"embeddable":true,"href":"https:\/\/zfl-lernen.de\/en\/wp-json\/wp\/v2\/comments?post=21564"}],"version-history":[{"count":0,"href":"https:\/\/zfl-lernen.de\/en\/wp-json\/wp\/v2\/pages\/21564\/revisions"}],"wp:attachment":[{"href":"https:\/\/zfl-lernen.de\/en\/wp-json\/wp\/v2\/media?parent=21564"}],"wp:term":[{"taxonomy":"category","embeddable":true,"href":"https:\/\/zfl-lernen.de\/en\/wp-json\/wp\/v2\/categories?post=21564"},{"taxonomy":"post_tag","embeddable":true,"href":"https:\/\/zfl-lernen.de\/en\/wp-json\/wp\/v2\/tags?post=21564"},{"taxonomy":"kooperation","embeddable":true,"href":"https:\/\/zfl-lernen.de\/en\/wp-json\/wp\/v2\/kooperation?post=21564"}],"curies":[{"name":"wp","href":"https:\/\/api.w.org\/{rel}","templated":true}]}}