{"id":26687,"date":"2020-04-30T17:00:44","date_gmt":"2020-04-30T15:00:44","guid":{"rendered":"https:\/\/zfl-lernen.de\/datenschutzvereinbarungen\/"},"modified":"2020-07-13T13:26:11","modified_gmt":"2020-07-13T11:26:11","slug":"datenschutzvereinbarungen","status":"publish","type":"page","link":"https:\/\/zfl-lernen.de\/en\/datenschutzvereinbarungen\/","title":{"rendered":"Datenschutzvereinbarungen"},"content":{"rendered":"<p><h1>Datenschutzvereinbarungen<\/h1>\n<p><p>In dieser Datenschutzerkl\u00e4rung informieren wir Sie \u00fcber die Verarbeitung Ihrer personenbezogenen Daten.<\/p>\n<p> Sofern Sie Ihre Datenschutzeinstellungen \u00e4ndern m\u00f6chten (Einwilligungen erteilen oder bereits erteilte Einwilligungen widerrufen), klicken Sie <a target=\"_blank\" href=\"#\" class=\"sp-dsgvo-show-privacy-popup\">hier<\/a> um Ihre Einstellungen zu \u00e4ndern.<\/p>\n<h2>Verantwortlich<\/h2>\n<p>Universit\u00e4t zu K\u00f6ln, Albertus-Magnus-Platz, 50923 K\u00f6ln, Deutschland, <a href=\"mailto:zfl-digitalelehre@uni-koeln.de\">zfl-digitalelehre@uni-koeln.de <\/a>, +49 (0)221-470-8672<\/p>\n<h2>Registrierungsformular<\/h2>\n<p><p>Wir bieten Ihnen auf unserer Website eine Registrierungsm\u00f6glichkeit. Nach Absenden der Registrierung erfolgt eine Verarbeitung der im Registrierungsformular angef\u00fchrten Daten durch uns zum Zweck der Vertragserf\u00fcllung auf Grundlage des mit der Registrierung abgeschlossenen Vertrages gem. Art. 6 Abs. 1 lit. b DSGVO f\u00fcr die Vertragslaufzeit. <\/p>\n<p>Es besteht keine gesetzliche oder vertragliche Verpflichtung zur Bereitstellung der personenbezogenen Daten. Die Nichtbereitstellung hat lediglich zur Folge, dass keine Registrierung m\u00f6glich ist.<\/p>\n<p> Eine Daten\u00fcbermittlung an Dritte erfolgt nicht.<\/p>\n<\/p>\n<h2>Kommentarformular<\/h2>\n<p><p>Durch die Kommentierung unserer Produkte, Beitr\u00e4ge, Fotos oder Videos erfolgt eine Verarbeitung der von Ihnen angegebenen personenbezogenen Daten zum Zweck der Darstellung Ihrer Kommentierung auf unserer Website sowie der internen Dokumentation auf der Rechtsgrundlage des mit Ihnen geschlossenen Vertrags gem\u00e4\u00df Art. 6 Abs. 1 lit. b DSGVO (unentgeltlicher Hostingvertrag zur Darstellung Ihrer Kommentierung auf unserer Website). Auf unserer Website erfolgt eine Ver\u00f6ffentlichung Ihres Namens sowie Ihres Kommentars. Die Speicherung Ihrer personenbezogenen Daten erfolgt bis zur L\u00f6schung der Kommentierung.<\/p>\n<\/p>\n<h2>Web Schriften<\/h2>\n<h3>Font Awesome<\/h3>\n<p><p>Wir verarbeiten mit unserem Auftragsverarbeiter <a target=\"_blank\" href=\"https:\/\/fontawesome.com\/\">Fontawesome<\/a>, Fonticons, Inc., 6 Porter Road, Apartment 3R, Cambridge, MA 02140, USA, Verbindungsdaten und Browserdaten zum Zweck der Bereitstellung der vom Webbrowser zur Anzeige der Website ben\u00f6tigten Schriftarten. Diese Daten werden nur f\u00fcr die zur Auswahl und \u00dcbermittlung der Schriftarten ben\u00f6tigte Dauer verarbeitet.<\/p>\n<p>Die Rechtsgrundlage f\u00fcr die Datenverarbeitung ist das berechtigte Interesse (unbedingte technische Notwendigkeit zur Bereitstellung und Auslieferung des von Ihnen durch Ihren Aufruf ausdr\u00fccklich gew\u00fcnschten Dienstes &#8222;Website&#8220;) gem\u00e4\u00df Art. 6 Abs. 1 lit. f DSGVO.<\/p>\n<p>Soweit durch Fontawesome eine weitergehende eigenst\u00e4ndige Verarbeitung der Daten erfolgt, ist Fontawesome daf\u00fcr alleinige Verantwortliche. Details finden Sie in der <a target=\"_blank\" href=\"https:\/\/fontawesome.com\/privacy\">Datenschutzerkl\u00e4rung<\/a> von Fontawesome.<\/p>\n<\/p>\n<h2>Analysedienste<\/h2>\n<h3>WP Statistics<\/h3>\n<p><p>Zum Zweck der Suche und Analyse von Fehlern, der Auswertung der Nutzung und der Ableitung von Ma\u00dfnahmen zur zuk\u00fcnftigen Weiterentwicklung unserer Website verarbeiten wir Ihre Daten mit Hilfe der lokalen Analysesoftware <a target=\"_blank\" href=\"https:\/\/wordpress.org\/plugins\/wp-statistics\/\">WP-Statistics<\/a>, WordPress.<\/p>\n<p>Da es sich bei diesem Dienst um ein lokales Analysetool handelt, werden keinerlei personenbezogene Daten an den Diensteanbieter oder an Dritte weitergeleitet. Zudem werden Ihre personenbezogenen Daten unmittelbar nach Erhebung anonymisiert. Eine \u00fcber den ersten Verarbeitungsschritt hinausgehende Speicherung von personenbezogenen Daten findet daher nicht statt.<\/p>\n<p>Die Rechtsgrundlage f\u00fcr die Datenverarbeitung ist das berechtigte Interesse (unbedingte technische Notwendigkeit zur Bereitstellung und Auslieferung des von Ihnen durch Ihren Aufruf ausdr\u00fccklich gew\u00fcnschten Dienstes &#8222;Website&#8220;) gem\u00e4\u00df Art. 6 Abs. 1 lit. f DSGVO.<\/p>\n<\/p>\n<h2>Widerspruchsrecht<\/h2>\n<p><p>Sofern die Verarbeitung Ihrer personenbezogenen Daten auf Grundlage des berechtigten Interesses erfolgt, haben Sie das Recht gegen diese Verarbeitung zu widersprechen.<\/p>\n<p>Sofern keine zwingenden schutzw\u00fcrdigen Gr\u00fcnde f\u00fcr die Verarbeitung unsererseits vorliegen, wird die Verarbeitung Ihrer Daten auf Basis dieser Rechtsgrundlage eingestellt.<\/p>\n<p>Zudem haben Sie das Recht, der Verarbeitung Ihrer personenbezogenen Daten zum Zweck der Direktwerbung zu widersprechen. Im Fall des Widerspruchs werden Ihre personenbezogenen Daten nicht mehr zum Zweck der Direktwerbung verarbeitet.<\/p>\n<p>Die Rechtm\u00e4\u00dfigkeit der bis zum Widerspruch verarbeiteten Daten wird durch den Widerspruch nicht ber\u00fchrt.<\/p>\n<\/p>\n<h2>Widerrufsrecht<\/h2>\n<p><p>Sie haben das Recht eine bereits erteilte Einwilligung jederzeit zu widerrufen, indem Sie die <a target=\"_blank\" class=\"lwb-ppsp\" href=\"#\" title=\"Datenschutzeinstellungen\">Datenschutzeinstellungen<\/a> \u00e4ndern.<\/p>\n<p>Im Fall der Einwilligung in den Erhalt elektronischer Werbung kann der Widerruf Ihrer Einwilligung durch Klick auf den Abmeldelink erfolgen. In diesem Fall wird eine Verarbeitung, sofern keine andere Rechtsgrundlage besteht, eingestellt.<\/p>\n<p>Die Rechtm\u00e4\u00dfigkeit der bis zum Widerruf verarbeiteten Daten wird durch den Widerruf nicht ber\u00fchrt.<\/p>\n<\/p>\n<h2>Betroffenenrechte<\/h2>\n<p><p>Sie haben zudem das Recht auf Auskunft, Berichtigung, L\u00f6schung und Einschr\u00e4nkung der Verarbeitung der personenbezogenen Daten.<\/p>\n<p>Soweit die Rechtsgrundlage der Verarbeitung Ihrer personenbezogenen Daten in Ihrer Einwilligung oder in einem mit Ihnen abgeschlossenen Vertrag besteht, haben Sie \u00fcberdies das Recht auf Daten\u00fcbertragbarkeit. <\/p>\n<p>Weiters haben Sie das Recht auf Beschwerde bei der Aufsichtsbeh\u00f6rde. N\u00e4here Informationen zu den Aufsichtsbeh\u00f6rden in der Europ\u00e4ischen Union finden Sie <a target=\"_blank\" href=\"https:\/\/ec.europa.eu\/justice\/article-29\/structure\/data-protection-authorities\/index_en.htm\" title=\"Datenschutzbeh\u00f6rden\">hier<\/a>.<\/p><\/p>\n<\/p>\n<h3 class=\"wp-block-heading\">Beantragen Sie einen Datenauszug Ihrer personenbezogenen Daten:<\/h3>\n<\/p>\n<div class=\"sp-dsgvo sp-sar-form\">\r\n            <form method=\"post\" action=\"https:\/\/zfl-lernen.de\/wp-admin\/admin-ajax.php?action=subject-access-request\" class=\"sp-dsgvo-framework\">\r\n                <input type=\"hidden\" id=\"_wpnonce\" name=\"_wpnonce\" value=\"df1443d440\" \/><input type=\"hidden\" name=\"_wp_http_referer\" value=\"\/en\/wp-json\/wp\/v2\/pages\/26687\" \/>                <fieldset>\r\n\r\n                \t<div class=\"lwb-row\">\r\n                \t\t<div class=\"lwb-col-3\">\r\n                \t\t\t<label for=\"email-field\">Vorname<\/label>\r\n                \t\t<\/div>\r\n                        <div class=\"lwb-col-6\">\r\n                            <input class=\"w-100\" required type=\"text\" id=\"first-name-field\" name=\"first_name\" value=\"\" placeholder=\"Vorname\" spellcheck=\"false\" \/>\r\n                        <\/div>\r\n                \t<\/div>\r\n\r\n                    <div class=\"lwb-row\">\r\n                        <div class=\"lwb-col-3\">\r\n                            <label for=\"email-field\">Nachname<\/label>\r\n                        <\/div>\r\n                        <div class=\"lwb-col-6\">\r\n                            <input class=\"w-100\" required type=\"text\" id=\"last-name-field\" name=\"last_name\" value=\"\" placeholder=\"Nachname\" spellcheck=\"false\" \/>\r\n                        <\/div>\r\n                    <\/div>\r\n\r\n                   <div class=\"lwb-row\">\r\n\t\t\t\t\t\t<div class=\"lwb-col-3\">\r\n                    \t\t<label for=\"email-field\">Email<\/label>\r\n\t\t\t\t\t\t<\/div>\r\n                        <div class=\"lwb-col-6\">\r\n                            <input class=\"w-100\" required type=\"email\" id=\"email-field\" name=\"email\" value=\"\" placeholder=\"Email\" spellcheck=\"false\" \/>\r\n                        <\/div>\r\n                    <\/div>\r\n                    <div class=\"lwb-row form-row-website-cap\">\r\n                        <div class=\"lwb-col-3\">\r\n                            <label for=\"email-field\">Webseite<\/label>\r\n                        <\/div>\r\n                        <div class=\"lwb-col-6\">\r\n                            <input class=\"w-100\" type=\"text\" id=\"website\" name=\"website\" value=\"\" placeholder=\"\" spellcheck=\"false\" \/>\r\n                        <\/div>\r\n                    <\/div>\r\n\r\n                    <div class=\"lwb-row\">\r\n\t\t\t\t\t\t<div class=\"lwb-col-12\">\r\n                    \t\t<label for=\"dsgvo-checkbox\">\r\n                   \t\t\t \t<input required type=\"checkbox\" id=\"dsgvo-checkbox\" name=\"dsgvo_checkbox\" value=\"1\" \/>\r\n                   \t\t\t \t<span style=\"font-weight:normal\">\r\n                                                                        Ich stimme der Speicherung der Daten zur Verarbeitung im Sinne der DSGVO zu.                                <\/span>\r\n                   \t\t\t <\/label>\r\n\t\t\t\t\t\t<\/div>\r\n                    <\/div>\r\n                    <br>\r\n                    <input type=\"submit\" value=\"Anfrage absenden\" \/>\r\n                <\/fieldset>\r\n            <\/form>\r\n    <\/div>\n<\/p>\n<h3 class=\"wp-block-heading\">Beantragen Sie die L\u00f6schung Ihrer personenbezogenen Daten:<\/h3>\n<\/p>\n<div class=\"sp-dsgvo sp-unsubsribe-form\">\r\n            <form method=\"post\" action=\"https:\/\/zfl-lernen.de\/wp-admin\/admin-ajax.php?action=super-unsubscribe\" >\r\n                <input type=\"hidden\" id=\"_wpnonce\" name=\"_wpnonce\" value=\"10d7e82cb2\" \/><input type=\"hidden\" name=\"_wp_http_referer\" value=\"\/en\/wp-json\/wp\/v2\/pages\/26687\" \/>                <fieldset>\r\n                    <div class=\"lwb-row\">\r\n                        <div class=\"lwb-col-3\">\r\n                            <label style=\"min-width:100px;\" for=\"email-field\">Vorname<\/label>\r\n                        <\/div>\r\n                        <div class=\"lwb-col-6\">\r\n                            <input class=\"w-100\" required type=\"text\" id=\"first-name-field\" name=\"first_name\" value=\"\" placeholder=\"Vorname\" spellcheck=\"false\" \/>\r\n                        <\/div>\r\n\r\n\r\n                    <\/div>\r\n                    <div class=\"lwb-row\">\r\n                        <div class=\"lwb-col-3\">\r\n                            <label for=\"email-field\">Nachname<\/label>\r\n                        <\/div>\r\n                        <div class=\"lwb-col-6\">\r\n                            <input class=\"w-100\" required type=\"text\" id=\"last-name-field\" name=\"last_name\" value=\"\" placeholder=\"Nachname\" spellcheck=\"false\" \/>\r\n                        <\/div>\r\n                    <\/div>\r\n\r\n\t\t\t\t\t<div class=\"lwb-row\">\r\n                        <div class=\"lwb-col-3\">\r\n                            <label for=\"email-field\">Email<\/label>\r\n                        <\/div>\r\n\t\t\t\t\t\t<div class=\"lwb-col-6\">\r\n                   \t\t\t <input class=\"w-100\" required type=\"email\" id=\"email-field\" name=\"email\" value=\"\" placeholder=\"Email\" spellcheck=\"false\" \/>\r\n\t\t\t\t\t\t<\/div>\r\n                    <\/div>\r\n                    <div class=\"lwb-row form-row-website-cap\">\r\n                        <div class=\"lwb-col-3\">\r\n                            <label for=\"email-field\">Webseite<\/label>\r\n                        <\/div>\r\n                        <div class=\"lwb-col-6\">\r\n                            <input class=\"w-100\" type=\"text\" id=\"website\" name=\"website\" value=\"\" placeholder=\"\" spellcheck=\"false\" \/>\r\n                        <\/div>\r\n                    <\/div>\r\n                    <div class=\"lwb-row\">\r\n\t\t\t\t\t\t<div class=\"lwb-col\">\r\n                    \t\t<label for=\"dsgvo-checkbox\">\r\n                   \t\t\t \t<input required type=\"checkbox\" id=\"dsgvo-checkbox\" name=\"dsgvo_checkbox\" value=\"1\" \/>\r\n                                                   \t\t\t \t<span style=\"font-weight:normal\">Ich stimme der Speicherung der Daten zur Verarbeitung im Sinne der DSGVO zu.<\/span>\r\n                   \t\t\t <\/label>\r\n\t\t\t\t\t\t<\/div>\r\n                    <\/div>\r\n                    <br>\r\n                    <input type=\"submit\" value=\"L\u00f6schanfrage senden\" \/>\r\n                <\/fieldset>\r\n            <\/form>\r\n        <\/div><\/p>"},"excerpt":{"rendered":"<p>Beantragen Sie einen Datenauszug Ihrer personenbezogenen Daten: Beantragen Sie die L\u00f6schung Ihrer personenbezogenen Daten:<\/p>","protected":false},"author":6,"featured_media":0,"parent":0,"menu_order":0,"comment_status":"closed","ping_status":"closed","template":"","meta":{"_acf_changed":false,"footnotes":""},"categories":[],"tags":[],"kooperation":[],"class_list":["post-26687","page","type-page","status-publish","hentry"],"acf":[],"yoast_head":"<!-- This site is optimized with the Yoast SEO plugin v27.1.1 - https:\/\/yoast.com\/product\/yoast-seo-wordpress\/ -->\n<title>Datenschutzvereinbarungen - ZfL Lernen<\/title>\n<meta name=\"robots\" content=\"index, follow, max-snippet:-1, max-image-preview:large, max-video-preview:-1\" \/>\n<link rel=\"canonical\" href=\"https:\/\/zfl-lernen.de\/en\/datenschutzvereinbarungen\/\" \/>\n<meta property=\"og:locale\" content=\"en_US\" \/>\n<meta property=\"og:type\" content=\"article\" \/>\n<meta property=\"og:title\" content=\"Datenschutzvereinbarungen - ZfL Lernen\" \/>\n<meta property=\"og:description\" content=\"Beantragen Sie einen Datenauszug Ihrer personenbezogenen Daten: Beantragen Sie die L\u00f6schung Ihrer personenbezogenen Daten:\" \/>\n<meta property=\"og:url\" content=\"https:\/\/zfl-lernen.de\/en\/datenschutzvereinbarungen\/\" \/>\n<meta property=\"og:site_name\" content=\"ZfL Lernen\" \/>\n<meta property=\"article:publisher\" content=\"https:\/\/www.facebook.com\/zflkoeln\" \/>\n<meta property=\"article:modified_time\" content=\"2020-07-13T11:26:11+00:00\" \/>\n<meta property=\"og:image\" content=\"https:\/\/zfl-lernen.de\/wp-content\/uploads\/zfl-logo_neu-1.png\" \/>\n\t<meta property=\"og:image:width\" content=\"300\" \/>\n\t<meta property=\"og:image:height\" content=\"161\" \/>\n\t<meta property=\"og:image:type\" content=\"image\/png\" \/>\n<meta name=\"twitter:card\" content=\"summary_large_image\" \/>\n<meta name=\"twitter:site\" content=\"@Lehrer_innen\" \/>\n<script type=\"application\/ld+json\" class=\"yoast-schema-graph\">{\"@context\":\"https:\/\/schema.org\",\"@graph\":[{\"@type\":\"WebPage\",\"@id\":\"https:\/\/zfl-lernen.de\/datenschutzvereinbarungen\/\",\"url\":\"https:\/\/zfl-lernen.de\/datenschutzvereinbarungen\/\",\"name\":\"Datenschutzvereinbarungen - ZfL Lernen\",\"isPartOf\":{\"@id\":\"https:\/\/zfl-lernen.de\/#website\"},\"datePublished\":\"2020-04-30T15:00:44+00:00\",\"dateModified\":\"2020-07-13T11:26:11+00:00\",\"breadcrumb\":{\"@id\":\"https:\/\/zfl-lernen.de\/datenschutzvereinbarungen\/#breadcrumb\"},\"inLanguage\":\"en-US\",\"potentialAction\":[{\"@type\":\"ReadAction\",\"target\":[\"https:\/\/zfl-lernen.de\/datenschutzvereinbarungen\/\"]}]},{\"@type\":\"BreadcrumbList\",\"@id\":\"https:\/\/zfl-lernen.de\/datenschutzvereinbarungen\/#breadcrumb\",\"itemListElement\":[{\"@type\":\"ListItem\",\"position\":1,\"name\":\"Startseite\",\"item\":\"https:\/\/zfl-lernen.de\/\"},{\"@type\":\"ListItem\",\"position\":2,\"name\":\"Datenschutzvereinbarungen\"}]},{\"@type\":\"WebSite\",\"@id\":\"https:\/\/zfl-lernen.de\/#website\",\"url\":\"https:\/\/zfl-lernen.de\/\",\"name\":\"ZfL Lernen\",\"description\":\"ZfL Offene Bildungsangebote\",\"potentialAction\":[{\"@type\":\"SearchAction\",\"target\":{\"@type\":\"EntryPoint\",\"urlTemplate\":\"https:\/\/zfl-lernen.de\/?s={search_term_string}\"},\"query-input\":{\"@type\":\"PropertyValueSpecification\",\"valueRequired\":true,\"valueName\":\"search_term_string\"}}],\"inLanguage\":\"en-US\"}]}<\/script>\n<!-- \/ Yoast SEO plugin. -->","yoast_head_json":{"title":"Datenschutzvereinbarungen - ZfL Lernen","robots":{"index":"index","follow":"follow","max-snippet":"max-snippet:-1","max-image-preview":"max-image-preview:large","max-video-preview":"max-video-preview:-1"},"canonical":"https:\/\/zfl-lernen.de\/en\/datenschutzvereinbarungen\/","og_locale":"en_US","og_type":"article","og_title":"Datenschutzvereinbarungen - ZfL Lernen","og_description":"Beantragen Sie einen Datenauszug Ihrer personenbezogenen Daten: Beantragen Sie die L\u00f6schung Ihrer personenbezogenen Daten:","og_url":"https:\/\/zfl-lernen.de\/en\/datenschutzvereinbarungen\/","og_site_name":"ZfL Lernen","article_publisher":"https:\/\/www.facebook.com\/zflkoeln","article_modified_time":"2020-07-13T11:26:11+00:00","og_image":[{"width":300,"height":161,"url":"https:\/\/zfl-lernen.de\/wp-content\/uploads\/zfl-logo_neu-1.png","type":"image\/png"}],"twitter_card":"summary_large_image","twitter_site":"@Lehrer_innen","schema":{"@context":"https:\/\/schema.org","@graph":[{"@type":"WebPage","@id":"https:\/\/zfl-lernen.de\/datenschutzvereinbarungen\/","url":"https:\/\/zfl-lernen.de\/datenschutzvereinbarungen\/","name":"Datenschutzvereinbarungen - ZfL Lernen","isPartOf":{"@id":"https:\/\/zfl-lernen.de\/#website"},"datePublished":"2020-04-30T15:00:44+00:00","dateModified":"2020-07-13T11:26:11+00:00","breadcrumb":{"@id":"https:\/\/zfl-lernen.de\/datenschutzvereinbarungen\/#breadcrumb"},"inLanguage":"en-US","potentialAction":[{"@type":"ReadAction","target":["https:\/\/zfl-lernen.de\/datenschutzvereinbarungen\/"]}]},{"@type":"BreadcrumbList","@id":"https:\/\/zfl-lernen.de\/datenschutzvereinbarungen\/#breadcrumb","itemListElement":[{"@type":"ListItem","position":1,"name":"Startseite","item":"https:\/\/zfl-lernen.de\/"},{"@type":"ListItem","position":2,"name":"Datenschutzvereinbarungen"}]},{"@type":"WebSite","@id":"https:\/\/zfl-lernen.de\/#website","url":"https:\/\/zfl-lernen.de\/","name":"ZfL Lernen","description":"ZfL Offene Bildungsangebote","potentialAction":[{"@type":"SearchAction","target":{"@type":"EntryPoint","urlTemplate":"https:\/\/zfl-lernen.de\/?s={search_term_string}"},"query-input":{"@type":"PropertyValueSpecification","valueRequired":true,"valueName":"search_term_string"}}],"inLanguage":"en-US"}]}},"_links":{"self":[{"href":"https:\/\/zfl-lernen.de\/en\/wp-json\/wp\/v2\/pages\/26687","targetHints":{"allow":["GET"]}}],"collection":[{"href":"https:\/\/zfl-lernen.de\/en\/wp-json\/wp\/v2\/pages"}],"about":[{"href":"https:\/\/zfl-lernen.de\/en\/wp-json\/wp\/v2\/types\/page"}],"author":[{"embeddable":true,"href":"https:\/\/zfl-lernen.de\/en\/wp-json\/wp\/v2\/users\/6"}],"replies":[{"embeddable":true,"href":"https:\/\/zfl-lernen.de\/en\/wp-json\/wp\/v2\/comments?post=26687"}],"version-history":[{"count":0,"href":"https:\/\/zfl-lernen.de\/en\/wp-json\/wp\/v2\/pages\/26687\/revisions"}],"wp:attachment":[{"href":"https:\/\/zfl-lernen.de\/en\/wp-json\/wp\/v2\/media?parent=26687"}],"wp:term":[{"taxonomy":"category","embeddable":true,"href":"https:\/\/zfl-lernen.de\/en\/wp-json\/wp\/v2\/categories?post=26687"},{"taxonomy":"post_tag","embeddable":true,"href":"https:\/\/zfl-lernen.de\/en\/wp-json\/wp\/v2\/tags?post=26687"},{"taxonomy":"kooperation","embeddable":true,"href":"https:\/\/zfl-lernen.de\/en\/wp-json\/wp\/v2\/kooperation?post=26687"}],"curies":[{"name":"wp","href":"https:\/\/api.w.org\/{rel}","templated":true}]}}