{"id":73516,"date":"2023-12-04T14:16:33","date_gmt":"2023-12-04T13:16:33","guid":{"rendered":"https:\/\/zfl-lernen.de\/?page_id=73516"},"modified":"2024-04-17T11:32:32","modified_gmt":"2024-04-17T09:32:32","slug":"erstellung-in-kuerze-online-kurs","status":"publish","type":"page","link":"https:\/\/zfl-lernen.de\/en\/lernmaterial_erstellen_wordpress\/erstellung-in-kuerze-online-kurs\/","title":{"rendered":"Erstellung in K\u00fcrze Online-Kurs"},"content":{"rendered":"<div class=\"wpb-content-wrapper\"><div class=\"vc_row wpb_row vc_row-fluid\"><div class=\"wpb_column vc_column_container vc_col-sm-12\"><div class=\"vc_column-inner\"><div class=\"wpb_wrapper\">\n\t<div class=\"wpb_text_column wpb_content_element\" >\n\t\t<div class=\"wpb_wrapper\">\n\t\t\t<h2><strong>Schritt-f\u00fcr-Schritt-Anleitung Online-Kurs\u00a0 \u00a0<\/strong><\/h2>\n\n\t\t<\/div>\n\t<\/div>\n<\/div><\/div><\/div><\/div><div class=\"vc_row wpb_row vc_row-fluid\"><div class=\"wpb_column vc_column_container vc_col-sm-12\"><div class=\"vc_column-inner\"><div class=\"wpb_wrapper\">\n\t<div class=\"wpb_text_column wpb_content_element\" >\n\t\t<div class=\"wpb_wrapper\">\n\t\t\t<p>Zum Anlegen Ihres Online-Kurses gehen Sie wie folgt vor:<\/p>\n<p>1. Loggen Sie sich in ZfL Lernen ein.<\/p>\n<p>2. Klicken Sie auf &#8222;Neue Seite erstellen&#8220;. Es \u00f6ffnet sich automatisch eine vorgefertigte Seite mit den wichtigsten Elementen und Hinweisen.<\/p>\n<p><img loading=\"lazy\" decoding=\"async\" class=\"size-full wp-image-73936 aligncenter\" src=\"https:\/\/zfl-lernen.de\/wp-content\/uploads\/Online-Kurse_neueSeite.png\" alt=\"Screenshot Men\u00fc WordPress Neue Online-Kurs Seite\" width=\"268\" height=\"160\" \/><\/p>\n<p>3. Geben Sie Ihrer Online-Kurs-Seite einen Namen (max. 30 Zeichen) und \u00e4ndern Sie ggf. den Permalink.<\/p>\n<p><img loading=\"lazy\" decoding=\"async\" class=\"size-medium wp-image-73937 aligncenter\" src=\"https:\/\/zfl-lernen.de\/wp-content\/uploads\/Screenshot-2023-12-06-143638-300x143.png\" alt=\"\" width=\"300\" height=\"143\" srcset=\"https:\/\/zfl-lernen.de\/wp-content\/uploads\/Screenshot-2023-12-06-143638-300x143.png 300w, https:\/\/zfl-lernen.de\/wp-content\/uploads\/Screenshot-2023-12-06-143638-1024x487.png 1024w, https:\/\/zfl-lernen.de\/wp-content\/uploads\/Screenshot-2023-12-06-143638-768x365.png 768w, https:\/\/zfl-lernen.de\/wp-content\/uploads\/Screenshot-2023-12-06-143638-1536x731.png 1536w, https:\/\/zfl-lernen.de\/wp-content\/uploads\/Screenshot-2023-12-06-143638.png 1900w\" sizes=\"auto, (max-width: 300px) 100vw, 300px\" \/><\/p>\n<p>4. Speichern Sie Ihre Online-Kurs-Seite.<\/p>\n<p><img loading=\"lazy\" decoding=\"async\" class=\"size-medium wp-image-73939 aligncenter\" src=\"https:\/\/zfl-lernen.de\/wp-content\/uploads\/Online-Kurse_neueSeite_Speichern-276x300.png\" alt=\"Screenshot der Einstellungen zum Speichern in einer Online-Kurs Seite in WordPress\" width=\"276\" height=\"300\" srcset=\"https:\/\/zfl-lernen.de\/wp-content\/uploads\/Online-Kurse_neueSeite_Speichern-276x300.png 276w, https:\/\/zfl-lernen.de\/wp-content\/uploads\/Online-Kurse_neueSeite_Speichern.png 421w\" sizes=\"auto, (max-width: 276px) 100vw, 276px\" \/><\/p>\n<p>5. Wiederholen Sie die Schritte 1-4, wenn Ihr Online-Kurs mehrere Seiten beinhalten soll und benennen Sie die Seiten aussagekr\u00e4ftig. W\u00e4hlen Sie bei den Unterseiten im Bereich Seiten-Attribute die Startseite des Lernmoduls als Eltern aus (siehe Artikel <strong><a href=\"https:\/\/zfl-lernen.de\/en\/anleitung-zur-erstellung\/rechte-navigation-online-kurs\/\" target=\"_blank\" rel=\"noopener\">&#8222;Rechte Navigation im Online-Kurs&#8220;<\/a><\/strong>)<strong>.<\/strong><\/p>\n<p><img loading=\"lazy\" decoding=\"async\" class=\"size-full wp-image-76535 aligncenter\" src=\"https:\/\/zfl-lernen.de\/wp-content\/uploads\/Seitenattribute_Unterseite_Onlinekurs.png\" alt=\"Screenshot des WordPress-Bereichs Seiten-Attribute mit Einstellung f\u00fcr eine Unterseite\" width=\"290\" height=\"199\" srcset=\"https:\/\/zfl-lernen.de\/wp-content\/uploads\/Seitenattribute_Unterseite_Onlinekurs.png 290w, https:\/\/zfl-lernen.de\/wp-content\/uploads\/Seitenattribute_Unterseite_Onlinekurs-18x12.png 18w\" sizes=\"auto, (max-width: 290px) 100vw, 290px\" \/><\/p>\n<p>Sie arbeiten ab jetzt in Ihrem Online-Kurs.<\/p>\n\n\t\t<\/div>\n\t<\/div>\n<div class=\"vc_empty_space\"   style=\"height: 40px\"><span class=\"vc_empty_space_inner\"><\/span><\/div><\/div><\/div><\/div><\/div><div class=\"vc_row wpb_row vc_row-fluid\"><div class=\"wpb_column vc_column_container vc_col-sm-12\"><div class=\"vc_column-inner\"><div class=\"wpb_wrapper\">\n\t<div class=\"wpb_text_column wpb_content_element\" >\n\t\t<div class=\"wpb_wrapper\">\n\t\t\t<p><strong>Zum Bearbeiten Ihres Online-Kurses beachten Sie bitte folgende Hinweise:<\/strong><\/p>\n<ol>\n<li>Ihr Online-Kurs enth\u00e4lt zu Beginn noch alle Eintr\u00e4ge der Vorlage.<\/li>\n<li>Gehen Sie zun\u00e4chst die Seiten durch und \u00fcberlegen Sie, welche Elemente Sie ben\u00f6tigen. Sie enth\u00e4lt viele Informationen, Bausteine und Tipps, die Sie zum Erstellen eines Online-Kurses ben\u00f6tigen.<\/li>\n<li>L\u00f6schen Sie nun alle Elemente, die Sie nicht ben\u00f6tigen.<\/li>\n<li>Bef\u00fcllen Sie die \u00fcbrigen mit Ihren Inhalten und \u00e4ndern Sie die Schriftfarbe der verwendeten roten Platzhalter in schwarz.<\/li>\n<li>Wenn Sie fertig sind mit der Bef\u00fcllung, l\u00f6schen Sie bitte alle nicht ben\u00f6tigten Hinweise und &#8222;Lorem Ipsum&#8220;-Texte.<\/li>\n<li>Erstellen Sie nun eine interne Seitennavigation oder eine rechte Navigation f\u00fcr Ihren Online-Kurs entsprechend der Artikel <strong><a href=\"https:\/\/zfl-lernen.de\/en\/anleitung-zur-erstellung\/interne-navigation-auf-einer-seite\/\" target=\"_blank\" rel=\"noopener\">&#8222;Interne Navigation auf einer Seite&#8220;<\/a>\u00a0<\/strong>oder <strong><a href=\"https:\/\/zfl-lernen.de\/en\/anleitung-zur-erstellung\/rechte-navigation-online-kurs\/\" target=\"_blank\" rel=\"noopener\">&#8222;Rechte Navigation im Online-Kurs&#8220;<\/a>.<\/strong><\/li>\n<li>Tragen Sie nun Ihre SEO-Angaben ein (siehe Artikel <a href=\"https:\/\/zfl-lernen.de\/en\/anleitung-zur-erstellung\/suchmaschinenoptimierung-seo\/\" target=\"_blank\" rel=\"noopener\"><strong>&#8222;Suchmaschinenoptimierung SEO&#8220;<\/strong><\/a>).<\/li>\n<li>Pr\u00fcfen Sie anhand der Checkliste im unteren Bereich, ob Sie alle Hinweise beherzigt haben. Passen Sie ggf. Ihren Inhalt noch einmal an.<\/li>\n<li>Kontrollieren Sie Ihren Online-Kurs und testen Sie die Navigation.<\/li>\n<li>Ver\u00f6ffentlichen Sie nun alle Seiten Ihres Online-Kurses.<\/li>\n<li>Bearbeiten Sie die <strong><a href=\"https:\/\/zfl-lernen.de\/en\/anleitung-zur-erstellung\/verpflichtend-vor-beginn\/\" target=\"_blank\" rel=\"noopener\">Umfrage<\/a><\/strong> ein zweites Mal und teilen dem Team Digitale Lehre alle Seiten und interaktiven Elemente zu Ihrem Lernmaterial mit.<\/li>\n<\/ol>\n\n\t\t<\/div>\n\t<\/div>\n<div class=\"vc_empty_space\"   style=\"height: 20px\"><span class=\"vc_empty_space_inner\"><\/span><\/div><\/div><\/div><\/div><\/div><div class=\"vc_row wpb_row vc_row-fluid\"><div class=\"wpb_column vc_column_container vc_col-sm-2\"><div class=\"vc_column-inner\"><div class=\"wpb_wrapper\">\n\t<div  class=\"wpb_single_image wpb_content_element vc_align_left wpb_content_element\">\n\t\t\n\t\t<figure class=\"wpb_wrapper vc_figure\">\n\t\t\t<div class=\"vc_single_image-wrapper   vc_box_border_grey\"><img loading=\"lazy\" decoding=\"async\" width=\"150\" height=\"150\" src=\"https:\/\/zfl-lernen.de\/wp-content\/uploads\/ico_download-150x150.png\" class=\"vc_single_image-img attachment-thumbnail\" alt=\"Icon Download\" title=\"ico_download\" srcset=\"https:\/\/zfl-lernen.de\/wp-content\/uploads\/ico_download-150x150.png 150w, https:\/\/zfl-lernen.de\/wp-content\/uploads\/ico_download-12x12.png 12w, https:\/\/zfl-lernen.de\/wp-content\/uploads\/ico_download.png 200w\" sizes=\"auto, (max-width: 150px) 100vw, 150px\" \/><\/div>\n\t\t<\/figure>\n\t<\/div>\n<\/div><\/div><\/div><div class=\"wpb_column vc_column_container vc_col-sm-10\"><div class=\"vc_column-inner\"><div class=\"wpb_wrapper\"><div class=\"vc_empty_space\"   style=\"height: 40px\"><span class=\"vc_empty_space_inner\"><\/span><\/div>\n\t<div class=\"wpb_text_column wpb_content_element\" >\n\t\t<div class=\"wpb_wrapper\">\n\t\t\t<p><strong><a href=\"https:\/\/zfl-lernen.de\/wp-content\/uploads\/ZfL_Checkliste_Erstellung_Online-Kurse.pdf\">Checkliste zur Erstellung eines Online-Kurses (PDF)<\/a><\/strong><\/p>\n\n\t\t<\/div>\n\t<\/div>\n<\/div><\/div><\/div><\/div><div class=\"vc_row wpb_row vc_row-fluid\"><div class=\"wpb_column vc_column_container vc_col-sm-2\"><div class=\"vc_column-inner\"><div class=\"wpb_wrapper\">\n\t<div  class=\"wpb_single_image wpb_content_element vc_align_left wpb_content_element\">\n\t\t\n\t\t<figure class=\"wpb_wrapper vc_figure\">\n\t\t\t<div class=\"vc_single_image-wrapper   vc_box_border_grey\"><img loading=\"lazy\" decoding=\"async\" width=\"150\" height=\"150\" src=\"https:\/\/zfl-lernen.de\/wp-content\/uploads\/ico_hinweis-150x150.png\" class=\"vc_single_image-img attachment-thumbnail\" alt=\"Icon Hinweis\" title=\"ico_hinweis\" srcset=\"https:\/\/zfl-lernen.de\/wp-content\/uploads\/ico_hinweis-150x150.png 150w, https:\/\/zfl-lernen.de\/wp-content\/uploads\/ico_hinweis-12x12.png 12w, https:\/\/zfl-lernen.de\/wp-content\/uploads\/ico_hinweis.png 200w\" sizes=\"auto, (max-width: 150px) 100vw, 150px\" \/><\/div>\n\t\t<\/figure>\n\t<\/div>\n<\/div><\/div><\/div><div class=\"wpb_column vc_column_container vc_col-sm-10\"><div class=\"vc_column-inner\"><div class=\"wpb_wrapper\"><div class=\"vc_empty_space\"   style=\"height: 40px\"><span class=\"vc_empty_space_inner\"><\/span><\/div>\n\t<div class=\"wpb_text_column wpb_content_element\" >\n\t\t<div class=\"wpb_wrapper\">\n\t\t\t<p>Bei Schwierigkeiten schreiben Sie gerne an: <strong><a href=\"mailto:zfl-digitalelehre@uni-koeln.de\">zfl-digitalelehre@uni-koeln.de<\/a><\/strong><\/p>\n\n\t\t<\/div>\n\t<\/div>\n<\/div><\/div><\/div><\/div>\n<\/div>"},"excerpt":{"rendered":"Schritt-f\u00fcr-Schritt-Anleitung Online-Kurs\u00a0 \u00a0 Zum Anlegen Ihres Online-Kurses gehen Sie wie folgt vor: 1. Loggen Sie sich in ZfL Lernen ein. 2. Klicken Sie auf \"Neue Seite erstellen\". Es \u00f6ffnet sich automatisch eine vorgefertigte Seite mit den wichtigsten Elementen und Hinweisen. &hellip;","protected":false},"author":4,"featured_media":0,"parent":73536,"menu_order":0,"comment_status":"closed","ping_status":"closed","template":"","meta":{"_acf_changed":false,"footnotes":""},"categories":[1240],"tags":[],"kooperation":[],"class_list":["post-73516","page","type-page","status-publish","hentry","category-anleitung-zur-erstellung"],"acf":[],"yoast_head":"<!-- This site is optimized with the Yoast SEO plugin v27.1.1 - https:\/\/yoast.com\/product\/yoast-seo-wordpress\/ -->\n<title>Erstellung in K\u00fcrze Online-Kurs - ZfL Lernen<\/title>\n<meta name=\"robots\" content=\"index, follow, max-snippet:-1, max-image-preview:large, max-video-preview:-1\" \/>\n<link rel=\"canonical\" href=\"https:\/\/zfl-lernen.de\/en\/lernmaterial_erstellen_wordpress\/erstellung-in-kuerze-online-kurs\/\" \/>\n<meta property=\"og:locale\" content=\"en_US\" \/>\n<meta property=\"og:type\" content=\"article\" \/>\n<meta property=\"og:title\" content=\"Erstellung in K\u00fcrze Online-Kurs - ZfL Lernen\" \/>\n<meta property=\"og:url\" content=\"https:\/\/zfl-lernen.de\/en\/lernmaterial_erstellen_wordpress\/erstellung-in-kuerze-online-kurs\/\" \/>\n<meta property=\"og:site_name\" content=\"ZfL Lernen\" \/>\n<meta property=\"article:publisher\" content=\"https:\/\/www.facebook.com\/zflkoeln\" \/>\n<meta property=\"article:modified_time\" content=\"2024-04-17T09:32:32+00:00\" \/>\n<meta property=\"og:image\" content=\"https:\/\/zfl-lernen.de\/wp-content\/uploads\/Online-Kurse_neueSeite.png\" \/>\n<meta name=\"twitter:card\" content=\"summary_large_image\" \/>\n<meta name=\"twitter:site\" content=\"@Lehrer_innen\" \/>\n<meta name=\"twitter:label1\" content=\"Est. reading time\" \/>\n\t<meta name=\"twitter:data1\" content=\"3 minutes\" \/>\n<script type=\"application\/ld+json\" class=\"yoast-schema-graph\">{\"@context\":\"https:\/\/schema.org\",\"@graph\":[{\"@type\":\"WebPage\",\"@id\":\"https:\/\/zfl-lernen.de\/lernmaterial_erstellen_wordpress\/erstellung-in-kuerze-online-kurs\/\",\"url\":\"https:\/\/zfl-lernen.de\/lernmaterial_erstellen_wordpress\/erstellung-in-kuerze-online-kurs\/\",\"name\":\"Erstellung in K\u00fcrze Online-Kurs - ZfL Lernen\",\"isPartOf\":{\"@id\":\"https:\/\/zfl-lernen.de\/#website\"},\"primaryImageOfPage\":{\"@id\":\"https:\/\/zfl-lernen.de\/lernmaterial_erstellen_wordpress\/erstellung-in-kuerze-online-kurs\/#primaryimage\"},\"image\":{\"@id\":\"https:\/\/zfl-lernen.de\/lernmaterial_erstellen_wordpress\/erstellung-in-kuerze-online-kurs\/#primaryimage\"},\"thumbnailUrl\":\"https:\/\/zfl-lernen.de\/wp-content\/uploads\/Online-Kurse_neueSeite.png\",\"datePublished\":\"2023-12-04T13:16:33+00:00\",\"dateModified\":\"2024-04-17T09:32:32+00:00\",\"breadcrumb\":{\"@id\":\"https:\/\/zfl-lernen.de\/lernmaterial_erstellen_wordpress\/erstellung-in-kuerze-online-kurs\/#breadcrumb\"},\"inLanguage\":\"en-US\",\"potentialAction\":[{\"@type\":\"ReadAction\",\"target\":[\"https:\/\/zfl-lernen.de\/lernmaterial_erstellen_wordpress\/erstellung-in-kuerze-online-kurs\/\"]}]},{\"@type\":\"ImageObject\",\"inLanguage\":\"en-US\",\"@id\":\"https:\/\/zfl-lernen.de\/lernmaterial_erstellen_wordpress\/erstellung-in-kuerze-online-kurs\/#primaryimage\",\"url\":\"https:\/\/zfl-lernen.de\/wp-content\/uploads\/Online-Kurse_neueSeite.png\",\"contentUrl\":\"https:\/\/zfl-lernen.de\/wp-content\/uploads\/Online-Kurse_neueSeite.png\"},{\"@type\":\"BreadcrumbList\",\"@id\":\"https:\/\/zfl-lernen.de\/lernmaterial_erstellen_wordpress\/erstellung-in-kuerze-online-kurs\/#breadcrumb\",\"itemListElement\":[{\"@type\":\"ListItem\",\"position\":1,\"name\":\"Startseite\",\"item\":\"https:\/\/zfl-lernen.de\/\"},{\"@type\":\"ListItem\",\"position\":2,\"name\":\"Lernmaterial erstellen mit WordPress\",\"item\":\"https:\/\/zfl-lernen.de\/lernmaterial_erstellen_wordpress\/\"},{\"@type\":\"ListItem\",\"position\":3,\"name\":\"Erstellung in K\u00fcrze Online-Kurs\"}]},{\"@type\":\"WebSite\",\"@id\":\"https:\/\/zfl-lernen.de\/#website\",\"url\":\"https:\/\/zfl-lernen.de\/\",\"name\":\"ZfL Lernen\",\"description\":\"ZfL Offene Bildungsangebote\",\"potentialAction\":[{\"@type\":\"SearchAction\",\"target\":{\"@type\":\"EntryPoint\",\"urlTemplate\":\"https:\/\/zfl-lernen.de\/?s={search_term_string}\"},\"query-input\":{\"@type\":\"PropertyValueSpecification\",\"valueRequired\":true,\"valueName\":\"search_term_string\"}}],\"inLanguage\":\"en-US\"}]}<\/script>\n<!-- \/ Yoast SEO plugin. -->","yoast_head_json":{"title":"Erstellung in K\u00fcrze Online-Kurs - ZfL Lernen","robots":{"index":"index","follow":"follow","max-snippet":"max-snippet:-1","max-image-preview":"max-image-preview:large","max-video-preview":"max-video-preview:-1"},"canonical":"https:\/\/zfl-lernen.de\/en\/lernmaterial_erstellen_wordpress\/erstellung-in-kuerze-online-kurs\/","og_locale":"en_US","og_type":"article","og_title":"Erstellung in K\u00fcrze Online-Kurs - ZfL Lernen","og_url":"https:\/\/zfl-lernen.de\/en\/lernmaterial_erstellen_wordpress\/erstellung-in-kuerze-online-kurs\/","og_site_name":"ZfL Lernen","article_publisher":"https:\/\/www.facebook.com\/zflkoeln","article_modified_time":"2024-04-17T09:32:32+00:00","og_image":[{"url":"https:\/\/zfl-lernen.de\/wp-content\/uploads\/Online-Kurse_neueSeite.png","type":"","width":"","height":""}],"twitter_card":"summary_large_image","twitter_site":"@Lehrer_innen","twitter_misc":{"Est. reading time":"3 minutes"},"schema":{"@context":"https:\/\/schema.org","@graph":[{"@type":"WebPage","@id":"https:\/\/zfl-lernen.de\/lernmaterial_erstellen_wordpress\/erstellung-in-kuerze-online-kurs\/","url":"https:\/\/zfl-lernen.de\/lernmaterial_erstellen_wordpress\/erstellung-in-kuerze-online-kurs\/","name":"Erstellung in K\u00fcrze Online-Kurs - ZfL Lernen","isPartOf":{"@id":"https:\/\/zfl-lernen.de\/#website"},"primaryImageOfPage":{"@id":"https:\/\/zfl-lernen.de\/lernmaterial_erstellen_wordpress\/erstellung-in-kuerze-online-kurs\/#primaryimage"},"image":{"@id":"https:\/\/zfl-lernen.de\/lernmaterial_erstellen_wordpress\/erstellung-in-kuerze-online-kurs\/#primaryimage"},"thumbnailUrl":"https:\/\/zfl-lernen.de\/wp-content\/uploads\/Online-Kurse_neueSeite.png","datePublished":"2023-12-04T13:16:33+00:00","dateModified":"2024-04-17T09:32:32+00:00","breadcrumb":{"@id":"https:\/\/zfl-lernen.de\/lernmaterial_erstellen_wordpress\/erstellung-in-kuerze-online-kurs\/#breadcrumb"},"inLanguage":"en-US","potentialAction":[{"@type":"ReadAction","target":["https:\/\/zfl-lernen.de\/lernmaterial_erstellen_wordpress\/erstellung-in-kuerze-online-kurs\/"]}]},{"@type":"ImageObject","inLanguage":"en-US","@id":"https:\/\/zfl-lernen.de\/lernmaterial_erstellen_wordpress\/erstellung-in-kuerze-online-kurs\/#primaryimage","url":"https:\/\/zfl-lernen.de\/wp-content\/uploads\/Online-Kurse_neueSeite.png","contentUrl":"https:\/\/zfl-lernen.de\/wp-content\/uploads\/Online-Kurse_neueSeite.png"},{"@type":"BreadcrumbList","@id":"https:\/\/zfl-lernen.de\/lernmaterial_erstellen_wordpress\/erstellung-in-kuerze-online-kurs\/#breadcrumb","itemListElement":[{"@type":"ListItem","position":1,"name":"Startseite","item":"https:\/\/zfl-lernen.de\/"},{"@type":"ListItem","position":2,"name":"Lernmaterial erstellen mit WordPress","item":"https:\/\/zfl-lernen.de\/lernmaterial_erstellen_wordpress\/"},{"@type":"ListItem","position":3,"name":"Erstellung in K\u00fcrze Online-Kurs"}]},{"@type":"WebSite","@id":"https:\/\/zfl-lernen.de\/#website","url":"https:\/\/zfl-lernen.de\/","name":"ZfL Lernen","description":"ZfL Offene Bildungsangebote","potentialAction":[{"@type":"SearchAction","target":{"@type":"EntryPoint","urlTemplate":"https:\/\/zfl-lernen.de\/?s={search_term_string}"},"query-input":{"@type":"PropertyValueSpecification","valueRequired":true,"valueName":"search_term_string"}}],"inLanguage":"en-US"}]}},"_links":{"self":[{"href":"https:\/\/zfl-lernen.de\/en\/wp-json\/wp\/v2\/pages\/73516","targetHints":{"allow":["GET"]}}],"collection":[{"href":"https:\/\/zfl-lernen.de\/en\/wp-json\/wp\/v2\/pages"}],"about":[{"href":"https:\/\/zfl-lernen.de\/en\/wp-json\/wp\/v2\/types\/page"}],"author":[{"embeddable":true,"href":"https:\/\/zfl-lernen.de\/en\/wp-json\/wp\/v2\/users\/4"}],"replies":[{"embeddable":true,"href":"https:\/\/zfl-lernen.de\/en\/wp-json\/wp\/v2\/comments?post=73516"}],"version-history":[{"count":7,"href":"https:\/\/zfl-lernen.de\/en\/wp-json\/wp\/v2\/pages\/73516\/revisions"}],"predecessor-version":[{"id":77527,"href":"https:\/\/zfl-lernen.de\/en\/wp-json\/wp\/v2\/pages\/73516\/revisions\/77527"}],"up":[{"embeddable":true,"href":"https:\/\/zfl-lernen.de\/en\/wp-json\/wp\/v2\/pages\/73536"}],"wp:attachment":[{"href":"https:\/\/zfl-lernen.de\/en\/wp-json\/wp\/v2\/media?parent=73516"}],"wp:term":[{"taxonomy":"category","embeddable":true,"href":"https:\/\/zfl-lernen.de\/en\/wp-json\/wp\/v2\/categories?post=73516"},{"taxonomy":"post_tag","embeddable":true,"href":"https:\/\/zfl-lernen.de\/en\/wp-json\/wp\/v2\/tags?post=73516"},{"taxonomy":"kooperation","embeddable":true,"href":"https:\/\/zfl-lernen.de\/en\/wp-json\/wp\/v2\/kooperation?post=73516"}],"curies":[{"name":"wp","href":"https:\/\/api.w.org\/{rel}","templated":true}]}}