{"id":73520,"date":"2023-12-04T14:17:50","date_gmt":"2023-12-04T13:17:50","guid":{"rendered":"https:\/\/zfl-lernen.de\/?page_id=73520"},"modified":"2024-04-17T14:01:16","modified_gmt":"2024-04-17T12:01:16","slug":"erstellung-in-kuerze-h5p","status":"publish","type":"page","link":"https:\/\/zfl-lernen.de\/en\/lernmaterial_erstellen_wordpress\/erstellung-in-kuerze-h5p\/","title":{"rendered":"Erstellung in K\u00fcrze H5P"},"content":{"rendered":"<div class=\"wpb-content-wrapper\"><div class=\"vc_row wpb_row vc_row-fluid\"><div class=\"wpb_column vc_column_container vc_col-sm-12\"><div class=\"vc_column-inner\"><div class=\"wpb_wrapper\">\n\t<div class=\"wpb_text_column wpb_content_element\" >\n\t\t<div class=\"wpb_wrapper\">\n\t\t\t<h2>Schritt-f\u00fcr-Schritt-Anleitung<\/h2>\n\n\t\t<\/div>\n\t<\/div>\n<\/div><\/div><\/div><\/div><div class=\"vc_row wpb_row vc_row-fluid\"><div class=\"wpb_column vc_column_container vc_col-sm-12\"><div class=\"vc_column-inner\"><div class=\"wpb_wrapper\">\n\t<div class=\"wpb_text_column wpb_content_element\" >\n\t\t<div class=\"wpb_wrapper\">\n\t\t\t<p>Bearbeiten Sie bitte diese Schritte der Reihe nach, um ein Lernmodul in H5P zu erstellen:<\/p>\n<ol>\n<li>Lesen Sie das Kapitel <a href=\"https:\/\/zfl-lernen.de\/en\/anleitung-zur-erstellung\/erste-schritte\/\"><strong>&#8222;Erste Schritte&#8220;<\/strong><\/a>.<\/li>\n<li>Legen Sie einen Ordner in der Medienbibliothek an (im Ordner 01_Lernmodule) und benennen Sie ihn nach diesem Schema: LM_Name des Moduls (siehe <strong><a href=\"https:\/\/zfl-lernen.de\/en\/anleitung-zur-erstellung\/medienbibliothek\/\" target=\"_blank\" rel=\"noopener\">Medienbibliothek<\/a><\/strong>).<\/li>\n<li>Legen Sie Ihr Lernmodul erstmalig an (siehe<strong> <a href=\"https:\/\/zfl-lernen.de\/en\/anleitung-zur-erstellung\/umsetzung-lernmodule\/lernmodul-anlegen-h5p\/\">Lernmodul anlegen (H5P)<\/a><\/strong>).<\/li>\n<li>Bef\u00fcllen Sie Ihr Lernmodul (siehe <strong><a href=\"https:\/\/zfl-lernen.de\/en\/anleitung-zur-erstellung\/erstellung-in-kuerze-h5p\/lernmodul-befuellen-h5p\/#lm_h5p_befuellen\">Schritt 3 &#8211; Bef\u00fcllen Sie Ihr Lernmodul<\/a><\/strong>).<\/li>\n<li>Kontrollieren Sie Ihr Lernmodul.<\/li>\n<\/ol>\n\n\t\t<\/div>\n\t<\/div>\n<\/div><\/div><\/div><\/div><div class=\"vc_row wpb_row vc_row-fluid\"><div class=\"wpb_column vc_column_container vc_col-sm-12\"><div class=\"vc_column-inner\"><div class=\"wpb_wrapper\">\n\t<div class=\"wpb_text_column wpb_content_element\" >\n\t\t<div class=\"wpb_wrapper\">\n\t\t\t<p><strong>Wenn Sie fertig sind:<\/strong><\/p>\n\n\t\t<\/div>\n\t<\/div>\n<\/div><\/div><\/div><\/div><div class=\"vc_row wpb_row vc_row-fluid\"><div class=\"wpb_column vc_column_container vc_col-sm-12\"><div class=\"vc_column-inner\"><div class=\"wpb_wrapper\">\n\t<div class=\"wpb_text_column wpb_content_element\" >\n\t\t<div class=\"wpb_wrapper\">\n\t\t\t<p>5.1 Kapitel l\u00f6schen:<\/p>\n<p>L\u00f6schen Sie die Kapitel \u201cHinweise zur Lernmodul-Erstellung\u201d, \u201cBausteine\u201d und \u201cLos geht&#8217;s\u201d mit den ggf. dazugeh\u00f6rigen Unterkapiteln (sie dienen nur der Information), indem Sie im Kapitel-Men\u00fc auf \u201cL\u00f6schen\u201d klicken.<\/p>\n<p><img loading=\"lazy\" decoding=\"async\" class=\"aligncenter wp-image-76127 size-large\" src=\"https:\/\/zfl-lernen.de\/wp-content\/uploads\/Kapitel_loeschen-1024x692.png\" alt=\"Screenshot des Bearbeitungsmodus des Portfolios, markiert ist das Men\u00fc und der Men\u00fcpunkt &quot;L\u00f6schen&quot;\" width=\"1024\" height=\"692\" srcset=\"https:\/\/zfl-lernen.de\/wp-content\/uploads\/Kapitel_loeschen-1024x692.png 1024w, https:\/\/zfl-lernen.de\/wp-content\/uploads\/Kapitel_loeschen-300x203.png 300w, https:\/\/zfl-lernen.de\/wp-content\/uploads\/Kapitel_loeschen-768x519.png 768w, https:\/\/zfl-lernen.de\/wp-content\/uploads\/Kapitel_loeschen.png 1310w\" sizes=\"auto, (max-width: 1024px) 100vw, 1024px\" \/><\/p>\n\n\t\t<\/div>\n\t<\/div>\n<div class=\"vc_empty_space\"   style=\"height: 20px\"><span class=\"vc_empty_space_inner\"><\/span><\/div><\/div><\/div><\/div><\/div><div class=\"vc_row wpb_row vc_row-fluid\"><div class=\"wpb_column vc_column_container vc_col-sm-2\"><div class=\"vc_column-inner\"><div class=\"wpb_wrapper\">\n\t<div  class=\"wpb_single_image wpb_content_element vc_align_left wpb_content_element\">\n\t\t\n\t\t<figure class=\"wpb_wrapper vc_figure\">\n\t\t\t<div class=\"vc_single_image-wrapper   vc_box_border_grey\"><img loading=\"lazy\" decoding=\"async\" width=\"150\" height=\"150\" src=\"https:\/\/zfl-lernen.de\/wp-content\/uploads\/ico_hinweis-150x150.png\" class=\"vc_single_image-img attachment-thumbnail\" alt=\"Icon Hinweis\" title=\"ico_hinweis\" srcset=\"https:\/\/zfl-lernen.de\/wp-content\/uploads\/ico_hinweis-150x150.png 150w, https:\/\/zfl-lernen.de\/wp-content\/uploads\/ico_hinweis-12x12.png 12w, https:\/\/zfl-lernen.de\/wp-content\/uploads\/ico_hinweis.png 200w\" sizes=\"auto, (max-width: 150px) 100vw, 150px\" \/><\/div>\n\t\t<\/figure>\n\t<\/div>\n<\/div><\/div><\/div><div class=\"wpb_column vc_column_container vc_col-sm-10\"><div class=\"vc_column-inner\"><div class=\"wpb_wrapper\"><div class=\"vc_empty_space\"   style=\"height: 20px\"><span class=\"vc_empty_space_inner\"><\/span><\/div>\n\t<div class=\"wpb_text_column wpb_content_element\" >\n\t\t<div class=\"wpb_wrapper\">\n\t\t\t<p>Aufgrund der programmierten Logik k\u00f6nnen Sie das (erste) Kapitel erst l\u00f6schen, wenn es keine Unterkapitel mehr besitzt. Daher m\u00fcssen Sie zun\u00e4chst die Unterkapitel eines Kapitels l\u00f6schen, bevor Sie die oberste Ebene l\u00f6schen k\u00f6nnen.<\/p>\n\n\t\t<\/div>\n\t<\/div>\n<\/div><\/div><\/div><\/div><div class=\"vc_row wpb_row vc_row-fluid\"><div class=\"wpb_column vc_column_container vc_col-sm-12\"><div class=\"vc_column-inner\"><div class=\"wpb_wrapper\"><div class=\"vc_empty_space\"   style=\"height: 20px\"><span class=\"vc_empty_space_inner\"><\/span><\/div>\n\t<div class=\"wpb_text_column wpb_content_element\" >\n\t\t<div class=\"wpb_wrapper\">\n\t\t\t<p>5.2 Platzhalter l\u00f6schen:<\/p>\n<p>L\u00f6schen Sie alle grauen Platzhalter (sie dienen nur der Information). Klicken Sie hierf\u00fcr auf das Kreuz in der rechten oberen Ecke eines grauen Platzhalters.<\/p>\n<p><img loading=\"lazy\" decoding=\"async\" class=\"aligncenter wp-image-76136 size-large\" src=\"https:\/\/zfl-lernen.de\/wp-content\/uploads\/Portfolio_Vorlage_Platzhalter_loeschen-1024x646.png\" alt=\"Screenshot des Portfolio-Elements, markiert ist die Schaltfl\u00e4che zum l\u00f6schen eines Platzhalters\" width=\"1024\" height=\"646\" srcset=\"https:\/\/zfl-lernen.de\/wp-content\/uploads\/Portfolio_Vorlage_Platzhalter_loeschen-1024x646.png 1024w, https:\/\/zfl-lernen.de\/wp-content\/uploads\/Portfolio_Vorlage_Platzhalter_loeschen-300x189.png 300w, https:\/\/zfl-lernen.de\/wp-content\/uploads\/Portfolio_Vorlage_Platzhalter_loeschen-768x485.png 768w, https:\/\/zfl-lernen.de\/wp-content\/uploads\/Portfolio_Vorlage_Platzhalter_loeschen.png 1398w\" sizes=\"auto, (max-width: 1024px) 100vw, 1024px\" \/><\/p>\n\n\t\t<\/div>\n\t<\/div>\n<\/div><\/div><\/div><\/div><div class=\"vc_row wpb_row vc_row-fluid\"><div class=\"wpb_column vc_column_container vc_col-sm-12\"><div class=\"vc_column-inner\"><div class=\"wpb_wrapper\"><div class=\"vc_empty_space\"   style=\"height: 20px\"><span class=\"vc_empty_space_inner\"><\/span><\/div>\n\t<div class=\"wpb_text_column wpb_content_element\" >\n\t\t<div class=\"wpb_wrapper\">\n\t\t\t<p>6. \u00dcberpr\u00fcfen Sie Ihr Lernmodul und geben Sie uns \u00fcber die Fertigstellung Bescheid (siehe <strong><a href=\"https:\/\/zfl-lernen.de\/en\/anleitung-zur-erstellung\/teilen\/checkliste\/\" target=\"_blank\" rel=\"noopener\">Verpflichtend zum Schluss<\/a><\/strong>).<\/p>\n\n\t\t<\/div>\n\t<\/div>\n<\/div><\/div><\/div><\/div>\n<\/div>"},"excerpt":{"rendered":"Schritt-f\u00fcr-Schritt-Anleitung Bearbeiten Sie bitte diese Schritte der Reihe nach, um ein Lernmodul in H5P zu erstellen: Lesen Sie das Kapitel \"Erste Schritte\". Legen Sie einen Ordner in der Medienbibliothek an (im Ordner 01_Lernmodule) und benennen Sie ihn nach diesem Schema: &hellip;","protected":false},"author":4,"featured_media":0,"parent":73536,"menu_order":0,"comment_status":"closed","ping_status":"closed","template":"","meta":{"_acf_changed":false,"footnotes":""},"categories":[1240],"tags":[],"kooperation":[],"class_list":["post-73520","page","type-page","status-publish","hentry","category-anleitung-zur-erstellung"],"acf":[],"yoast_head":"<!-- This site is optimized with the Yoast SEO plugin v27.1.1 - https:\/\/yoast.com\/product\/yoast-seo-wordpress\/ -->\n<title>Erstellung in K\u00fcrze H5P - ZfL Lernen<\/title>\n<meta name=\"robots\" content=\"index, follow, max-snippet:-1, max-image-preview:large, max-video-preview:-1\" \/>\n<link rel=\"canonical\" href=\"https:\/\/zfl-lernen.de\/en\/lernmaterial_erstellen_wordpress\/erstellung-in-kuerze-h5p\/\" \/>\n<meta property=\"og:locale\" content=\"en_US\" \/>\n<meta property=\"og:type\" content=\"article\" \/>\n<meta property=\"og:title\" content=\"Erstellung in K\u00fcrze H5P - ZfL Lernen\" \/>\n<meta property=\"og:url\" content=\"https:\/\/zfl-lernen.de\/en\/lernmaterial_erstellen_wordpress\/erstellung-in-kuerze-h5p\/\" \/>\n<meta property=\"og:site_name\" content=\"ZfL Lernen\" \/>\n<meta property=\"article:publisher\" content=\"https:\/\/www.facebook.com\/zflkoeln\" \/>\n<meta property=\"article:modified_time\" content=\"2024-04-17T12:01:16+00:00\" \/>\n<meta property=\"og:image\" content=\"https:\/\/zfl-lernen.de\/wp-content\/uploads\/Kapitel_loeschen-1024x692.png\" \/>\n<meta name=\"twitter:card\" content=\"summary_large_image\" \/>\n<meta name=\"twitter:site\" content=\"@Lehrer_innen\" \/>\n<meta name=\"twitter:label1\" content=\"Est. reading time\" \/>\n\t<meta name=\"twitter:data1\" content=\"2 minutes\" \/>\n<script type=\"application\/ld+json\" class=\"yoast-schema-graph\">{\"@context\":\"https:\/\/schema.org\",\"@graph\":[{\"@type\":\"WebPage\",\"@id\":\"https:\/\/zfl-lernen.de\/lernmaterial_erstellen_wordpress\/erstellung-in-kuerze-h5p\/\",\"url\":\"https:\/\/zfl-lernen.de\/lernmaterial_erstellen_wordpress\/erstellung-in-kuerze-h5p\/\",\"name\":\"Erstellung in K\u00fcrze H5P - ZfL Lernen\",\"isPartOf\":{\"@id\":\"https:\/\/zfl-lernen.de\/#website\"},\"primaryImageOfPage\":{\"@id\":\"https:\/\/zfl-lernen.de\/lernmaterial_erstellen_wordpress\/erstellung-in-kuerze-h5p\/#primaryimage\"},\"image\":{\"@id\":\"https:\/\/zfl-lernen.de\/lernmaterial_erstellen_wordpress\/erstellung-in-kuerze-h5p\/#primaryimage\"},\"thumbnailUrl\":\"https:\/\/zfl-lernen.de\/wp-content\/uploads\/Kapitel_loeschen-1024x692.png\",\"datePublished\":\"2023-12-04T13:17:50+00:00\",\"dateModified\":\"2024-04-17T12:01:16+00:00\",\"breadcrumb\":{\"@id\":\"https:\/\/zfl-lernen.de\/lernmaterial_erstellen_wordpress\/erstellung-in-kuerze-h5p\/#breadcrumb\"},\"inLanguage\":\"en-US\",\"potentialAction\":[{\"@type\":\"ReadAction\",\"target\":[\"https:\/\/zfl-lernen.de\/lernmaterial_erstellen_wordpress\/erstellung-in-kuerze-h5p\/\"]}]},{\"@type\":\"ImageObject\",\"inLanguage\":\"en-US\",\"@id\":\"https:\/\/zfl-lernen.de\/lernmaterial_erstellen_wordpress\/erstellung-in-kuerze-h5p\/#primaryimage\",\"url\":\"https:\/\/zfl-lernen.de\/wp-content\/uploads\/Kapitel_loeschen-1024x692.png\",\"contentUrl\":\"https:\/\/zfl-lernen.de\/wp-content\/uploads\/Kapitel_loeschen-1024x692.png\"},{\"@type\":\"BreadcrumbList\",\"@id\":\"https:\/\/zfl-lernen.de\/lernmaterial_erstellen_wordpress\/erstellung-in-kuerze-h5p\/#breadcrumb\",\"itemListElement\":[{\"@type\":\"ListItem\",\"position\":1,\"name\":\"Startseite\",\"item\":\"https:\/\/zfl-lernen.de\/\"},{\"@type\":\"ListItem\",\"position\":2,\"name\":\"Lernmaterial erstellen mit WordPress\",\"item\":\"https:\/\/zfl-lernen.de\/lernmaterial_erstellen_wordpress\/\"},{\"@type\":\"ListItem\",\"position\":3,\"name\":\"Erstellung in K\u00fcrze H5P\"}]},{\"@type\":\"WebSite\",\"@id\":\"https:\/\/zfl-lernen.de\/#website\",\"url\":\"https:\/\/zfl-lernen.de\/\",\"name\":\"ZfL Lernen\",\"description\":\"ZfL Offene Bildungsangebote\",\"potentialAction\":[{\"@type\":\"SearchAction\",\"target\":{\"@type\":\"EntryPoint\",\"urlTemplate\":\"https:\/\/zfl-lernen.de\/?s={search_term_string}\"},\"query-input\":{\"@type\":\"PropertyValueSpecification\",\"valueRequired\":true,\"valueName\":\"search_term_string\"}}],\"inLanguage\":\"en-US\"}]}<\/script>\n<!-- \/ Yoast SEO plugin. -->","yoast_head_json":{"title":"Erstellung in K\u00fcrze H5P - ZfL Lernen","robots":{"index":"index","follow":"follow","max-snippet":"max-snippet:-1","max-image-preview":"max-image-preview:large","max-video-preview":"max-video-preview:-1"},"canonical":"https:\/\/zfl-lernen.de\/en\/lernmaterial_erstellen_wordpress\/erstellung-in-kuerze-h5p\/","og_locale":"en_US","og_type":"article","og_title":"Erstellung in K\u00fcrze H5P - ZfL Lernen","og_url":"https:\/\/zfl-lernen.de\/en\/lernmaterial_erstellen_wordpress\/erstellung-in-kuerze-h5p\/","og_site_name":"ZfL Lernen","article_publisher":"https:\/\/www.facebook.com\/zflkoeln","article_modified_time":"2024-04-17T12:01:16+00:00","og_image":[{"url":"https:\/\/zfl-lernen.de\/wp-content\/uploads\/Kapitel_loeschen-1024x692.png","type":"","width":"","height":""}],"twitter_card":"summary_large_image","twitter_site":"@Lehrer_innen","twitter_misc":{"Est. reading time":"2 minutes"},"schema":{"@context":"https:\/\/schema.org","@graph":[{"@type":"WebPage","@id":"https:\/\/zfl-lernen.de\/lernmaterial_erstellen_wordpress\/erstellung-in-kuerze-h5p\/","url":"https:\/\/zfl-lernen.de\/lernmaterial_erstellen_wordpress\/erstellung-in-kuerze-h5p\/","name":"Erstellung in K\u00fcrze H5P - ZfL Lernen","isPartOf":{"@id":"https:\/\/zfl-lernen.de\/#website"},"primaryImageOfPage":{"@id":"https:\/\/zfl-lernen.de\/lernmaterial_erstellen_wordpress\/erstellung-in-kuerze-h5p\/#primaryimage"},"image":{"@id":"https:\/\/zfl-lernen.de\/lernmaterial_erstellen_wordpress\/erstellung-in-kuerze-h5p\/#primaryimage"},"thumbnailUrl":"https:\/\/zfl-lernen.de\/wp-content\/uploads\/Kapitel_loeschen-1024x692.png","datePublished":"2023-12-04T13:17:50+00:00","dateModified":"2024-04-17T12:01:16+00:00","breadcrumb":{"@id":"https:\/\/zfl-lernen.de\/lernmaterial_erstellen_wordpress\/erstellung-in-kuerze-h5p\/#breadcrumb"},"inLanguage":"en-US","potentialAction":[{"@type":"ReadAction","target":["https:\/\/zfl-lernen.de\/lernmaterial_erstellen_wordpress\/erstellung-in-kuerze-h5p\/"]}]},{"@type":"ImageObject","inLanguage":"en-US","@id":"https:\/\/zfl-lernen.de\/lernmaterial_erstellen_wordpress\/erstellung-in-kuerze-h5p\/#primaryimage","url":"https:\/\/zfl-lernen.de\/wp-content\/uploads\/Kapitel_loeschen-1024x692.png","contentUrl":"https:\/\/zfl-lernen.de\/wp-content\/uploads\/Kapitel_loeschen-1024x692.png"},{"@type":"BreadcrumbList","@id":"https:\/\/zfl-lernen.de\/lernmaterial_erstellen_wordpress\/erstellung-in-kuerze-h5p\/#breadcrumb","itemListElement":[{"@type":"ListItem","position":1,"name":"Startseite","item":"https:\/\/zfl-lernen.de\/"},{"@type":"ListItem","position":2,"name":"Lernmaterial erstellen mit WordPress","item":"https:\/\/zfl-lernen.de\/lernmaterial_erstellen_wordpress\/"},{"@type":"ListItem","position":3,"name":"Erstellung in K\u00fcrze H5P"}]},{"@type":"WebSite","@id":"https:\/\/zfl-lernen.de\/#website","url":"https:\/\/zfl-lernen.de\/","name":"ZfL Lernen","description":"ZfL Offene Bildungsangebote","potentialAction":[{"@type":"SearchAction","target":{"@type":"EntryPoint","urlTemplate":"https:\/\/zfl-lernen.de\/?s={search_term_string}"},"query-input":{"@type":"PropertyValueSpecification","valueRequired":true,"valueName":"search_term_string"}}],"inLanguage":"en-US"}]}},"_links":{"self":[{"href":"https:\/\/zfl-lernen.de\/en\/wp-json\/wp\/v2\/pages\/73520","targetHints":{"allow":["GET"]}}],"collection":[{"href":"https:\/\/zfl-lernen.de\/en\/wp-json\/wp\/v2\/pages"}],"about":[{"href":"https:\/\/zfl-lernen.de\/en\/wp-json\/wp\/v2\/types\/page"}],"author":[{"embeddable":true,"href":"https:\/\/zfl-lernen.de\/en\/wp-json\/wp\/v2\/users\/4"}],"replies":[{"embeddable":true,"href":"https:\/\/zfl-lernen.de\/en\/wp-json\/wp\/v2\/comments?post=73520"}],"version-history":[{"count":7,"href":"https:\/\/zfl-lernen.de\/en\/wp-json\/wp\/v2\/pages\/73520\/revisions"}],"predecessor-version":[{"id":77571,"href":"https:\/\/zfl-lernen.de\/en\/wp-json\/wp\/v2\/pages\/73520\/revisions\/77571"}],"up":[{"embeddable":true,"href":"https:\/\/zfl-lernen.de\/en\/wp-json\/wp\/v2\/pages\/73536"}],"wp:attachment":[{"href":"https:\/\/zfl-lernen.de\/en\/wp-json\/wp\/v2\/media?parent=73520"}],"wp:term":[{"taxonomy":"category","embeddable":true,"href":"https:\/\/zfl-lernen.de\/en\/wp-json\/wp\/v2\/categories?post=73520"},{"taxonomy":"post_tag","embeddable":true,"href":"https:\/\/zfl-lernen.de\/en\/wp-json\/wp\/v2\/tags?post=73520"},{"taxonomy":"kooperation","embeddable":true,"href":"https:\/\/zfl-lernen.de\/en\/wp-json\/wp\/v2\/kooperation?post=73520"}],"curies":[{"name":"wp","href":"https:\/\/api.w.org\/{rel}","templated":true}]}}