{"id":73522,"date":"2023-12-04T14:18:22","date_gmt":"2023-12-04T13:18:22","guid":{"rendered":"https:\/\/zfl-lernen.de\/?page_id=73522"},"modified":"2024-04-17T12:17:59","modified_gmt":"2024-04-17T10:17:59","slug":"erstellung-in-kuerze-learnpress","status":"publish","type":"page","link":"https:\/\/zfl-lernen.de\/en\/lernmaterial_erstellen_wordpress\/erstellung-in-kuerze-learnpress\/","title":{"rendered":"Erstellung in K\u00fcrze LearnPress"},"content":{"rendered":"<div class=\"wpb-content-wrapper\"><div class=\"vc_row wpb_row vc_row-fluid\"><div class=\"wpb_column vc_column_container vc_col-sm-12\"><div class=\"vc_column-inner\"><div class=\"wpb_wrapper\">\n\t<div class=\"wpb_text_column wpb_content_element\" >\n\t\t<div class=\"wpb_wrapper\">\n\t\t\t<h2>Schritt-f\u00fcr-Schritt-Anleitung<\/h2>\n\n\t\t<\/div>\n\t<\/div>\n<\/div><\/div><\/div><\/div><div class=\"vc_row wpb_row vc_row-fluid\"><div class=\"wpb_column vc_column_container vc_col-sm-12\"><div class=\"vc_column-inner\"><div class=\"wpb_wrapper\">\n\t<div class=\"wpb_text_column wpb_content_element\" >\n\t\t<div class=\"wpb_wrapper\">\n\t\t\t<p>Auf dieser Seite erhalten Sie eine \u00dcbersicht \u00fcber die verschiedenen Schritte, die Sie durchgehen m\u00fcssen, um ein Lernmodul in LearnPress zu erstellen.<\/p>\n\n\t\t<\/div>\n\t<\/div>\n<\/div><\/div><\/div><\/div><div class=\"vc_row wpb_row vc_row-fluid\"><div class=\"wpb_column vc_column_container vc_col-sm-12\"><div class=\"vc_column-inner\"><div class=\"wpb_wrapper\">\n\t<div class=\"wpb_text_column wpb_content_element\" >\n\t\t<div class=\"wpb_wrapper\">\n\t\t\t<p>1. Legen Sie einen Ordner in der Medienbibliothek an (im Ordner 01_Lernmodule) und benennen Sie ihn nach diesem Schema: LM_Name des Moduls (siehe <strong><a href=\"https:\/\/zfl-lernen.de\/en\/anleitung-zur-erstellung\/medienbibliothek\/\" target=\"_blank\" rel=\"noopener\">Medienbibliothek<\/a><\/strong>).<\/p>\n<p>2. Kopieren Sie die Vorlage (siehe <strong><a href=\"https:\/\/zfl-lernen.de\/en\/anleitung-zur-erstellung\/lernmodul-anlegen\/\" target=\"_blank\" rel=\"noopener\">Lernmodul anlegen<\/a><\/strong>).<\/p>\n<p>3. \u00c4ndern Sie die folgenden Einstellungen auf der Startseite (siehe <a href=\"https:\/\/zfl-lernen.de\/en\/anleitung-zur-erstellung\/lernmodul-erstellung\/lernmodul-befuellen\/\" target=\"_blank\" rel=\"noopener\"><strong>Lernmodul bef\u00fcllen<\/strong><\/a>):<\/p>\n<ul>\n<li style=\"list-style-type: none;\">\n<ul>\n<li>Name des Lernmoduls<\/li>\n<li>Beitragsbild<\/li>\n<li>Kursdauer<\/li>\n<li>Text<\/li>\n<li>Lernziele<\/li>\n<li>Mitwirkende (Sie als Autor*in)<\/li>\n<li>SEO-Angaben<\/li>\n<li>Ggf. Kooperation<\/li>\n<li>Ordnen Sie Ihr Lernmodul noch KEINER Kategorie zu.<\/li>\n<\/ul>\n<\/li>\n<\/ul>\n<p>4. Klicken Sie auf &#8222;Ver\u00f6ffentlichen&#8220;, um Ihr Lernmodul zu aktualisieren, sodass Ihre \u00c4nderungen gespeichert werden und sich die URL anpasst (diese k\u00f6nnen Sie im nachhinein immer noch \u00e4ndern).<\/p>\n<p>5. Nun k\u00f6nnen Sie Ihr Lernmodul bef\u00fcllen (siehe <strong><a href=\"https:\/\/zfl-lernen.de\/en\/anleitung-zur-erstellung\/lernmodul-erstellung\/lernmodul-befuellen\/\" target=\"_blank\" rel=\"noopener\">Lernmodul bef\u00fcllen<\/a><\/strong>).<\/p>\n<p>6. \u00dcberpr\u00fcfen Sie Ihr Lernmodul und geben Sie uns \u00fcber die Fertigstellung Bescheid (siehe <strong><a href=\"https:\/\/zfl-lernen.de\/en\/anleitung-zur-erstellung\/teilen\/checkliste\/\" target=\"_blank\" rel=\"noopener\">Verpflichtend zum Schluss<\/a><\/strong>).<\/p>\n\n\t\t<\/div>\n\t<\/div>\n<\/div><\/div><\/div><\/div>\n<\/div>"},"excerpt":{"rendered":"Schritt-f\u00fcr-Schritt-Anleitung Auf dieser Seite erhalten Sie eine \u00dcbersicht \u00fcber die verschiedenen Schritte, die Sie durchgehen m\u00fcssen, um ein Lernmodul in LearnPress zu erstellen. 1. Legen Sie einen Ordner in der Medienbibliothek an (im Ordner 01_Lernmodule) und benennen Sie ihn nach &hellip;","protected":false},"author":4,"featured_media":0,"parent":73536,"menu_order":0,"comment_status":"closed","ping_status":"closed","template":"","meta":{"_acf_changed":false,"footnotes":""},"categories":[1240],"tags":[],"kooperation":[],"class_list":["post-73522","page","type-page","status-publish","hentry","category-anleitung-zur-erstellung"],"acf":[],"yoast_head":"<!-- This site is optimized with the Yoast SEO plugin v27.1.1 - https:\/\/yoast.com\/product\/yoast-seo-wordpress\/ -->\n<title>Erstellung in K\u00fcrze LearnPress - ZfL Lernen<\/title>\n<meta name=\"robots\" content=\"index, follow, max-snippet:-1, max-image-preview:large, max-video-preview:-1\" \/>\n<link rel=\"canonical\" href=\"https:\/\/zfl-lernen.de\/en\/lernmaterial_erstellen_wordpress\/erstellung-in-kuerze-learnpress\/\" \/>\n<meta property=\"og:locale\" content=\"en_US\" \/>\n<meta property=\"og:type\" content=\"article\" \/>\n<meta property=\"og:title\" content=\"Erstellung in K\u00fcrze LearnPress - ZfL Lernen\" \/>\n<meta property=\"og:url\" content=\"https:\/\/zfl-lernen.de\/en\/lernmaterial_erstellen_wordpress\/erstellung-in-kuerze-learnpress\/\" \/>\n<meta property=\"og:site_name\" content=\"ZfL Lernen\" \/>\n<meta property=\"article:publisher\" content=\"https:\/\/www.facebook.com\/zflkoeln\" \/>\n<meta property=\"article:modified_time\" content=\"2024-04-17T10:17:59+00:00\" \/>\n<meta property=\"og:image\" content=\"https:\/\/zfl-lernen.de\/wp-content\/uploads\/zfl-logo_neu-1.png\" \/>\n\t<meta property=\"og:image:width\" content=\"300\" \/>\n\t<meta property=\"og:image:height\" content=\"161\" \/>\n\t<meta property=\"og:image:type\" content=\"image\/png\" \/>\n<meta name=\"twitter:card\" content=\"summary_large_image\" \/>\n<meta name=\"twitter:site\" content=\"@Lehrer_innen\" \/>\n<meta name=\"twitter:label1\" content=\"Est. reading time\" \/>\n\t<meta name=\"twitter:data1\" content=\"1 minute\" \/>\n<script type=\"application\/ld+json\" class=\"yoast-schema-graph\">{\"@context\":\"https:\/\/schema.org\",\"@graph\":[{\"@type\":\"WebPage\",\"@id\":\"https:\/\/zfl-lernen.de\/lernmaterial_erstellen_wordpress\/erstellung-in-kuerze-learnpress\/\",\"url\":\"https:\/\/zfl-lernen.de\/lernmaterial_erstellen_wordpress\/erstellung-in-kuerze-learnpress\/\",\"name\":\"Erstellung in K\u00fcrze LearnPress - ZfL Lernen\",\"isPartOf\":{\"@id\":\"https:\/\/zfl-lernen.de\/#website\"},\"datePublished\":\"2023-12-04T13:18:22+00:00\",\"dateModified\":\"2024-04-17T10:17:59+00:00\",\"breadcrumb\":{\"@id\":\"https:\/\/zfl-lernen.de\/lernmaterial_erstellen_wordpress\/erstellung-in-kuerze-learnpress\/#breadcrumb\"},\"inLanguage\":\"en-US\",\"potentialAction\":[{\"@type\":\"ReadAction\",\"target\":[\"https:\/\/zfl-lernen.de\/lernmaterial_erstellen_wordpress\/erstellung-in-kuerze-learnpress\/\"]}]},{\"@type\":\"BreadcrumbList\",\"@id\":\"https:\/\/zfl-lernen.de\/lernmaterial_erstellen_wordpress\/erstellung-in-kuerze-learnpress\/#breadcrumb\",\"itemListElement\":[{\"@type\":\"ListItem\",\"position\":1,\"name\":\"Startseite\",\"item\":\"https:\/\/zfl-lernen.de\/\"},{\"@type\":\"ListItem\",\"position\":2,\"name\":\"Lernmaterial erstellen mit WordPress\",\"item\":\"https:\/\/zfl-lernen.de\/lernmaterial_erstellen_wordpress\/\"},{\"@type\":\"ListItem\",\"position\":3,\"name\":\"Erstellung in K\u00fcrze LearnPress\"}]},{\"@type\":\"WebSite\",\"@id\":\"https:\/\/zfl-lernen.de\/#website\",\"url\":\"https:\/\/zfl-lernen.de\/\",\"name\":\"ZfL Lernen\",\"description\":\"ZfL Offene Bildungsangebote\",\"potentialAction\":[{\"@type\":\"SearchAction\",\"target\":{\"@type\":\"EntryPoint\",\"urlTemplate\":\"https:\/\/zfl-lernen.de\/?s={search_term_string}\"},\"query-input\":{\"@type\":\"PropertyValueSpecification\",\"valueRequired\":true,\"valueName\":\"search_term_string\"}}],\"inLanguage\":\"en-US\"}]}<\/script>\n<!-- \/ Yoast SEO plugin. -->","yoast_head_json":{"title":"Erstellung in K\u00fcrze LearnPress - ZfL Lernen","robots":{"index":"index","follow":"follow","max-snippet":"max-snippet:-1","max-image-preview":"max-image-preview:large","max-video-preview":"max-video-preview:-1"},"canonical":"https:\/\/zfl-lernen.de\/en\/lernmaterial_erstellen_wordpress\/erstellung-in-kuerze-learnpress\/","og_locale":"en_US","og_type":"article","og_title":"Erstellung in K\u00fcrze LearnPress - ZfL Lernen","og_url":"https:\/\/zfl-lernen.de\/en\/lernmaterial_erstellen_wordpress\/erstellung-in-kuerze-learnpress\/","og_site_name":"ZfL Lernen","article_publisher":"https:\/\/www.facebook.com\/zflkoeln","article_modified_time":"2024-04-17T10:17:59+00:00","og_image":[{"width":300,"height":161,"url":"https:\/\/zfl-lernen.de\/wp-content\/uploads\/zfl-logo_neu-1.png","type":"image\/png"}],"twitter_card":"summary_large_image","twitter_site":"@Lehrer_innen","twitter_misc":{"Est. reading time":"1 minute"},"schema":{"@context":"https:\/\/schema.org","@graph":[{"@type":"WebPage","@id":"https:\/\/zfl-lernen.de\/lernmaterial_erstellen_wordpress\/erstellung-in-kuerze-learnpress\/","url":"https:\/\/zfl-lernen.de\/lernmaterial_erstellen_wordpress\/erstellung-in-kuerze-learnpress\/","name":"Erstellung in K\u00fcrze LearnPress - ZfL Lernen","isPartOf":{"@id":"https:\/\/zfl-lernen.de\/#website"},"datePublished":"2023-12-04T13:18:22+00:00","dateModified":"2024-04-17T10:17:59+00:00","breadcrumb":{"@id":"https:\/\/zfl-lernen.de\/lernmaterial_erstellen_wordpress\/erstellung-in-kuerze-learnpress\/#breadcrumb"},"inLanguage":"en-US","potentialAction":[{"@type":"ReadAction","target":["https:\/\/zfl-lernen.de\/lernmaterial_erstellen_wordpress\/erstellung-in-kuerze-learnpress\/"]}]},{"@type":"BreadcrumbList","@id":"https:\/\/zfl-lernen.de\/lernmaterial_erstellen_wordpress\/erstellung-in-kuerze-learnpress\/#breadcrumb","itemListElement":[{"@type":"ListItem","position":1,"name":"Startseite","item":"https:\/\/zfl-lernen.de\/"},{"@type":"ListItem","position":2,"name":"Lernmaterial erstellen mit WordPress","item":"https:\/\/zfl-lernen.de\/lernmaterial_erstellen_wordpress\/"},{"@type":"ListItem","position":3,"name":"Erstellung in K\u00fcrze LearnPress"}]},{"@type":"WebSite","@id":"https:\/\/zfl-lernen.de\/#website","url":"https:\/\/zfl-lernen.de\/","name":"ZfL Lernen","description":"ZfL Offene Bildungsangebote","potentialAction":[{"@type":"SearchAction","target":{"@type":"EntryPoint","urlTemplate":"https:\/\/zfl-lernen.de\/?s={search_term_string}"},"query-input":{"@type":"PropertyValueSpecification","valueRequired":true,"valueName":"search_term_string"}}],"inLanguage":"en-US"}]}},"_links":{"self":[{"href":"https:\/\/zfl-lernen.de\/en\/wp-json\/wp\/v2\/pages\/73522","targetHints":{"allow":["GET"]}}],"collection":[{"href":"https:\/\/zfl-lernen.de\/en\/wp-json\/wp\/v2\/pages"}],"about":[{"href":"https:\/\/zfl-lernen.de\/en\/wp-json\/wp\/v2\/types\/page"}],"author":[{"embeddable":true,"href":"https:\/\/zfl-lernen.de\/en\/wp-json\/wp\/v2\/users\/4"}],"replies":[{"embeddable":true,"href":"https:\/\/zfl-lernen.de\/en\/wp-json\/wp\/v2\/comments?post=73522"}],"version-history":[{"count":6,"href":"https:\/\/zfl-lernen.de\/en\/wp-json\/wp\/v2\/pages\/73522\/revisions"}],"predecessor-version":[{"id":77548,"href":"https:\/\/zfl-lernen.de\/en\/wp-json\/wp\/v2\/pages\/73522\/revisions\/77548"}],"up":[{"embeddable":true,"href":"https:\/\/zfl-lernen.de\/en\/wp-json\/wp\/v2\/pages\/73536"}],"wp:attachment":[{"href":"https:\/\/zfl-lernen.de\/en\/wp-json\/wp\/v2\/media?parent=73522"}],"wp:term":[{"taxonomy":"category","embeddable":true,"href":"https:\/\/zfl-lernen.de\/en\/wp-json\/wp\/v2\/categories?post=73522"},{"taxonomy":"post_tag","embeddable":true,"href":"https:\/\/zfl-lernen.de\/en\/wp-json\/wp\/v2\/tags?post=73522"},{"taxonomy":"kooperation","embeddable":true,"href":"https:\/\/zfl-lernen.de\/en\/wp-json\/wp\/v2\/kooperation?post=73522"}],"curies":[{"name":"wp","href":"https:\/\/api.w.org\/{rel}","templated":true}]}}