{"id":73526,"date":"2023-12-04T14:19:15","date_gmt":"2023-12-04T13:19:15","guid":{"rendered":"https:\/\/zfl-lernen.de\/?page_id=73526"},"modified":"2024-07-08T13:52:33","modified_gmt":"2024-07-08T11:52:33","slug":"bilder-erstellen-canva","status":"publish","type":"page","link":"https:\/\/zfl-lernen.de\/en\/lernmaterial_erstellen_wordpress\/bilder-erstellen-canva\/","title":{"rendered":"Bilder und Grafiken erstellen mit Canva"},"content":{"rendered":"<div class=\"wpb-content-wrapper\"><div class=\"vc_row wpb_row vc_row-fluid\"><div class=\"wpb_column vc_column_container vc_col-sm-12\"><div class=\"vc_column-inner\"><div class=\"wpb_wrapper\">\n\t<div class=\"wpb_text_column wpb_content_element\" >\n\t\t<div class=\"wpb_wrapper\">\n\t\t\t<h2>Bilder und Grafiken online erstellen mit Canva<\/h2>\n\n\t\t<\/div>\n\t<\/div>\n<\/div><\/div><\/div><\/div><div class=\"vc_row wpb_row vc_row-fluid\"><div class=\"wpb_column vc_column_container vc_col-sm-12\"><div class=\"vc_column-inner\"><div class=\"wpb_wrapper\">\n\t<div class=\"wpb_text_column wpb_content_element\" >\n\t\t<div class=\"wpb_wrapper\">\n\t\t\t<p><b>Visueller Inhalt spricht uns auf emotionaler Ebene an.<\/b>\u00a0<b>Dadurch verarbeiten wir Informationen wesentlich schneller und sie bleiben l\u00e4nger in unserem Ged\u00e4chtnis<\/b>. Durch visuelle Unterst\u00fctzung k\u00f6nnen selbst komplexe Sachverhalte \u00fcbersichtlich und leicht verst\u00e4ndlich dargestellt werden. Canva ist ein Tool, mit dem Sie auf einfache Weise und ohne Design-Knowhow ansprechende gestalterische Elemente erstellen k\u00f6nnen.<\/p>\n\n\t\t<\/div>\n\t<\/div>\n<div class=\"vc_empty_space\"   style=\"height: 20px\"><span class=\"vc_empty_space_inner\"><\/span><\/div><\/div><\/div><\/div><\/div><div class=\"vc_row wpb_row vc_row-fluid\"><div class=\"wpb_column vc_column_container vc_col-sm-2\"><div class=\"vc_column-inner\"><div class=\"wpb_wrapper\">\n\t<div  class=\"wpb_single_image wpb_content_element vc_align_left wpb_content_element\">\n\t\t\n\t\t<figure class=\"wpb_wrapper vc_figure\">\n\t\t\t<div class=\"vc_single_image-wrapper   vc_box_border_grey\"><img loading=\"lazy\" decoding=\"async\" width=\"150\" height=\"150\" src=\"https:\/\/zfl-lernen.de\/wp-content\/uploads\/ico_hinweis-150x150.png\" class=\"vc_single_image-img attachment-thumbnail\" alt=\"Icon Hinweis\" title=\"ico_hinweis\" srcset=\"https:\/\/zfl-lernen.de\/wp-content\/uploads\/ico_hinweis-150x150.png 150w, https:\/\/zfl-lernen.de\/wp-content\/uploads\/ico_hinweis-12x12.png 12w, https:\/\/zfl-lernen.de\/wp-content\/uploads\/ico_hinweis.png 200w\" sizes=\"auto, (max-width: 150px) 100vw, 150px\" \/><\/div>\n\t\t<\/figure>\n\t<\/div>\n<\/div><\/div><\/div><div class=\"wpb_column vc_column_container vc_col-sm-10\"><div class=\"vc_column-inner\"><div class=\"wpb_wrapper\"><div class=\"vc_empty_space\"   style=\"height: 40px\"><span class=\"vc_empty_space_inner\"><\/span><\/div>\n\t<div class=\"wpb_text_column wpb_content_element\" >\n\t\t<div class=\"wpb_wrapper\">\n\t\t\t<p>Webseite des Tools:<strong> <a href=\"https:\/\/www.canva.com\/\" target=\"_blank\" rel=\"noopener\">https:\/\/www.canva.com\/<\/a><\/strong><\/p>\n\n\t\t<\/div>\n\t<\/div>\n<\/div><\/div><\/div><\/div><div class=\"vc_row wpb_row vc_row-fluid\"><div class=\"wpb_column vc_column_container vc_col-sm-12\"><div class=\"vc_column-inner\"><div class=\"wpb_wrapper\"><div class=\"vc_empty_space\"   style=\"height: 20px\"><span class=\"vc_empty_space_inner\"><\/span><\/div>\n\t<div class=\"wpb_text_column wpb_content_element\" >\n\t\t<div class=\"wpb_wrapper\">\n\t\t\t<h3><strong>1. Was ist Canva?<\/strong><\/h3>\n\n\t\t<\/div>\n\t<\/div>\n<\/div><\/div><\/div><\/div><div class=\"vc_row wpb_row vc_row-fluid\"><div class=\"wpb_column vc_column_container vc_col-sm-12\"><div class=\"vc_column-inner\"><div class=\"wpb_wrapper\">\n\t<div class=\"wpb_text_column wpb_content_element\" >\n\t\t<div class=\"wpb_wrapper\">\n\t\t\t<ul>\n<li><span class=\"OYPEnA text-decoration-none text-strikethrough-none\">Canva ist eine Grafikdesign-Plattform f\u00fcr die Erstellung von visuellen Inhalten.<\/span><\/li>\n<li><span class=\"OYPEnA text-decoration-none text-strikethrough-none\">Die Plattform funktioniert als Webanwendung im Browser und als mobile App.<\/span><\/li>\n<li><span class=\"OYPEnA text-decoration-none text-strikethrough-none\">Die Software funktioniert nach dem <\/span><span class=\"OYPEnA text-decoration-none text-strikethrough-none\">Drag-and-Drop-Prinzip<\/span><span class=\"OYPEnA text-decoration-none text-strikethrough-none\"> und ist somit einfach und intuitiv anwendbar.<\/span><\/li>\n<li><span class=\"OYPEnA text-decoration-none text-strikethrough-none\">Sie dient der Erstellung von <\/span><span class=\"OYPEnA text-decoration-none text-strikethrough-none\">visuellen Elementen<\/span><span class=\"OYPEnA text-decoration-none text-strikethrough-none\"> (z. B. Bildern, Grafiken, Icons, Typografie und Text, Videos, Pr\u00e4sentationen, Infografiken, Whiteboards und Dokumente).<\/span><\/li>\n<li><span class=\"OYPEnA text-decoration-none text-strikethrough-none\">Sie bietet Zugriff auf zahlreiche <\/span><span class=\"OYPEnA text-decoration-none text-strikethrough-none\">Gestaltungsvorlagen<\/span><span class=\"OYPEnA text-decoration-none text-strikethrough-none\">, die angepasst werden k\u00f6nnen.<\/span><\/li>\n<\/ul>\n\n\t\t<\/div>\n\t<\/div>\n<div class=\"vc_empty_space\"   style=\"height: 40px\"><span class=\"vc_empty_space_inner\"><\/span><\/div><\/div><\/div><\/div><\/div><div class=\"vc_row wpb_row vc_row-fluid\"><div class=\"wpb_column vc_column_container vc_col-sm-12\"><div class=\"vc_column-inner\"><div class=\"wpb_wrapper\">\n\t<div class=\"wpb_text_column wpb_content_element\" >\n\t\t<div class=\"wpb_wrapper\">\n\t\t\t<h3><strong>2. Wie erstelle ich ein neues Design in Canva?<\/strong><\/h3>\n\n\t\t<\/div>\n\t<\/div>\n<\/div><\/div><\/div><\/div><div class=\"vc_row wpb_row vc_row-fluid\"><div class=\"wpb_column vc_column_container vc_col-sm-12\"><div class=\"vc_column-inner\"><div class=\"wpb_wrapper\">\n\t<div class=\"wpb_text_column wpb_content_element\" >\n\t\t<div class=\"wpb_wrapper\">\n\t\t\t<p>Entscheiden Sie sich zun\u00e4chst f\u00fcr das <strong>passende Format<\/strong> (Infografik, Dokument, Poster, Pr\u00e4sentation, Social Media, Whiteboard usw.) und w\u00e4hlen Sie dann aus der umfangreichen Datenbank \u00fcber die Schlagwortsuche eine entsprechende <strong>Designvorlage als Basis<\/strong> f\u00fcr Ihre Gestaltung aus. Passen Sie diese nun nach Ihren Vorstellungen an. Sie k\u00f6nnen dabei die Farben ver\u00e4ndern, Texte und Elemente verschieben, erg\u00e4nzen oder entfernen.<\/p>\n<p>Auch f\u00fcr <strong>Videos<\/strong> stehen zahlreiche Vorlagen zur Verf\u00fcgung. Neben Videosequenzen k\u00f6nnen Sie Bilder und Grafiken einblenden. Videovorlagen enthalten neben der Szenenschnittspur eine Tonspur, die ebenfalls bearbeitet werden kann. W\u00e4hlen Sie die geeignete musikalische Untermalung und f\u00fcgen Sie eigene Tonaufnahmen und Ger\u00e4uscheffekte ein. Eine ausf\u00fchrliche Beschreibung dazu finden Sie im Artikel <strong><a href=\"https:\/\/zfl-lernen.de\/en\/anleitung-zur-erstellung\/videos\/\">&#8222;Videos&#8220;<\/a><\/strong>.<\/p>\n\n\t\t<\/div>\n\t<\/div>\n<div class=\"vc_empty_space\"   style=\"height: 40px\"><span class=\"vc_empty_space_inner\"><\/span><\/div><\/div><\/div><\/div><\/div><div class=\"vc_row wpb_row vc_row-fluid\"><div class=\"wpb_column vc_column_container vc_col-sm-12\"><div class=\"vc_column-inner\"><div class=\"wpb_wrapper\">\n\t<div class=\"wpb_text_column wpb_content_element\" >\n\t\t<div class=\"wpb_wrapper\">\n\t\t\t<h3>3. Design-Tipps<\/h3>\n\n\t\t<\/div>\n\t<\/div>\n<\/div><\/div><\/div><\/div><div class=\"vc_row wpb_row vc_row-fluid\"><div class=\"wpb_column vc_column_container vc_col-sm-12\"><div class=\"vc_column-inner\"><div class=\"wpb_wrapper\">\n\t<div class=\"wpb_text_column wpb_content_element\" >\n\t\t<div class=\"wpb_wrapper\">\n\t\t\t<ol>\n<li><strong>Weniger ist mehr.<\/strong> Gestalten Sie zugunsten der Lesbarkeit &#8222;luftig&#8220; mit Whitespace und vermeiden Sie \u00fcberladene Designs.<\/li>\n<li>\n<p class=\"_04xlpA direction-ltr align-start para-style-body\"><span class=\"S1PPyQ\">Verwenden Sie <strong>maximal 2-3 Schriftarten<\/strong> und w\u00e4hlen Sie eine <\/span><span class=\"S1PPyQ\">besondere Schriftart f\u00fcr \u00dcberschriften.<\/span><\/p>\n<\/li>\n<li>\n<p class=\"_04xlpA direction-ltr align-start para-style-body\">Vermeiden Sie <strong>u<span class=\"S1PPyQ\">nsch\u00f6ne<\/span> <\/strong><span class=\"S1PPyQ\"><strong>Umbr\u00fcche<\/strong> und Worttrennungen.<\/span><\/p>\n<\/li>\n<li>Achten Sie auf <strong>Abst\u00e4nde<\/strong> und <strong>Ausrichtung<\/strong> der Elemente.<\/li>\n<li>\n<p class=\"_04xlpA direction-ltr align-start para-style-body\"><span class=\"S1PPyQ\">Verwenden Sie nicht zu viele <strong>Farben<\/strong>.<\/span><\/p>\n<\/li>\n<li>\n<p class=\"_04xlpA direction-ltr align-start para-style-body\"><span class=\"S1PPyQ\">S\u00e4mtliche <strong>ZfL-Farben<\/strong> und <strong>Logos<\/strong> finden sich im linken Men\u00fc unter &#8222;<strong>Marke<\/strong>&#8222;.<\/span>\u00a0 <img loading=\"lazy\" decoding=\"async\" class=\"alignnone wp-image-78994 size-large\" src=\"https:\/\/zfl-lernen.de\/wp-content\/uploads\/marke-canva-1024x439.png\" alt=\"Men\u00fc Marke in canva\" width=\"1024\" height=\"439\" srcset=\"https:\/\/zfl-lernen.de\/wp-content\/uploads\/marke-canva-1024x439.png 1024w, https:\/\/zfl-lernen.de\/wp-content\/uploads\/marke-canva-300x129.png 300w, https:\/\/zfl-lernen.de\/wp-content\/uploads\/marke-canva-768x330.png 768w, https:\/\/zfl-lernen.de\/wp-content\/uploads\/marke-canva-18x8.png 18w, https:\/\/zfl-lernen.de\/wp-content\/uploads\/marke-canva.png 1487w\" sizes=\"auto, (max-width: 1024px) 100vw, 1024px\" \/><\/p>\n<\/li>\n<li><strong>Ruhige Hintergr\u00fcnde<\/strong> lenken nicht von den wesentlichen Inhalten ab.<\/li>\n<li>Halten Sie <strong>klare Strukturen<\/strong> ein. Positionieren Sie \u00dcberschriften und wiederkehrende Elemente an gleicher Stelle und achten Sie auf optische Linien.<\/li>\n<li>Verwenden Sie eine gleiche <strong>Bildsprache<\/strong> bei der Auswahl von Bildern (Stil, Farbgestaltung, Perspektive usw.).<\/li>\n<li><strong>Icons<\/strong> sollten stilistisch zusammenpassen (gef\u00fcllt oder nicht gef\u00fcllt, gleiche Strichst\u00e4rke).<\/li>\n<li><strong>Barrierefreiheit:<\/strong> starke Kontraste, gr\u00f6\u00dfere Schriftarten. Platzieren Sie Texte auf m\u00f6glichst ruhigen Hintergr\u00fcnden. Auf diese Weise erreichen Sie eine gute Lesbarkeit.<\/li>\n<\/ol>\n\n\t\t<\/div>\n\t<\/div>\n<div class=\"vc_empty_space\"   style=\"height: 40px\"><span class=\"vc_empty_space_inner\"><\/span><\/div><\/div><\/div><\/div><\/div><div class=\"vc_row wpb_row vc_row-fluid\"><div class=\"wpb_column vc_column_container vc_col-sm-12\"><div class=\"vc_column-inner\"><div class=\"wpb_wrapper\">\n\t<div class=\"wpb_text_column wpb_content_element\" >\n\t\t<div class=\"wpb_wrapper\">\n\t\t\t<h3><strong>4. Wie f\u00fcge ich meine Elemente ein?<\/strong><\/h3>\n\n\t\t<\/div>\n\t<\/div>\n<\/div><\/div><\/div><\/div><div class=\"vc_row wpb_row vc_row-fluid\"><div class=\"wpb_column vc_column_container vc_col-sm-12\"><div class=\"vc_column-inner\"><div class=\"wpb_wrapper\">\n\t<div class=\"wpb_text_column wpb_content_element\" >\n\t\t<div class=\"wpb_wrapper\">\n\t\t\t<p>Alle Elemente lassen sich aus dem linken Men\u00fc einfach auf die wei\u00dfe Bildschirmfl\u00e4che ziehen.<\/p>\n\n\t\t<\/div>\n\t<\/div>\n<div class=\"vc_empty_space\"   style=\"height: 40px\"><span class=\"vc_empty_space_inner\"><\/span><\/div><\/div><\/div><\/div><\/div><div class=\"vc_row wpb_row vc_row-fluid\"><div class=\"wpb_column vc_column_container vc_col-sm-12\"><div class=\"vc_column-inner\"><div class=\"wpb_wrapper\">\n\t<div class=\"wpb_text_column wpb_content_element\" >\n\t\t<div class=\"wpb_wrapper\">\n\t\t\t<h3><strong>5. Tipps zum Anordnen von Elementen<\/strong><\/h3>\n\n\t\t<\/div>\n\t<\/div>\n<\/div><\/div><\/div><\/div><div class=\"vc_row wpb_row vc_row-fluid\"><div class=\"wpb_column vc_column_container vc_col-sm-12\"><div class=\"vc_column-inner\"><div class=\"wpb_wrapper\">\n\t<div class=\"wpb_text_column wpb_content_element\" >\n\t\t<div class=\"wpb_wrapper\">\n\t\t\t<ol>\n<li>Durch einen Rechtsklick mit der Maus kann ein Element \u00fcber den Punkt<strong> &#8222;Anordnen&#8220;<\/strong> optisch weiter in den Hintergrund oder in den Vordergrund verschoben werden.<\/li>\n<li>Gleichzeitig markierte Objekte lassen sich horizontal und vertikal in verschiedener Weise \u00fcber den Button <strong>&#8222;Position&#8220;<\/strong> aneinander ausrichten.<\/li>\n<li><strong>&#8222;Umdrehen&#8220;<\/strong> bewirkt die Spiegelung des Elements.<\/li>\n<\/ol>\n\n\t\t<\/div>\n\t<\/div>\n<div class=\"vc_empty_space\"   style=\"height: 40px\"><span class=\"vc_empty_space_inner\"><\/span><\/div><\/div><\/div><\/div><\/div><div class=\"vc_row wpb_row vc_row-fluid\"><div class=\"wpb_column vc_column_container vc_col-sm-12\"><div class=\"vc_column-inner\"><div class=\"wpb_wrapper\">\n\t<div class=\"wpb_text_column wpb_content_element\" >\n\t\t<div class=\"wpb_wrapper\">\n\t\t\t<h3><strong>6. Speichern\/Download\/Teilen<\/strong><\/h3>\n\n\t\t<\/div>\n\t<\/div>\n<\/div><\/div><\/div><\/div><div class=\"vc_row wpb_row vc_row-fluid\"><div class=\"wpb_column vc_column_container vc_col-sm-12\"><div class=\"vc_column-inner\"><div class=\"wpb_wrapper\">\n\t<div class=\"wpb_text_column wpb_content_element\" >\n\t\t<div class=\"wpb_wrapper\">\n\t\t\t<p>Jedes Design wird auf dem Canva-Account <strong>zwischengespeichert<\/strong>. Dies geschieht auch w\u00e4hrend der Bearbeitung.<\/p>\n<p>Nach Fertigstellung des Designs kann \u00fcber den Button &#8222;Teilen&#8220; aus verschiedenen M\u00f6glichkeiten zum<strong> Download<\/strong> gew\u00e4hlt werden. Canva gibt Hilfestellung bei der Einstellung der geeigneten Aufl\u00f6sung und des Dateiformats je nach Verwendungszweck.<strong><br \/>\n<\/strong><\/p>\n<p>Soll das erstellte Design als Link in andere Dokumente eingebunden oder mit weiteren Personen geteilt werden, w\u00e4hlen Sie \u00fcber den Button <strong>&#8222;Teilen&#8220;<\/strong> die Erstellung eines Links. Hier k\u00f6nnen die Zugriffsrechte festgelegt werden.<\/p>\n<p><img loading=\"lazy\" decoding=\"async\" class=\"alignnone wp-image-21817 aligncenter\" src=\"http:\/\/knowledge.zflkoeln.de\/wp-content\/uploads\/2023\/01\/screenshot-191x300.jpg\" alt=\"Screenshot Canva teilen\" width=\"219\" height=\"344\" \/><\/p>\n\n\t\t<\/div>\n\t<\/div>\n<div class=\"vc_empty_space\"   style=\"height: 40px\"><span class=\"vc_empty_space_inner\"><\/span><\/div><\/div><\/div><\/div><\/div><div class=\"vc_row wpb_row vc_row-fluid\"><div class=\"wpb_column vc_column_container vc_col-sm-12\"><div class=\"vc_column-inner\"><div class=\"wpb_wrapper\">\n\t<div class=\"wpb_text_column wpb_content_element\" >\n\t\t<div class=\"wpb_wrapper\">\n\t\t\t<h3><strong>7. Shortcuts<\/strong><\/h3>\n\n\t\t<\/div>\n\t<\/div>\n<\/div><\/div><\/div><\/div><div class=\"vc_row wpb_row vc_row-fluid\"><div class=\"wpb_column vc_column_container vc_col-sm-12\"><div class=\"vc_column-inner\"><div class=\"wpb_wrapper\">\n\t<div class=\"wpb_text_column wpb_content_element\" >\n\t\t<div class=\"wpb_wrapper\">\n\t\t\t<p>Folgende Tastenkombinationen erleichtern das Arbeiten mit Canva:<\/p>\n<ol>\n<li class=\"_04xlpA direction-ltr align-start para-style-body\"><span class=\"S1PPyQ\">Kopieren: strg+c<\/span><\/li>\n<li class=\"_04xlpA direction-ltr align-start para-style-body\"><span class=\"S1PPyQ\">Einf\u00fcgen: strg+v<\/span><\/li>\n<li class=\"_04xlpA direction-ltr align-start para-style-body\"><span class=\"S1PPyQ\">Gleichm\u00e4\u00dfiges Vergr\u00f6\u00dfern und Verkleinern: alt + Verkleinern oder Vergr\u00f6\u00dfern\u00a0<\/span><\/li>\n<li class=\"_04xlpA direction-ltr align-start para-style-body\"><span class=\"S1PPyQ\">R\u00fcckg\u00e4ngig: strg+z<\/span><\/li>\n<li class=\"_04xlpA direction-ltr align-start para-style-body\"><span class=\"S1PPyQ\">Wiederherstellen: strg+y<\/span><\/li>\n<li class=\"_04xlpA direction-ltr align-start para-style-body\"><span class=\"S1PPyQ\">Alles ausw\u00e4hlen: strg+a<\/span><\/li>\n<li class=\"_04xlpA direction-ltr align-start para-style-body\"><span class=\"S1PPyQ\">Elemente gruppieren: strg+g<\/span><\/li>\n<li class=\"_04xlpA direction-ltr align-start para-style-body\"><span class=\"S1PPyQ\">Video abspielen\/anhalten: LEERTASTE<\/span><\/li>\n<\/ol>\n\n\t\t<\/div>\n\t<\/div>\n<div class=\"vc_empty_space\"   style=\"height: 20px\"><span class=\"vc_empty_space_inner\"><\/span><\/div><\/div><\/div><\/div><\/div><div class=\"vc_row wpb_row vc_row-fluid\"><div class=\"wpb_column vc_column_container vc_col-sm-2\"><div class=\"vc_column-inner\"><div class=\"wpb_wrapper\">\n\t<div  class=\"wpb_single_image wpb_content_element vc_align_left wpb_content_element\">\n\t\t\n\t\t<figure class=\"wpb_wrapper vc_figure\">\n\t\t\t<div class=\"vc_single_image-wrapper   vc_box_border_grey\"><img loading=\"lazy\" decoding=\"async\" width=\"150\" height=\"150\" src=\"https:\/\/zfl-lernen.de\/wp-content\/uploads\/ico_hinweis-150x150.png\" class=\"vc_single_image-img attachment-thumbnail\" alt=\"Icon Hinweis\" title=\"ico_hinweis\" srcset=\"https:\/\/zfl-lernen.de\/wp-content\/uploads\/ico_hinweis-150x150.png 150w, https:\/\/zfl-lernen.de\/wp-content\/uploads\/ico_hinweis-12x12.png 12w, https:\/\/zfl-lernen.de\/wp-content\/uploads\/ico_hinweis.png 200w\" sizes=\"auto, (max-width: 150px) 100vw, 150px\" \/><\/div>\n\t\t<\/figure>\n\t<\/div>\n<\/div><\/div><\/div><div class=\"wpb_column vc_column_container vc_col-sm-10\"><div class=\"vc_column-inner\"><div class=\"wpb_wrapper\"><div class=\"vc_empty_space\"   style=\"height: 20px\"><span class=\"vc_empty_space_inner\"><\/span><\/div>\n\t<div class=\"wpb_text_column wpb_content_element\" >\n\t\t<div class=\"wpb_wrapper\">\n\t\t\t<div class=\"vc_empty_space\">Bei Fragen oder Anregungen schreiben Sie gerne an: <strong><a href=\"mailto:zfl-digitalelehre@uni-koeln.de\">zfl-digitalelehre@uni-koeln.de<\/a><\/strong><\/div>\n\n\t\t<\/div>\n\t<\/div>\n<\/div><\/div><\/div><\/div>\n<\/div>"},"excerpt":{"rendered":"Bilder und Grafiken online erstellen mit Canva Visueller Inhalt spricht uns auf emotionaler Ebene an.\u00a0Dadurch verarbeiten wir Informationen wesentlich schneller und sie bleiben l\u00e4nger in unserem Ged\u00e4chtnis. Durch visuelle Unterst\u00fctzung k\u00f6nnen selbst komplexe Sachverhalte \u00fcbersichtlich und leicht verst\u00e4ndlich dargestellt werden. &hellip;","protected":false},"author":4,"featured_media":0,"parent":73536,"menu_order":0,"comment_status":"closed","ping_status":"closed","template":"","meta":{"_acf_changed":false,"footnotes":""},"categories":[1240],"tags":[],"kooperation":[],"class_list":["post-73526","page","type-page","status-publish","hentry","category-anleitung-zur-erstellung"],"acf":[],"yoast_head":"<!-- This site is optimized with the Yoast SEO plugin v27.1.1 - https:\/\/yoast.com\/product\/yoast-seo-wordpress\/ -->\n<title>Bilder und Grafiken erstellen mit Canva - ZfL Lernen<\/title>\n<meta name=\"robots\" content=\"index, follow, max-snippet:-1, max-image-preview:large, max-video-preview:-1\" \/>\n<link rel=\"canonical\" href=\"https:\/\/zfl-lernen.de\/en\/lernmaterial_erstellen_wordpress\/bilder-erstellen-canva\/\" \/>\n<meta property=\"og:locale\" content=\"en_US\" \/>\n<meta property=\"og:type\" content=\"article\" \/>\n<meta property=\"og:title\" content=\"Bilder und Grafiken erstellen mit Canva - ZfL Lernen\" \/>\n<meta property=\"og:url\" content=\"https:\/\/zfl-lernen.de\/en\/lernmaterial_erstellen_wordpress\/bilder-erstellen-canva\/\" \/>\n<meta property=\"og:site_name\" content=\"ZfL Lernen\" \/>\n<meta property=\"article:publisher\" content=\"https:\/\/www.facebook.com\/zflkoeln\" \/>\n<meta property=\"article:modified_time\" content=\"2024-07-08T11:52:33+00:00\" \/>\n<meta property=\"og:image\" content=\"https:\/\/zfl-lernen.de\/wp-content\/uploads\/marke-canva-1024x439.png\" \/>\n<meta name=\"twitter:card\" content=\"summary_large_image\" \/>\n<meta name=\"twitter:site\" content=\"@Lehrer_innen\" \/>\n<meta name=\"twitter:label1\" content=\"Est. reading time\" \/>\n\t<meta name=\"twitter:data1\" content=\"4 minutes\" \/>\n<script type=\"application\/ld+json\" class=\"yoast-schema-graph\">{\"@context\":\"https:\/\/schema.org\",\"@graph\":[{\"@type\":\"WebPage\",\"@id\":\"https:\/\/zfl-lernen.de\/lernmaterial_erstellen_wordpress\/bilder-erstellen-canva\/\",\"url\":\"https:\/\/zfl-lernen.de\/lernmaterial_erstellen_wordpress\/bilder-erstellen-canva\/\",\"name\":\"Bilder und Grafiken erstellen mit Canva - ZfL Lernen\",\"isPartOf\":{\"@id\":\"https:\/\/zfl-lernen.de\/#website\"},\"primaryImageOfPage\":{\"@id\":\"https:\/\/zfl-lernen.de\/lernmaterial_erstellen_wordpress\/bilder-erstellen-canva\/#primaryimage\"},\"image\":{\"@id\":\"https:\/\/zfl-lernen.de\/lernmaterial_erstellen_wordpress\/bilder-erstellen-canva\/#primaryimage\"},\"thumbnailUrl\":\"https:\/\/zfl-lernen.de\/wp-content\/uploads\/marke-canva-1024x439.png\",\"datePublished\":\"2023-12-04T13:19:15+00:00\",\"dateModified\":\"2024-07-08T11:52:33+00:00\",\"breadcrumb\":{\"@id\":\"https:\/\/zfl-lernen.de\/lernmaterial_erstellen_wordpress\/bilder-erstellen-canva\/#breadcrumb\"},\"inLanguage\":\"en-US\",\"potentialAction\":[{\"@type\":\"ReadAction\",\"target\":[\"https:\/\/zfl-lernen.de\/lernmaterial_erstellen_wordpress\/bilder-erstellen-canva\/\"]}]},{\"@type\":\"ImageObject\",\"inLanguage\":\"en-US\",\"@id\":\"https:\/\/zfl-lernen.de\/lernmaterial_erstellen_wordpress\/bilder-erstellen-canva\/#primaryimage\",\"url\":\"https:\/\/zfl-lernen.de\/wp-content\/uploads\/marke-canva-1024x439.png\",\"contentUrl\":\"https:\/\/zfl-lernen.de\/wp-content\/uploads\/marke-canva-1024x439.png\"},{\"@type\":\"BreadcrumbList\",\"@id\":\"https:\/\/zfl-lernen.de\/lernmaterial_erstellen_wordpress\/bilder-erstellen-canva\/#breadcrumb\",\"itemListElement\":[{\"@type\":\"ListItem\",\"position\":1,\"name\":\"Startseite\",\"item\":\"https:\/\/zfl-lernen.de\/\"},{\"@type\":\"ListItem\",\"position\":2,\"name\":\"Lernmaterial erstellen mit WordPress\",\"item\":\"https:\/\/zfl-lernen.de\/lernmaterial_erstellen_wordpress\/\"},{\"@type\":\"ListItem\",\"position\":3,\"name\":\"Bilder und Grafiken erstellen mit Canva\"}]},{\"@type\":\"WebSite\",\"@id\":\"https:\/\/zfl-lernen.de\/#website\",\"url\":\"https:\/\/zfl-lernen.de\/\",\"name\":\"ZfL Lernen\",\"description\":\"ZfL Offene Bildungsangebote\",\"potentialAction\":[{\"@type\":\"SearchAction\",\"target\":{\"@type\":\"EntryPoint\",\"urlTemplate\":\"https:\/\/zfl-lernen.de\/?s={search_term_string}\"},\"query-input\":{\"@type\":\"PropertyValueSpecification\",\"valueRequired\":true,\"valueName\":\"search_term_string\"}}],\"inLanguage\":\"en-US\"}]}<\/script>\n<!-- \/ Yoast SEO plugin. -->","yoast_head_json":{"title":"Bilder und Grafiken erstellen mit Canva - ZfL Lernen","robots":{"index":"index","follow":"follow","max-snippet":"max-snippet:-1","max-image-preview":"max-image-preview:large","max-video-preview":"max-video-preview:-1"},"canonical":"https:\/\/zfl-lernen.de\/en\/lernmaterial_erstellen_wordpress\/bilder-erstellen-canva\/","og_locale":"en_US","og_type":"article","og_title":"Bilder und Grafiken erstellen mit Canva - ZfL Lernen","og_url":"https:\/\/zfl-lernen.de\/en\/lernmaterial_erstellen_wordpress\/bilder-erstellen-canva\/","og_site_name":"ZfL Lernen","article_publisher":"https:\/\/www.facebook.com\/zflkoeln","article_modified_time":"2024-07-08T11:52:33+00:00","og_image":[{"url":"https:\/\/zfl-lernen.de\/wp-content\/uploads\/marke-canva-1024x439.png","type":"","width":"","height":""}],"twitter_card":"summary_large_image","twitter_site":"@Lehrer_innen","twitter_misc":{"Est. reading time":"4 minutes"},"schema":{"@context":"https:\/\/schema.org","@graph":[{"@type":"WebPage","@id":"https:\/\/zfl-lernen.de\/lernmaterial_erstellen_wordpress\/bilder-erstellen-canva\/","url":"https:\/\/zfl-lernen.de\/lernmaterial_erstellen_wordpress\/bilder-erstellen-canva\/","name":"Bilder und Grafiken erstellen mit Canva - ZfL Lernen","isPartOf":{"@id":"https:\/\/zfl-lernen.de\/#website"},"primaryImageOfPage":{"@id":"https:\/\/zfl-lernen.de\/lernmaterial_erstellen_wordpress\/bilder-erstellen-canva\/#primaryimage"},"image":{"@id":"https:\/\/zfl-lernen.de\/lernmaterial_erstellen_wordpress\/bilder-erstellen-canva\/#primaryimage"},"thumbnailUrl":"https:\/\/zfl-lernen.de\/wp-content\/uploads\/marke-canva-1024x439.png","datePublished":"2023-12-04T13:19:15+00:00","dateModified":"2024-07-08T11:52:33+00:00","breadcrumb":{"@id":"https:\/\/zfl-lernen.de\/lernmaterial_erstellen_wordpress\/bilder-erstellen-canva\/#breadcrumb"},"inLanguage":"en-US","potentialAction":[{"@type":"ReadAction","target":["https:\/\/zfl-lernen.de\/lernmaterial_erstellen_wordpress\/bilder-erstellen-canva\/"]}]},{"@type":"ImageObject","inLanguage":"en-US","@id":"https:\/\/zfl-lernen.de\/lernmaterial_erstellen_wordpress\/bilder-erstellen-canva\/#primaryimage","url":"https:\/\/zfl-lernen.de\/wp-content\/uploads\/marke-canva-1024x439.png","contentUrl":"https:\/\/zfl-lernen.de\/wp-content\/uploads\/marke-canva-1024x439.png"},{"@type":"BreadcrumbList","@id":"https:\/\/zfl-lernen.de\/lernmaterial_erstellen_wordpress\/bilder-erstellen-canva\/#breadcrumb","itemListElement":[{"@type":"ListItem","position":1,"name":"Startseite","item":"https:\/\/zfl-lernen.de\/"},{"@type":"ListItem","position":2,"name":"Lernmaterial erstellen mit WordPress","item":"https:\/\/zfl-lernen.de\/lernmaterial_erstellen_wordpress\/"},{"@type":"ListItem","position":3,"name":"Bilder und Grafiken erstellen mit Canva"}]},{"@type":"WebSite","@id":"https:\/\/zfl-lernen.de\/#website","url":"https:\/\/zfl-lernen.de\/","name":"ZfL Lernen","description":"ZfL Offene Bildungsangebote","potentialAction":[{"@type":"SearchAction","target":{"@type":"EntryPoint","urlTemplate":"https:\/\/zfl-lernen.de\/?s={search_term_string}"},"query-input":{"@type":"PropertyValueSpecification","valueRequired":true,"valueName":"search_term_string"}}],"inLanguage":"en-US"}]}},"_links":{"self":[{"href":"https:\/\/zfl-lernen.de\/en\/wp-json\/wp\/v2\/pages\/73526","targetHints":{"allow":["GET"]}}],"collection":[{"href":"https:\/\/zfl-lernen.de\/en\/wp-json\/wp\/v2\/pages"}],"about":[{"href":"https:\/\/zfl-lernen.de\/en\/wp-json\/wp\/v2\/types\/page"}],"author":[{"embeddable":true,"href":"https:\/\/zfl-lernen.de\/en\/wp-json\/wp\/v2\/users\/4"}],"replies":[{"embeddable":true,"href":"https:\/\/zfl-lernen.de\/en\/wp-json\/wp\/v2\/comments?post=73526"}],"version-history":[{"count":8,"href":"https:\/\/zfl-lernen.de\/en\/wp-json\/wp\/v2\/pages\/73526\/revisions"}],"predecessor-version":[{"id":78995,"href":"https:\/\/zfl-lernen.de\/en\/wp-json\/wp\/v2\/pages\/73526\/revisions\/78995"}],"up":[{"embeddable":true,"href":"https:\/\/zfl-lernen.de\/en\/wp-json\/wp\/v2\/pages\/73536"}],"wp:attachment":[{"href":"https:\/\/zfl-lernen.de\/en\/wp-json\/wp\/v2\/media?parent=73526"}],"wp:term":[{"taxonomy":"category","embeddable":true,"href":"https:\/\/zfl-lernen.de\/en\/wp-json\/wp\/v2\/categories?post=73526"},{"taxonomy":"post_tag","embeddable":true,"href":"https:\/\/zfl-lernen.de\/en\/wp-json\/wp\/v2\/tags?post=73526"},{"taxonomy":"kooperation","embeddable":true,"href":"https:\/\/zfl-lernen.de\/en\/wp-json\/wp\/v2\/kooperation?post=73526"}],"curies":[{"name":"wp","href":"https:\/\/api.w.org\/{rel}","templated":true}]}}