{"id":73528,"date":"2023-12-04T14:20:09","date_gmt":"2023-12-04T13:20:09","guid":{"rendered":"https:\/\/zfl-lernen.de\/?page_id=73528"},"modified":"2023-12-04T18:42:19","modified_gmt":"2023-12-04T17:42:19","slug":"h5p-lernmodul-erstellung","status":"publish","type":"page","link":"https:\/\/zfl-lernen.de\/en\/lernmaterial_erstellen_wordpress\/h5p-lernmodul-erstellung\/","title":{"rendered":"H5P-Lernmodul-Erstellung"},"content":{"rendered":"<p>Das Erstellen eines Lernmoduls allein mit einer H5P-Vorlage unterscheidet sich vom Erstellen eines Lernmoduls in LearnPress. F\u00fcr ein H5P-Lernmodul verwendet Sie ausschlie\u00dflich das H5P-Element &#8222;Portfolio&#8220;.<\/p>\n<p>Zum Anlegen Ihres Lernmoduls mit H5P gehen Sie wie folgt vor:<\/p>\n<ol>\n<li>Loggen Sie sich in WordPress ein.<\/li>\n<li>In der linken Navigation finden Sie das Untermen\u00fc &#8222;H5P-Inhalte&#8220;. Suchen Sie dort nach dem Eintrag mit der ID 1111 und klicken Sie ganz rechts auf &#8222;Bearbeiten&#8220;. <strong>Wichtig: Dies ist die Vorlage, ver\u00e4ndern Sie dort nichts!<\/strong><\/li>\n<li>Klicken Sie oben auf &#8222;Kopieren&#8220;.<\/li>\n<li>\u00d6ffnen Sie nun ein neues Tab oder einen neuen Browser.<\/li>\n<li>Gehen Sie ebenfalls in WordPress in das Untermen\u00fc &#8222;H5P-Inhalte&#8220; und klicken Sie dort auf &#8222;Hinzuf\u00fcgen &amp; Erstellen&#8220;.<\/li>\n<li>W\u00e4hlen Sie durch Anklicken &#8222;Portfolio&#8220; aus (ggf. m\u00fcssen Sie im Textfeld &#8222;Nach Inhaltstypen suchen&#8220; das Wort &#8222;Portfolio&#8220; eingeben).<\/li>\n<li>Klicken Sie oben auf &#8222;Einf\u00fcgen &amp; Ersetzen&#8220; und best\u00e4tigen Sie mit &#8222;Inhalt ersetzen&#8220;.<\/li>\n<li>Vergeben Sie einen &#8222;Portfoliotitel&#8220; nach dem Schema &#8222;ZfL_LM_xxx&#8230;&#8220;<\/li>\n<li>Klicken Sie &#8222;Erstellen&#8220; und Ihr Lernmodul ist gespeichert.<\/li>\n<li>Sie arbeiten ab jetzt nur in Ihrem Lernmodul. <strong>Die Vorlage schlie\u00dfen Sie bitte ohne speichern (ohne &#8222;Aktualisieren&#8220;).<\/strong><\/li>\n<\/ol>\n<p>Zum Aufrufen und bearbeiten Ihres Lernmoduls in WordPress gehen Sie wie folgt vor:<\/p>\n<ol>\n<li>Loggen Sie sich in WordPress ein.<\/li>\n<li>In der linken Navigation finden Sie das Untermen\u00fc &#8222;H5P-Inhalte&#8220;. Suchen Sie dort nach dem Eintrag mit der ID Ihres Lernmoduls oder nach dem Namen oder Ihrem Namen als Autor und klicken Sie ganz rechts auf &#8222;Bearbeiten&#8220;.<\/li>\n<\/ol>\n<p>Zum Bearbeiten Ihres Lernmoduls beachten Sie bitte folgende Hinweise:<\/p>\n<ol>\n<li>Ihr Lernmodul enth\u00e4lt zu Beginn noch alle Eintr\u00e4ge der Vorlage.<\/li>\n<li>Gehen Sie zun\u00e4chst die vorgegebenen Seiten durch. Sie enthalten viele Informationen, Bausteine und Tipps, die Sie zum Erstellen eines Lernmoduls ben\u00f6tigen.<\/li>\n<li>Wenn Sie fertig sind mit Ihrem Lernmodul, l\u00f6schen Sie bitte alle nicht ben\u00f6tigten Platzhalter und Kapitel (s. auch &#8222;Schritt-f\u00fcr-Schritt-Anleitung&#8220;).<\/li>\n<\/ol>\n<p>Hinweis zur Farbgestaltung der Platzhalter:<\/p>\n<ul>\n<li><span style=\"color: #1768c4;\">blaue Standard-Platzhalter (Farbcode #1768c4):<\/span> Bef\u00fcllen Sie diese mit Inhalten gem\u00e4\u00df Ihrer Konzeption<\/li>\n<li><span style=\"color: #7f8c8d;\">graue Platzhalter (Farbcode #7F8C8D):<\/span> Sie dienen der Information, l\u00f6schen Sie sie, wenn Sie fertig sind.<\/li>\n<\/ul>\n<p>Schritt-f\u00fcr-Schritt-Anleitung:<\/p>\n<ol>\n<li>Legen Sie die Titelseite an (Bild, Text) bzw. bearbeiten Sie sie<\/li>\n<li>Legen Sie den Header an bzw. bearbeiten Sie ihn (Text, Bild wie Titelseite)<\/li>\n<li>Bearbeiten Sie bei Bedarf den Footer (Text, Bild wie Titelseite)<\/li>\n<li>Bearbeiten Sie das Kapitel &#8222;Herzlich willkommen&#8220;<\/li>\n<li>Bearbeiten Sie das Kapitel &#8222;Inhalt&#8220;:\n<ol>\n<li>F\u00fcgen Sie hierf\u00fcr neue Kapitel hinzu<\/li>\n<li>Benennen Sie die Kapitel<\/li>\n<li>R\u00fccken Sie die Kapitel in die entsprechende Ebenen ein, um Unterkapitel zu generieren<\/li>\n<li>Bef\u00fcllen Sie die Kapitel mit Inhalt gem\u00e4\u00df Ihrer Konzeption<\/li>\n<\/ol>\n<\/li>\n<li>Bearbeiten Sie das Kapitel Abschluss&#8220;<\/li>\n<li>Bearbeiten Sie das Kapitel &#8222;Lernerfolgskontrolle&#8220;<\/li>\n<li>Kontrollieren Sie Ihr Lernmodul<\/li>\n<li>Wenn Sie fertig sind\n<ol>\n<li>L\u00f6schen Sie die Kapitel &#8222;Schritt-f\u00fcr-Schritt-Anleitung&#8220;, &#8222;Inhaltstypen&#8220; und &#8222;Bausteine&#8220; mit den ggf. dazugeh\u00f6rigen Unterkapiteln (sie dienen nur der Information)<\/li>\n<li>L\u00f6schen Sie alle <span style=\"color: #7f8c8d;\">grauen Platzhalter<\/span> (sie dienen nur der Information)<\/li>\n<\/ol>\n<\/li>\n<\/ol>\n<p>&nbsp;<\/p>"},"excerpt":{"rendered":"<p>Das Erstellen eines Lernmoduls allein mit einer H5P-Vorlage unterscheidet sich vom Erstellen eines Lernmoduls in LearnPress. F\u00fcr ein H5P-Lernmodul verwendet Sie ausschlie\u00dflich das H5P-Element &#8222;Portfolio&#8220;. Zum Anlegen Ihres Lernmoduls mit H5P gehen Sie wie folgt vor: Loggen Sie sich in &hellip; <\/p>","protected":false},"author":4,"featured_media":0,"parent":73536,"menu_order":0,"comment_status":"closed","ping_status":"closed","template":"","meta":{"_acf_changed":false,"footnotes":""},"categories":[1240],"tags":[],"kooperation":[],"class_list":["post-73528","page","type-page","status-publish","hentry","category-anleitung-zur-erstellung"],"acf":[],"yoast_head":"<!-- This site is optimized with the Yoast SEO plugin v27.1.1 - https:\/\/yoast.com\/product\/yoast-seo-wordpress\/ -->\n<title>H5P-Lernmodul-Erstellung - ZfL Lernen<\/title>\n<meta name=\"robots\" content=\"index, follow, max-snippet:-1, max-image-preview:large, max-video-preview:-1\" \/>\n<link rel=\"canonical\" href=\"https:\/\/zfl-lernen.de\/en\/lernmaterial_erstellen_wordpress\/h5p-lernmodul-erstellung\/\" \/>\n<meta property=\"og:locale\" content=\"en_US\" \/>\n<meta property=\"og:type\" content=\"article\" \/>\n<meta property=\"og:title\" content=\"H5P-Lernmodul-Erstellung - ZfL Lernen\" \/>\n<meta property=\"og:description\" content=\"Das Erstellen eines Lernmoduls allein mit einer H5P-Vorlage unterscheidet sich vom Erstellen eines Lernmoduls in LearnPress. F\u00fcr ein H5P-Lernmodul verwendet Sie ausschlie\u00dflich das H5P-Element &#8222;Portfolio&#8220;. Zum Anlegen Ihres Lernmoduls mit H5P gehen Sie wie folgt vor: Loggen Sie sich in &hellip;\" \/>\n<meta property=\"og:url\" content=\"https:\/\/zfl-lernen.de\/en\/lernmaterial_erstellen_wordpress\/h5p-lernmodul-erstellung\/\" \/>\n<meta property=\"og:site_name\" content=\"ZfL Lernen\" \/>\n<meta property=\"article:publisher\" content=\"https:\/\/www.facebook.com\/zflkoeln\" \/>\n<meta property=\"article:modified_time\" content=\"2023-12-04T17:42:19+00:00\" \/>\n<meta property=\"og:image\" content=\"https:\/\/zfl-lernen.de\/wp-content\/uploads\/zfl-logo_neu-1.png\" \/>\n\t<meta property=\"og:image:width\" content=\"300\" \/>\n\t<meta property=\"og:image:height\" content=\"161\" \/>\n\t<meta property=\"og:image:type\" content=\"image\/png\" \/>\n<meta name=\"twitter:card\" content=\"summary_large_image\" \/>\n<meta name=\"twitter:site\" content=\"@Lehrer_innen\" \/>\n<meta name=\"twitter:label1\" content=\"Est. reading time\" \/>\n\t<meta name=\"twitter:data1\" content=\"3 minutes\" \/>\n<script type=\"application\/ld+json\" class=\"yoast-schema-graph\">{\"@context\":\"https:\/\/schema.org\",\"@graph\":[{\"@type\":\"WebPage\",\"@id\":\"https:\/\/zfl-lernen.de\/lernmaterial_erstellen_wordpress\/h5p-lernmodul-erstellung\/\",\"url\":\"https:\/\/zfl-lernen.de\/lernmaterial_erstellen_wordpress\/h5p-lernmodul-erstellung\/\",\"name\":\"H5P-Lernmodul-Erstellung - ZfL Lernen\",\"isPartOf\":{\"@id\":\"https:\/\/zfl-lernen.de\/#website\"},\"datePublished\":\"2023-12-04T13:20:09+00:00\",\"dateModified\":\"2023-12-04T17:42:19+00:00\",\"breadcrumb\":{\"@id\":\"https:\/\/zfl-lernen.de\/lernmaterial_erstellen_wordpress\/h5p-lernmodul-erstellung\/#breadcrumb\"},\"inLanguage\":\"en-US\",\"potentialAction\":[{\"@type\":\"ReadAction\",\"target\":[\"https:\/\/zfl-lernen.de\/lernmaterial_erstellen_wordpress\/h5p-lernmodul-erstellung\/\"]}]},{\"@type\":\"BreadcrumbList\",\"@id\":\"https:\/\/zfl-lernen.de\/lernmaterial_erstellen_wordpress\/h5p-lernmodul-erstellung\/#breadcrumb\",\"itemListElement\":[{\"@type\":\"ListItem\",\"position\":1,\"name\":\"Startseite\",\"item\":\"https:\/\/zfl-lernen.de\/\"},{\"@type\":\"ListItem\",\"position\":2,\"name\":\"Lernmaterial erstellen mit WordPress\",\"item\":\"https:\/\/zfl-lernen.de\/lernmaterial_erstellen_wordpress\/\"},{\"@type\":\"ListItem\",\"position\":3,\"name\":\"H5P-Lernmodul-Erstellung\"}]},{\"@type\":\"WebSite\",\"@id\":\"https:\/\/zfl-lernen.de\/#website\",\"url\":\"https:\/\/zfl-lernen.de\/\",\"name\":\"ZfL Lernen\",\"description\":\"ZfL Offene Bildungsangebote\",\"potentialAction\":[{\"@type\":\"SearchAction\",\"target\":{\"@type\":\"EntryPoint\",\"urlTemplate\":\"https:\/\/zfl-lernen.de\/?s={search_term_string}\"},\"query-input\":{\"@type\":\"PropertyValueSpecification\",\"valueRequired\":true,\"valueName\":\"search_term_string\"}}],\"inLanguage\":\"en-US\"}]}<\/script>\n<!-- \/ Yoast SEO plugin. -->","yoast_head_json":{"title":"H5P-Lernmodul-Erstellung - ZfL Lernen","robots":{"index":"index","follow":"follow","max-snippet":"max-snippet:-1","max-image-preview":"max-image-preview:large","max-video-preview":"max-video-preview:-1"},"canonical":"https:\/\/zfl-lernen.de\/en\/lernmaterial_erstellen_wordpress\/h5p-lernmodul-erstellung\/","og_locale":"en_US","og_type":"article","og_title":"H5P-Lernmodul-Erstellung - ZfL Lernen","og_description":"Das Erstellen eines Lernmoduls allein mit einer H5P-Vorlage unterscheidet sich vom Erstellen eines Lernmoduls in LearnPress. F\u00fcr ein H5P-Lernmodul verwendet Sie ausschlie\u00dflich das H5P-Element &#8222;Portfolio&#8220;. Zum Anlegen Ihres Lernmoduls mit H5P gehen Sie wie folgt vor: Loggen Sie sich in &hellip;","og_url":"https:\/\/zfl-lernen.de\/en\/lernmaterial_erstellen_wordpress\/h5p-lernmodul-erstellung\/","og_site_name":"ZfL Lernen","article_publisher":"https:\/\/www.facebook.com\/zflkoeln","article_modified_time":"2023-12-04T17:42:19+00:00","og_image":[{"width":300,"height":161,"url":"https:\/\/zfl-lernen.de\/wp-content\/uploads\/zfl-logo_neu-1.png","type":"image\/png"}],"twitter_card":"summary_large_image","twitter_site":"@Lehrer_innen","twitter_misc":{"Est. reading time":"3 minutes"},"schema":{"@context":"https:\/\/schema.org","@graph":[{"@type":"WebPage","@id":"https:\/\/zfl-lernen.de\/lernmaterial_erstellen_wordpress\/h5p-lernmodul-erstellung\/","url":"https:\/\/zfl-lernen.de\/lernmaterial_erstellen_wordpress\/h5p-lernmodul-erstellung\/","name":"H5P-Lernmodul-Erstellung - ZfL Lernen","isPartOf":{"@id":"https:\/\/zfl-lernen.de\/#website"},"datePublished":"2023-12-04T13:20:09+00:00","dateModified":"2023-12-04T17:42:19+00:00","breadcrumb":{"@id":"https:\/\/zfl-lernen.de\/lernmaterial_erstellen_wordpress\/h5p-lernmodul-erstellung\/#breadcrumb"},"inLanguage":"en-US","potentialAction":[{"@type":"ReadAction","target":["https:\/\/zfl-lernen.de\/lernmaterial_erstellen_wordpress\/h5p-lernmodul-erstellung\/"]}]},{"@type":"BreadcrumbList","@id":"https:\/\/zfl-lernen.de\/lernmaterial_erstellen_wordpress\/h5p-lernmodul-erstellung\/#breadcrumb","itemListElement":[{"@type":"ListItem","position":1,"name":"Startseite","item":"https:\/\/zfl-lernen.de\/"},{"@type":"ListItem","position":2,"name":"Lernmaterial erstellen mit WordPress","item":"https:\/\/zfl-lernen.de\/lernmaterial_erstellen_wordpress\/"},{"@type":"ListItem","position":3,"name":"H5P-Lernmodul-Erstellung"}]},{"@type":"WebSite","@id":"https:\/\/zfl-lernen.de\/#website","url":"https:\/\/zfl-lernen.de\/","name":"ZfL Lernen","description":"ZfL Offene Bildungsangebote","potentialAction":[{"@type":"SearchAction","target":{"@type":"EntryPoint","urlTemplate":"https:\/\/zfl-lernen.de\/?s={search_term_string}"},"query-input":{"@type":"PropertyValueSpecification","valueRequired":true,"valueName":"search_term_string"}}],"inLanguage":"en-US"}]}},"_links":{"self":[{"href":"https:\/\/zfl-lernen.de\/en\/wp-json\/wp\/v2\/pages\/73528","targetHints":{"allow":["GET"]}}],"collection":[{"href":"https:\/\/zfl-lernen.de\/en\/wp-json\/wp\/v2\/pages"}],"about":[{"href":"https:\/\/zfl-lernen.de\/en\/wp-json\/wp\/v2\/types\/page"}],"author":[{"embeddable":true,"href":"https:\/\/zfl-lernen.de\/en\/wp-json\/wp\/v2\/users\/4"}],"replies":[{"embeddable":true,"href":"https:\/\/zfl-lernen.de\/en\/wp-json\/wp\/v2\/comments?post=73528"}],"version-history":[{"count":2,"href":"https:\/\/zfl-lernen.de\/en\/wp-json\/wp\/v2\/pages\/73528\/revisions"}],"predecessor-version":[{"id":73691,"href":"https:\/\/zfl-lernen.de\/en\/wp-json\/wp\/v2\/pages\/73528\/revisions\/73691"}],"up":[{"embeddable":true,"href":"https:\/\/zfl-lernen.de\/en\/wp-json\/wp\/v2\/pages\/73536"}],"wp:attachment":[{"href":"https:\/\/zfl-lernen.de\/en\/wp-json\/wp\/v2\/media?parent=73528"}],"wp:term":[{"taxonomy":"category","embeddable":true,"href":"https:\/\/zfl-lernen.de\/en\/wp-json\/wp\/v2\/categories?post=73528"},{"taxonomy":"post_tag","embeddable":true,"href":"https:\/\/zfl-lernen.de\/en\/wp-json\/wp\/v2\/tags?post=73528"},{"taxonomy":"kooperation","embeddable":true,"href":"https:\/\/zfl-lernen.de\/en\/wp-json\/wp\/v2\/kooperation?post=73528"}],"curies":[{"name":"wp","href":"https:\/\/api.w.org\/{rel}","templated":true}]}}