{"id":73539,"date":"2023-12-04T14:39:17","date_gmt":"2023-12-04T13:39:17","guid":{"rendered":"https:\/\/zfl-lernen.de\/?page_id=73539"},"modified":"2025-06-11T10:48:21","modified_gmt":"2025-06-11T08:48:21","slug":"hinweistexte","status":"publish","type":"page","link":"https:\/\/zfl-lernen.de\/en\/lernmaterial_erstellen_wordpress\/hinweistexte\/","title":{"rendered":"Hinweistexte"},"content":{"rendered":"<div class=\"wpb-content-wrapper\"><div class=\"vc_row wpb_row vc_row-fluid\"><div class=\"wpb_column vc_column_container vc_col-sm-12\"><div class=\"vc_column-inner\"><div class=\"wpb_wrapper\">\n\t<div class=\"wpb_text_column wpb_content_element\" >\n\t\t<div class=\"wpb_wrapper\">\n\t\t\t<h2>Hinweistexte<\/h2>\n\n\t\t<\/div>\n\t<\/div>\n<\/div><\/div><\/div><\/div><div class=\"vc_row wpb_row vc_row-fluid\"><div class=\"wpb_column vc_column_container vc_col-sm-12\"><div class=\"vc_column-inner\"><div class=\"wpb_wrapper\">\n\t<div class=\"wpb_text_column wpb_content_element\" >\n\t\t<div class=\"wpb_wrapper\">\n\t\t\t<p>Hinweistexte helfen Lernenden dabei, sich im Lernmodul oder Online-Kurs zurechtzufinden.<\/p>\n<p>Sie k\u00f6nnen z. B. Hinweise geben \u00fcber<\/p>\n<ul>\n<li>die Lizenz eines Elements,<\/li>\n<li>den\/die Urheber*in,<\/li>\n<li>die Nutzungsbedingungen,<\/li>\n<li>die Bedienung eines interaktiven Elements.<\/li>\n<\/ul>\n<p>In den folgenden Aufklappmen\u00fcs finden Sie einige Beispiele, die Sie entweder unver\u00e4ndert verwenden oder an Ihre Inhalte anpassen k\u00f6nnen.<\/p>\n\n\t\t<\/div>\n\t<\/div>\n<div class=\"vc_empty_space\"   style=\"height: 20px\"><span class=\"vc_empty_space_inner\"><\/span><\/div><\/div><\/div><\/div><\/div><div class=\"vc_row wpb_row vc_row-fluid\"><div class=\"wpb_column vc_column_container vc_col-sm-2\"><div class=\"vc_column-inner\"><div class=\"wpb_wrapper\">\n\t<div  class=\"wpb_single_image wpb_content_element vc_align_left wpb_content_element\">\n\t\t\n\t\t<figure class=\"wpb_wrapper vc_figure\">\n\t\t\t<div class=\"vc_single_image-wrapper   vc_box_border_grey\"><img loading=\"lazy\" decoding=\"async\" width=\"150\" height=\"150\" src=\"https:\/\/zfl-lernen.de\/wp-content\/uploads\/ico_hinweis-150x150.png\" class=\"vc_single_image-img attachment-thumbnail\" alt=\"Icon Hinweis\" title=\"ico_hinweis\" srcset=\"https:\/\/zfl-lernen.de\/wp-content\/uploads\/ico_hinweis-150x150.png 150w, https:\/\/zfl-lernen.de\/wp-content\/uploads\/ico_hinweis-12x12.png 12w, https:\/\/zfl-lernen.de\/wp-content\/uploads\/ico_hinweis.png 200w\" sizes=\"auto, (max-width: 150px) 100vw, 150px\" \/><\/div>\n\t\t<\/figure>\n\t<\/div>\n<\/div><\/div><\/div><div class=\"wpb_column vc_column_container vc_col-sm-10\"><div class=\"vc_column-inner\"><div class=\"wpb_wrapper\"><div class=\"vc_empty_space\"   style=\"height: 40px\"><span class=\"vc_empty_space_inner\"><\/span><\/div>\n\t<div class=\"wpb_text_column wpb_content_element\" >\n\t\t<div class=\"wpb_wrapper\">\n\t\t\t<p>Klicken Sie auf die Begriffe, um den jeweiligen Hinweistext zu lesen.<\/p>\n\n\t\t<\/div>\n\t<\/div>\n<\/div><\/div><\/div><\/div><div class=\"vc_row wpb_row vc_row-fluid\"><div class=\"wpb_column vc_column_container vc_col-sm-12\"><div class=\"vc_column-inner\"><div class=\"wpb_wrapper\"><div class=\"vc_empty_space\"   style=\"height: 40px\"><span class=\"vc_empty_space_inner\"><\/span><\/div>\n\t<div class=\"wpb_text_column wpb_content_element\" >\n\t\t<div class=\"wpb_wrapper\">\n\t\t\t<h3>1. Allgemeine Hinweistexte<\/h3>\n\n\t\t<\/div>\n\t<\/div>\n<\/div><\/div><\/div><\/div><div class=\"vc_row wpb_row vc_row-fluid\"><div class=\"wpb_column vc_column_container vc_col-sm-12\"><div class=\"vc_column-inner\"><div class=\"wpb_wrapper\"><div  class=\"vc_do_toggle vc_toggle vc_toggle_simple vc_toggle_color_default  vc_toggle_size_lg\"><div class=\"vc_toggle_title\"><h4>Element aus der CC-Lizenz ausgeschlossen<\/h4><i class=\"vc_toggle_icon\"><\/i><\/div><div class=\"vc_toggle_content\"><p><em>Wenn ein Inhalt (Bild, Grafik, Video\u2026) aus der CC-Lizenz des Lernmoduls\/Online-Kurses ausgeschlossen ist, muss er gekennzeichnet werden.\u00a0<\/em><\/p>\n<p><span style=\"color: #ff0000;\">Die Abbildung\/Das Video\/&#8230;<\/span> ist von der CC-Lizenz des <span style=\"color: #ff0000;\">Lernmoduls\/Online-Kurses<\/span> ausgeschlossen und urheberrechtlich gesch\u00fctzt.<\/p>\n<\/div><\/div><div  class=\"vc_do_toggle vc_toggle vc_toggle_simple vc_toggle_color_default  vc_toggle_size_lg\"><div class=\"vc_toggle_title\"><h4>YouTube<\/h4><i class=\"vc_toggle_icon\"><\/i><\/div><div class=\"vc_toggle_content\"><p><em>YouTube benutzt Cookies und der\/die Nutzer*in muss darauf hingewiesen werden, dass einen Link zu YouTube f\u00fchrt.<\/em><\/p>\n<p>Wenn Sie auf das Video klicken oder tippen, werden externe Inhalte von YouTube angezeigt und es gelten die Datenschutzbestimmungen von YouTube.<\/p>\n<p>Beim Klick auf den Link werden Sie zu YouTube weitergeleitet. Dabei werden m\u00f6glicherweise Cookies von YouTube gesetzt. Es gelten die Datenschutzbestimmungen von YouTube:\u00a0<a class=\"cursor-pointer\" tabindex=\"0\" href=\"https:\/\/policies.google.com\/privacy\" target=\"_blank\" rel=\"noopener\" data-start=\"233\" data-end=\"307\">https:\/\/policies.google.com\/privacy<\/a><\/p>\n<\/div><\/div><\/div><\/div><\/div><\/div><div class=\"vc_row wpb_row vc_row-fluid\"><div class=\"wpb_column vc_column_container vc_col-sm-12\"><div class=\"vc_column-inner\"><div class=\"wpb_wrapper\">\n\t<div class=\"wpb_text_column wpb_content_element\" >\n\t\t<div class=\"wpb_wrapper\">\n\t\t\t<h3>2. H5P-Elemente<\/h3>\n\n\t\t<\/div>\n\t<\/div>\n<\/div><\/div><\/div><\/div><div class=\"vc_row wpb_row vc_row-fluid\"><div class=\"wpb_column vc_column_container vc_col-sm-12\"><div class=\"vc_column-inner\"><div class=\"wpb_wrapper\"><div  class=\"vc_do_toggle vc_toggle vc_toggle_simple vc_toggle_color_default  vc_toggle_size_lg\"><div class=\"vc_toggle_title\"><h4>Interaktive Pr\u00e4sentation (Course Presentation) \u2013 Navigation Seite mittig links und rechts<\/h4><i class=\"vc_toggle_icon\"><\/i><\/div><div class=\"vc_toggle_content\"><p>Unten sehen Sie eine interaktive Pr\u00e4sentation. Klicken oder tippen Sie zum Aufruf der weiteren Seiten auf die Vor- und Zur\u00fcck-Schaltfl\u00e4chen an den Seiten der Pr\u00e4sentation. Sie k\u00f6nnen die Pr\u00e4sentation auch vergr\u00f6\u00dfern.<\/p>\n<\/div><\/div><div  class=\"vc_do_toggle vc_toggle vc_toggle_simple vc_toggle_color_default  vc_toggle_size_lg\"><div class=\"vc_toggle_title\"><h4>Interaktive Pr\u00e4sentation (Course Presentation) \u2013 Navigation unten<\/h4><i class=\"vc_toggle_icon\"><\/i><\/div><div class=\"vc_toggle_content\"><p>Unten sehen Sie eine interaktive Pr\u00e4sentation. Klicken oder tippen Sie zum Aufruf der weiteren Seiten auf die Vor- und Zur\u00fcck-Schaltfl\u00e4chen im unteren Bereich. Sie k\u00f6nnen die Pr\u00e4sentation auch vergr\u00f6\u00dfern.<\/p>\n<\/div><\/div><div  class=\"vc_do_toggle vc_toggle vc_toggle_simple vc_toggle_color_default  vc_toggle_size_lg\"><div class=\"vc_toggle_title\"><h4>Info-Hotspots auf Bild (Image Hotspots)<\/h4><i class=\"vc_toggle_icon\"><\/i><\/div><div class=\"vc_toggle_content\"><p>Klicken oder tippen Sie auf <span style=\"color: #ff0000;\">die Info\/das Plus-Zeichen\/&#8230;<\/span>, um zu erfahren, \u2026. Sie k\u00f6nnen das Bild auch vergr\u00f6\u00dfern.<\/p>\n<\/div><\/div><div  class=\"vc_do_toggle vc_toggle vc_toggle_simple vc_toggle_color_default  vc_toggle_size_lg\"><div class=\"vc_toggle_title\"><h4>Zuordnungsaufgabe (Drag and Drop)<\/h4><i class=\"vc_toggle_icon\"><\/i><\/div><div class=\"vc_toggle_content\"><p>Ziehen Sie die <span style=\"color: #ff0000;\">Karten\/den Text\/\u2026<\/span> unten auf das passende Feld. Wenn Sie anschlie\u00dfend unten auf \u00dcberpr\u00fcfen klicken, erfahren Sie, ob Ihre Zuordnung richtig war.<\/p>\n<\/div><\/div><div  class=\"vc_do_toggle vc_toggle vc_toggle_simple vc_toggle_color_default  vc_toggle_size_lg\"><div class=\"vc_toggle_title\"><h4>Selbsteinsch\u00e4tzungsbogen (Documentation Tool)<\/h4><i class=\"vc_toggle_icon\"><\/i><\/div><div class=\"vc_toggle_content\"><p>Die Eingaben im Tool sind nur f\u00fcr Sie pers\u00f6nlich und werden nicht \u00fcbermittelt. Bitte achten Sie trotzdem darauf, keine Klarnamen und sensible Daten aufzunehmen! \u00dcber den Pfeil oder \u00fcber die linke Navigation gelangen Sie zu den weiteren Fragen. Wenn Sie die Fragen bearbeitet haben, k\u00f6nnen Sie die Texte exportieren und auf Ihrem Computer speichern.<\/p>\n<\/div><\/div><div  class=\"vc_do_toggle vc_toggle vc_toggle_simple vc_toggle_color_default  vc_toggle_size_lg\"><div class=\"vc_toggle_title\"><h4>Aufgabenfolge (Question Set\/Quiz)<\/h4><i class=\"vc_toggle_icon\"><\/i><\/div><div class=\"vc_toggle_content\"><p>Nachdem Sie eine Frage beantwortet haben, klicken Sie auf \u201c\u00dcberpr\u00fcfen\u201d, um Ihre Antwort zu kontrollieren. Klicken Sie anschlie\u00dfend auf die Pfeile unten rechts oder auf die Punkte unten, um durch die Fragen zu navigieren.<\/p>\n<\/div><\/div><div  class=\"vc_do_toggle vc_toggle vc_toggle_simple vc_toggle_color_default  vc_toggle_size_lg\"><div class=\"vc_toggle_title\"><h4>Aufklappbarer Text (Accordion)<\/h4><i class=\"vc_toggle_icon\"><\/i><\/div><div class=\"vc_toggle_content\"><p>Klicken Sie auf die Begriffe, um mehr dar\u00fcber zu erfahren.<\/p>\n<hr \/>\n<p>\u00d6ffnen Sie die Eintr\u00e4ge im Akkordeon \u00fcber Klick oder Tipp auf den Pfeil, um n\u00e4here Informationen einzusehen.<\/p>\n<\/div><\/div><div  class=\"vc_do_toggle vc_toggle vc_toggle_simple vc_toggle_color_default  vc_toggle_size_lg\"><div class=\"vc_toggle_title\"><h4>Karteikarten (Dialog Cards)<\/h4><i class=\"vc_toggle_icon\"><\/i><\/div><div class=\"vc_toggle_content\"><p>Mit den nachfolgenden Karteikarten k\u00f6nnen Sie Ihr Wissen zu \u2026 testen. \u00dcberpr\u00fcfen Sie Ihre Idee, indem Sie auf \u201cUmdrehen\u201d klicken. Durch Klick auf den Pfeil rechts unterhalb der Karteikarte, k\u00f6nnen Sie zum n\u00e4chsten Begriff navigieren.<\/p>\n<\/div><\/div><div  class=\"vc_do_toggle vc_toggle vc_toggle_simple vc_toggle_color_default  vc_toggle_size_lg\"><div class=\"vc_toggle_title\"><h4>File for Download<\/h4><i class=\"vc_toggle_icon\"><\/i><\/div><div class=\"vc_toggle_content\"><p>Klicken oder tippen Sie auf den Download-Button, um <span style=\"color: #ff0000;\">&#8230;<\/span> herunterladen und einsehen zu k\u00f6nnen.<\/p>\n<\/div><\/div><\/div><\/div><\/div><\/div><div class=\"vc_row wpb_row vc_row-fluid\"><div class=\"wpb_column vc_column_container vc_col-sm-12\"><div class=\"vc_column-inner\"><div class=\"wpb_wrapper\">\n\t<div class=\"wpb_text_column wpb_content_element\" >\n\t\t<div class=\"wpb_wrapper\">\n\t\t\t<h3>3. WordPress-\/LearnPress-Elemente<\/h3>\n\n\t\t<\/div>\n\t<\/div>\n<\/div><\/div><\/div><\/div><div class=\"vc_row wpb_row vc_row-fluid\"><div class=\"wpb_column vc_column_container vc_col-sm-12\"><div class=\"vc_column-inner\"><div class=\"wpb_wrapper\"><div  class=\"vc_do_toggle vc_toggle vc_toggle_simple vc_toggle_color_default  vc_toggle_size_lg\"><div class=\"vc_toggle_title\"><h4>Karussel<\/h4><i class=\"vc_toggle_icon\"><\/i><\/div><div class=\"vc_toggle_content\"><p>Klicken Sie auf die Pfeile rechts und links oder auf die Punkte unten, um durch das Karussell zu navigieren.<\/p>\n<\/div><\/div><div  class=\"vc_do_toggle vc_toggle vc_toggle_simple vc_toggle_color_default  vc_toggle_size_lg\"><div class=\"vc_toggle_title\"><h4>Hover Box<\/h4><i class=\"vc_toggle_icon\"><\/i><\/div><div class=\"vc_toggle_content\"><p>Fahren Sie mit der Maus \u00fcber die farbigen Kacheln. Per Tipp oder Klick auf die Schaltfl\u00e4che k\u00f6nnen Sie die Begleitmaterialien dann \u00f6ffnen.<\/p>\n<\/div><\/div><div  class=\"vc_do_toggle vc_toggle vc_toggle_simple vc_toggle_color_default  vc_toggle_size_lg\"><div class=\"vc_toggle_title\"><h4>Akkordion<\/h4><i class=\"vc_toggle_icon\"><\/i><\/div><div class=\"vc_toggle_content\"><p>Klicken Sie auf die Begriffe, um mehr dar\u00fcber zu erfahren.<\/p>\n<hr \/>\n<p>\u00d6ffnen Sie die Eintr\u00e4ge im Akkordeon \u00fcber Klick oder Tipp auf den Pfeil, um n\u00e4here Informationen einzusehen.<\/p>\n<\/div><\/div><div  class=\"vc_do_toggle vc_toggle vc_toggle_simple vc_toggle_color_default  vc_toggle_size_lg\"><div class=\"vc_toggle_title\"><h4>Interaktive Grafik (Draw Attention)<\/h4><i class=\"vc_toggle_icon\"><\/i><\/div><div class=\"vc_toggle_content\"><p>Um mehr zu erfahren, fahren und\/oder klicken Sie \u00fcber die Elemente in der interaktiven Grafik.<\/p>\n<\/div><\/div><\/div><\/div><\/div><\/div>\n<\/div>"},"excerpt":{"rendered":"Hinweistexte Hinweistexte helfen Lernenden dabei, sich im Lernmodul oder Online-Kurs zurechtzufinden. Sie k\u00f6nnen z. B. Hinweise geben \u00fcber die Lizenz eines Elements, den\/die Urheber*in, die Nutzungsbedingungen, die Bedienung eines interaktiven Elements. In den folgenden Aufklappmen\u00fcs finden Sie einige Beispiele, die &hellip;","protected":false},"author":4,"featured_media":0,"parent":73536,"menu_order":0,"comment_status":"closed","ping_status":"closed","template":"","meta":{"_acf_changed":false,"footnotes":""},"categories":[1240],"tags":[],"kooperation":[],"class_list":["post-73539","page","type-page","status-publish","hentry","category-anleitung-zur-erstellung"],"acf":[],"yoast_head":"<!-- This site is optimized with the Yoast SEO plugin v27.1.1 - https:\/\/yoast.com\/product\/yoast-seo-wordpress\/ -->\n<title>Hinweistexte - ZfL Lernen<\/title>\n<meta name=\"robots\" content=\"index, follow, max-snippet:-1, max-image-preview:large, max-video-preview:-1\" \/>\n<link rel=\"canonical\" href=\"https:\/\/zfl-lernen.de\/en\/lernmaterial_erstellen_wordpress\/hinweistexte\/\" \/>\n<meta property=\"og:locale\" content=\"en_US\" \/>\n<meta property=\"og:type\" content=\"article\" \/>\n<meta property=\"og:title\" content=\"Hinweistexte - ZfL Lernen\" \/>\n<meta property=\"og:url\" content=\"https:\/\/zfl-lernen.de\/en\/lernmaterial_erstellen_wordpress\/hinweistexte\/\" \/>\n<meta property=\"og:site_name\" content=\"ZfL Lernen\" \/>\n<meta property=\"article:publisher\" content=\"https:\/\/www.facebook.com\/zflkoeln\" \/>\n<meta property=\"article:modified_time\" content=\"2025-06-11T08:48:21+00:00\" \/>\n<meta property=\"og:image\" content=\"https:\/\/zfl-lernen.de\/wp-content\/uploads\/zfl-logo_neu-1.png\" \/>\n\t<meta property=\"og:image:width\" content=\"300\" \/>\n\t<meta property=\"og:image:height\" content=\"161\" \/>\n\t<meta property=\"og:image:type\" content=\"image\/png\" \/>\n<meta name=\"twitter:card\" content=\"summary_large_image\" \/>\n<meta name=\"twitter:site\" content=\"@Lehrer_innen\" \/>\n<meta name=\"twitter:label1\" content=\"Est. reading time\" \/>\n\t<meta name=\"twitter:data1\" content=\"4 minutes\" \/>\n<script type=\"application\/ld+json\" class=\"yoast-schema-graph\">{\"@context\":\"https:\/\/schema.org\",\"@graph\":[{\"@type\":\"WebPage\",\"@id\":\"https:\/\/zfl-lernen.de\/lernmaterial_erstellen_wordpress\/hinweistexte\/\",\"url\":\"https:\/\/zfl-lernen.de\/lernmaterial_erstellen_wordpress\/hinweistexte\/\",\"name\":\"Hinweistexte - ZfL Lernen\",\"isPartOf\":{\"@id\":\"https:\/\/zfl-lernen.de\/#website\"},\"datePublished\":\"2023-12-04T13:39:17+00:00\",\"dateModified\":\"2025-06-11T08:48:21+00:00\",\"breadcrumb\":{\"@id\":\"https:\/\/zfl-lernen.de\/lernmaterial_erstellen_wordpress\/hinweistexte\/#breadcrumb\"},\"inLanguage\":\"en-US\",\"potentialAction\":[{\"@type\":\"ReadAction\",\"target\":[\"https:\/\/zfl-lernen.de\/lernmaterial_erstellen_wordpress\/hinweistexte\/\"]}]},{\"@type\":\"BreadcrumbList\",\"@id\":\"https:\/\/zfl-lernen.de\/lernmaterial_erstellen_wordpress\/hinweistexte\/#breadcrumb\",\"itemListElement\":[{\"@type\":\"ListItem\",\"position\":1,\"name\":\"Startseite\",\"item\":\"https:\/\/zfl-lernen.de\/\"},{\"@type\":\"ListItem\",\"position\":2,\"name\":\"Lernmaterial erstellen mit WordPress\",\"item\":\"https:\/\/zfl-lernen.de\/lernmaterial_erstellen_wordpress\/\"},{\"@type\":\"ListItem\",\"position\":3,\"name\":\"Hinweistexte\"}]},{\"@type\":\"WebSite\",\"@id\":\"https:\/\/zfl-lernen.de\/#website\",\"url\":\"https:\/\/zfl-lernen.de\/\",\"name\":\"ZfL Lernen\",\"description\":\"ZfL Offene Bildungsangebote\",\"potentialAction\":[{\"@type\":\"SearchAction\",\"target\":{\"@type\":\"EntryPoint\",\"urlTemplate\":\"https:\/\/zfl-lernen.de\/?s={search_term_string}\"},\"query-input\":{\"@type\":\"PropertyValueSpecification\",\"valueRequired\":true,\"valueName\":\"search_term_string\"}}],\"inLanguage\":\"en-US\"}]}<\/script>\n<!-- \/ Yoast SEO plugin. -->","yoast_head_json":{"title":"Hinweistexte - ZfL Lernen","robots":{"index":"index","follow":"follow","max-snippet":"max-snippet:-1","max-image-preview":"max-image-preview:large","max-video-preview":"max-video-preview:-1"},"canonical":"https:\/\/zfl-lernen.de\/en\/lernmaterial_erstellen_wordpress\/hinweistexte\/","og_locale":"en_US","og_type":"article","og_title":"Hinweistexte - ZfL Lernen","og_url":"https:\/\/zfl-lernen.de\/en\/lernmaterial_erstellen_wordpress\/hinweistexte\/","og_site_name":"ZfL Lernen","article_publisher":"https:\/\/www.facebook.com\/zflkoeln","article_modified_time":"2025-06-11T08:48:21+00:00","og_image":[{"width":300,"height":161,"url":"https:\/\/zfl-lernen.de\/wp-content\/uploads\/zfl-logo_neu-1.png","type":"image\/png"}],"twitter_card":"summary_large_image","twitter_site":"@Lehrer_innen","twitter_misc":{"Est. reading time":"4 minutes"},"schema":{"@context":"https:\/\/schema.org","@graph":[{"@type":"WebPage","@id":"https:\/\/zfl-lernen.de\/lernmaterial_erstellen_wordpress\/hinweistexte\/","url":"https:\/\/zfl-lernen.de\/lernmaterial_erstellen_wordpress\/hinweistexte\/","name":"Hinweistexte - ZfL Lernen","isPartOf":{"@id":"https:\/\/zfl-lernen.de\/#website"},"datePublished":"2023-12-04T13:39:17+00:00","dateModified":"2025-06-11T08:48:21+00:00","breadcrumb":{"@id":"https:\/\/zfl-lernen.de\/lernmaterial_erstellen_wordpress\/hinweistexte\/#breadcrumb"},"inLanguage":"en-US","potentialAction":[{"@type":"ReadAction","target":["https:\/\/zfl-lernen.de\/lernmaterial_erstellen_wordpress\/hinweistexte\/"]}]},{"@type":"BreadcrumbList","@id":"https:\/\/zfl-lernen.de\/lernmaterial_erstellen_wordpress\/hinweistexte\/#breadcrumb","itemListElement":[{"@type":"ListItem","position":1,"name":"Startseite","item":"https:\/\/zfl-lernen.de\/"},{"@type":"ListItem","position":2,"name":"Lernmaterial erstellen mit WordPress","item":"https:\/\/zfl-lernen.de\/lernmaterial_erstellen_wordpress\/"},{"@type":"ListItem","position":3,"name":"Hinweistexte"}]},{"@type":"WebSite","@id":"https:\/\/zfl-lernen.de\/#website","url":"https:\/\/zfl-lernen.de\/","name":"ZfL Lernen","description":"ZfL Offene Bildungsangebote","potentialAction":[{"@type":"SearchAction","target":{"@type":"EntryPoint","urlTemplate":"https:\/\/zfl-lernen.de\/?s={search_term_string}"},"query-input":{"@type":"PropertyValueSpecification","valueRequired":true,"valueName":"search_term_string"}}],"inLanguage":"en-US"}]}},"_links":{"self":[{"href":"https:\/\/zfl-lernen.de\/en\/wp-json\/wp\/v2\/pages\/73539","targetHints":{"allow":["GET"]}}],"collection":[{"href":"https:\/\/zfl-lernen.de\/en\/wp-json\/wp\/v2\/pages"}],"about":[{"href":"https:\/\/zfl-lernen.de\/en\/wp-json\/wp\/v2\/types\/page"}],"author":[{"embeddable":true,"href":"https:\/\/zfl-lernen.de\/en\/wp-json\/wp\/v2\/users\/4"}],"replies":[{"embeddable":true,"href":"https:\/\/zfl-lernen.de\/en\/wp-json\/wp\/v2\/comments?post=73539"}],"version-history":[{"count":6,"href":"https:\/\/zfl-lernen.de\/en\/wp-json\/wp\/v2\/pages\/73539\/revisions"}],"predecessor-version":[{"id":83872,"href":"https:\/\/zfl-lernen.de\/en\/wp-json\/wp\/v2\/pages\/73539\/revisions\/83872"}],"up":[{"embeddable":true,"href":"https:\/\/zfl-lernen.de\/en\/wp-json\/wp\/v2\/pages\/73536"}],"wp:attachment":[{"href":"https:\/\/zfl-lernen.de\/en\/wp-json\/wp\/v2\/media?parent=73539"}],"wp:term":[{"taxonomy":"category","embeddable":true,"href":"https:\/\/zfl-lernen.de\/en\/wp-json\/wp\/v2\/categories?post=73539"},{"taxonomy":"post_tag","embeddable":true,"href":"https:\/\/zfl-lernen.de\/en\/wp-json\/wp\/v2\/tags?post=73539"},{"taxonomy":"kooperation","embeddable":true,"href":"https:\/\/zfl-lernen.de\/en\/wp-json\/wp\/v2\/kooperation?post=73539"}],"curies":[{"name":"wp","href":"https:\/\/api.w.org\/{rel}","templated":true}]}}