{"id":73541,"date":"2023-12-04T14:42:24","date_gmt":"2023-12-04T13:42:24","guid":{"rendered":"https:\/\/zfl-lernen.de\/?page_id=73541"},"modified":"2024-05-24T19:42:55","modified_gmt":"2024-05-24T17:42:55","slug":"dropdown-bar","status":"publish","type":"page","link":"https:\/\/zfl-lernen.de\/en\/lernmaterial_erstellen_wordpress\/dropdown-bar\/","title":{"rendered":"Dropdown-Bar"},"content":{"rendered":"<div class=\"wpb-content-wrapper\"><div class=\"vc_row wpb_row vc_row-fluid\"><div class=\"wpb_column vc_column_container vc_col-sm-12\"><div class=\"vc_column-inner\"><div class=\"wpb_wrapper\">\n\t<div class=\"wpb_text_column wpb_content_element\" >\n\t\t<div class=\"wpb_wrapper\">\n\t\t\t<h2>Dropdown-Bar<\/h2>\n\n\t\t<\/div>\n\t<\/div>\n<div class=\"vc_empty_space\"   style=\"height: 20px\"><span class=\"vc_empty_space_inner\"><\/span><\/div>\n\t<div class=\"wpb_text_column wpb_content_element\" >\n\t\t<div class=\"wpb_wrapper\">\n\t\t\t<p>Die Dropdown-Bar bietet die M\u00f6glichkeit, interaktive Icons zu erstellen. Diese Icons k\u00f6nnen mit weiteren Informationen, Literatur oder anderen Inhalten gef\u00fcttert werden. Die Inhalte erscheinen nach Klick auf das entsprechende Icon.<\/p>\n\n\t\t<\/div>\n\t<\/div>\n<\/div><\/div><\/div><\/div><div class=\"vc_row wpb_row vc_row-fluid\"><div class=\"wpb_column vc_column_container vc_col-sm-12\"><div class=\"vc_column-inner\"><div class=\"wpb_wrapper\">\n\t<div class=\"wpb_text_column wpb_content_element\" >\n\t\t<div class=\"wpb_wrapper\">\n\t\t\t<details class=\"dropdown-literatur-details\"><!--\n\n\n\n\n\n<summary class=\"dropdown-literatur-summary\"> --><\/p>\n<summary class=\"dropdown-content-div\">\n<div class=\"dropdown-content-div\"><img loading=\"lazy\" decoding=\"async\" class=\"dropdown-content-img-course alignnone\" src=\"https:\/\/zfl-lernen.de\/wp-content\/uploads\/ico_literatur.png\" alt=\"\" width=\"250\" height=\"250\" \/>Literatur<\/div>\n<\/summary>\n<p><span class=\"literatur\">1 Dobusch, L., Heimst\u00e4dt, M., Hill, J. (2015): Open Educational Resources in Deutschland. Entwicklungsstand und Perspektiven. Hrsg. von Technologie Stiftung Berlin. Verf\u00fcgbar unter: https:\/\/www.technologiestiftung-berlin.de\/fileadmin\/daten\/media\/publikationen\/151103_OER_in_Deutschland.pdf. Abgerufen am 15.07.2020.\u00a0<\/span><br \/>\n<span class=\"literatur\">2 Martin, A. (2019): Ein praxisorientierter Vorschlag f\u00fcr einen pragmatischen Umgang mit der Digitalisierung im Fachunterricht. In: Sch\u00f6ning, A. &amp; Kr\u00e4mer, A. (Hrsg): Schulpraktische Studien 4.0. Chancen und Herausforderungen der Digitalisierung bei der Ausgestaltung und der Begleitung von Praxisphasen im Lehramtsstudium. Leipzig: Leipziger Universit\u00e4tsverlag GmbH. S. 29-44.<\/span><br \/>\n<span class=\"literatur\"><br \/>\n<\/span><\/p>\n<\/details>\n\n\t\t<\/div>\n\t<\/div>\n<\/div><\/div><\/div><\/div><div class=\"vc_row wpb_row vc_row-fluid\"><div class=\"wpb_column vc_column_container vc_col-sm-12\"><div class=\"vc_column-inner\"><div class=\"wpb_wrapper\">\n\t<div class=\"wpb_text_column wpb_content_element\" >\n\t\t<div class=\"wpb_wrapper\">\n\t\t\t<p>F\u00fcr Quellenverweise im Text werden Fu\u00dfnotenziffern gesetzt. Im Literaturverzeichnis werden die Fu\u00dfnotenziffern aufgegriffen und die entsprechende Quelle im APA-Stil referenziert.<\/p>\n\n\t\t<\/div>\n\t<\/div>\n<\/div><\/div><\/div><\/div><div class=\"vc_row wpb_row vc_row-fluid\"><div class=\"wpb_column vc_column_container vc_col-sm-12\"><div class=\"vc_column-inner\"><div class=\"wpb_wrapper\">\n\t<div class=\"wpb_text_column wpb_content_element\" >\n\t\t<div class=\"wpb_wrapper\">\n\t\t\t<details class=\"dropdown-content-details\">\n<summary class=\"dropdown-content-div\">\n<div class=\"dropdown-content-div\"><img loading=\"lazy\" decoding=\"async\" class=\"dropdown-content-img-course\" src=\"https:\/\/zfl-lernen.de\/wp-content\/uploads\/ico_nerd.png\" alt=\"\" width=\"250\" height=\"250\" \/>Ihr wollt noch mehr erfahren?<\/div>\n<\/summary>\n<p>Der Online-Kurs <strong><a href=\"https:\/\/ebildungslabor.de\/sub\/offener-kurs\/\" target=\"_blank\" rel=\"noopener noreferrer\">&#8222;Digitalisierung verstehen und gestalten&#8220;<\/a><\/strong>\u00a0von Nele Hirsch im Auftrag des LISUM richtet sich an alle Menschen, die Schulentwicklung zeitgem\u00e4\u00df gestalten wollen \u2014 und dazu einen praxisorientierten Einstieg suchen. In 8 Lerneinheiten werden wichtige Fragestellungen und Themen zum Lehren und Lernen in einer Kultur der Digitalit\u00e4t reflektiert.<\/p>\n<\/details>\n\n\t\t<\/div>\n\t<\/div>\n<\/div><\/div><\/div><\/div><div class=\"vc_row wpb_row vc_row-fluid\"><div class=\"wpb_column vc_column_container vc_col-sm-12\"><div class=\"vc_column-inner\"><div class=\"wpb_wrapper\">\n\t<div class=\"wpb_text_column wpb_content_element\" >\n\t\t<div class=\"wpb_wrapper\">\n\t\t\t<details class=\"dropdown-content-details\">\n<summary class=\"dropdown-content-div\">\n<div class=\"dropdown-content-div\"><img loading=\"lazy\" decoding=\"async\" class=\"dropdown-content-img-course\" src=\"https:\/\/zfl-lernen.de\/wp-content\/uploads\/ico_podcast-interview.png\" alt=\"\" width=\"250\" height=\"250\" \/>Podcasts<\/div>\n<\/summary>\n<p>Hier k\u00f6nnen Audiodateien zur Verf\u00fcgung gestellt werden.<\/p>\n<\/details>\n\n\t\t<\/div>\n\t<\/div>\n<\/div><\/div><\/div><\/div><div class=\"vc_row wpb_row vc_row-fluid\"><div class=\"wpb_column vc_column_container vc_col-sm-12\"><div class=\"vc_column-inner\"><div class=\"wpb_wrapper\">\n\t<div class=\"wpb_text_column wpb_content_element\" >\n\t\t<div class=\"wpb_wrapper\">\n\t\t\t<p>Hier sind weitere Beispiele, wie zus\u00e4tzliche Informationen unter dem Deckmantel des Smiley-Icons aufgerufen werden k\u00f6nnen. Es lassen sich Texte und auch pdfs unterbringen. Die pdfs sind aber in dieser Variante nicht herunterladbar.<\/p>\n\n\t\t<\/div>\n\t<\/div>\n<\/div><\/div><\/div><\/div><div class=\"vc_row wpb_row vc_row-fluid\"><div class=\"wpb_column vc_column_container vc_col-sm-12\"><div class=\"vc_column-inner\"><div class=\"wpb_wrapper\">\n\t<div class=\"wpb_text_column wpb_content_element\" >\n\t\t<div class=\"wpb_wrapper\">\n\t\t\t<details class=\"dropdown-content-details\">\n<summary class=\"dropdown-content-div\">\n<div class=\"dropdown-content-div\"><img loading=\"lazy\" decoding=\"async\" class=\"dropdown-content-img-course\" src=\"https:\/\/zfl-lernen.de\/wp-content\/uploads\/ico_nerd.png\" alt=\"\" width=\"250\" height=\"250\" \/>To call up information on the programme Prezi, click here.<\/div>\n<\/summary>\n<p>Prezi is a free tool for creating interactive presentations. With its wide range of templates, it offers a quick and easy way to create convincing and more memorable presentations. The software was developed on the basis of neuroscientific findings.<\/p>\n<\/details>\n\n\t\t<\/div>\n\t<\/div>\n<\/div><\/div><\/div><\/div><div class=\"vc_row wpb_row vc_row-fluid\"><div class=\"wpb_column vc_column_container vc_col-sm-12\"><div class=\"vc_column-inner\"><div class=\"wpb_wrapper\">\n\t<div class=\"wpb_text_column wpb_content_element\" >\n\t\t<div class=\"wpb_wrapper\">\n\t\t\t<details class=\"dropdown-content-details\">\n<summary class=\"dropdown-content-div\">\n<div class=\"dropdown-content-div\"><img loading=\"lazy\" decoding=\"async\" class=\"dropdown-content-img-course\" src=\"https:\/\/zfl-lernen.de\/wp-content\/uploads\/ico_nerd.png\" alt=\"\" width=\"250\" height=\"250\" \/><br \/>\nUm zus\u00e4tzliche Informationen aufzurufen, klicken oder tippen Sie auf dieses Icon.<\/div>\n<\/summary>\n<p>Hier k\u00f6nnen Sie nun Zusatzinformationen hinterlegen, wie z. B. dieses PDF-Dokument: <a href=\"https:\/\/zfl-lernen.de\/wp-content\/uploads\/2020\/05\/20200504_Projektmanagement_Vergleich.pdf\" class=\"pdfemb-viewer\" style=\"\" data-width=\"max\" data-height=\"max\" data-toolbar=\"bottom\" data-toolbar-fixed=\"off\">20200504_Projektmanagement_Vergleich<\/a><br \/>\n<\/details>\n\n\t\t<\/div>\n\t<\/div>\n<\/div><\/div><\/div><\/div><div class=\"vc_row wpb_row vc_row-fluid\"><div class=\"wpb_column vc_column_container vc_col-sm-12\"><div class=\"vc_column-inner\"><div class=\"wpb_wrapper\">\n\t<div class=\"wpb_text_column wpb_content_element\" >\n\t\t<div class=\"wpb_wrapper\">\n\t\t\t<p>Um die Dropdown-Bar zu verwenden, m\u00fcssen Sie im Editor f\u00fcr den Textbereich in den allgemeinen Einstellungen oben rechts auf den Reiter &#8222;Text&#8220; gehen, den nachfolgend dargestellten HTML-Code kopieren und im Texteditor dort einf\u00fcgen, wo Sie eine Dropdown-Bar hinzuf\u00fcgen m\u00f6chten.<\/p>\n\n\t\t<\/div>\n\t<\/div>\n<\/div><\/div><\/div><\/div><div class=\"vc_row wpb_row vc_row-fluid\"><div class=\"wpb_column vc_column_container vc_col-sm-12\"><div class=\"vc_column-inner\"><div class=\"wpb_wrapper\">\n\t<div class=\"wpb_text_column wpb_content_element\" >\n\t\t<div class=\"wpb_wrapper\">\n\t\t\t<pre>&lt;details class=\"<span style=\"color: #ff6600;\">dropdown<\/span>-content-details\"&gt;&lt;summary class=\"<span style=\"color: #ff6600;\">dropdown<\/span>-content-div\"&gt;\r\n&lt;div class=\"<span style=\"color: #ff6600;\">dropdown<\/span>-content-div\"&gt;&lt;img class=\"<span style=\"color: #ff6600;\">dropdown<\/span>-content-img-course\" \r\nsrc=\"<span style=\"color: #3366ff;\">URL des Icons<\/span>\" alt=\"\" width=\"250\" height=\"250\" \/&gt;<span style=\"color: #3366ff;\">Titel<\/span>&lt;\/div&gt;\r\n&lt;\/summary&gt;\r\n<span style=\"color: #3366ff;\">Inhalt im Drop-Down<\/span>\r\n&lt;\/details&gt;<\/pre>\n\n\t\t<\/div>\n\t<\/div>\n<div class=\"vc_empty_space\"   style=\"height: 20px\"><span class=\"vc_empty_space_inner\"><\/span><\/div><\/div><\/div><\/div><\/div>\n<\/div>"},"excerpt":{"rendered":"Dropdown-Bar Die Dropdown-Bar bietet die M\u00f6glichkeit, interaktive Icons zu erstellen. Diese Icons k\u00f6nnen mit weiteren Informationen, Literatur oder anderen Inhalten gef\u00fcttert werden. Die Inhalte erscheinen nach Klick auf das entsprechende Icon. Literatur 1 Dobusch, L., Heimst\u00e4dt, M., Hill, J. (2015): &hellip;","protected":false},"author":4,"featured_media":0,"parent":73536,"menu_order":0,"comment_status":"closed","ping_status":"closed","template":"","meta":{"_acf_changed":false,"footnotes":""},"categories":[1240],"tags":[],"kooperation":[],"class_list":["post-73541","page","type-page","status-publish","hentry","category-anleitung-zur-erstellung"],"acf":[],"yoast_head":"<!-- This site is optimized with the Yoast SEO plugin v27.1.1 - https:\/\/yoast.com\/product\/yoast-seo-wordpress\/ -->\n<title>Dropdown-Bar - ZfL Lernen<\/title>\n<meta name=\"robots\" content=\"index, follow, max-snippet:-1, max-image-preview:large, max-video-preview:-1\" \/>\n<link rel=\"canonical\" href=\"https:\/\/zfl-lernen.de\/en\/lernmaterial_erstellen_wordpress\/dropdown-bar\/\" \/>\n<meta property=\"og:locale\" content=\"en_US\" \/>\n<meta property=\"og:type\" content=\"article\" \/>\n<meta property=\"og:title\" content=\"Dropdown-Bar - ZfL Lernen\" \/>\n<meta property=\"og:url\" content=\"https:\/\/zfl-lernen.de\/en\/lernmaterial_erstellen_wordpress\/dropdown-bar\/\" \/>\n<meta property=\"og:site_name\" content=\"ZfL Lernen\" \/>\n<meta property=\"article:publisher\" content=\"https:\/\/www.facebook.com\/zflkoeln\" \/>\n<meta property=\"article:modified_time\" content=\"2024-05-24T17:42:55+00:00\" \/>\n<meta property=\"og:image\" content=\"https:\/\/zfl-lernen.de\/wp-content\/uploads\/ico_literatur.png\" \/>\n<meta name=\"twitter:card\" content=\"summary_large_image\" \/>\n<meta name=\"twitter:site\" content=\"@Lehrer_innen\" \/>\n<meta name=\"twitter:label1\" content=\"Est. reading time\" \/>\n\t<meta name=\"twitter:data1\" content=\"3 minutes\" \/>\n<script type=\"application\/ld+json\" class=\"yoast-schema-graph\">{\"@context\":\"https:\/\/schema.org\",\"@graph\":[{\"@type\":\"WebPage\",\"@id\":\"https:\/\/zfl-lernen.de\/lernmaterial_erstellen_wordpress\/dropdown-bar\/\",\"url\":\"https:\/\/zfl-lernen.de\/lernmaterial_erstellen_wordpress\/dropdown-bar\/\",\"name\":\"Dropdown-Bar - ZfL Lernen\",\"isPartOf\":{\"@id\":\"https:\/\/zfl-lernen.de\/#website\"},\"primaryImageOfPage\":{\"@id\":\"https:\/\/zfl-lernen.de\/lernmaterial_erstellen_wordpress\/dropdown-bar\/#primaryimage\"},\"image\":{\"@id\":\"https:\/\/zfl-lernen.de\/lernmaterial_erstellen_wordpress\/dropdown-bar\/#primaryimage\"},\"thumbnailUrl\":\"https:\/\/zfl-lernen.de\/wp-content\/uploads\/ico_literatur.png\",\"datePublished\":\"2023-12-04T13:42:24+00:00\",\"dateModified\":\"2024-05-24T17:42:55+00:00\",\"breadcrumb\":{\"@id\":\"https:\/\/zfl-lernen.de\/lernmaterial_erstellen_wordpress\/dropdown-bar\/#breadcrumb\"},\"inLanguage\":\"en-US\",\"potentialAction\":[{\"@type\":\"ReadAction\",\"target\":[\"https:\/\/zfl-lernen.de\/lernmaterial_erstellen_wordpress\/dropdown-bar\/\"]}]},{\"@type\":\"ImageObject\",\"inLanguage\":\"en-US\",\"@id\":\"https:\/\/zfl-lernen.de\/lernmaterial_erstellen_wordpress\/dropdown-bar\/#primaryimage\",\"url\":\"https:\/\/zfl-lernen.de\/wp-content\/uploads\/ico_literatur.png\",\"contentUrl\":\"https:\/\/zfl-lernen.de\/wp-content\/uploads\/ico_literatur.png\"},{\"@type\":\"BreadcrumbList\",\"@id\":\"https:\/\/zfl-lernen.de\/lernmaterial_erstellen_wordpress\/dropdown-bar\/#breadcrumb\",\"itemListElement\":[{\"@type\":\"ListItem\",\"position\":1,\"name\":\"Startseite\",\"item\":\"https:\/\/zfl-lernen.de\/\"},{\"@type\":\"ListItem\",\"position\":2,\"name\":\"Lernmaterial erstellen mit WordPress\",\"item\":\"https:\/\/zfl-lernen.de\/lernmaterial_erstellen_wordpress\/\"},{\"@type\":\"ListItem\",\"position\":3,\"name\":\"Dropdown-Bar\"}]},{\"@type\":\"WebSite\",\"@id\":\"https:\/\/zfl-lernen.de\/#website\",\"url\":\"https:\/\/zfl-lernen.de\/\",\"name\":\"ZfL Lernen\",\"description\":\"ZfL Offene Bildungsangebote\",\"potentialAction\":[{\"@type\":\"SearchAction\",\"target\":{\"@type\":\"EntryPoint\",\"urlTemplate\":\"https:\/\/zfl-lernen.de\/?s={search_term_string}\"},\"query-input\":{\"@type\":\"PropertyValueSpecification\",\"valueRequired\":true,\"valueName\":\"search_term_string\"}}],\"inLanguage\":\"en-US\"}]}<\/script>\n<!-- \/ Yoast SEO plugin. -->","yoast_head_json":{"title":"Dropdown-Bar - ZfL Lernen","robots":{"index":"index","follow":"follow","max-snippet":"max-snippet:-1","max-image-preview":"max-image-preview:large","max-video-preview":"max-video-preview:-1"},"canonical":"https:\/\/zfl-lernen.de\/en\/lernmaterial_erstellen_wordpress\/dropdown-bar\/","og_locale":"en_US","og_type":"article","og_title":"Dropdown-Bar - ZfL Lernen","og_url":"https:\/\/zfl-lernen.de\/en\/lernmaterial_erstellen_wordpress\/dropdown-bar\/","og_site_name":"ZfL Lernen","article_publisher":"https:\/\/www.facebook.com\/zflkoeln","article_modified_time":"2024-05-24T17:42:55+00:00","og_image":[{"url":"https:\/\/zfl-lernen.de\/wp-content\/uploads\/ico_literatur.png","type":"","width":"","height":""}],"twitter_card":"summary_large_image","twitter_site":"@Lehrer_innen","twitter_misc":{"Est. reading time":"3 minutes"},"schema":{"@context":"https:\/\/schema.org","@graph":[{"@type":"WebPage","@id":"https:\/\/zfl-lernen.de\/lernmaterial_erstellen_wordpress\/dropdown-bar\/","url":"https:\/\/zfl-lernen.de\/lernmaterial_erstellen_wordpress\/dropdown-bar\/","name":"Dropdown-Bar - ZfL Lernen","isPartOf":{"@id":"https:\/\/zfl-lernen.de\/#website"},"primaryImageOfPage":{"@id":"https:\/\/zfl-lernen.de\/lernmaterial_erstellen_wordpress\/dropdown-bar\/#primaryimage"},"image":{"@id":"https:\/\/zfl-lernen.de\/lernmaterial_erstellen_wordpress\/dropdown-bar\/#primaryimage"},"thumbnailUrl":"https:\/\/zfl-lernen.de\/wp-content\/uploads\/ico_literatur.png","datePublished":"2023-12-04T13:42:24+00:00","dateModified":"2024-05-24T17:42:55+00:00","breadcrumb":{"@id":"https:\/\/zfl-lernen.de\/lernmaterial_erstellen_wordpress\/dropdown-bar\/#breadcrumb"},"inLanguage":"en-US","potentialAction":[{"@type":"ReadAction","target":["https:\/\/zfl-lernen.de\/lernmaterial_erstellen_wordpress\/dropdown-bar\/"]}]},{"@type":"ImageObject","inLanguage":"en-US","@id":"https:\/\/zfl-lernen.de\/lernmaterial_erstellen_wordpress\/dropdown-bar\/#primaryimage","url":"https:\/\/zfl-lernen.de\/wp-content\/uploads\/ico_literatur.png","contentUrl":"https:\/\/zfl-lernen.de\/wp-content\/uploads\/ico_literatur.png"},{"@type":"BreadcrumbList","@id":"https:\/\/zfl-lernen.de\/lernmaterial_erstellen_wordpress\/dropdown-bar\/#breadcrumb","itemListElement":[{"@type":"ListItem","position":1,"name":"Startseite","item":"https:\/\/zfl-lernen.de\/"},{"@type":"ListItem","position":2,"name":"Lernmaterial erstellen mit WordPress","item":"https:\/\/zfl-lernen.de\/lernmaterial_erstellen_wordpress\/"},{"@type":"ListItem","position":3,"name":"Dropdown-Bar"}]},{"@type":"WebSite","@id":"https:\/\/zfl-lernen.de\/#website","url":"https:\/\/zfl-lernen.de\/","name":"ZfL Lernen","description":"ZfL Offene Bildungsangebote","potentialAction":[{"@type":"SearchAction","target":{"@type":"EntryPoint","urlTemplate":"https:\/\/zfl-lernen.de\/?s={search_term_string}"},"query-input":{"@type":"PropertyValueSpecification","valueRequired":true,"valueName":"search_term_string"}}],"inLanguage":"en-US"}]}},"_links":{"self":[{"href":"https:\/\/zfl-lernen.de\/en\/wp-json\/wp\/v2\/pages\/73541","targetHints":{"allow":["GET"]}}],"collection":[{"href":"https:\/\/zfl-lernen.de\/en\/wp-json\/wp\/v2\/pages"}],"about":[{"href":"https:\/\/zfl-lernen.de\/en\/wp-json\/wp\/v2\/types\/page"}],"author":[{"embeddable":true,"href":"https:\/\/zfl-lernen.de\/en\/wp-json\/wp\/v2\/users\/4"}],"replies":[{"embeddable":true,"href":"https:\/\/zfl-lernen.de\/en\/wp-json\/wp\/v2\/comments?post=73541"}],"version-history":[{"count":8,"href":"https:\/\/zfl-lernen.de\/en\/wp-json\/wp\/v2\/pages\/73541\/revisions"}],"predecessor-version":[{"id":82774,"href":"https:\/\/zfl-lernen.de\/en\/wp-json\/wp\/v2\/pages\/73541\/revisions\/82774"}],"up":[{"embeddable":true,"href":"https:\/\/zfl-lernen.de\/en\/wp-json\/wp\/v2\/pages\/73536"}],"wp:attachment":[{"href":"https:\/\/zfl-lernen.de\/en\/wp-json\/wp\/v2\/media?parent=73541"}],"wp:term":[{"taxonomy":"category","embeddable":true,"href":"https:\/\/zfl-lernen.de\/en\/wp-json\/wp\/v2\/categories?post=73541"},{"taxonomy":"post_tag","embeddable":true,"href":"https:\/\/zfl-lernen.de\/en\/wp-json\/wp\/v2\/tags?post=73541"},{"taxonomy":"kooperation","embeddable":true,"href":"https:\/\/zfl-lernen.de\/en\/wp-json\/wp\/v2\/kooperation?post=73541"}],"curies":[{"name":"wp","href":"https:\/\/api.w.org\/{rel}","templated":true}]}}