{"id":73543,"date":"2023-12-04T14:43:11","date_gmt":"2023-12-04T13:43:11","guid":{"rendered":"https:\/\/zfl-lernen.de\/?page_id=73543"},"modified":"2024-12-19T10:41:34","modified_gmt":"2024-12-19T09:41:34","slug":"interne-navigation-auf-einer-seite","status":"publish","type":"page","link":"https:\/\/zfl-lernen.de\/en\/lernmaterial_erstellen_wordpress\/interne-navigation-auf-einer-seite\/","title":{"rendered":"Interne Navigation auf einer Seite"},"content":{"rendered":"<div class=\"wpb-content-wrapper\"><div class=\"vc_row wpb_row vc_row-fluid\"><div class=\"wpb_column vc_column_container vc_col-sm-12\"><div class=\"vc_column-inner\"><div class=\"wpb_wrapper\">\n\t<div class=\"wpb_text_column wpb_content_element\" >\n\t\t<div class=\"wpb_wrapper\">\n\t\t\t<h2>Interne Navigation auf einer Seite<\/h2>\n\n\t\t<\/div>\n\t<\/div>\n<\/div><\/div><\/div><\/div><div class=\"vc_row wpb_row vc_row-fluid\"><div class=\"wpb_column vc_column_container vc_col-sm-12\"><div class=\"vc_column-inner\"><div class=\"wpb_wrapper\">\n\t<div class=\"wpb_text_column wpb_content_element\" >\n\t\t<div class=\"wpb_wrapper\">\n\t\t\t<p>Bei einem inhaltlich nicht zu breit gefassten Themenfeld, das aber den Rahmen eines Lernmoduls \u00fcbersteigt, kann eine Seite mit interner Navigation eine L\u00f6sung sein. Das folgende Beispiel zeigt diese. Wie Sie bei der Erstellung vorgehen, sehen Sie unter dem Beispiel.<\/p>\n\n\t\t<\/div>\n\t<\/div>\n<div class=\"vc_empty_space\"   style=\"height: 20px\"><span class=\"vc_empty_space_inner\"><\/span><\/div>\n\t<div  class=\"wpb_single_image wpb_content_element vc_align_left wpb_content_element\">\n\t\t\n\t\t<figure class=\"wpb_wrapper vc_figure\">\n\t\t\t<div class=\"vc_single_image-wrapper   vc_box_border_grey\"><img loading=\"lazy\" decoding=\"async\" width=\"1776\" height=\"850\" src=\"https:\/\/zfl-lernen.de\/wp-content\/uploads\/interne-Navigation.png\" class=\"vc_single_image-img attachment-full\" alt=\"Screenshot einer internen Navigation auf einer Online-Kurs Seite\" title=\"interne Navigation\" srcset=\"https:\/\/zfl-lernen.de\/wp-content\/uploads\/interne-Navigation.png 1776w, https:\/\/zfl-lernen.de\/wp-content\/uploads\/interne-Navigation-300x144.png 300w, https:\/\/zfl-lernen.de\/wp-content\/uploads\/interne-Navigation-1024x490.png 1024w, https:\/\/zfl-lernen.de\/wp-content\/uploads\/interne-Navigation-768x368.png 768w, https:\/\/zfl-lernen.de\/wp-content\/uploads\/interne-Navigation-1536x735.png 1536w, https:\/\/zfl-lernen.de\/wp-content\/uploads\/interne-Navigation-18x9.png 18w\" sizes=\"auto, (max-width: 1776px) 100vw, 1776px\" \/><\/div>\n\t\t<\/figure>\n\t<\/div>\n<\/div><\/div><\/div><\/div><div class=\"vc_row wpb_row vc_row-fluid\"><div class=\"wpb_column vc_column_container vc_col-sm-2\"><div class=\"vc_column-inner\"><div class=\"wpb_wrapper\">\n\t<div  class=\"wpb_single_image wpb_content_element vc_align_left wpb_content_element\">\n\t\t\n\t\t<figure class=\"wpb_wrapper vc_figure\">\n\t\t\t<div class=\"vc_single_image-wrapper   vc_box_border_grey\"><img loading=\"lazy\" decoding=\"async\" width=\"150\" height=\"150\" src=\"https:\/\/zfl-lernen.de\/wp-content\/uploads\/ico_hinweis-150x150.png\" class=\"vc_single_image-img attachment-thumbnail\" alt=\"Icon Hinweis\" title=\"ico_hinweis\" srcset=\"https:\/\/zfl-lernen.de\/wp-content\/uploads\/ico_hinweis-150x150.png 150w, https:\/\/zfl-lernen.de\/wp-content\/uploads\/ico_hinweis-12x12.png 12w, https:\/\/zfl-lernen.de\/wp-content\/uploads\/ico_hinweis.png 200w\" sizes=\"auto, (max-width: 150px) 100vw, 150px\" \/><\/div>\n\t\t<\/figure>\n\t<\/div>\n<\/div><\/div><\/div><div class=\"wpb_column vc_column_container vc_col-sm-10\"><div class=\"vc_column-inner\"><div class=\"wpb_wrapper\">\n\t<div class=\"wpb_text_column wpb_content_element\" >\n\t\t<div class=\"wpb_wrapper\">\n\t\t\t<p>Die folgenden Bilder k\u00f6nnen per Klick vergr\u00f6\u00dfert werden.<\/p>\n\n\t\t<\/div>\n\t<\/div>\n<\/div><\/div><\/div><\/div><div class=\"vc_row wpb_row vc_row-fluid\"><div class=\"wpb_column vc_column_container vc_col-sm-3\"><div class=\"vc_column-inner\"><div class=\"wpb_wrapper\"><div class=\"vc_empty_space\"   style=\"height: 20px\"><span class=\"vc_empty_space_inner\"><\/span><\/div>\n\t<div  class=\"wpb_single_image wpb_content_element vc_align_left wpb_content_element\">\n\t\t\n\t\t<figure class=\"wpb_wrapper vc_figure\">\n\t\t\t<a href=\"https:\/\/zfl-lernen.de\/wp-content\/uploads\/interne_Verlinkung1-1024x205.jpg\" target=\"_blank\" class=\"vc_single_image-wrapper   vc_box_border_grey\"><img loading=\"lazy\" decoding=\"async\" width=\"300\" height=\"60\" src=\"https:\/\/zfl-lernen.de\/wp-content\/uploads\/interne_Verlinkung1-300x60.jpg\" class=\"vc_single_image-img attachment-medium\" alt=\"\" title=\"interne_Verlinkung1\" srcset=\"https:\/\/zfl-lernen.de\/wp-content\/uploads\/interne_Verlinkung1-300x60.jpg 300w, https:\/\/zfl-lernen.de\/wp-content\/uploads\/interne_Verlinkung1-1024x205.jpg 1024w, https:\/\/zfl-lernen.de\/wp-content\/uploads\/interne_Verlinkung1-768x153.jpg 768w, https:\/\/zfl-lernen.de\/wp-content\/uploads\/interne_Verlinkung1-1536x307.jpg 1536w, https:\/\/zfl-lernen.de\/wp-content\/uploads\/interne_Verlinkung1-2048x409.jpg 2048w\" sizes=\"auto, (max-width: 300px) 100vw, 300px\" \/><\/a>\n\t\t<\/figure>\n\t<\/div>\n<\/div><\/div><\/div><div class=\"wpb_column vc_column_container vc_col-sm-9\"><div class=\"vc_column-inner\"><div class=\"wpb_wrapper\"><div class=\"vc_empty_space\"   style=\"height: 20px\"><span class=\"vc_empty_space_inner\"><\/span><\/div>\n\t<div class=\"wpb_text_column wpb_content_element\" >\n\t\t<div class=\"wpb_wrapper\">\n\t\t\t<p>Zun\u00e4chst legt man alle Inhalte inklusive \u00dcberschriften an.<br \/>\nNach diesem Schritt definiert man die \u00dcberschriften als Textmarken. Daf\u00fcr klickt man auf das Bleistift-Icon bei der \u00dcberschrift, die als Textmarke definiert werden soll.<\/p>\n\n\t\t<\/div>\n\t<\/div>\n<\/div><\/div><\/div><\/div><div class=\"vc_row wpb_row vc_row-fluid\"><div class=\"wpb_column vc_column_container vc_col-sm-3\"><div class=\"vc_column-inner\"><div class=\"wpb_wrapper\"><div class=\"vc_empty_space\"   style=\"height: 20px\"><span class=\"vc_empty_space_inner\"><\/span><\/div>\n\t<div  class=\"wpb_single_image wpb_content_element vc_align_left wpb_content_element\">\n\t\t\n\t\t<figure class=\"wpb_wrapper vc_figure\">\n\t\t\t<a href=\"https:\/\/zfl-lernen.de\/wp-content\/uploads\/interne-verlinkung-2-1024x939.jpg\" target=\"_blank\" class=\"vc_single_image-wrapper   vc_box_border_grey\"><img loading=\"lazy\" decoding=\"async\" width=\"300\" height=\"275\" src=\"https:\/\/zfl-lernen.de\/wp-content\/uploads\/interne-verlinkung-2-300x275.jpg\" class=\"vc_single_image-img attachment-medium\" alt=\"Screenshot zur Erstellen einer internen Verlinkung , Angabe der Element-ID\" title=\"interne verlinkung 2\" srcset=\"https:\/\/zfl-lernen.de\/wp-content\/uploads\/interne-verlinkung-2-300x275.jpg 300w, https:\/\/zfl-lernen.de\/wp-content\/uploads\/interne-verlinkung-2-1024x939.jpg 1024w, https:\/\/zfl-lernen.de\/wp-content\/uploads\/interne-verlinkung-2-768x704.jpg 768w, https:\/\/zfl-lernen.de\/wp-content\/uploads\/interne-verlinkung-2.jpg 1302w\" sizes=\"auto, (max-width: 300px) 100vw, 300px\" \/><\/a>\n\t\t<\/figure>\n\t<\/div>\n<\/div><\/div><\/div><div class=\"wpb_column vc_column_container vc_col-sm-9\"><div class=\"vc_column-inner\"><div class=\"wpb_wrapper\"><div class=\"vc_empty_space\"   style=\"height: 20px\"><span class=\"vc_empty_space_inner\"><\/span><\/div>\n\t<div class=\"wpb_text_column wpb_content_element\" >\n\t\t<div class=\"wpb_wrapper\">\n\t\t\t<p>In dem sich \u00f6ffnenden Fenster im Feld &#8222;Element-ID&#8220; kann die Bezeichnung eingetragen werden, z. B. &#8222;1.3 Portfolio-Aufgabe&#8220;.<\/p>\n\n\t\t<\/div>\n\t<\/div>\n<\/div><\/div><\/div><\/div><div class=\"vc_row wpb_row vc_row-fluid\"><div class=\"wpb_column vc_column_container vc_col-sm-3\"><div class=\"vc_column-inner\"><div class=\"wpb_wrapper\"><div class=\"vc_empty_space\"   style=\"height: 20px\"><span class=\"vc_empty_space_inner\"><\/span><\/div>\n\t<div  class=\"wpb_single_image wpb_content_element vc_align_left wpb_content_element\">\n\t\t\n\t\t<figure class=\"wpb_wrapper vc_figure\">\n\t\t\t<a href=\"https:\/\/zfl-lernen.de\/wp-content\/uploads\/interne-verlinkung-3-1024x237.jpg\" target=\"_blank\" class=\"vc_single_image-wrapper   vc_box_border_grey\"><img loading=\"lazy\" decoding=\"async\" width=\"300\" height=\"70\" src=\"https:\/\/zfl-lernen.de\/wp-content\/uploads\/interne-verlinkung-3-300x70.jpg\" class=\"vc_single_image-img attachment-medium\" alt=\"Screenshot zur Erstellen einer internen Verlinkung , Angabe der ID\" title=\"interne verlinkung 3\" srcset=\"https:\/\/zfl-lernen.de\/wp-content\/uploads\/interne-verlinkung-3-300x70.jpg 300w, https:\/\/zfl-lernen.de\/wp-content\/uploads\/interne-verlinkung-3-1024x237.jpg 1024w, https:\/\/zfl-lernen.de\/wp-content\/uploads\/interne-verlinkung-3-768x178.jpg 768w, https:\/\/zfl-lernen.de\/wp-content\/uploads\/interne-verlinkung-3-1536x356.jpg 1536w, https:\/\/zfl-lernen.de\/wp-content\/uploads\/interne-verlinkung-3.jpg 1752w\" sizes=\"auto, (max-width: 300px) 100vw, 300px\" \/><\/a>\n\t\t<\/figure>\n\t<\/div>\n<\/div><\/div><\/div><div class=\"wpb_column vc_column_container vc_col-sm-9\"><div class=\"vc_column-inner\"><div class=\"wpb_wrapper\"><div class=\"vc_empty_space\"   style=\"height: 20px\"><span class=\"vc_empty_space_inner\"><\/span><\/div>\n\t<div class=\"wpb_text_column wpb_content_element\" >\n\t\t<div class=\"wpb_wrapper\">\n\t\t\t<p>Um die Verlinkung zu dieser \u00dcberschrift bei der Vorstellung der Aufgaben in den Phasen vor, w\u00e4hrend und nach dem Praktikum einzubinden, klicken Sie auf das Bleistift-Symbol bei der Aufz\u00e4hlung der Aufgaben, &#8230;<\/p>\n\n\t\t<\/div>\n\t<\/div>\n<\/div><\/div><\/div><\/div><div class=\"vc_row wpb_row vc_row-fluid\"><div class=\"wpb_column vc_column_container vc_col-sm-3\"><div class=\"vc_column-inner\"><div class=\"wpb_wrapper\"><div class=\"vc_empty_space\"   style=\"height: 20px\"><span class=\"vc_empty_space_inner\"><\/span><\/div>\n\t<div  class=\"wpb_single_image wpb_content_element vc_align_left wpb_content_element\">\n\t\t\n\t\t<figure class=\"wpb_wrapper vc_figure\">\n\t\t\t<a href=\"https:\/\/zfl-lernen.de\/wp-content\/uploads\/interne-verlinkung-4.jpg-1024x620.png\" target=\"_blank\" class=\"vc_single_image-wrapper   vc_box_border_grey\"><img loading=\"lazy\" decoding=\"async\" width=\"300\" height=\"182\" src=\"https:\/\/zfl-lernen.de\/wp-content\/uploads\/interne-verlinkung-4.jpg-300x182.png\" class=\"vc_single_image-img attachment-medium\" alt=\"\" title=\"interne verlinkung 4.jpg\" srcset=\"https:\/\/zfl-lernen.de\/wp-content\/uploads\/interne-verlinkung-4.jpg-300x182.png 300w, https:\/\/zfl-lernen.de\/wp-content\/uploads\/interne-verlinkung-4.jpg-1024x620.png 1024w, https:\/\/zfl-lernen.de\/wp-content\/uploads\/interne-verlinkung-4.jpg-768x465.png 768w, https:\/\/zfl-lernen.de\/wp-content\/uploads\/interne-verlinkung-4.jpg-1536x930.png 1536w, https:\/\/zfl-lernen.de\/wp-content\/uploads\/interne-verlinkung-4.jpg.png 1549w\" sizes=\"auto, (max-width: 300px) 100vw, 300px\" \/><\/a>\n\t\t<\/figure>\n\t<\/div>\n<\/div><\/div><\/div><div class=\"wpb_column vc_column_container vc_col-sm-9\"><div class=\"vc_column-inner\"><div class=\"wpb_wrapper\"><div class=\"vc_empty_space\"   style=\"height: 20px\"><span class=\"vc_empty_space_inner\"><\/span><\/div>\n\t<div class=\"wpb_text_column wpb_content_element\" >\n\t\t<div class=\"wpb_wrapper\">\n\t\t\t<p>markieren Sie das zu verlinkende Wort, klicken Sie auf das Icon &#8222;Link einf\u00fcgen\/\u00e4ndern&#8220; und geben Sie in dem sich \u00f6ffnenden Feld die URL als Link an: #1.3 Portfolio-Aufgabe (wichtig ist dabei die identische Rechtschreibung von Element-ID und dem hier angegebenen Link).<\/p>\n\n\t\t<\/div>\n\t<\/div>\n<\/div><\/div><\/div><\/div><div class=\"vc_row wpb_row vc_row-fluid\"><div class=\"wpb_column vc_column_container vc_col-sm-3\"><div class=\"vc_column-inner\"><div class=\"wpb_wrapper\"><div class=\"vc_empty_space\"   style=\"height: 20px\"><span class=\"vc_empty_space_inner\"><\/span><\/div>\n\t<div  class=\"wpb_single_image wpb_content_element vc_align_left wpb_content_element\">\n\t\t\n\t\t<figure class=\"wpb_wrapper vc_figure\">\n\t\t\t<a href=\"https:\/\/zfl-lernen.de\/wp-content\/uploads\/interne-verlinkung-5.jpg\" target=\"_blank\" class=\"vc_single_image-wrapper   vc_box_border_grey\"><img loading=\"lazy\" decoding=\"async\" width=\"640\" height=\"708\" src=\"https:\/\/zfl-lernen.de\/wp-content\/uploads\/interne-verlinkung-5.jpg\" class=\"vc_single_image-img attachment-large\" alt=\"Screenshot zur Erstellen einer internen Verlinkung , Angabe der Element-ID mit # als Hyperlink\" title=\"interne verlinkung 5\" srcset=\"https:\/\/zfl-lernen.de\/wp-content\/uploads\/interne-verlinkung-5.jpg 770w, https:\/\/zfl-lernen.de\/wp-content\/uploads\/interne-verlinkung-5-271x300.jpg 271w, https:\/\/zfl-lernen.de\/wp-content\/uploads\/interne-verlinkung-5-768x850.jpg 768w\" sizes=\"auto, (max-width: 640px) 100vw, 640px\" \/><\/a>\n\t\t<\/figure>\n\t<\/div>\n<\/div><\/div><\/div><div class=\"wpb_column vc_column_container vc_col-sm-9\"><div class=\"vc_column-inner\"><div class=\"wpb_wrapper\"><div class=\"vc_empty_space\"   style=\"height: 20px\"><span class=\"vc_empty_space_inner\"><\/span><\/div>\n\t<div class=\"wpb_text_column wpb_content_element\" >\n\t\t<div class=\"wpb_wrapper\">\n\t\t\t<p>Wichtig ist die Speicherung der Eingaben, damit die Aktualisierung auch \u00fcbernommen wird. Daf\u00fcr auf &#8222;\u00dcbernehmen&#8220; klicken, dann im n\u00e4chsten Fenster auf &#8222;\u00c4nderungen speichern&#8220;.<br \/>\nDie Seite muss dann \u00fcber &#8222;Aktualisieren&#8220; rechts oben im Fenster noch einmal abgespeichert werden.<\/p>\n\n\t\t<\/div>\n\t<\/div>\n<\/div><\/div><\/div><\/div>\n<\/div>"},"excerpt":{"rendered":"Interne Navigation auf einer Seite Bei einem inhaltlich nicht zu breit gefassten Themenfeld, das aber den Rahmen eines Lernmoduls \u00fcbersteigt, kann eine Seite mit interner Navigation eine L\u00f6sung sein. Das folgende Beispiel zeigt diese. Wie Sie bei der Erstellung vorgehen, &hellip;","protected":false},"author":4,"featured_media":0,"parent":73536,"menu_order":0,"comment_status":"closed","ping_status":"closed","template":"","meta":{"_acf_changed":false,"footnotes":""},"categories":[1240],"tags":[],"kooperation":[],"class_list":["post-73543","page","type-page","status-publish","hentry","category-anleitung-zur-erstellung"],"acf":[],"yoast_head":"<!-- This site is optimized with the Yoast SEO plugin v27.1.1 - https:\/\/yoast.com\/product\/yoast-seo-wordpress\/ -->\n<title>Interne Navigation auf einer Seite - ZfL Lernen<\/title>\n<meta name=\"robots\" content=\"index, follow, max-snippet:-1, max-image-preview:large, max-video-preview:-1\" \/>\n<link rel=\"canonical\" href=\"https:\/\/zfl-lernen.de\/en\/lernmaterial_erstellen_wordpress\/interne-navigation-auf-einer-seite\/\" \/>\n<meta property=\"og:locale\" content=\"en_US\" \/>\n<meta property=\"og:type\" content=\"article\" \/>\n<meta property=\"og:title\" content=\"Interne Navigation auf einer Seite - ZfL Lernen\" \/>\n<meta property=\"og:url\" content=\"https:\/\/zfl-lernen.de\/en\/lernmaterial_erstellen_wordpress\/interne-navigation-auf-einer-seite\/\" \/>\n<meta property=\"og:site_name\" content=\"ZfL Lernen\" \/>\n<meta property=\"article:publisher\" content=\"https:\/\/www.facebook.com\/zflkoeln\" \/>\n<meta property=\"article:modified_time\" content=\"2024-12-19T09:41:34+00:00\" \/>\n<meta property=\"og:image\" content=\"https:\/\/zfl-lernen.de\/wp-content\/uploads\/zfl-logo_neu-1.png\" \/>\n\t<meta property=\"og:image:width\" content=\"300\" \/>\n\t<meta property=\"og:image:height\" content=\"161\" \/>\n\t<meta property=\"og:image:type\" content=\"image\/png\" \/>\n<meta name=\"twitter:card\" content=\"summary_large_image\" \/>\n<meta name=\"twitter:site\" content=\"@Lehrer_innen\" \/>\n<meta name=\"twitter:label1\" content=\"Est. reading time\" \/>\n\t<meta name=\"twitter:data1\" content=\"2 minutes\" \/>\n<script type=\"application\/ld+json\" class=\"yoast-schema-graph\">{\"@context\":\"https:\/\/schema.org\",\"@graph\":[{\"@type\":\"WebPage\",\"@id\":\"https:\/\/zfl-lernen.de\/lernmaterial_erstellen_wordpress\/interne-navigation-auf-einer-seite\/\",\"url\":\"https:\/\/zfl-lernen.de\/lernmaterial_erstellen_wordpress\/interne-navigation-auf-einer-seite\/\",\"name\":\"Interne Navigation auf einer Seite - ZfL Lernen\",\"isPartOf\":{\"@id\":\"https:\/\/zfl-lernen.de\/#website\"},\"datePublished\":\"2023-12-04T13:43:11+00:00\",\"dateModified\":\"2024-12-19T09:41:34+00:00\",\"breadcrumb\":{\"@id\":\"https:\/\/zfl-lernen.de\/lernmaterial_erstellen_wordpress\/interne-navigation-auf-einer-seite\/#breadcrumb\"},\"inLanguage\":\"en-US\",\"potentialAction\":[{\"@type\":\"ReadAction\",\"target\":[\"https:\/\/zfl-lernen.de\/lernmaterial_erstellen_wordpress\/interne-navigation-auf-einer-seite\/\"]}]},{\"@type\":\"BreadcrumbList\",\"@id\":\"https:\/\/zfl-lernen.de\/lernmaterial_erstellen_wordpress\/interne-navigation-auf-einer-seite\/#breadcrumb\",\"itemListElement\":[{\"@type\":\"ListItem\",\"position\":1,\"name\":\"Startseite\",\"item\":\"https:\/\/zfl-lernen.de\/\"},{\"@type\":\"ListItem\",\"position\":2,\"name\":\"Lernmaterial erstellen mit WordPress\",\"item\":\"https:\/\/zfl-lernen.de\/lernmaterial_erstellen_wordpress\/\"},{\"@type\":\"ListItem\",\"position\":3,\"name\":\"Interne Navigation auf einer Seite\"}]},{\"@type\":\"WebSite\",\"@id\":\"https:\/\/zfl-lernen.de\/#website\",\"url\":\"https:\/\/zfl-lernen.de\/\",\"name\":\"ZfL Lernen\",\"description\":\"ZfL Offene Bildungsangebote\",\"potentialAction\":[{\"@type\":\"SearchAction\",\"target\":{\"@type\":\"EntryPoint\",\"urlTemplate\":\"https:\/\/zfl-lernen.de\/?s={search_term_string}\"},\"query-input\":{\"@type\":\"PropertyValueSpecification\",\"valueRequired\":true,\"valueName\":\"search_term_string\"}}],\"inLanguage\":\"en-US\"}]}<\/script>\n<!-- \/ Yoast SEO plugin. -->","yoast_head_json":{"title":"Interne Navigation auf einer Seite - ZfL Lernen","robots":{"index":"index","follow":"follow","max-snippet":"max-snippet:-1","max-image-preview":"max-image-preview:large","max-video-preview":"max-video-preview:-1"},"canonical":"https:\/\/zfl-lernen.de\/en\/lernmaterial_erstellen_wordpress\/interne-navigation-auf-einer-seite\/","og_locale":"en_US","og_type":"article","og_title":"Interne Navigation auf einer Seite - ZfL Lernen","og_url":"https:\/\/zfl-lernen.de\/en\/lernmaterial_erstellen_wordpress\/interne-navigation-auf-einer-seite\/","og_site_name":"ZfL Lernen","article_publisher":"https:\/\/www.facebook.com\/zflkoeln","article_modified_time":"2024-12-19T09:41:34+00:00","og_image":[{"width":300,"height":161,"url":"https:\/\/zfl-lernen.de\/wp-content\/uploads\/zfl-logo_neu-1.png","type":"image\/png"}],"twitter_card":"summary_large_image","twitter_site":"@Lehrer_innen","twitter_misc":{"Est. reading time":"2 minutes"},"schema":{"@context":"https:\/\/schema.org","@graph":[{"@type":"WebPage","@id":"https:\/\/zfl-lernen.de\/lernmaterial_erstellen_wordpress\/interne-navigation-auf-einer-seite\/","url":"https:\/\/zfl-lernen.de\/lernmaterial_erstellen_wordpress\/interne-navigation-auf-einer-seite\/","name":"Interne Navigation auf einer Seite - ZfL Lernen","isPartOf":{"@id":"https:\/\/zfl-lernen.de\/#website"},"datePublished":"2023-12-04T13:43:11+00:00","dateModified":"2024-12-19T09:41:34+00:00","breadcrumb":{"@id":"https:\/\/zfl-lernen.de\/lernmaterial_erstellen_wordpress\/interne-navigation-auf-einer-seite\/#breadcrumb"},"inLanguage":"en-US","potentialAction":[{"@type":"ReadAction","target":["https:\/\/zfl-lernen.de\/lernmaterial_erstellen_wordpress\/interne-navigation-auf-einer-seite\/"]}]},{"@type":"BreadcrumbList","@id":"https:\/\/zfl-lernen.de\/lernmaterial_erstellen_wordpress\/interne-navigation-auf-einer-seite\/#breadcrumb","itemListElement":[{"@type":"ListItem","position":1,"name":"Startseite","item":"https:\/\/zfl-lernen.de\/"},{"@type":"ListItem","position":2,"name":"Lernmaterial erstellen mit WordPress","item":"https:\/\/zfl-lernen.de\/lernmaterial_erstellen_wordpress\/"},{"@type":"ListItem","position":3,"name":"Interne Navigation auf einer Seite"}]},{"@type":"WebSite","@id":"https:\/\/zfl-lernen.de\/#website","url":"https:\/\/zfl-lernen.de\/","name":"ZfL Lernen","description":"ZfL Offene Bildungsangebote","potentialAction":[{"@type":"SearchAction","target":{"@type":"EntryPoint","urlTemplate":"https:\/\/zfl-lernen.de\/?s={search_term_string}"},"query-input":{"@type":"PropertyValueSpecification","valueRequired":true,"valueName":"search_term_string"}}],"inLanguage":"en-US"}]}},"_links":{"self":[{"href":"https:\/\/zfl-lernen.de\/en\/wp-json\/wp\/v2\/pages\/73543","targetHints":{"allow":["GET"]}}],"collection":[{"href":"https:\/\/zfl-lernen.de\/en\/wp-json\/wp\/v2\/pages"}],"about":[{"href":"https:\/\/zfl-lernen.de\/en\/wp-json\/wp\/v2\/types\/page"}],"author":[{"embeddable":true,"href":"https:\/\/zfl-lernen.de\/en\/wp-json\/wp\/v2\/users\/4"}],"replies":[{"embeddable":true,"href":"https:\/\/zfl-lernen.de\/en\/wp-json\/wp\/v2\/comments?post=73543"}],"version-history":[{"count":7,"href":"https:\/\/zfl-lernen.de\/en\/wp-json\/wp\/v2\/pages\/73543\/revisions"}],"predecessor-version":[{"id":81703,"href":"https:\/\/zfl-lernen.de\/en\/wp-json\/wp\/v2\/pages\/73543\/revisions\/81703"}],"up":[{"embeddable":true,"href":"https:\/\/zfl-lernen.de\/en\/wp-json\/wp\/v2\/pages\/73536"}],"wp:attachment":[{"href":"https:\/\/zfl-lernen.de\/en\/wp-json\/wp\/v2\/media?parent=73543"}],"wp:term":[{"taxonomy":"category","embeddable":true,"href":"https:\/\/zfl-lernen.de\/en\/wp-json\/wp\/v2\/categories?post=73543"},{"taxonomy":"post_tag","embeddable":true,"href":"https:\/\/zfl-lernen.de\/en\/wp-json\/wp\/v2\/tags?post=73543"},{"taxonomy":"kooperation","embeddable":true,"href":"https:\/\/zfl-lernen.de\/en\/wp-json\/wp\/v2\/kooperation?post=73543"}],"curies":[{"name":"wp","href":"https:\/\/api.w.org\/{rel}","templated":true}]}}