{"id":73551,"date":"2023-12-04T14:45:58","date_gmt":"2023-12-04T13:45:58","guid":{"rendered":"https:\/\/zfl-lernen.de\/?page_id=73551"},"modified":"2024-04-17T12:08:32","modified_gmt":"2024-04-17T10:08:32","slug":"grafischer-ueberblick-ueber-die-inhalte","status":"publish","type":"page","link":"https:\/\/zfl-lernen.de\/en\/lernmaterial_erstellen_wordpress\/grafischer-ueberblick-ueber-die-inhalte\/","title":{"rendered":"Grafischer \u00dcberblick \u00fcber die Inhalte"},"content":{"rendered":"<div class=\"wpb-content-wrapper\"><div class=\"vc_row wpb_row vc_row-fluid\"><div class=\"wpb_column vc_column_container vc_col-sm-12\"><div class=\"vc_column-inner\"><div class=\"wpb_wrapper\">\n\t<div class=\"wpb_text_column wpb_content_element\" >\n\t\t<div class=\"wpb_wrapper\">\n\t\t\t<h2>Grafischer \u00dcberblick \u00fcber die Inhalte<\/h2>\n\n\t\t<\/div>\n\t<\/div>\n<\/div><\/div><\/div><\/div><div class=\"vc_row wpb_row vc_row-fluid\"><div class=\"wpb_column vc_column_container vc_col-sm-12\"><div class=\"vc_column-inner\"><div class=\"wpb_wrapper\">\n\t<div class=\"wpb_text_column wpb_content_element\" >\n\t\t<div class=\"wpb_wrapper\">\n\t\t\t<p>F\u00fcr mehr \u00dcbersichtlichkeit und zur Unterst\u00fctzung der Lernenden bei der selbstst\u00e4ndigen Erarbeitung der Inhalte des Online-Kurses eignet sich eine grafische Lernlandkarte. Die Kapitel des Online-Kurses werden in dieser Kurs\u00fcbersichtsgrafik in der empfohlenen Bearbeitungsreihenfolge und unterst\u00fctzt durch ein Symbol in farblichen Bl\u00f6cken dargestellt.<\/p>\n\n\t\t<\/div>\n\t<\/div>\n<\/div><\/div><\/div><\/div><div class=\"vc_row wpb_row vc_row-fluid\"><div class=\"wpb_column vc_column_container vc_col-sm-6\"><div class=\"vc_column-inner\"><div class=\"wpb_wrapper\">\n\t<div class=\"wpb_text_column wpb_content_element\" >\n\t\t<div class=\"wpb_wrapper\">\n\t\t\t<p>Mit solch einer Grafik k\u00f6nnen der Umfang und die Bearbeitungsreihenfolge der Unterthemen dargestellt werden, gleichzeitig ist sie aber auch ein Navigationselement, da sie interaktiv gestaltet werden kann. Interaktiv bedeutet, dass bei Mouseover ein Fenster mit Hinweisen zu den darunter versteckten Inhalten erscheint und per Mausklick direkt in das Kapitel navigiert werden kann.<\/p>\n\n\t\t<\/div>\n\t<\/div>\n<\/div><\/div><\/div><div class=\"wpb_column vc_column_container vc_col-sm-6\"><div class=\"vc_column-inner\"><div class=\"wpb_wrapper\">\n\t<div  class=\"wpb_single_image wpb_content_element vc_align_right wpb_content_element\">\n\t\t\n\t\t<figure class=\"wpb_wrapper vc_figure\">\n\t\t\t<div class=\"vc_single_image-wrapper   vc_box_border_grey\"><img loading=\"lazy\" decoding=\"async\" width=\"640\" height=\"403\" src=\"https:\/\/zfl-lernen.de\/wp-content\/uploads\/2020\/08\/zfl_kurs_Veraenderung-in-Schule-bewirken-1024x645.png\" class=\"vc_single_image-img attachment-large\" alt=\"Beispiel f\u00fcr eine Kursgrafik\" title=\"zfl_kurs_Veraenderung-in-Schule-bewirken\" srcset=\"https:\/\/zfl-lernen.de\/wp-content\/uploads\/2020\/08\/zfl_kurs_Veraenderung-in-Schule-bewirken-1024x645.png 1024w, https:\/\/zfl-lernen.de\/wp-content\/uploads\/2020\/08\/zfl_kurs_Veraenderung-in-Schule-bewirken-300x189.png 300w, https:\/\/zfl-lernen.de\/wp-content\/uploads\/2020\/08\/zfl_kurs_Veraenderung-in-Schule-bewirken-768x483.png 768w, https:\/\/zfl-lernen.de\/wp-content\/uploads\/2020\/08\/zfl_kurs_Veraenderung-in-Schule-bewirken-18x12.png 18w, https:\/\/zfl-lernen.de\/wp-content\/uploads\/2020\/08\/zfl_kurs_Veraenderung-in-Schule-bewirken.png 1449w\" sizes=\"auto, (max-width: 640px) 100vw, 640px\" \/><\/div>\n\t\t<\/figure>\n\t<\/div>\n\n\t<div class=\"wpb_text_column wpb_content_element\" >\n\t\t<div class=\"wpb_wrapper\">\n\t\t\t<p style=\"text-align: center;\"><span class=\"literatur\"><br \/>Beispiel f\u00fcr eine Kursgrafik<\/span><\/p>\n\n\t\t<\/div>\n\t<\/div>\n<\/div><\/div><\/div><\/div><div class=\"vc_row wpb_row vc_row-fluid\"><div class=\"wpb_column vc_column_container vc_col-sm-12\"><div class=\"vc_column-inner\"><div class=\"wpb_wrapper\">\n\t<div class=\"wpb_text_column wpb_content_element\" >\n\t\t<div class=\"wpb_wrapper\">\n\t\t\t<p>Machen Sie sich zun\u00e4chst eine Skizze der grafischen Lernlandkarte. Fahren Sie dann mit dem Anlegen der Ober- und Unterseiten fort, bevor Sie sich detailliert mit der grafischen Navigation auseinandersetzen. Oft zeigt sich beim Anlegen der Seiten, dass noch Anpassungen in der Grafik notwendig sind.<\/p>\n\n\t\t<\/div>\n\t<\/div>\n<div class=\"vc_empty_space\"   style=\"height: 40px\"><span class=\"vc_empty_space_inner\"><\/span><\/div><\/div><\/div><\/div><\/div><div class=\"vc_row wpb_row vc_row-fluid\"><div class=\"wpb_column vc_column_container vc_col-sm-12\"><div class=\"vc_column-inner\"><div class=\"wpb_wrapper\">\n\t<div class=\"wpb_text_column wpb_content_element\" >\n\t\t<div class=\"wpb_wrapper\">\n\t\t\t<h3><strong>Erstellung der Kursgrafik<\/strong><\/h3>\n\n\t\t<\/div>\n\t<\/div>\n<\/div><\/div><\/div><\/div><div class=\"vc_row wpb_row vc_row-fluid\"><div class=\"wpb_column vc_column_container vc_col-sm-12\"><div class=\"vc_column-inner\"><div class=\"wpb_wrapper\">\n\t<div class=\"wpb_text_column wpb_content_element\" >\n\t\t<div class=\"wpb_wrapper\">\n\t\t\t<p>Die Kursgrafik kann in Canva erstellt und dann in Draw Attention interaktiv gestaltet werden. Zu beiden Tools finden Sie in den Artikeln <a href=\"https:\/\/zfl-lernen.de\/en\/anleitung-zur-erstellung\/bilder-erstellen-canva\/\" target=\"_blank\" rel=\"noopener\"><strong>&#8222;Bilder und Grafiken erstellen mit Canva&#8220;<\/strong><\/a> und <a href=\"https:\/\/zfl-lernen.de\/en\/anleitung-zur-erstellung\/inhalte\/interaktive-grafische-uebersicht-drawattention\/\" target=\"_blank\" rel=\"noopener\"><strong>&#8222;Interaktive grafische \u00dcbersicht &#8211;\u00a0 Draw Attention&#8220;<\/strong><\/a>\u00a0Hilfestellung.<\/p>\n\n\t\t<\/div>\n\t<\/div>\n<div class=\"vc_empty_space\"   style=\"height: 20px\"><span class=\"vc_empty_space_inner\"><\/span><\/div><\/div><\/div><\/div><\/div><div class=\"vc_row wpb_row vc_row-fluid\"><div class=\"wpb_column vc_column_container vc_col-sm-2\"><div class=\"vc_column-inner\"><div class=\"wpb_wrapper\">\n\t<div  class=\"wpb_single_image wpb_content_element vc_align_left wpb_content_element\">\n\t\t\n\t\t<figure class=\"wpb_wrapper vc_figure\">\n\t\t\t<div class=\"vc_single_image-wrapper   vc_box_border_grey\"><img loading=\"lazy\" decoding=\"async\" width=\"150\" height=\"150\" src=\"https:\/\/zfl-lernen.de\/wp-content\/uploads\/ico_hinweis-150x150.png\" class=\"vc_single_image-img attachment-thumbnail\" alt=\"Icon Hinweis\" title=\"ico_hinweis\" srcset=\"https:\/\/zfl-lernen.de\/wp-content\/uploads\/ico_hinweis-150x150.png 150w, https:\/\/zfl-lernen.de\/wp-content\/uploads\/ico_hinweis-12x12.png 12w, https:\/\/zfl-lernen.de\/wp-content\/uploads\/ico_hinweis.png 200w\" sizes=\"auto, (max-width: 150px) 100vw, 150px\" \/><\/div>\n\t\t<\/figure>\n\t<\/div>\n<\/div><\/div><\/div><div class=\"wpb_column vc_column_container vc_col-sm-10\"><div class=\"vc_column-inner\"><div class=\"wpb_wrapper\">\n\t<div class=\"wpb_text_column wpb_content_element\" >\n\t\t<div class=\"wpb_wrapper\">\n\t\t\t<p>Bei der Erstellung der Kursgrafik hilft Ihnen das Team Digitale Lehre. Sollten Sie die Kurskonzeption beendet haben und die Aufteilung der Oberkapitel des Kurses klar sein, wenden Sie sich mit diesen Informationen an uns. Bitte reichen Sie auch Ideen und Vorschl\u00e4ge f\u00fcr passende Icons mit ein. Die Kursgrafik wird nach der Erstellung unserer Mediengestalter*innen von uns in die Mediathek in den Ordner des entsprechenden Online-Kurses hochgeladen und kann dann von Ihnen, als Kurs-Ersteller*in, zu einer interaktiven Grafik weiter verarbeitet und verlinkt werden.<\/p>\n<p><!-- \/wp:post-content --><\/p>\n<p><!-- wp:paragraph -->Schreiben Sie uns eine E-Mail mit der Bitte zur Erstellung einer Kursgrafik an <a href=\"mailto:zfl-digitalelehre@uni-koeln.de\"><strong>zfl-digitalelehre@uni-koeln.de<\/strong><\/a>.<\/p>\n\n\t\t<\/div>\n\t<\/div>\n<\/div><\/div><\/div><\/div><div class=\"wpb_column vc_column_container vc_col-sm-12\"><div class=\"vc_column-inner\"><div class=\"wpb_wrapper\"><\/div><\/div><\/div><\/div>"},"excerpt":{"rendered":"Grafischer \u00dcberblick \u00fcber die Inhalte F\u00fcr mehr \u00dcbersichtlichkeit und zur Unterst\u00fctzung der Lernenden bei der selbstst\u00e4ndigen Erarbeitung der Inhalte des Online-Kurses eignet sich eine grafische Lernlandkarte. Die Kapitel des Online-Kurses werden in dieser Kurs\u00fcbersichtsgrafik in der empfohlenen Bearbeitungsreihenfolge und unterst\u00fctzt &hellip;","protected":false},"author":4,"featured_media":0,"parent":73536,"menu_order":0,"comment_status":"closed","ping_status":"closed","template":"","meta":{"_acf_changed":false,"footnotes":""},"categories":[1240],"tags":[],"kooperation":[],"class_list":["post-73551","page","type-page","status-publish","hentry","category-anleitung-zur-erstellung"],"acf":[],"yoast_head":"<!-- This site is optimized with the Yoast SEO plugin v27.1.1 - https:\/\/yoast.com\/product\/yoast-seo-wordpress\/ -->\n<title>Grafischer \u00dcberblick \u00fcber die Inhalte - ZfL Lernen<\/title>\n<meta name=\"robots\" content=\"index, follow, max-snippet:-1, max-image-preview:large, max-video-preview:-1\" \/>\n<link rel=\"canonical\" href=\"https:\/\/zfl-lernen.de\/en\/lernmaterial_erstellen_wordpress\/grafischer-ueberblick-ueber-die-inhalte\/\" \/>\n<meta property=\"og:locale\" content=\"en_US\" \/>\n<meta property=\"og:type\" content=\"article\" \/>\n<meta property=\"og:title\" content=\"Grafischer \u00dcberblick \u00fcber die Inhalte - ZfL Lernen\" \/>\n<meta property=\"og:url\" content=\"https:\/\/zfl-lernen.de\/en\/lernmaterial_erstellen_wordpress\/grafischer-ueberblick-ueber-die-inhalte\/\" \/>\n<meta property=\"og:site_name\" content=\"ZfL Lernen\" \/>\n<meta property=\"article:publisher\" content=\"https:\/\/www.facebook.com\/zflkoeln\" \/>\n<meta property=\"article:modified_time\" content=\"2024-04-17T10:08:32+00:00\" \/>\n<meta property=\"og:image\" content=\"https:\/\/zfl-lernen.de\/wp-content\/uploads\/zfl-logo_neu-1.png\" \/>\n\t<meta property=\"og:image:width\" content=\"300\" \/>\n\t<meta property=\"og:image:height\" content=\"161\" \/>\n\t<meta property=\"og:image:type\" content=\"image\/png\" \/>\n<meta name=\"twitter:card\" content=\"summary_large_image\" \/>\n<meta name=\"twitter:site\" content=\"@Lehrer_innen\" \/>\n<meta name=\"twitter:label1\" content=\"Est. reading time\" \/>\n\t<meta name=\"twitter:data1\" content=\"3 minutes\" \/>\n<script type=\"application\/ld+json\" class=\"yoast-schema-graph\">{\"@context\":\"https:\/\/schema.org\",\"@graph\":[{\"@type\":\"WebPage\",\"@id\":\"https:\/\/zfl-lernen.de\/lernmaterial_erstellen_wordpress\/grafischer-ueberblick-ueber-die-inhalte\/\",\"url\":\"https:\/\/zfl-lernen.de\/lernmaterial_erstellen_wordpress\/grafischer-ueberblick-ueber-die-inhalte\/\",\"name\":\"Grafischer \u00dcberblick \u00fcber die Inhalte - ZfL Lernen\",\"isPartOf\":{\"@id\":\"https:\/\/zfl-lernen.de\/#website\"},\"datePublished\":\"2023-12-04T13:45:58+00:00\",\"dateModified\":\"2024-04-17T10:08:32+00:00\",\"breadcrumb\":{\"@id\":\"https:\/\/zfl-lernen.de\/lernmaterial_erstellen_wordpress\/grafischer-ueberblick-ueber-die-inhalte\/#breadcrumb\"},\"inLanguage\":\"en-US\",\"potentialAction\":[{\"@type\":\"ReadAction\",\"target\":[\"https:\/\/zfl-lernen.de\/lernmaterial_erstellen_wordpress\/grafischer-ueberblick-ueber-die-inhalte\/\"]}]},{\"@type\":\"BreadcrumbList\",\"@id\":\"https:\/\/zfl-lernen.de\/lernmaterial_erstellen_wordpress\/grafischer-ueberblick-ueber-die-inhalte\/#breadcrumb\",\"itemListElement\":[{\"@type\":\"ListItem\",\"position\":1,\"name\":\"Startseite\",\"item\":\"https:\/\/zfl-lernen.de\/\"},{\"@type\":\"ListItem\",\"position\":2,\"name\":\"Lernmaterial erstellen mit WordPress\",\"item\":\"https:\/\/zfl-lernen.de\/lernmaterial_erstellen_wordpress\/\"},{\"@type\":\"ListItem\",\"position\":3,\"name\":\"Grafischer \u00dcberblick \u00fcber die Inhalte\"}]},{\"@type\":\"WebSite\",\"@id\":\"https:\/\/zfl-lernen.de\/#website\",\"url\":\"https:\/\/zfl-lernen.de\/\",\"name\":\"ZfL Lernen\",\"description\":\"ZfL Offene Bildungsangebote\",\"potentialAction\":[{\"@type\":\"SearchAction\",\"target\":{\"@type\":\"EntryPoint\",\"urlTemplate\":\"https:\/\/zfl-lernen.de\/?s={search_term_string}\"},\"query-input\":{\"@type\":\"PropertyValueSpecification\",\"valueRequired\":true,\"valueName\":\"search_term_string\"}}],\"inLanguage\":\"en-US\"}]}<\/script>\n<!-- \/ Yoast SEO plugin. -->","yoast_head_json":{"title":"Grafischer \u00dcberblick \u00fcber die Inhalte - ZfL Lernen","robots":{"index":"index","follow":"follow","max-snippet":"max-snippet:-1","max-image-preview":"max-image-preview:large","max-video-preview":"max-video-preview:-1"},"canonical":"https:\/\/zfl-lernen.de\/en\/lernmaterial_erstellen_wordpress\/grafischer-ueberblick-ueber-die-inhalte\/","og_locale":"en_US","og_type":"article","og_title":"Grafischer \u00dcberblick \u00fcber die Inhalte - ZfL Lernen","og_url":"https:\/\/zfl-lernen.de\/en\/lernmaterial_erstellen_wordpress\/grafischer-ueberblick-ueber-die-inhalte\/","og_site_name":"ZfL Lernen","article_publisher":"https:\/\/www.facebook.com\/zflkoeln","article_modified_time":"2024-04-17T10:08:32+00:00","og_image":[{"width":300,"height":161,"url":"https:\/\/zfl-lernen.de\/wp-content\/uploads\/zfl-logo_neu-1.png","type":"image\/png"}],"twitter_card":"summary_large_image","twitter_site":"@Lehrer_innen","twitter_misc":{"Est. reading time":"3 minutes"},"schema":{"@context":"https:\/\/schema.org","@graph":[{"@type":"WebPage","@id":"https:\/\/zfl-lernen.de\/lernmaterial_erstellen_wordpress\/grafischer-ueberblick-ueber-die-inhalte\/","url":"https:\/\/zfl-lernen.de\/lernmaterial_erstellen_wordpress\/grafischer-ueberblick-ueber-die-inhalte\/","name":"Grafischer \u00dcberblick \u00fcber die Inhalte - ZfL Lernen","isPartOf":{"@id":"https:\/\/zfl-lernen.de\/#website"},"datePublished":"2023-12-04T13:45:58+00:00","dateModified":"2024-04-17T10:08:32+00:00","breadcrumb":{"@id":"https:\/\/zfl-lernen.de\/lernmaterial_erstellen_wordpress\/grafischer-ueberblick-ueber-die-inhalte\/#breadcrumb"},"inLanguage":"en-US","potentialAction":[{"@type":"ReadAction","target":["https:\/\/zfl-lernen.de\/lernmaterial_erstellen_wordpress\/grafischer-ueberblick-ueber-die-inhalte\/"]}]},{"@type":"BreadcrumbList","@id":"https:\/\/zfl-lernen.de\/lernmaterial_erstellen_wordpress\/grafischer-ueberblick-ueber-die-inhalte\/#breadcrumb","itemListElement":[{"@type":"ListItem","position":1,"name":"Startseite","item":"https:\/\/zfl-lernen.de\/"},{"@type":"ListItem","position":2,"name":"Lernmaterial erstellen mit WordPress","item":"https:\/\/zfl-lernen.de\/lernmaterial_erstellen_wordpress\/"},{"@type":"ListItem","position":3,"name":"Grafischer \u00dcberblick \u00fcber die Inhalte"}]},{"@type":"WebSite","@id":"https:\/\/zfl-lernen.de\/#website","url":"https:\/\/zfl-lernen.de\/","name":"ZfL Lernen","description":"ZfL Offene Bildungsangebote","potentialAction":[{"@type":"SearchAction","target":{"@type":"EntryPoint","urlTemplate":"https:\/\/zfl-lernen.de\/?s={search_term_string}"},"query-input":{"@type":"PropertyValueSpecification","valueRequired":true,"valueName":"search_term_string"}}],"inLanguage":"en-US"}]}},"_links":{"self":[{"href":"https:\/\/zfl-lernen.de\/en\/wp-json\/wp\/v2\/pages\/73551","targetHints":{"allow":["GET"]}}],"collection":[{"href":"https:\/\/zfl-lernen.de\/en\/wp-json\/wp\/v2\/pages"}],"about":[{"href":"https:\/\/zfl-lernen.de\/en\/wp-json\/wp\/v2\/types\/page"}],"author":[{"embeddable":true,"href":"https:\/\/zfl-lernen.de\/en\/wp-json\/wp\/v2\/users\/4"}],"replies":[{"embeddable":true,"href":"https:\/\/zfl-lernen.de\/en\/wp-json\/wp\/v2\/comments?post=73551"}],"version-history":[{"count":6,"href":"https:\/\/zfl-lernen.de\/en\/wp-json\/wp\/v2\/pages\/73551\/revisions"}],"predecessor-version":[{"id":77540,"href":"https:\/\/zfl-lernen.de\/en\/wp-json\/wp\/v2\/pages\/73551\/revisions\/77540"}],"up":[{"embeddable":true,"href":"https:\/\/zfl-lernen.de\/en\/wp-json\/wp\/v2\/pages\/73536"}],"wp:attachment":[{"href":"https:\/\/zfl-lernen.de\/en\/wp-json\/wp\/v2\/media?parent=73551"}],"wp:term":[{"taxonomy":"category","embeddable":true,"href":"https:\/\/zfl-lernen.de\/en\/wp-json\/wp\/v2\/categories?post=73551"},{"taxonomy":"post_tag","embeddable":true,"href":"https:\/\/zfl-lernen.de\/en\/wp-json\/wp\/v2\/tags?post=73551"},{"taxonomy":"kooperation","embeddable":true,"href":"https:\/\/zfl-lernen.de\/en\/wp-json\/wp\/v2\/kooperation?post=73551"}],"curies":[{"name":"wp","href":"https:\/\/api.w.org\/{rel}","templated":true}]}}