{"id":73554,"date":"2023-12-04T14:46:43","date_gmt":"2023-12-04T13:46:43","guid":{"rendered":"https:\/\/zfl-lernen.de\/?page_id=73554"},"modified":"2025-06-05T14:05:08","modified_gmt":"2025-06-05T12:05:08","slug":"uebersichtliche-darstellung-von-inhalte","status":"publish","type":"page","link":"https:\/\/zfl-lernen.de\/en\/lernmaterial_erstellen_wordpress\/uebersichtliche-darstellung-von-inhalte\/","title":{"rendered":"\u00dcbersichtliche Darstellung von Inhalten"},"content":{"rendered":"<div class=\"wpb-content-wrapper\"><div class=\"vc_row wpb_row vc_row-fluid\"><div class=\"wpb_column vc_column_container vc_col-sm-12\"><div class=\"vc_column-inner\"><div class=\"wpb_wrapper\">\n\t<div class=\"wpb_text_column wpb_content_element\" >\n\t\t<div class=\"wpb_wrapper\">\n\t\t\t<h2>Strukturierung und \u00fcbersichtliche Darstellung von langen Texten oder vielen Dokumenten<\/h2>\n\n\t\t<\/div>\n\t<\/div>\n<\/div><\/div><\/div><\/div><div class=\"vc_row wpb_row vc_row-fluid\"><div class=\"wpb_column vc_column_container vc_col-sm-12\"><div class=\"vc_column-inner\"><div class=\"wpb_wrapper\">\n\t<div class=\"wpb_text_column wpb_content_element\" >\n\t\t<div class=\"wpb_wrapper\">\n\t\t\t<p>Um viel Text und Erl\u00e4uterung auf Seiten darzustellen, eignen sich die Elemente &#8222;Hilfebereich (FAQ)&#8220; oder &#8222;Akkordion&#8220;.<\/p>\n\n\t\t<\/div>\n\t<\/div>\n<div class=\"vc_empty_space\"   style=\"height: 20px\"><span class=\"vc_empty_space_inner\"><\/span><\/div><\/div><\/div><\/div><\/div><div class=\"vc_row wpb_row vc_row-fluid\"><div class=\"wpb_column vc_column_container vc_col-sm-12\"><div class=\"vc_column-inner\"><div class=\"wpb_wrapper\">\n\t<div class=\"wpb_text_column wpb_content_element\" >\n\t\t<div class=\"wpb_wrapper\">\n\t\t\t<h3>1. FAQ-Liste<\/h3>\n\n\t\t<\/div>\n\t<\/div>\n<\/div><\/div><\/div><\/div><div class=\"vc_row wpb_row vc_row-fluid\"><div class=\"wpb_column vc_column_container vc_col-sm-12\"><div class=\"vc_column-inner\"><div class=\"wpb_wrapper\">\n\t<div class=\"wpb_text_column wpb_content_element\" >\n\t\t<div class=\"wpb_wrapper\">\n\t\t\t<p>Eine sehr einfach umzusetzende M\u00f6glichkeit zur \u00fcbersichtlichen Strukturierung von Inhalten stellt die FAQ-Liste dar. Sie ist die pr\u00e4ferierte der beiden Darstellungsformen und ist in WordPress \u00fcber das Plus-Icon als Element &#8222;Hilfebereich (FAQ)&#8220; aufrufbar.<\/p>\n\n\t\t<\/div>\n\t<\/div>\n<div class=\"vc_empty_space\"   style=\"height: 20px\"><span class=\"vc_empty_space_inner\"><\/span><\/div>\n\t<div  class=\"wpb_single_image wpb_content_element vc_align_center wpb_content_element\">\n\t\t\n\t\t<figure class=\"wpb_wrapper vc_figure\">\n\t\t\t<div class=\"vc_single_image-wrapper   vc_box_border_grey\"><img loading=\"lazy\" decoding=\"async\" width=\"640\" height=\"283\" src=\"https:\/\/zfl-lernen.de\/wp-content\/uploads\/Bildschirmfoto-2021-12-06-um-14.26.24-1024x452.png\" class=\"vc_single_image-img attachment-large\" alt=\"\" title=\"Bildschirmfoto 2021-12-06 um 14.26.24\" srcset=\"https:\/\/zfl-lernen.de\/wp-content\/uploads\/Bildschirmfoto-2021-12-06-um-14.26.24-1024x452.png 1024w, https:\/\/zfl-lernen.de\/wp-content\/uploads\/Bildschirmfoto-2021-12-06-um-14.26.24-300x132.png 300w, https:\/\/zfl-lernen.de\/wp-content\/uploads\/Bildschirmfoto-2021-12-06-um-14.26.24-768x339.png 768w, https:\/\/zfl-lernen.de\/wp-content\/uploads\/Bildschirmfoto-2021-12-06-um-14.26.24-1536x678.png 1536w, https:\/\/zfl-lernen.de\/wp-content\/uploads\/Bildschirmfoto-2021-12-06-um-14.26.24.png 1744w\" sizes=\"auto, (max-width: 640px) 100vw, 640px\" \/><\/div>\n\t\t<\/figure>\n\t<\/div>\n<div class=\"vc_empty_space\"   style=\"height: 20px\"><span class=\"vc_empty_space_inner\"><\/span><\/div>\n\t<div class=\"wpb_text_column wpb_content_element\" >\n\t\t<div class=\"wpb_wrapper\">\n\t\t\t<p>Das Element kann direkt bef\u00fcllt werden und das Aufklapp-Icon, das links neben dem Titel des Eintrags erscheint, l\u00e4sst sich in Farbe, Gr\u00f6\u00dfe und Symbol anpassen.<\/p>\n\n\t\t<\/div>\n\t<\/div>\n<\/div><\/div><\/div><\/div><div class=\"vc_row wpb_row vc_row-fluid\"><div class=\"wpb_column vc_column_container vc_col-sm-6\"><div class=\"vc_column-inner\"><div class=\"wpb_wrapper\">\n\t<div  class=\"wpb_single_image wpb_content_element vc_align_left wpb_content_element\">\n\t\t\n\t\t<figure class=\"wpb_wrapper vc_figure\">\n\t\t\t<div class=\"vc_single_image-wrapper   vc_box_border_grey\"><img loading=\"lazy\" decoding=\"async\" width=\"440\" height=\"674\" src=\"https:\/\/zfl-lernen.de\/wp-content\/uploads\/zfl_Anleitung-zur-Erstellung_uebersichtliche-Darstellung-von-Inhalten_Einstellungen-FAQ-Liste.png\" class=\"vc_single_image-img attachment-large\" alt=\"Screenshot der Formatierungsoptionen f\u00fcr das Element Hilfebereich FAQ-Liste in WordPress.\" title=\"zfl_Anleitung zur Erstellung_\u00fcbersichtliche Darstellung von Inhalten_Einstellungen FAQ-Liste\" srcset=\"https:\/\/zfl-lernen.de\/wp-content\/uploads\/zfl_Anleitung-zur-Erstellung_uebersichtliche-Darstellung-von-Inhalten_Einstellungen-FAQ-Liste.png 440w, https:\/\/zfl-lernen.de\/wp-content\/uploads\/zfl_Anleitung-zur-Erstellung_uebersichtliche-Darstellung-von-Inhalten_Einstellungen-FAQ-Liste-196x300.png 196w, https:\/\/zfl-lernen.de\/wp-content\/uploads\/zfl_Anleitung-zur-Erstellung_uebersichtliche-Darstellung-von-Inhalten_Einstellungen-FAQ-Liste-8x12.png 8w\" sizes=\"auto, (max-width: 440px) 100vw, 440px\" \/><\/div>\n\t\t<\/figure>\n\t<\/div>\n<\/div><\/div><\/div><div class=\"wpb_column vc_column_container vc_col-sm-6\"><div class=\"vc_column-inner\"><div class=\"wpb_wrapper\">\n\t<div class=\"wpb_text_column wpb_content_element\" >\n\t\t<div class=\"wpb_wrapper\">\n\t\t\t<p>Bitte \u00e4ndern Sie die systemseitige Formatierung des Icons f\u00fcr die Werte &#8222;Stil&#8220; und &#8222;Gr\u00f6\u00dfe&#8220; zu folgenden Werten ab:<\/p>\n<ul>\n<li>Stil: Simple<\/li>\n<li>Gr\u00f6\u00dfe: Large<\/li>\n<\/ul>\n<p>Alle anderen Werte (Icon-Farbe (Standard), Standardeinstellung (Geschlossen) und CSS-Animation (Keine)) k\u00f6nnen unver\u00e4ndert bleiben.<\/p>\n<p>Bitte stellen Sie auch sicher, dass die FAQ-Liste \u00fcber den kompletten Online-Kurs bzw. das komplette Lernmodul konsistent formatiert ist.<\/p>\n\n\t\t<\/div>\n\t<\/div>\n<\/div><\/div><\/div><\/div><div class=\"vc_row wpb_row vc_row-fluid\"><div class=\"wpb_column vc_column_container vc_col-sm-12\"><div class=\"vc_column-inner\"><div class=\"wpb_wrapper\">\n\t<div class=\"wpb_text_column wpb_content_element\" >\n\t\t<div class=\"wpb_wrapper\">\n\t\t\t<p>Nachdem die Bef\u00fcllung abgeschlossen wurde, kann der erste Eintrag \u00fcber das &#8222;zwei Zettel&#8220;-Icon kopiert werden, um so weitere Eintr\u00e4ge der Liste hinzuzuf\u00fcgen.<\/p>\n<p>Ein Beispiel f\u00fcr ein umgesetztes FAQ-Element findet sich auf <a href=\"https:\/\/zfl-lernen.de\/en\/anleitung-zur-erstellung\/hinweistexte\/\" target=\"_blank\" rel=\"noopener\"><strong>dieser Seite<\/strong><\/a>.<\/p>\n\n\t\t<\/div>\n\t<\/div>\n<div class=\"vc_empty_space\"   style=\"height: 20px\"><span class=\"vc_empty_space_inner\"><\/span><\/div><\/div><\/div><\/div><\/div><div class=\"vc_row wpb_row vc_row-fluid\"><div class=\"wpb_column vc_column_container vc_col-sm-12\"><div class=\"vc_column-inner\"><div class=\"wpb_wrapper\">\n\t<div class=\"wpb_text_column wpb_content_element\" >\n\t\t<div class=\"wpb_wrapper\">\n\t\t\t<h3>2. Akkordion<\/h3>\n\n\t\t<\/div>\n\t<\/div>\n<\/div><\/div><\/div><\/div><div class=\"vc_row wpb_row vc_row-fluid\"><div class=\"wpb_column vc_column_container vc_col-sm-12\"><div class=\"vc_column-inner\"><div class=\"wpb_wrapper\">\n\t<div class=\"wpb_text_column wpb_content_element\" >\n\t\t<div class=\"wpb_wrapper\">\n\t\t\t<p>Auch wenn die FAQ-Liste die pr\u00e4ferierte Darstellungsform ist, kann es dennoch sein, dass Sie sich in bestimmten F\u00e4llen f\u00fcr das WordPress-Element &#8222;Akkordion&#8220; entscheiden m\u00fcssen. Dies ist z. B. der Fall, wenn Sie eine mehrstufige Verschachtelung Ihrer Inhalte vornehmen wollen &#8211; oder anders gesagt, wenn Sie innerhalb eines Akkordeons weitere Akkordeons (als Element &#8222;Hilfebereich (FAQ)&#8220; hinzuf\u00fcgen m\u00f6chten. Ein weiterer Grund ist, wenn Sie PDF-Dokumente oder H5P-Elemente innerhalb eines Aufklapp-Men\u00fcs einbetten m\u00f6chten.<\/p>\n<p>In der nachfolgenden Grafik wird der grundlegende Aufbau des Elements &#8222;Akkordion&#8220; gezeigt.<\/p>\n\n\t\t<\/div>\n\t<\/div>\n<\/div><\/div><\/div><\/div><div class=\"vc_row wpb_row vc_row-fluid\"><div class=\"wpb_column vc_column_container vc_col-sm-2\"><div class=\"vc_column-inner\"><div class=\"wpb_wrapper\">\n\t<div  class=\"wpb_single_image wpb_content_element vc_align_left wpb_content_element\">\n\t\t\n\t\t<figure class=\"wpb_wrapper vc_figure\">\n\t\t\t<div class=\"vc_single_image-wrapper   vc_box_border_grey\"><img loading=\"lazy\" decoding=\"async\" width=\"150\" height=\"150\" src=\"https:\/\/zfl-lernen.de\/wp-content\/uploads\/ico_hinweis-150x150.png\" class=\"vc_single_image-img attachment-thumbnail\" alt=\"Icon Hinweis\" title=\"ico_hinweis\" srcset=\"https:\/\/zfl-lernen.de\/wp-content\/uploads\/ico_hinweis-150x150.png 150w, https:\/\/zfl-lernen.de\/wp-content\/uploads\/ico_hinweis-12x12.png 12w, https:\/\/zfl-lernen.de\/wp-content\/uploads\/ico_hinweis.png 200w\" sizes=\"auto, (max-width: 150px) 100vw, 150px\" \/><\/div>\n\t\t<\/figure>\n\t<\/div>\n<\/div><\/div><\/div><div class=\"wpb_column vc_column_container vc_col-sm-10\"><div class=\"vc_column-inner\"><div class=\"wpb_wrapper\"><div class=\"vc_empty_space\"   style=\"height: 20px\"><span class=\"vc_empty_space_inner\"><\/span><\/div>\n\t<div class=\"wpb_text_column wpb_content_element\" >\n\t\t<div class=\"wpb_wrapper\">\n\t\t\t<p>Fahren Sie mit der Maus \u00fcber die interaktive Grafik, um Erl\u00e4uterungstexte zu den einzelnen Elementen zu lesen.<\/p>\n\n\t\t<\/div>\n\t<\/div>\n<\/div><\/div><\/div><\/div><div class=\"vc_row wpb_row vc_row-fluid\"><div class=\"wpb_column vc_column_container vc_col-sm-12\"><div class=\"vc_column-inner\"><div class=\"wpb_wrapper\">\n\t<div class=\"wpb_raw_code wpb_raw_html wpb_content_element\" >\n\t\t<div class=\"wpb_wrapper\">\n\t\t\t\n<style>\n\t#hotspot-83849 .hotspots-image-container,\n\t#hotspot-83849 .leaflet-container {\n\t\tbackground: #efefef\t}\n\n\t#hotspot-83849 .hotspots-placeholder,\n\t.featherlight .featherlight-content.lightbox-83849 {\n\t\tbackground: #ffffff;\n\t\tborder: 0 #ffffff solid;\n\t\tcolor: #000000;\n\t}\n\n\t#hotspot-83849 .hotspot-title,\n\t#hotspot-83849 .bc-product__title a,\n\t.featherlight .featherlight-content.lightbox-83849 .hotspot-title,\n\t.featherlight .featherlight-content.lightbox-83849 .bc-product__title a {\n\t\tcolor: #000000;\n\t}\n\n\t\t\t#hotspot-83849 .hotspot-style-1 {\n\t\t\tstroke-width: 1;\n\t\t\tfill: #ffffff;\n\t\t\tfill-opacity: 0;\n\t\t\tstroke: #ffffff;\n\t\t\tstroke-opacity: 0;\n\t\t}\n\t\t#hotspot-83849 .hotspot-style-1:hover,\n\t\t#hotspot-83849 .hotspot-style-1:focus,\n\t\t#hotspot-83849 .hotspot-style-1.hotspot-active {\n\t\t\tfill: #ffffff;\n\t\t\tfill-opacity: 0.81;\n\t\t\toutline: none;\n\t\t\tstroke: #ffffff;\n\t\t\tstroke-opacity: 0.81;\n\t\t}\n\t\t\t#hotspot-83849 .hotspot-default {\n\t\t\tstroke-width: 1;\n\t\t\tfill: #ffffff;\n\t\t\tfill-opacity: 0;\n\t\t\tstroke: #ffffff;\n\t\t\tstroke-opacity: 0;\n\t\t}\n\t\t#hotspot-83849 .hotspot-default:hover,\n\t\t#hotspot-83849 .hotspot-default:focus,\n\t\t#hotspot-83849 .hotspot-default.hotspot-active {\n\t\t\tfill: #ffffff;\n\t\t\tfill-opacity: 0.81;\n\t\t\toutline: none;\n\t\t\tstroke: #ffffff;\n\t\t\tstroke-opacity: 0.81;\n\t\t}\n\t\t#hotspot-83849 .leaflet-tooltip,\n\t#hotspot-83849 .leaflet-rrose-content-wrapper {\n\t\tbackground: #ffffff;\n\t\tborder-color: #ffffff;\n\t\tcolor: #000000;\n\t}\n\n\t#hotspot-83849 a.leaflet-rrose-close-button {\n\t\tcolor: #000000;\n\t}\n\n\t#hotspot-83849 .leaflet-rrose-tip {\n\t\tbackground: #ffffff;\n\t}\n\n\t#hotspot-83849 .leaflet-popup-scrolled {\n\t\tborder-bottom-color: #000000;\n\t\tborder-top-color: #000000;\n\t}\n\n\t#hotspot-83849 .leaflet-tooltip-top:before {\n\t\tborder-top-color: #ffffff;\n\t}\n\n\t#hotspot-83849 .leaflet-tooltip-bottom:before {\n\t\tborder-bottom-color: #ffffff;\n\t}\n\t#hotspot-83849 .leaflet-tooltip-left:before {\n\t\tborder-left-color: #ffffff;\n\t}\n\t#hotspot-83849 .leaflet-tooltip-right:before {\n\t\tborder-right-color: #ffffff;\n\t}\n<\/style>\n\n\n\t<div class=\"hotspots-container  layout-lightbox event-click\" id=\"hotspot-83849\" data-layout=\"lightbox\" data-trigger=\"click\">\n\t\t<div class=\"hotspots-interaction\">\n\t\t\t<div class=\"hotspots-image-container\">\n\t<img\n\t\twidth=\"1884\"\n\t\theight=\"1378\"\n\t\tsrc=\"https:\/\/zfl-lernen.de\/wp-content\/uploads\/Anleitung_Begleitkurs_2Seiten.webp\"\n\t\talt=\"Anleitung_Begleitkurs_Seite2\"\n\t\tclass=\"hotspots-image skip-lazy\"\n\t\tusemap=\"#hotspots-image-83849\"\n\t\tdata-image-title=\"Anleitung_Begleitkurs_Seite2\"\n\t\tdata-image-description=\"\"\n\t\tdata-event-trigger=\"click\"\n\t\tdata-always-visible=\"false\"\n\t\tdata-id=\"83849\"\n\t\tdata-no-lazy=\"1\"\n\t\tdata-lazy-src=\"\"\n\t\tdata-lazy=\"false\"\n\t\tloading=\"eager\"\n\t\tdata-skip-lazy=\"1\"\n\t\t>\n<\/div>\t\t<\/div>\n\t\t<map name=\"hotspots-image-83849\" class=\"hotspots-map\">\n\t\t\t\t\t\t\t\t\t\t\t<area\n\t\t\t\t\tshape=\"polygon\"\n\t\t\t\t\tcoords=\"741,71,741,2,1141,2,1141,71\"\n\t\t\t\t\thref=\"#hotspot-hotspot-83849-0\"\n\t\t\t\t\trel=\"\"\n\t\t\t\t\ttitle=\"Akkordionanlage: blaue Iconleiste\"\n\t\t\t\t\talt=\"Akkordionanlage: blaue Iconleiste\"\n\t\t\t\t\tdata-action=\"\"\n\t\t\t\t\tdata-color-scheme=\"\"\n\t\t\t\t\tdata-id=\"area-hotspot-83849-0\"\n\t\t\t\t\ttarget=\"\"\n\t\t\t\t\tclass=\"more-info-area\"\n\t\t\t\t\t>\n\t\t\t\t\t\t\t\t\t\t\t<area\n\t\t\t\t\tshape=\"polygon\"\n\t\t\t\t\tcoords=\"725,252,725,192,1160,192,1160,252\"\n\t\t\t\t\thref=\"#hotspot-hotspot-83849-1\"\n\t\t\t\t\trel=\"\"\n\t\t\t\t\ttitle=\"Titel der Aufklappelemente\"\n\t\t\t\t\talt=\"Titel der Aufklappelemente\"\n\t\t\t\t\tdata-action=\"\"\n\t\t\t\t\tdata-color-scheme=\"\"\n\t\t\t\t\tdata-id=\"area-hotspot-83849-1\"\n\t\t\t\t\ttarget=\"\"\n\t\t\t\t\tclass=\"more-info-area\"\n\t\t\t\t\t>\n\t\t\t\t\t\t\t\t\t\t\t<area\n\t\t\t\t\tshape=\"polygon\"\n\t\t\t\t\tcoords=\"760,769,760,704,1126,704,1126,769\"\n\t\t\t\t\thref=\"#hotspot-hotspot-83849-2\"\n\t\t\t\t\trel=\"\"\n\t\t\t\t\ttitle=\"Textbearbeitung Aufklappelemente\"\n\t\t\t\t\talt=\"Textbearbeitung Aufklappelemente\"\n\t\t\t\t\tdata-action=\"\"\n\t\t\t\t\tdata-color-scheme=\"\"\n\t\t\t\t\tdata-id=\"area-hotspot-83849-2\"\n\t\t\t\t\ttarget=\"\"\n\t\t\t\t\tclass=\"more-info-area\"\n\t\t\t\t\t>\n\t\t\t\t\t\t\t\t\t\t\t<area\n\t\t\t\t\tshape=\"polygon\"\n\t\t\t\t\tcoords=\"34,1374,34,1223,565,1223,565,1374\"\n\t\t\t\t\thref=\"#hotspot-hotspot-83849-3\"\n\t\t\t\t\trel=\"\"\n\t\t\t\t\ttitle=\"Anderes Aufklappelement\"\n\t\t\t\t\talt=\"Anderes Aufklappelement\"\n\t\t\t\t\tdata-action=\"\"\n\t\t\t\t\tdata-color-scheme=\"\"\n\t\t\t\t\tdata-id=\"area-hotspot-83849-3\"\n\t\t\t\t\ttarget=\"\"\n\t\t\t\t\tclass=\"more-info-area\"\n\t\t\t\t\t>\n\t\t\t\t\t<\/map>\n\n\t\t\n\t\t\t\t\t\n\t\t\t\t\t\t<div class=\"hotspot-info\" id=\"hotspot-hotspot-83849-0\">\n\t\t\t\t\n\t\t\t\t<h2 class=\"hotspot-title\">Akkordionanlage: blaue Iconleiste<\/h2>\t\t\t\t\t\t\t\t<div class=\"hotspot-content\">\n\t\t\t\t\t<p>Um viele Inhalte unterzubringen und diese \u00fcbersichtlich zu gestalten, setzen wir das Element Akkordion ein. Es erscheint eine blaue Iconleiste mit globalen Einstellungsm\u00f6glichkeiten f\u00fcr das Element Akkordion:<br \/>\n- Plus: Inhalt hinzu<br \/>\n- Stift: Aussehen des Akkordions ver\u00e4ndern<br \/>\n- zwei Zettel: Akkordion kopiere<br \/>\n- x: ganzes Akkordion l\u00f6schen<\/p>\n<p>Wichtig bei der Anlage eines Akkordions ist es, dass \"Allow collapse all?\" aktiviert ist. Manchmal ist ein Element im Akkordion standardm\u00e4\u00dfig ge\u00f6ffnet. Es kann eine Zahl als aktives Element im bereich \"Akkordion Bereich\" eingetragen sein. Entfernen der Zahl kann das Problem l\u00f6sen. Ansonsten kann der Codeschnipsel nur \u00fcber Blick in den Quelltext gel\u00f6scht werden. Dazu muss man oben auf der Seite bei den Ansichten auf \"Klassischer Modus\" klicken und dann auf der rechten Seite den Reiter Text klicken (nicht visuell). Den Code (visisble=1 l\u00f6schen).<\/p>\n\t\t\t\t<\/div>\n\t\t\t<\/div>\n\t\t\t\t\t\n\t\t\t\t\t\t<div class=\"hotspot-info\" id=\"hotspot-hotspot-83849-1\">\n\t\t\t\t\n\t\t\t\t<h2 class=\"hotspot-title\">Titel der Aufklappelemente<\/h2>\t\t\t\t\t\t\t\t<div class=\"hotspot-content\">\n\t\t\t\t\t<p>Es erscheinen Einstellungsm\u00f6glichkeiten f\u00fcr das spezielle Aufklappelement des Akkordions:<br \/>\n- diagonales Kreuz: Verschieben der Position des Akkordioneintrags<br \/>\n- Plus: Textfeld als Erl\u00e4uterungstext zum Aufklappen erg\u00e4nzen<br \/>\n- Stift: Titel des Aufklappelements ver\u00e4ndern<br \/>\n- zwei Zettel: Aufklappelement inkl. Text als Erl\u00e4uterung kopieren<br \/>\n- x: ganzes Aufklappelement inkl. Text als Erl\u00e4uterung l\u00f6schen<\/p>\n\t\t\t\t<\/div>\n\t\t\t<\/div>\n\t\t\t\t\t\n\t\t\t\t\t\t<div class=\"hotspot-info\" id=\"hotspot-hotspot-83849-2\">\n\t\t\t\t\n\t\t\t\t<h2 class=\"hotspot-title\">Textbearbeitung Aufklappelemente<\/h2>\t\t\t\t\t\t\t\t<div class=\"hotspot-content\">\n\t\t\t\t\t<p>Es erscheinen Einstellungsm\u00f6glichkeiten f\u00fcr den Erl\u00e4uterungstext:<br \/>\n- diagonales Kreuz: Verschieben der Position des Elements<br \/>\n- Stift: Text ver\u00e4ndern<br \/>\n- zwei Zettel: Text als Erl\u00e4uterung kopieren<br \/>\n- x: Erl\u00e4uterungstext l\u00f6schen<\/p>\n\t\t\t\t<\/div>\n\t\t\t<\/div>\n\t\t\t\t\t\n\t\t\t\t\t\t<div class=\"hotspot-info\" id=\"hotspot-hotspot-83849-3\">\n\t\t\t\t\n\t\t\t\t<h2 class=\"hotspot-title\">Anderes Aufklappelement<\/h2>\t\t\t\t\t\t\t\t<div class=\"hotspot-content\">\n\t\t\t\t\t<p>\u00dcber Klick auf das Plus kann der Text und das gr\u00fcne Men\u00fc eines anderen Aufklappelements ge\u00f6ffnet werden.<\/p>\n\t\t\t\t<\/div>\n\t\t\t<\/div>\n\t\t\t<\/div>\n\n\n\t\t<\/div>\n\t<\/div>\n<div class=\"vc_empty_space\"   style=\"height: 20px\"><span class=\"vc_empty_space_inner\"><\/span><\/div>\n\t<div class=\"wpb_text_column wpb_content_element\" >\n\t\t<div class=\"wpb_wrapper\">\n\t\t\t<p>Ein Beispiel f\u00fcr ein umgesetztes Akkordion-Element findet sich auf <a href=\"https:\/\/zfl-lernen.de\/en\/faq-portfolio\/#1685004229895-f07c657c-cf35\" target=\"_blank\" rel=\"noopener\"><strong>dieser Seite<\/strong><\/a>.<\/p>\n\n\t\t<\/div>\n\t<\/div>\n<\/div><\/div><\/div><\/div><div class=\"wpb_column vc_column_container vc_col-sm-12\"><div class=\"vc_column-inner\"><div class=\"wpb_wrapper\"><\/div><\/div><\/div><div class=\"vc_row wpb_row vc_row-fluid\"><div class=\"wpb_column vc_column_container vc_col-sm-12\"><div class=\"vc_column-inner\"><div class=\"wpb_wrapper\"><\/div><\/div><\/div><\/div>\n<\/div>"},"excerpt":{"rendered":"Strukturierung und \u00fcbersichtliche Darstellung von langen Texten oder vielen Dokumenten Um viel Text und Erl\u00e4uterung auf Seiten darzustellen, eignen sich die Elemente \"Hilfebereich (FAQ)\" oder \"Akkordion\". 1. FAQ-Liste Eine sehr einfach umzusetzende M\u00f6glichkeit zur \u00fcbersichtlichen Strukturierung von Inhalten stellt die &hellip;","protected":false},"author":4,"featured_media":0,"parent":73536,"menu_order":0,"comment_status":"closed","ping_status":"closed","template":"","meta":{"_acf_changed":false,"footnotes":""},"categories":[1240],"tags":[],"kooperation":[],"class_list":["post-73554","page","type-page","status-publish","hentry","category-anleitung-zur-erstellung"],"acf":[],"yoast_head":"<!-- This site is optimized with the Yoast SEO plugin v27.1.1 - https:\/\/yoast.com\/product\/yoast-seo-wordpress\/ -->\n<title>\u00dcbersichtliche Darstellung von Inhalten - ZfL Lernen<\/title>\n<meta name=\"robots\" content=\"index, follow, max-snippet:-1, max-image-preview:large, max-video-preview:-1\" \/>\n<link rel=\"canonical\" href=\"https:\/\/zfl-lernen.de\/en\/lernmaterial_erstellen_wordpress\/uebersichtliche-darstellung-von-inhalte\/\" \/>\n<meta property=\"og:locale\" content=\"en_US\" \/>\n<meta property=\"og:type\" content=\"article\" \/>\n<meta property=\"og:title\" content=\"\u00dcbersichtliche Darstellung von Inhalten - ZfL Lernen\" \/>\n<meta property=\"og:url\" content=\"https:\/\/zfl-lernen.de\/en\/lernmaterial_erstellen_wordpress\/uebersichtliche-darstellung-von-inhalte\/\" \/>\n<meta property=\"og:site_name\" content=\"ZfL Lernen\" \/>\n<meta property=\"article:publisher\" content=\"https:\/\/www.facebook.com\/zflkoeln\" \/>\n<meta property=\"article:modified_time\" content=\"2025-06-05T12:05:08+00:00\" \/>\n<meta property=\"og:image\" content=\"https:\/\/zfl-lernen.de\/wp-content\/uploads\/zfl-logo_neu-1.png\" \/>\n\t<meta property=\"og:image:width\" content=\"300\" \/>\n\t<meta property=\"og:image:height\" content=\"161\" \/>\n\t<meta property=\"og:image:type\" content=\"image\/png\" \/>\n<meta name=\"twitter:card\" content=\"summary_large_image\" \/>\n<meta name=\"twitter:site\" content=\"@Lehrer_innen\" \/>\n<meta name=\"twitter:label1\" content=\"Est. reading time\" \/>\n\t<meta name=\"twitter:data1\" content=\"2 minutes\" \/>\n<script type=\"application\/ld+json\" class=\"yoast-schema-graph\">{\"@context\":\"https:\/\/schema.org\",\"@graph\":[{\"@type\":\"WebPage\",\"@id\":\"https:\/\/zfl-lernen.de\/lernmaterial_erstellen_wordpress\/uebersichtliche-darstellung-von-inhalte\/\",\"url\":\"https:\/\/zfl-lernen.de\/lernmaterial_erstellen_wordpress\/uebersichtliche-darstellung-von-inhalte\/\",\"name\":\"\u00dcbersichtliche Darstellung von Inhalten - ZfL Lernen\",\"isPartOf\":{\"@id\":\"https:\/\/zfl-lernen.de\/#website\"},\"datePublished\":\"2023-12-04T13:46:43+00:00\",\"dateModified\":\"2025-06-05T12:05:08+00:00\",\"breadcrumb\":{\"@id\":\"https:\/\/zfl-lernen.de\/lernmaterial_erstellen_wordpress\/uebersichtliche-darstellung-von-inhalte\/#breadcrumb\"},\"inLanguage\":\"en-US\",\"potentialAction\":[{\"@type\":\"ReadAction\",\"target\":[\"https:\/\/zfl-lernen.de\/lernmaterial_erstellen_wordpress\/uebersichtliche-darstellung-von-inhalte\/\"]}]},{\"@type\":\"BreadcrumbList\",\"@id\":\"https:\/\/zfl-lernen.de\/lernmaterial_erstellen_wordpress\/uebersichtliche-darstellung-von-inhalte\/#breadcrumb\",\"itemListElement\":[{\"@type\":\"ListItem\",\"position\":1,\"name\":\"Startseite\",\"item\":\"https:\/\/zfl-lernen.de\/\"},{\"@type\":\"ListItem\",\"position\":2,\"name\":\"Lernmaterial erstellen mit WordPress\",\"item\":\"https:\/\/zfl-lernen.de\/lernmaterial_erstellen_wordpress\/\"},{\"@type\":\"ListItem\",\"position\":3,\"name\":\"\u00dcbersichtliche Darstellung von Inhalten\"}]},{\"@type\":\"WebSite\",\"@id\":\"https:\/\/zfl-lernen.de\/#website\",\"url\":\"https:\/\/zfl-lernen.de\/\",\"name\":\"ZfL Lernen\",\"description\":\"ZfL Offene Bildungsangebote\",\"potentialAction\":[{\"@type\":\"SearchAction\",\"target\":{\"@type\":\"EntryPoint\",\"urlTemplate\":\"https:\/\/zfl-lernen.de\/?s={search_term_string}\"},\"query-input\":{\"@type\":\"PropertyValueSpecification\",\"valueRequired\":true,\"valueName\":\"search_term_string\"}}],\"inLanguage\":\"en-US\"}]}<\/script>\n<!-- \/ Yoast SEO plugin. -->","yoast_head_json":{"title":"\u00dcbersichtliche Darstellung von Inhalten - ZfL Lernen","robots":{"index":"index","follow":"follow","max-snippet":"max-snippet:-1","max-image-preview":"max-image-preview:large","max-video-preview":"max-video-preview:-1"},"canonical":"https:\/\/zfl-lernen.de\/en\/lernmaterial_erstellen_wordpress\/uebersichtliche-darstellung-von-inhalte\/","og_locale":"en_US","og_type":"article","og_title":"\u00dcbersichtliche Darstellung von Inhalten - ZfL Lernen","og_url":"https:\/\/zfl-lernen.de\/en\/lernmaterial_erstellen_wordpress\/uebersichtliche-darstellung-von-inhalte\/","og_site_name":"ZfL Lernen","article_publisher":"https:\/\/www.facebook.com\/zflkoeln","article_modified_time":"2025-06-05T12:05:08+00:00","og_image":[{"width":300,"height":161,"url":"https:\/\/zfl-lernen.de\/wp-content\/uploads\/zfl-logo_neu-1.png","type":"image\/png"}],"twitter_card":"summary_large_image","twitter_site":"@Lehrer_innen","twitter_misc":{"Est. reading time":"2 minutes"},"schema":{"@context":"https:\/\/schema.org","@graph":[{"@type":"WebPage","@id":"https:\/\/zfl-lernen.de\/lernmaterial_erstellen_wordpress\/uebersichtliche-darstellung-von-inhalte\/","url":"https:\/\/zfl-lernen.de\/lernmaterial_erstellen_wordpress\/uebersichtliche-darstellung-von-inhalte\/","name":"\u00dcbersichtliche Darstellung von Inhalten - ZfL Lernen","isPartOf":{"@id":"https:\/\/zfl-lernen.de\/#website"},"datePublished":"2023-12-04T13:46:43+00:00","dateModified":"2025-06-05T12:05:08+00:00","breadcrumb":{"@id":"https:\/\/zfl-lernen.de\/lernmaterial_erstellen_wordpress\/uebersichtliche-darstellung-von-inhalte\/#breadcrumb"},"inLanguage":"en-US","potentialAction":[{"@type":"ReadAction","target":["https:\/\/zfl-lernen.de\/lernmaterial_erstellen_wordpress\/uebersichtliche-darstellung-von-inhalte\/"]}]},{"@type":"BreadcrumbList","@id":"https:\/\/zfl-lernen.de\/lernmaterial_erstellen_wordpress\/uebersichtliche-darstellung-von-inhalte\/#breadcrumb","itemListElement":[{"@type":"ListItem","position":1,"name":"Startseite","item":"https:\/\/zfl-lernen.de\/"},{"@type":"ListItem","position":2,"name":"Lernmaterial erstellen mit WordPress","item":"https:\/\/zfl-lernen.de\/lernmaterial_erstellen_wordpress\/"},{"@type":"ListItem","position":3,"name":"\u00dcbersichtliche Darstellung von Inhalten"}]},{"@type":"WebSite","@id":"https:\/\/zfl-lernen.de\/#website","url":"https:\/\/zfl-lernen.de\/","name":"ZfL Lernen","description":"ZfL Offene Bildungsangebote","potentialAction":[{"@type":"SearchAction","target":{"@type":"EntryPoint","urlTemplate":"https:\/\/zfl-lernen.de\/?s={search_term_string}"},"query-input":{"@type":"PropertyValueSpecification","valueRequired":true,"valueName":"search_term_string"}}],"inLanguage":"en-US"}]}},"_links":{"self":[{"href":"https:\/\/zfl-lernen.de\/en\/wp-json\/wp\/v2\/pages\/73554","targetHints":{"allow":["GET"]}}],"collection":[{"href":"https:\/\/zfl-lernen.de\/en\/wp-json\/wp\/v2\/pages"}],"about":[{"href":"https:\/\/zfl-lernen.de\/en\/wp-json\/wp\/v2\/types\/page"}],"author":[{"embeddable":true,"href":"https:\/\/zfl-lernen.de\/en\/wp-json\/wp\/v2\/users\/4"}],"replies":[{"embeddable":true,"href":"https:\/\/zfl-lernen.de\/en\/wp-json\/wp\/v2\/comments?post=73554"}],"version-history":[{"count":6,"href":"https:\/\/zfl-lernen.de\/en\/wp-json\/wp\/v2\/pages\/73554\/revisions"}],"predecessor-version":[{"id":83856,"href":"https:\/\/zfl-lernen.de\/en\/wp-json\/wp\/v2\/pages\/73554\/revisions\/83856"}],"up":[{"embeddable":true,"href":"https:\/\/zfl-lernen.de\/en\/wp-json\/wp\/v2\/pages\/73536"}],"wp:attachment":[{"href":"https:\/\/zfl-lernen.de\/en\/wp-json\/wp\/v2\/media?parent=73554"}],"wp:term":[{"taxonomy":"category","embeddable":true,"href":"https:\/\/zfl-lernen.de\/en\/wp-json\/wp\/v2\/categories?post=73554"},{"taxonomy":"post_tag","embeddable":true,"href":"https:\/\/zfl-lernen.de\/en\/wp-json\/wp\/v2\/tags?post=73554"},{"taxonomy":"kooperation","embeddable":true,"href":"https:\/\/zfl-lernen.de\/en\/wp-json\/wp\/v2\/kooperation?post=73554"}],"curies":[{"name":"wp","href":"https:\/\/api.w.org\/{rel}","templated":true}]}}