{"id":73561,"date":"2023-12-04T14:49:14","date_gmt":"2023-12-04T13:49:14","guid":{"rendered":"https:\/\/zfl-lernen.de\/?page_id=73561"},"modified":"2024-04-12T17:06:27","modified_gmt":"2024-04-12T15:06:27","slug":"dateien","status":"publish","type":"page","link":"https:\/\/zfl-lernen.de\/en\/lernmaterial_erstellen_wordpress\/inhalte\/dateien\/","title":{"rendered":"Dateien"},"content":{"rendered":"<div class=\"wpb-content-wrapper\"><div class=\"vc_row wpb_row vc_row-fluid\"><div class=\"wpb_column vc_column_container vc_col-sm-12\"><div class=\"vc_column-inner\"><div class=\"wpb_wrapper\">\n\t<div class=\"wpb_text_column wpb_content_element\" >\n\t\t<div class=\"wpb_wrapper\">\n\t\t\t<h2>Dateien<\/h2>\n\n\t\t<\/div>\n\t<\/div>\n<\/div><\/div><\/div><\/div><div class=\"vc_row wpb_row vc_row-fluid\"><div class=\"wpb_column vc_column_container vc_col-sm-12\"><div class=\"vc_column-inner\"><div class=\"wpb_wrapper\">\n\t<div class=\"wpb_text_column wpb_content_element\" >\n\t\t<div class=\"wpb_wrapper\">\n\t\t\t<p>Beim Upload von Dokumenten in Ihr Lernmodul ist zu beachten, dass diese Dokumente mit einer CC-Lizenzierung versehen werden. Geben Sie die CC-Lizenzierung auf jeder Seite des Dokuments in der Fu\u00dfzeile an, indem Sie neben dem entsprechenden Lizenzlogo auch den <strong>Titel des Dokuments<\/strong>, den <strong>Namen der Autorin bzw. des Autors <\/strong>sowie den <strong>Lizenznamen <\/strong>mit dem entsprechenden <strong>Link <\/strong>angeben. Die CC-Lizenzierung sieht wie folgt aus:<\/p>\n\n\t\t<\/div>\n\t<\/div>\n<\/div><\/div><\/div><\/div><div class=\"vc_row wpb_row vc_row-fluid\"><div class=\"wpb_column vc_column_container vc_col-sm-12\"><div class=\"vc_column-inner\"><div class=\"wpb_wrapper\">\n\t<div  class=\"wpb_single_image wpb_content_element vc_align_center wpb_content_element\">\n\t\t\n\t\t<figure class=\"wpb_wrapper vc_figure\">\n\t\t\t<div class=\"vc_single_image-wrapper   vc_box_border_grey\"><img loading=\"lazy\" decoding=\"async\" width=\"330\" height=\"62\" src=\"https:\/\/zfl-lernen.de\/wp-content\/uploads\/zfl_wiki_Lernmodulerstellung_Vorlage.png\" class=\"vc_single_image-img attachment-full\" alt=\"Logo der CC-BY-SA-Lizenz\" title=\"zfl_wiki_Lernmodulerstellung_Vorlage\" srcset=\"https:\/\/zfl-lernen.de\/wp-content\/uploads\/zfl_wiki_Lernmodulerstellung_Vorlage.png 330w, https:\/\/zfl-lernen.de\/wp-content\/uploads\/zfl_wiki_Lernmodulerstellung_Vorlage-300x56.png 300w\" sizes=\"auto, (max-width: 330px) 100vw, 330px\" \/><\/div>\n\t\t<\/figure>\n\t<\/div>\n<\/div><\/div><\/div><\/div><div class=\"vc_row wpb_row vc_row-fluid\"><div class=\"wpb_column vc_column_container vc_col-sm-12\"><div class=\"vc_column-inner\"><div class=\"wpb_wrapper\">\n\t<div class=\"wpb_text_column wpb_content_element\" >\n\t\t<div class=\"wpb_wrapper\">\n\t\t\t<p>Wir empfehlen, dass Dokumente als bearbeitbare Dateien eingebunden werden \u2013 folglich nicht als pdf-Datei. Nur so sind sie f\u00fcr andere Nutzer*innen weiterhin bearbeitbar im Sinne von offenen Bildungsmaterialien. Sollten Sie sich dennoch f\u00fcr eine pdf-Datei entscheiden, m\u00fcssen Sie sicherstellen, dass hinter dem Lizenznamen in der Fu\u00dfzeile (&#8222;CC BY-SA 4.0&#8220;) der entsprechende Link zum Lizenzvertrag hinterlegt ist. <strong>Bei der Konvertierung eines Word-Dokuments in eine pdf-Datei geht der Link verloren.<\/strong><\/p>\n<p>Hier haben Sie nun zwei M\u00f6glichkeiten:<\/p>\n<ol>\n<li>Falls Sie Adobe Acrobat Pro besitzen, k\u00f6nnen Sie den Link in der pdf-Datei nachtr\u00e4glich hinterlegen.<\/li>\n<li>Falls das nicht der Fall ist, setzen Sie den Link zum Lizenzvertrag in die Fu\u00dfleiste der Word-Datei ein, bevor Sie diese konvertieren. Folgen Sie dabei diesem Schema: (Dokumenttitel) I (Urheber*in) I CC BY-SA 4.0 (https:\/\/creativecommons.org\/licenses\/by-sa\/4.0\/deed.de)<\/li>\n<\/ol>\n<p>Nur so kann garantiert werden, dass das Dokument ebenfalls CC-lizenziert ist und als offenes Bildungsmaterial gelten kann. Mehr Informationen zu CC-Lizenzen und offenen Bildungsmaterialien finden Sie im Wiki-Eintrag zum Thema <a href=\"https:\/\/zfl-lernen.de\/en\/knowledge-base\/lernmodulerstellung\/oer-input\/\"><strong>&#8222;OER&#8220;<\/strong><\/a>.<\/p>\n<p>Eine Vorlage f\u00fcr Word-Dateien k\u00f6nnen Sie unter folgendem Link herunterladen:<\/p>\n\n\t\t<\/div>\n\t<\/div>\n<\/div><\/div><\/div><\/div><div class=\"vc_row wpb_row vc_row-fluid\"><div class=\"wpb_column vc_column_container vc_col-sm-2\"><div class=\"vc_column-inner\"><div class=\"wpb_wrapper\">\n\t<div  class=\"wpb_single_image wpb_content_element vc_align_left wpb_content_element\">\n\t\t\n\t\t<figure class=\"wpb_wrapper vc_figure\">\n\t\t\t<div class=\"vc_single_image-wrapper   vc_box_border_grey\"><img loading=\"lazy\" decoding=\"async\" width=\"150\" height=\"150\" src=\"https:\/\/zfl-lernen.de\/wp-content\/uploads\/ico_download-150x150.png\" class=\"vc_single_image-img attachment-thumbnail\" alt=\"Icon Download\" title=\"ico_download\" srcset=\"https:\/\/zfl-lernen.de\/wp-content\/uploads\/ico_download-150x150.png 150w, https:\/\/zfl-lernen.de\/wp-content\/uploads\/ico_download-12x12.png 12w, https:\/\/zfl-lernen.de\/wp-content\/uploads\/ico_download.png 200w\" sizes=\"auto, (max-width: 150px) 100vw, 150px\" \/><\/div>\n\t\t<\/figure>\n\t<\/div>\n<\/div><\/div><\/div><div class=\"wpb_column vc_column_container vc_col-sm-10\"><div class=\"vc_column-inner\"><div class=\"wpb_wrapper\"><div class=\"vc_empty_space\"   style=\"height: 40px\"><span class=\"vc_empty_space_inner\"><\/span><\/div>\n\t<div class=\"wpb_text_column wpb_content_element\" >\n\t\t<div class=\"wpb_wrapper\">\n\t\t\t<p><strong><a href=\"https:\/\/zfl-lernen.de\/wp-content\/uploads\/zfl_wiki_Lernmodulerstellung_Vorlage-Word-mit-CC-Lizenz.docx\">Vorlage f\u00fcr Word-Dateien mit CC-Lizenz<\/a><\/strong><\/p>\n\n\t\t<\/div>\n\t<\/div>\n<\/div><\/div><\/div><\/div>\n<\/div>"},"excerpt":{"rendered":"Dateien Beim Upload von Dokumenten in Ihr Lernmodul ist zu beachten, dass diese Dokumente mit einer CC-Lizenzierung versehen werden. Geben Sie die CC-Lizenzierung auf jeder Seite des Dokuments in der Fu\u00dfzeile an, indem Sie neben dem entsprechenden Lizenzlogo auch den &hellip;","protected":false},"author":4,"featured_media":0,"parent":73625,"menu_order":0,"comment_status":"closed","ping_status":"closed","template":"","meta":{"_acf_changed":false,"footnotes":""},"categories":[1240],"tags":[],"kooperation":[],"class_list":["post-73561","page","type-page","status-publish","hentry","category-anleitung-zur-erstellung"],"acf":[],"yoast_head":"<!-- This site is optimized with the Yoast SEO plugin v27.1.1 - https:\/\/yoast.com\/product\/yoast-seo-wordpress\/ -->\n<title>Dateien - ZfL Lernen<\/title>\n<meta name=\"robots\" content=\"index, follow, max-snippet:-1, max-image-preview:large, max-video-preview:-1\" \/>\n<link rel=\"canonical\" href=\"https:\/\/zfl-lernen.de\/en\/lernmaterial_erstellen_wordpress\/inhalte\/dateien\/\" \/>\n<meta property=\"og:locale\" content=\"en_US\" \/>\n<meta property=\"og:type\" content=\"article\" \/>\n<meta property=\"og:title\" content=\"Dateien - ZfL Lernen\" \/>\n<meta property=\"og:url\" content=\"https:\/\/zfl-lernen.de\/en\/lernmaterial_erstellen_wordpress\/inhalte\/dateien\/\" \/>\n<meta property=\"og:site_name\" content=\"ZfL Lernen\" \/>\n<meta property=\"article:publisher\" content=\"https:\/\/www.facebook.com\/zflkoeln\" \/>\n<meta property=\"article:modified_time\" content=\"2024-04-12T15:06:27+00:00\" \/>\n<meta property=\"og:image\" content=\"https:\/\/zfl-lernen.de\/wp-content\/uploads\/zfl-logo_neu-1.png\" \/>\n\t<meta property=\"og:image:width\" content=\"300\" \/>\n\t<meta property=\"og:image:height\" content=\"161\" \/>\n\t<meta property=\"og:image:type\" content=\"image\/png\" \/>\n<meta name=\"twitter:card\" content=\"summary_large_image\" \/>\n<meta name=\"twitter:site\" content=\"@Lehrer_innen\" \/>\n<meta name=\"twitter:label1\" content=\"Est. reading time\" \/>\n\t<meta name=\"twitter:data1\" content=\"2 minutes\" \/>\n<script type=\"application\/ld+json\" class=\"yoast-schema-graph\">{\"@context\":\"https:\/\/schema.org\",\"@graph\":[{\"@type\":\"WebPage\",\"@id\":\"https:\/\/zfl-lernen.de\/lernmaterial_erstellen_wordpress\/inhalte\/dateien\/\",\"url\":\"https:\/\/zfl-lernen.de\/lernmaterial_erstellen_wordpress\/inhalte\/dateien\/\",\"name\":\"Dateien - ZfL Lernen\",\"isPartOf\":{\"@id\":\"https:\/\/zfl-lernen.de\/#website\"},\"datePublished\":\"2023-12-04T13:49:14+00:00\",\"dateModified\":\"2024-04-12T15:06:27+00:00\",\"breadcrumb\":{\"@id\":\"https:\/\/zfl-lernen.de\/lernmaterial_erstellen_wordpress\/inhalte\/dateien\/#breadcrumb\"},\"inLanguage\":\"en-US\",\"potentialAction\":[{\"@type\":\"ReadAction\",\"target\":[\"https:\/\/zfl-lernen.de\/lernmaterial_erstellen_wordpress\/inhalte\/dateien\/\"]}]},{\"@type\":\"BreadcrumbList\",\"@id\":\"https:\/\/zfl-lernen.de\/lernmaterial_erstellen_wordpress\/inhalte\/dateien\/#breadcrumb\",\"itemListElement\":[{\"@type\":\"ListItem\",\"position\":1,\"name\":\"Startseite\",\"item\":\"https:\/\/zfl-lernen.de\/\"},{\"@type\":\"ListItem\",\"position\":2,\"name\":\"Lernmaterial erstellen mit WordPress\",\"item\":\"https:\/\/zfl-lernen.de\/lernmaterial_erstellen_wordpress\/\"},{\"@type\":\"ListItem\",\"position\":3,\"name\":\"Inhalte\",\"item\":\"https:\/\/zfl-lernen.de\/lernmaterial_erstellen_wordpress\/inhalte\/\"},{\"@type\":\"ListItem\",\"position\":4,\"name\":\"Dateien\"}]},{\"@type\":\"WebSite\",\"@id\":\"https:\/\/zfl-lernen.de\/#website\",\"url\":\"https:\/\/zfl-lernen.de\/\",\"name\":\"ZfL Lernen\",\"description\":\"ZfL Offene Bildungsangebote\",\"potentialAction\":[{\"@type\":\"SearchAction\",\"target\":{\"@type\":\"EntryPoint\",\"urlTemplate\":\"https:\/\/zfl-lernen.de\/?s={search_term_string}\"},\"query-input\":{\"@type\":\"PropertyValueSpecification\",\"valueRequired\":true,\"valueName\":\"search_term_string\"}}],\"inLanguage\":\"en-US\"}]}<\/script>\n<!-- \/ Yoast SEO plugin. -->","yoast_head_json":{"title":"Dateien - ZfL Lernen","robots":{"index":"index","follow":"follow","max-snippet":"max-snippet:-1","max-image-preview":"max-image-preview:large","max-video-preview":"max-video-preview:-1"},"canonical":"https:\/\/zfl-lernen.de\/en\/lernmaterial_erstellen_wordpress\/inhalte\/dateien\/","og_locale":"en_US","og_type":"article","og_title":"Dateien - ZfL Lernen","og_url":"https:\/\/zfl-lernen.de\/en\/lernmaterial_erstellen_wordpress\/inhalte\/dateien\/","og_site_name":"ZfL Lernen","article_publisher":"https:\/\/www.facebook.com\/zflkoeln","article_modified_time":"2024-04-12T15:06:27+00:00","og_image":[{"width":300,"height":161,"url":"https:\/\/zfl-lernen.de\/wp-content\/uploads\/zfl-logo_neu-1.png","type":"image\/png"}],"twitter_card":"summary_large_image","twitter_site":"@Lehrer_innen","twitter_misc":{"Est. reading time":"2 minutes"},"schema":{"@context":"https:\/\/schema.org","@graph":[{"@type":"WebPage","@id":"https:\/\/zfl-lernen.de\/lernmaterial_erstellen_wordpress\/inhalte\/dateien\/","url":"https:\/\/zfl-lernen.de\/lernmaterial_erstellen_wordpress\/inhalte\/dateien\/","name":"Dateien - ZfL Lernen","isPartOf":{"@id":"https:\/\/zfl-lernen.de\/#website"},"datePublished":"2023-12-04T13:49:14+00:00","dateModified":"2024-04-12T15:06:27+00:00","breadcrumb":{"@id":"https:\/\/zfl-lernen.de\/lernmaterial_erstellen_wordpress\/inhalte\/dateien\/#breadcrumb"},"inLanguage":"en-US","potentialAction":[{"@type":"ReadAction","target":["https:\/\/zfl-lernen.de\/lernmaterial_erstellen_wordpress\/inhalte\/dateien\/"]}]},{"@type":"BreadcrumbList","@id":"https:\/\/zfl-lernen.de\/lernmaterial_erstellen_wordpress\/inhalte\/dateien\/#breadcrumb","itemListElement":[{"@type":"ListItem","position":1,"name":"Startseite","item":"https:\/\/zfl-lernen.de\/"},{"@type":"ListItem","position":2,"name":"Lernmaterial erstellen mit WordPress","item":"https:\/\/zfl-lernen.de\/lernmaterial_erstellen_wordpress\/"},{"@type":"ListItem","position":3,"name":"Inhalte","item":"https:\/\/zfl-lernen.de\/lernmaterial_erstellen_wordpress\/inhalte\/"},{"@type":"ListItem","position":4,"name":"Dateien"}]},{"@type":"WebSite","@id":"https:\/\/zfl-lernen.de\/#website","url":"https:\/\/zfl-lernen.de\/","name":"ZfL Lernen","description":"ZfL Offene Bildungsangebote","potentialAction":[{"@type":"SearchAction","target":{"@type":"EntryPoint","urlTemplate":"https:\/\/zfl-lernen.de\/?s={search_term_string}"},"query-input":{"@type":"PropertyValueSpecification","valueRequired":true,"valueName":"search_term_string"}}],"inLanguage":"en-US"}]}},"_links":{"self":[{"href":"https:\/\/zfl-lernen.de\/en\/wp-json\/wp\/v2\/pages\/73561","targetHints":{"allow":["GET"]}}],"collection":[{"href":"https:\/\/zfl-lernen.de\/en\/wp-json\/wp\/v2\/pages"}],"about":[{"href":"https:\/\/zfl-lernen.de\/en\/wp-json\/wp\/v2\/types\/page"}],"author":[{"embeddable":true,"href":"https:\/\/zfl-lernen.de\/en\/wp-json\/wp\/v2\/users\/4"}],"replies":[{"embeddable":true,"href":"https:\/\/zfl-lernen.de\/en\/wp-json\/wp\/v2\/comments?post=73561"}],"version-history":[{"count":5,"href":"https:\/\/zfl-lernen.de\/en\/wp-json\/wp\/v2\/pages\/73561\/revisions"}],"predecessor-version":[{"id":77408,"href":"https:\/\/zfl-lernen.de\/en\/wp-json\/wp\/v2\/pages\/73561\/revisions\/77408"}],"up":[{"embeddable":true,"href":"https:\/\/zfl-lernen.de\/en\/wp-json\/wp\/v2\/pages\/73625"}],"wp:attachment":[{"href":"https:\/\/zfl-lernen.de\/en\/wp-json\/wp\/v2\/media?parent=73561"}],"wp:term":[{"taxonomy":"category","embeddable":true,"href":"https:\/\/zfl-lernen.de\/en\/wp-json\/wp\/v2\/categories?post=73561"},{"taxonomy":"post_tag","embeddable":true,"href":"https:\/\/zfl-lernen.de\/en\/wp-json\/wp\/v2\/tags?post=73561"},{"taxonomy":"kooperation","embeddable":true,"href":"https:\/\/zfl-lernen.de\/en\/wp-json\/wp\/v2\/kooperation?post=73561"}],"curies":[{"name":"wp","href":"https:\/\/api.w.org\/{rel}","templated":true}]}}