{"id":73569,"date":"2023-12-04T14:51:32","date_gmt":"2023-12-04T13:51:32","guid":{"rendered":"https:\/\/zfl-lernen.de\/?page_id=73569"},"modified":"2024-05-24T14:55:01","modified_gmt":"2024-05-24T12:55:01","slug":"bilder","status":"publish","type":"page","link":"https:\/\/zfl-lernen.de\/en\/lernmaterial_erstellen_wordpress\/bilder\/","title":{"rendered":"Bilder"},"content":{"rendered":"<div class=\"wpb-content-wrapper\"><div class=\"vc_row wpb_row vc_row-fluid\"><div class=\"wpb_column vc_column_container vc_col-sm-12\"><div class=\"vc_column-inner\"><div class=\"wpb_wrapper\">\n\t<div class=\"wpb_text_column wpb_content_element\" >\n\t\t<div class=\"wpb_wrapper\">\n\t\t\t<h2>Bilder<\/h2>\n\n\t\t<\/div>\n\t<\/div>\n<\/div><\/div><\/div><\/div><div class=\"vc_row wpb_row vc_row-fluid\"><div class=\"wpb_column vc_column_container vc_col-sm-12\"><div class=\"vc_column-inner\"><div class=\"wpb_wrapper\">\n\t<div class=\"wpb_text_column wpb_content_element\" >\n\t\t<div class=\"wpb_wrapper\">\n\t\t\t<h3>1. Einstellungen und Eigenschaften von Bildern<\/h3>\n\n\t\t<\/div>\n\t<\/div>\n<\/div><\/div><\/div><\/div><div class=\"vc_row wpb_row vc_row-fluid\"><div class=\"wpb_column vc_column_container vc_col-sm-12\"><div class=\"vc_column-inner\"><div class=\"wpb_wrapper\">\n\t<div class=\"wpb_text_column wpb_content_element\" >\n\t\t<div class=\"wpb_wrapper\">\n\t\t\t<p>M\u00f6chten Sie ein Bild in ein Lernmodul oder einen Online-Kurs einbinden, klicken Sie entweder auf die Schaltfl\u00e4che &#8222;Datei hinzuf\u00fcgen&#8220; in den Einstellungen f\u00fcr den Textbereich (f\u00fcr Lernmodule) oder w\u00e4hlen Sie das WordPress-Element &#8222;Einzelbild&#8220; (f\u00fcr Online-Kurse) aus. Wenn Sie ein neues Bild hochladen, achten Sie darauf, das Bild in den entsprechenden Ordner in der Medienbibliothek einzusortieren. Weitere Informationen dazu finden Sie im Artikel <strong><a href=\"https:\/\/zfl-lernen.de\/en\/anleitung-zur-erstellung\/medienbibliothek\/\">&#8222;Medienbibliothek&#8220;<\/a><\/strong>.<\/p>\n\n\t\t<\/div>\n\t<\/div>\n<\/div><\/div><\/div><\/div><div class=\"vc_row wpb_row vc_row-fluid\"><div class=\"wpb_column vc_column_container vc_col-sm-8\"><div class=\"vc_column-inner\"><div class=\"wpb_wrapper\">\n\t<div class=\"wpb_text_column wpb_content_element\" >\n\t\t<div class=\"wpb_wrapper\">\n\t\t\t<p>Durch Klick auf das Bild kann anschlie\u00dfend die Ausrichtung des Bildes ver\u00e4ndert werden. Ebenso k\u00f6nnen weitere Einstellungen durch Klick auf das Stifticon vorgenommen werden.<\/p>\n\n\t\t<\/div>\n\t<\/div>\n<\/div><\/div><\/div><div class=\"wpb_column vc_column_container vc_col-sm-4\"><div class=\"vc_column-inner\"><div class=\"wpb_wrapper\">\n\t<div  class=\"wpb_single_image wpb_content_element vc_align_left wpb_content_element\">\n\t\t\n\t\t<figure class=\"wpb_wrapper vc_figure\">\n\t\t\t<div class=\"vc_single_image-wrapper   vc_box_border_grey\"><img loading=\"lazy\" decoding=\"async\" width=\"283\" height=\"71\" src=\"https:\/\/zfl-lernen.de\/wp-content\/uploads\/Bildeinstellungen.png\" class=\"vc_single_image-img attachment-full\" alt=\"Screenshort der Bildeinstellungen zur Bearbeitung eines Bildes in WordPress\" title=\"zfl_Anleitung zur Erstellung_Bildeinstellungen\" srcset=\"https:\/\/zfl-lernen.de\/wp-content\/uploads\/Bildeinstellungen.png 283w, https:\/\/zfl-lernen.de\/wp-content\/uploads\/Bildeinstellungen-18x5.png 18w\" sizes=\"auto, (max-width: 283px) 100vw, 283px\" \/><\/div>\n\t\t<\/figure>\n\t<\/div>\n<\/div><\/div><\/div><\/div><div class=\"vc_row wpb_row vc_row-fluid\"><div class=\"wpb_column vc_column_container vc_col-sm-12\"><div class=\"vc_column-inner\"><div class=\"wpb_wrapper\">\n\t<div class=\"wpb_text_column wpb_content_element\" >\n\t\t<div class=\"wpb_wrapper\">\n\t\t\t<p>Das Startbild eines Lernmoduls und eines Online-Kurses hat die Ausrichtung &#8222;Links&#8220; und die Gr\u00f6\u00dfe &#8222;Mittel&#8220; bzw. &#8222;Medium&#8220;.<\/p>\n<p>Damit im Lernmodul das Bild mit abgerundeten Ecken dargestellt wird, muss ihm bei den Bild-Details die CSS-Klasse &#8222;flex_container__image&#8220; zugewiesen werden, die in das Feld &#8222;Bild-CSS-Klasse&#8220; eingetragen wird (siehe Screenshot).<\/p>\n<p>Damit das Startbild eines Online-Kurses rund dargestellt wird, w\u00e4hlen Sie in den Einstellungen f\u00fcr das Einzelbild unter &#8222;Bildstil&#8220; den Wert &#8222;Circle&#8220; aus.<\/p>\n<p>Aus Gr\u00fcnden der Barrierefreiheit muss auch ein Alternativtext eingetragen werden. Zudem m\u00fcssen Quellenangaben hinzugef\u00fcgt werden. F\u00fcr Lernmodule muss der Autor oder die Autorin im Feld &#8222;Beschriftung&#8220; eingetragen werden (siehe Screenshot unten). In Online-Kursen sollte diese Information direkt unter dem Bild eingetragen werden (siehe <strong><a href=\"https:\/\/zfl-lernen.de\/en\/vorlage-online-kurs\/\" target=\"_blank\" rel=\"noopener\">&#8222;Vorlage Online-Kurs&#8220;<\/a><\/strong>).<\/p>\n\n\t\t<\/div>\n\t<\/div>\n<div class=\"vc_empty_space\"   style=\"height: 20px\"><span class=\"vc_empty_space_inner\"><\/span><\/div>\n\t<div  class=\"wpb_single_image wpb_content_element vc_align_center wpb_content_element\">\n\t\t\n\t\t<figure class=\"wpb_wrapper vc_figure\">\n\t\t\t<div class=\"vc_single_image-wrapper   vc_box_border_grey\"><img loading=\"lazy\" decoding=\"async\" width=\"1159\" height=\"686\" src=\"https:\/\/zfl-lernen.de\/wp-content\/uploads\/Bild-Willkommenseite.png\" class=\"vc_single_image-img attachment-full\" alt=\"\" title=\"Bild-Willkommenseite\" srcset=\"https:\/\/zfl-lernen.de\/wp-content\/uploads\/Bild-Willkommenseite.png 1159w, https:\/\/zfl-lernen.de\/wp-content\/uploads\/Bild-Willkommenseite-300x178.png 300w, https:\/\/zfl-lernen.de\/wp-content\/uploads\/Bild-Willkommenseite-1024x606.png 1024w, https:\/\/zfl-lernen.de\/wp-content\/uploads\/Bild-Willkommenseite-768x455.png 768w\" sizes=\"auto, (max-width: 1159px) 100vw, 1159px\" \/><\/div>\n\t\t<\/figure>\n\t<\/div>\n<div class=\"vc_empty_space\"   style=\"height: 20px\"><span class=\"vc_empty_space_inner\"><\/span><\/div><\/div><\/div><\/div><\/div><div class=\"vc_row wpb_row vc_row-fluid\"><div class=\"wpb_column vc_column_container vc_col-sm-12\"><div class=\"vc_column-inner\"><div class=\"wpb_wrapper\">\n\t<div class=\"wpb_text_column wpb_content_element\" >\n\t\t<div class=\"wpb_wrapper\">\n\t\t\t<h3>2. Nutzung von Bildern (Lizenzen)<\/h3>\n\n\t\t<\/div>\n\t<\/div>\n<\/div><\/div><\/div><\/div><div class=\"vc_row wpb_row vc_row-fluid\"><div class=\"wpb_column vc_column_container vc_col-sm-12\"><div class=\"vc_column-inner\"><div class=\"wpb_wrapper\">\n\t<div class=\"wpb_text_column wpb_content_element\" >\n\t\t<div class=\"wpb_wrapper\">\n\t\t\t<p>Bilder, die in den offenen lizenzierten Lernmodulen verwendet werden, m\u00fcssen ebenso offen lizenziert sein. Hilfe bei der Suche nach solchen Bildern finden Sie im Artikel <strong><a href=\"https:\/\/zfl-lernen.de\/en\/anleitung-zur-erstellung\/oer-und-lizenzen\/\" target=\"_blank\" rel=\"noreferrer noopener\">&#8222;OER und Lizenzen&#8220;<\/a><\/strong><a href=\"https:\/\/zfl-lernen.de\/en\/anleitung-zur-erstellung\/oer-und-lizenzen\/\" target=\"_blank\" rel=\"noreferrer noopener\">. <\/a>Bitte beachten Sie, dass die entsprechenden Bildlizenzen im Impressum hinterlegt sein m\u00fcssen!<\/p>\n\n\t\t<\/div>\n\t<\/div>\n<div class=\"vc_empty_space\"   style=\"height: 20px\"><span class=\"vc_empty_space_inner\"><\/span><\/div><\/div><\/div><\/div><\/div><div class=\"vc_row wpb_row vc_row-fluid\"><div class=\"wpb_column vc_column_container vc_col-sm-12\"><div class=\"vc_column-inner\"><div class=\"wpb_wrapper\">\n\t<div class=\"wpb_text_column wpb_content_element\" >\n\t\t<div class=\"wpb_wrapper\">\n\t\t\t<h3>3. Vollbild-Modus bei Bildern<\/h3>\n\n\t\t<\/div>\n\t<\/div>\n<\/div><\/div><\/div><\/div><div class=\"vc_row wpb_row vc_row-fluid\"><div class=\"wpb_column vc_column_container vc_col-sm-12\"><div class=\"vc_column-inner\"><div class=\"wpb_wrapper\">\n\t<div class=\"wpb_text_column wpb_content_element\" >\n\t\t<div class=\"wpb_wrapper\">\n\t\t\t<p>Vor allem bei Bildern, die Texte beinhalten und nicht gut lesbar sind, empfiehlt sich der Einsatz des Vollbildmodus.<\/p>\n<p>Gehen Sie zun\u00e4chst in die Einstellungen des Bildes (klicken Sie auf das Stift-Symbol). Im Reiter &#8222;Allgemeine Einstellungen&#8220; w\u00e4hlen Sie im Drop-Down-Menu &#8222;Aktion beim Klicken&#8220; bitte &#8222;Link zum gro\u00dfen Bild&#8220; aus. Im daraufhin erscheinen Drop-Down-Menu &#8222;Linkziel&#8220; w\u00e4hlen Sie bitte &#8222;Neues Fenster&#8220; aus. So wird durch Klick auf das Bild das Bild in einem neuen Fenster ge\u00f6ffnet.<\/p>\n\n\t\t<\/div>\n\t<\/div>\n\n\t<div class=\"wpb_text_column wpb_content_element\" >\n\t\t<div class=\"wpb_wrapper\">\n\t\t\t<p>Damit dies f\u00fcr den Endanwender ersichtlich ist, erg\u00e4nzen Sie bitte oberhalb des Bildes das Icon &#8222;Hinweise&#8220; und schreiben Sie als Hinweistext z.B. &#8222;Durch Klick auf die unten stehende Grafik \u00f6ffnet sich die Grafik in einem neuen Fenster.&#8220;<\/p>\n\n\t\t<\/div>\n\t<\/div>\n<\/div><\/div><\/div><\/div>\n<\/div>"},"excerpt":{"rendered":"Bilder 1. Einstellungen und Eigenschaften von Bildern M\u00f6chten Sie ein Bild in ein Lernmodul oder einen Online-Kurs einbinden, klicken Sie entweder auf die Schaltfl\u00e4che \"Datei hinzuf\u00fcgen\" in den Einstellungen f\u00fcr den Textbereich (f\u00fcr Lernmodule) oder w\u00e4hlen Sie das WordPress-Element \"Einzelbild\" &hellip;","protected":false},"author":4,"featured_media":0,"parent":73536,"menu_order":0,"comment_status":"closed","ping_status":"closed","template":"","meta":{"_acf_changed":false,"footnotes":""},"categories":[1240],"tags":[],"kooperation":[],"class_list":["post-73569","page","type-page","status-publish","hentry","category-anleitung-zur-erstellung"],"acf":[],"yoast_head":"<!-- This site is optimized with the Yoast SEO plugin v27.1.1 - https:\/\/yoast.com\/product\/yoast-seo-wordpress\/ -->\n<title>Bilder - ZfL Lernen<\/title>\n<meta name=\"robots\" content=\"index, follow, max-snippet:-1, max-image-preview:large, max-video-preview:-1\" \/>\n<link rel=\"canonical\" href=\"https:\/\/zfl-lernen.de\/en\/lernmaterial_erstellen_wordpress\/bilder\/\" \/>\n<meta property=\"og:locale\" content=\"en_US\" \/>\n<meta property=\"og:type\" content=\"article\" \/>\n<meta property=\"og:title\" content=\"Bilder - ZfL Lernen\" \/>\n<meta property=\"og:url\" content=\"https:\/\/zfl-lernen.de\/en\/lernmaterial_erstellen_wordpress\/bilder\/\" \/>\n<meta property=\"og:site_name\" content=\"ZfL Lernen\" \/>\n<meta property=\"article:publisher\" content=\"https:\/\/www.facebook.com\/zflkoeln\" \/>\n<meta property=\"article:modified_time\" content=\"2024-05-24T12:55:01+00:00\" \/>\n<meta property=\"og:image\" content=\"https:\/\/zfl-lernen.de\/wp-content\/uploads\/zfl-logo_neu-1.png\" \/>\n\t<meta property=\"og:image:width\" content=\"300\" \/>\n\t<meta property=\"og:image:height\" content=\"161\" \/>\n\t<meta property=\"og:image:type\" content=\"image\/png\" \/>\n<meta name=\"twitter:card\" content=\"summary_large_image\" \/>\n<meta name=\"twitter:site\" content=\"@Lehrer_innen\" \/>\n<meta name=\"twitter:label1\" content=\"Est. reading time\" \/>\n\t<meta name=\"twitter:data1\" content=\"3 minutes\" \/>\n<script type=\"application\/ld+json\" class=\"yoast-schema-graph\">{\"@context\":\"https:\/\/schema.org\",\"@graph\":[{\"@type\":\"WebPage\",\"@id\":\"https:\/\/zfl-lernen.de\/lernmaterial_erstellen_wordpress\/bilder\/\",\"url\":\"https:\/\/zfl-lernen.de\/lernmaterial_erstellen_wordpress\/bilder\/\",\"name\":\"Bilder - ZfL Lernen\",\"isPartOf\":{\"@id\":\"https:\/\/zfl-lernen.de\/#website\"},\"datePublished\":\"2023-12-04T13:51:32+00:00\",\"dateModified\":\"2024-05-24T12:55:01+00:00\",\"breadcrumb\":{\"@id\":\"https:\/\/zfl-lernen.de\/lernmaterial_erstellen_wordpress\/bilder\/#breadcrumb\"},\"inLanguage\":\"en-US\",\"potentialAction\":[{\"@type\":\"ReadAction\",\"target\":[\"https:\/\/zfl-lernen.de\/lernmaterial_erstellen_wordpress\/bilder\/\"]}]},{\"@type\":\"BreadcrumbList\",\"@id\":\"https:\/\/zfl-lernen.de\/lernmaterial_erstellen_wordpress\/bilder\/#breadcrumb\",\"itemListElement\":[{\"@type\":\"ListItem\",\"position\":1,\"name\":\"Startseite\",\"item\":\"https:\/\/zfl-lernen.de\/\"},{\"@type\":\"ListItem\",\"position\":2,\"name\":\"Lernmaterial erstellen mit WordPress\",\"item\":\"https:\/\/zfl-lernen.de\/lernmaterial_erstellen_wordpress\/\"},{\"@type\":\"ListItem\",\"position\":3,\"name\":\"Bilder\"}]},{\"@type\":\"WebSite\",\"@id\":\"https:\/\/zfl-lernen.de\/#website\",\"url\":\"https:\/\/zfl-lernen.de\/\",\"name\":\"ZfL Lernen\",\"description\":\"ZfL Offene Bildungsangebote\",\"potentialAction\":[{\"@type\":\"SearchAction\",\"target\":{\"@type\":\"EntryPoint\",\"urlTemplate\":\"https:\/\/zfl-lernen.de\/?s={search_term_string}\"},\"query-input\":{\"@type\":\"PropertyValueSpecification\",\"valueRequired\":true,\"valueName\":\"search_term_string\"}}],\"inLanguage\":\"en-US\"}]}<\/script>\n<!-- \/ Yoast SEO plugin. -->","yoast_head_json":{"title":"Bilder - ZfL Lernen","robots":{"index":"index","follow":"follow","max-snippet":"max-snippet:-1","max-image-preview":"max-image-preview:large","max-video-preview":"max-video-preview:-1"},"canonical":"https:\/\/zfl-lernen.de\/en\/lernmaterial_erstellen_wordpress\/bilder\/","og_locale":"en_US","og_type":"article","og_title":"Bilder - ZfL Lernen","og_url":"https:\/\/zfl-lernen.de\/en\/lernmaterial_erstellen_wordpress\/bilder\/","og_site_name":"ZfL Lernen","article_publisher":"https:\/\/www.facebook.com\/zflkoeln","article_modified_time":"2024-05-24T12:55:01+00:00","og_image":[{"width":300,"height":161,"url":"https:\/\/zfl-lernen.de\/wp-content\/uploads\/zfl-logo_neu-1.png","type":"image\/png"}],"twitter_card":"summary_large_image","twitter_site":"@Lehrer_innen","twitter_misc":{"Est. reading time":"3 minutes"},"schema":{"@context":"https:\/\/schema.org","@graph":[{"@type":"WebPage","@id":"https:\/\/zfl-lernen.de\/lernmaterial_erstellen_wordpress\/bilder\/","url":"https:\/\/zfl-lernen.de\/lernmaterial_erstellen_wordpress\/bilder\/","name":"Bilder - ZfL Lernen","isPartOf":{"@id":"https:\/\/zfl-lernen.de\/#website"},"datePublished":"2023-12-04T13:51:32+00:00","dateModified":"2024-05-24T12:55:01+00:00","breadcrumb":{"@id":"https:\/\/zfl-lernen.de\/lernmaterial_erstellen_wordpress\/bilder\/#breadcrumb"},"inLanguage":"en-US","potentialAction":[{"@type":"ReadAction","target":["https:\/\/zfl-lernen.de\/lernmaterial_erstellen_wordpress\/bilder\/"]}]},{"@type":"BreadcrumbList","@id":"https:\/\/zfl-lernen.de\/lernmaterial_erstellen_wordpress\/bilder\/#breadcrumb","itemListElement":[{"@type":"ListItem","position":1,"name":"Startseite","item":"https:\/\/zfl-lernen.de\/"},{"@type":"ListItem","position":2,"name":"Lernmaterial erstellen mit WordPress","item":"https:\/\/zfl-lernen.de\/lernmaterial_erstellen_wordpress\/"},{"@type":"ListItem","position":3,"name":"Bilder"}]},{"@type":"WebSite","@id":"https:\/\/zfl-lernen.de\/#website","url":"https:\/\/zfl-lernen.de\/","name":"ZfL Lernen","description":"ZfL Offene Bildungsangebote","potentialAction":[{"@type":"SearchAction","target":{"@type":"EntryPoint","urlTemplate":"https:\/\/zfl-lernen.de\/?s={search_term_string}"},"query-input":{"@type":"PropertyValueSpecification","valueRequired":true,"valueName":"search_term_string"}}],"inLanguage":"en-US"}]}},"_links":{"self":[{"href":"https:\/\/zfl-lernen.de\/en\/wp-json\/wp\/v2\/pages\/73569","targetHints":{"allow":["GET"]}}],"collection":[{"href":"https:\/\/zfl-lernen.de\/en\/wp-json\/wp\/v2\/pages"}],"about":[{"href":"https:\/\/zfl-lernen.de\/en\/wp-json\/wp\/v2\/types\/page"}],"author":[{"embeddable":true,"href":"https:\/\/zfl-lernen.de\/en\/wp-json\/wp\/v2\/users\/4"}],"replies":[{"embeddable":true,"href":"https:\/\/zfl-lernen.de\/en\/wp-json\/wp\/v2\/comments?post=73569"}],"version-history":[{"count":7,"href":"https:\/\/zfl-lernen.de\/en\/wp-json\/wp\/v2\/pages\/73569\/revisions"}],"predecessor-version":[{"id":78053,"href":"https:\/\/zfl-lernen.de\/en\/wp-json\/wp\/v2\/pages\/73569\/revisions\/78053"}],"up":[{"embeddable":true,"href":"https:\/\/zfl-lernen.de\/en\/wp-json\/wp\/v2\/pages\/73536"}],"wp:attachment":[{"href":"https:\/\/zfl-lernen.de\/en\/wp-json\/wp\/v2\/media?parent=73569"}],"wp:term":[{"taxonomy":"category","embeddable":true,"href":"https:\/\/zfl-lernen.de\/en\/wp-json\/wp\/v2\/categories?post=73569"},{"taxonomy":"post_tag","embeddable":true,"href":"https:\/\/zfl-lernen.de\/en\/wp-json\/wp\/v2\/tags?post=73569"},{"taxonomy":"kooperation","embeddable":true,"href":"https:\/\/zfl-lernen.de\/en\/wp-json\/wp\/v2\/kooperation?post=73569"}],"curies":[{"name":"wp","href":"https:\/\/api.w.org\/{rel}","templated":true}]}}