{"id":73576,"date":"2023-12-04T14:54:06","date_gmt":"2023-12-04T13:54:06","guid":{"rendered":"https:\/\/zfl-lernen.de\/?page_id=73576"},"modified":"2024-12-10T13:19:39","modified_gmt":"2024-12-10T12:19:39","slug":"interaktive-elemente-h5p","status":"publish","type":"page","link":"https:\/\/zfl-lernen.de\/en\/lernmaterial_erstellen_wordpress\/interaktive-elemente-h5p\/","title":{"rendered":"Interaktive Elemente &#8211; H5P"},"content":{"rendered":"<div class=\"wpb-content-wrapper\"><div class=\"vc_row wpb_row vc_row-fluid\"><div class=\"wpb_column vc_column_container vc_col-sm-12\"><div class=\"vc_column-inner\"><div class=\"wpb_wrapper\">\n\t<div class=\"wpb_text_column wpb_content_element\" >\n\t\t<div class=\"wpb_wrapper\">\n\t\t\t<h2>H5P<\/h2>\n\n\t\t<\/div>\n\t<\/div>\n<\/div><\/div><\/div><\/div><div class=\"vc_row wpb_row vc_row-fluid\"><div class=\"wpb_column vc_column_container vc_col-sm-12\"><div class=\"vc_column-inner\"><div class=\"wpb_wrapper\">\n\t<div class=\"wpb_text_column wpb_content_element\" >\n\t\t<div class=\"wpb_wrapper\">\n\t\t\t<p>H5P ist eine einfache M\u00f6glichkeit, interaktive Inhalte in Ihre Kurse einzubinden. Damit werden z. B. auch Lernzielkontrollen erstellt. Einen \u00dcberblick \u00fcber diese Funktionsvielfalt erhalten Sie in einer sehr guten Dokumentation auf der <a href=\"https:\/\/h5p.org\/documentation\/for-authors\/tutorials\"><strong>H5P-Webseite<\/strong><\/a>.<\/p>\n\n\t\t<\/div>\n\t<\/div>\n<\/div><\/div><\/div><\/div><div class=\"vc_row wpb_row vc_row-fluid\"><div class=\"wpb_column vc_column_container vc_col-sm-6\"><div class=\"vc_column-inner\"><div class=\"wpb_wrapper\"><div class=\"vc-hoverbox-wrapper  kachel-header-front vc-hoverbox-shape--rounded vc-hoverbox-align--center vc-hoverbox-direction--default vc-hoverbox-width--100\"  ontouchstart=\"\">\n  <div class=\"vc-hoverbox\">\n    <div class=\"vc-hoverbox-inner\">\n      <div class=\"vc-hoverbox-block vc-hoverbox-front\" style=\"background-image: url(https:\/\/zfl-lernen.de\/wp-content\/uploads\/hg_hoverbox_default_2.jpg);\">\n        <div class=\"vc-hoverbox-block-inner vc-hoverbox-front-inner\">\n            <h2 style=\"text-align: left\" class=\"vc_custom_heading vc_do_custom_heading kachel-header\" >Einstieg in H5P: Erstellung interaktiver Lehr-Lernmaterialien<\/h2>\n        <\/div>\n      <\/div>\n      <div class=\"vc-hoverbox-block vc-hoverbox-back\" style=\"background-color: #ebebeb;\">\n        <div class=\"vc-hoverbox-block-inner vc-hoverbox-back-inner\">\n            \n            <p>In diesem Lernmodul erhalten Sie einen Einstieg in H5P<\/p>\n\n            <div class=\"vc_btn3-container vc_btn3-inline vc_do_btn\" ><a class=\"vc_general vc_btn3 vc_btn3-size-md vc_btn3-shape-square vc_btn3-style-flat vc_btn3-color-inverse\" href=\"https:\/\/digill.de\/course\/einstieg-in-h5p-erstellung-interaktiver-lehr-lernmaterialien\/\" title=\"\" target=\"_blank\">Zum Lernmodul \"Einstieg in H5P: Erstellung interaktiver Lehr-Lernmaterialien\"<\/a><\/div>\n        <\/div>\n      <\/div>\n    <\/div>\n  <\/div>\n<\/div><\/div><\/div><\/div><div class=\"wpb_column vc_column_container vc_col-sm-6\"><div class=\"vc_column-inner\"><div class=\"wpb_wrapper\"><div class=\"vc-hoverbox-wrapper  kachel-header-front vc-hoverbox-shape--rounded vc-hoverbox-align--center vc-hoverbox-direction--default vc-hoverbox-width--100\"  ontouchstart=\"\">\n  <div class=\"vc-hoverbox\">\n    <div class=\"vc-hoverbox-inner\">\n      <div class=\"vc-hoverbox-block vc-hoverbox-front\" style=\"background-image: url(https:\/\/zfl-lernen.de\/wp-content\/uploads\/hg_hoverbox_default_2.jpg);\">\n        <div class=\"vc-hoverbox-block-inner vc-hoverbox-front-inner\">\n            <h2 style=\"text-align: left\" class=\"vc_custom_heading vc_do_custom_heading kachel-header\" >H5P als interaktives Mittel<\/h2>\n        <\/div>\n      <\/div>\n      <div class=\"vc-hoverbox-block vc-hoverbox-back\" style=\"background-color: #ebebeb;\">\n        <div class=\"vc-hoverbox-block-inner vc-hoverbox-back-inner\">\n            \n            <p>Dieses Lernmodul gibt Ihnen eine \u00dcberblick \u00fcber Gestaltungsm\u00f6glichkeiten mit H5P<\/p>\n\n            <div class=\"vc_btn3-container vc_btn3-inline vc_do_btn\" ><a class=\"vc_general vc_btn3 vc_btn3-size-md vc_btn3-shape-square vc_btn3-style-flat vc_btn3-color-inverse\" href=\"https:\/\/digill.de\/course\/h5p-als-interaktives-mittel\/\" title=\"\" target=\"_blank\">Zum Lernmodul \"H5P als interaktives Mittel\"<\/a><\/div>\n        <\/div>\n      <\/div>\n    <\/div>\n  <\/div>\n<\/div><\/div><\/div><\/div><\/div><div class=\"vc_row wpb_row vc_row-fluid\"><div class=\"wpb_column vc_column_container vc_col-sm-12\"><div class=\"vc_column-inner\"><div class=\"wpb_wrapper\"><div class=\"vc_empty_space\"   style=\"height: 60px\"><span class=\"vc_empty_space_inner\"><\/span><\/div>\n\t<div class=\"wpb_text_column wpb_content_element\" >\n\t\t<div class=\"wpb_wrapper\">\n\t\t\t<h3>1. Wie erstelle ich ein H5P-Element?<\/h3>\n\n\t\t<\/div>\n\t<\/div>\n<\/div><\/div><\/div><\/div><div class=\"vc_row wpb_row vc_row-fluid\"><div class=\"wpb_column vc_column_container vc_col-sm-12\"><div class=\"vc_column-inner\"><div class=\"wpb_wrapper\">\n\t<div class=\"wpb_text_column wpb_content_element\" >\n\t\t<div class=\"wpb_wrapper\">\n\t\t\t<p>H5P-Inhalte k\u00f6nnen Sie in einem separatem Men\u00fc erstellen. Dieses Men\u00fc befindet sich in WordPress in der linken Seitenleiste und hei\u00dft <strong>&#8222;H5P-Inhalte&#8220;<\/strong>. Dort k\u00f6nnen Sie ein neues H5P-Element erstellen und sich Ihren gew\u00fcnschten Inhalt aussuchen. H5P bietet vielf\u00e4ltige M\u00f6glichkeiten, interaktive Inhalte zu erstellen.<\/p>\n\n\t\t<\/div>\n\t<\/div>\n<div class=\"vc_empty_space\"   style=\"height: 40px\"><span class=\"vc_empty_space_inner\"><\/span><\/div><\/div><\/div><\/div><\/div><div class=\"vc_row wpb_row vc_row-fluid\"><div class=\"wpb_column vc_column_container vc_col-sm-12\"><div class=\"vc_column-inner\"><div class=\"wpb_wrapper\">\n\t<div class=\"wpb_text_column wpb_content_element\" >\n\t\t<div class=\"wpb_wrapper\">\n\t\t\t<h3>1.1 \u00dcbersicht der H5P-Inhaltstypen in WordPress<\/h3>\n\n\t\t<\/div>\n\t<\/div>\n<\/div><\/div><\/div><\/div><div class=\"vc_row wpb_row vc_row-fluid\"><div class=\"wpb_column vc_column_container vc_col-sm-12\"><div class=\"vc_column-inner\"><div class=\"wpb_wrapper\">\n\t<div class=\"wpb_text_column wpb_content_element\" >\n\t\t<div class=\"wpb_wrapper\">\n\t\t\t<p>Mit Klick auf die oberste Leiste \u00f6ffnen sich alle Inhaltstypen von H5P. Diese Liste kann nach Belieben geordnet werden nach: 1. &#8222;zuletzt verwendete zuerst&#8220;, 2. &#8222;neueste zuerst&#8220; und 3. &#8222;von A bis Z&#8220;. Zudem kann man nach einem bestimmten Inhaltstyp suchen. Mit Klick auf <strong>&#8222;Details&#8220;<\/strong> wird der Inhaltstyp auf englisch mit Bildern genauer beschrieben. In einer Inhaltsdemo kann man den ausgew\u00e4hlten Inhaltstyp ausprobieren. Im gleichen Fenster kann man anschlie\u00dfend den Inhaltstyp benutzen.<\/p>\n<p><!-- \/wp:post-content --><\/p>\n\n\t\t<\/div>\n\t<\/div>\n<div class=\"vc_empty_space\"   style=\"height: 30px\"><span class=\"vc_empty_space_inner\"><\/span><\/div><\/div><\/div><\/div><\/div><div class=\"vc_row wpb_row vc_row-fluid\"><div class=\"wpb_column vc_column_container vc_col-sm-12\"><div class=\"vc_column-inner\"><div class=\"wpb_wrapper\">\n\t<div class=\"wpb_text_column wpb_content_element\" >\n\t\t<div class=\"wpb_wrapper\">\n\t\t\t<h3>1.2 H5P-Element Detaildarstellung<\/h3>\n\n\t\t<\/div>\n\t<\/div>\n<\/div><\/div><\/div><\/div><div class=\"vc_row wpb_row vc_row-fluid\"><div class=\"wpb_column vc_column_container vc_col-sm-12\"><div class=\"vc_column-inner\"><div class=\"wpb_wrapper\">\n\t<div  class=\"wpb_single_image wpb_content_element vc_align_left wpb_content_element\">\n\t\t\n\t\t<figure class=\"wpb_wrapper vc_figure\">\n\t\t\t<div class=\"vc_single_image-wrapper   vc_box_border_grey\"><img loading=\"lazy\" decoding=\"async\" width=\"1538\" height=\"1246\" src=\"https:\/\/zfl-lernen.de\/wp-content\/uploads\/Demo.jpg\" class=\"vc_single_image-img attachment-full\" alt=\"Beschreibung mit Bildern vom Accordion\" title=\"zfl_wiki_Beschreibung_Bilder_Demo\" srcset=\"https:\/\/zfl-lernen.de\/wp-content\/uploads\/Demo.jpg 1538w, https:\/\/zfl-lernen.de\/wp-content\/uploads\/Demo-300x243.jpg 300w, https:\/\/zfl-lernen.de\/wp-content\/uploads\/Demo-768x622.jpg 768w, https:\/\/zfl-lernen.de\/wp-content\/uploads\/Demo-1024x830.jpg 1024w\" sizes=\"auto, (max-width: 1538px) 100vw, 1538px\" \/><\/div>\n\t\t<\/figure>\n\t<\/div>\n<div class=\"vc_empty_space\"   style=\"height: 20px\"><span class=\"vc_empty_space_inner\"><\/span><\/div><\/div><\/div><\/div><\/div><div class=\"vc_row wpb_row vc_row-fluid\"><div class=\"wpb_column vc_column_container vc_col-sm-2\"><div class=\"vc_column-inner\"><div class=\"wpb_wrapper\">\n\t<div  class=\"wpb_single_image wpb_content_element vc_align_left wpb_content_element\">\n\t\t\n\t\t<figure class=\"wpb_wrapper vc_figure\">\n\t\t\t<div class=\"vc_single_image-wrapper   vc_box_border_grey\"><img loading=\"lazy\" decoding=\"async\" width=\"150\" height=\"150\" src=\"https:\/\/zfl-lernen.de\/wp-content\/uploads\/ico_hinweis-150x150.png\" class=\"vc_single_image-img attachment-thumbnail\" alt=\"Icon Hinweis\" title=\"ico_hinweis\" srcset=\"https:\/\/zfl-lernen.de\/wp-content\/uploads\/ico_hinweis-150x150.png 150w, https:\/\/zfl-lernen.de\/wp-content\/uploads\/ico_hinweis-12x12.png 12w, https:\/\/zfl-lernen.de\/wp-content\/uploads\/ico_hinweis.png 200w\" sizes=\"auto, (max-width: 150px) 100vw, 150px\" \/><\/div>\n\t\t<\/figure>\n\t<\/div>\n<\/div><\/div><\/div><div class=\"wpb_column vc_column_container vc_col-sm-10\"><div class=\"vc_column-inner\"><div class=\"wpb_wrapper\">\n\t<div class=\"wpb_text_column wpb_content_element\" >\n\t\t<div class=\"wpb_wrapper\">\n\t\t\t<p>Auch bei der Benennung von H5P-Elementen folgen wir der bereits bekannten Benennungsregel: <strong>Absender_Name des Lernmoduls_Seite aus dem Lernmodul<\/strong>. In unserem Beispiel &#8222;Lernmodul Medienkonzeption&#8220; w\u00fcrde ein auf der Seite &#8222;Lernziele&#8220; hochgeladenes H5P-Element &#8222;ZfL_Medienkonzeption_Lernziele&#8220; benannt. So lassen sich alle Inhalte zum Lernmodul einfach und \u00fcbersichtlich organisieren.<\/p>\n\n\t\t<\/div>\n\t<\/div>\n<\/div><\/div><\/div><\/div><div class=\"vc_row wpb_row vc_row-fluid\"><div class=\"wpb_column vc_column_container vc_col-sm-12\"><div class=\"vc_column-inner\"><div class=\"wpb_wrapper\"><div class=\"vc_empty_space\"   style=\"height: 50px\"><span class=\"vc_empty_space_inner\"><\/span><\/div>\n\t<div class=\"wpb_text_column wpb_content_element\" >\n\t\t<div class=\"wpb_wrapper\">\n\t\t\t<h3>2. Verbreitung &amp; Datenschutz<\/h3>\n\n\t\t<\/div>\n\t<\/div>\n<\/div><\/div><\/div><\/div><div class=\"vc_row wpb_row vc_row-fluid\"><div class=\"wpb_column vc_column_container vc_col-sm-12\"><div class=\"vc_column-inner\"><div class=\"wpb_wrapper\">\n\t<div class=\"wpb_text_column wpb_content_element\" >\n\t\t<div class=\"wpb_wrapper\">\n\t\t\t<p>Das Ziel der Plattform &#8222;ZfL Lernen&#8220; ist es, Open Education Resources (OER) bereitzustellen. Essenziell dazu ist es, die gelieferten Inhalten zur Weiterverwendung verf\u00fcgbar zu machen. H5P bietet hier die M\u00f6glichkeit, eine &#8222;Einbettungsleiste&#8220; einzubauen. Dazu sollten Sie Folgendes beachten:<\/p>\n<div class=\"su-tabs su-tabs-style-default su-tabs-mobile-stack\" data-active=\"1\" data-scroll-offset=\"0\" data-anchor-in-url=\"no\"><div class=\"su-tabs-nav\"><span class=\"\" data-url=\"\" data-target=\"blank\" tabindex=\"0\" role=\"button\">Symbolleiste<\/span><span class=\"\" data-url=\"\" data-target=\"blank\" tabindex=\"0\" role=\"button\">Metadaten eingeben<\/span><\/div><div class=\"su-tabs-panes\"><div class=\"su-tabs-pane su-u-clearfix su-u-trim\" data-title=\"Symbolleiste\">Die Symbolleiste sollte beim Erstellen eines neuen H5P-Elements automatisch aktiviert werden, jedoch ist es zu empfehlen, das zu kontrollieren. Befindet man sich im Bearbeitungsmodus eines H5P-Elements, erscheint auf der rechten Seite ein mit &#8222;Anzeige&#8220; betitelter Bereich. Dort m\u00fcssen &#8222;Symbolleiste unterhalb des Inhalts anzeigen&#8220; und die zwei Unterpunkte, die entsprechend auftauchen, aktiviert werden.<\/div>\n<div class=\"su-tabs-pane su-u-clearfix su-u-trim\" data-title=\"Metadaten eingeben\">Wichtig ist es, abseits des Aktivierens der Symbolleiste die Metadaten des H5P-Inhalts einzustellen. Befindet man sich im H5P-Bearbeitungsmodus, findet man ganz oben in der ersten Zeile, neben der \u00dcberschrift &#8222;Titel&#8220;, einen Button mit der Inschrift &#8222;Metadaten&#8220;. Klickt man auf diesen, erscheint ein Bearbeitungsfenster. Dort m\u00fcssen nur zwei Sachen zwingend bearbeitet werden: 1. Im Dropdown-Men\u00fc &#8222;License&#8220; muss der Wert &#8222;CC-BY-SA&#8220; ausgew\u00e4hlt werden. Das Dropdown-Men\u00fc License Version wird hierbei automatisch auf den Wert &#8222;4.0&#8220; gesetzt. Das sollte so bleiben. Zuletzt muss ein Autor definiert werden. Der Einfachheit halber wird &#8222;Zentrum f\u00fcr LehrerInnenbildung K\u00f6ln &#8211; Digitale Lehre&#8220; genutzt. Tragen Sie diesen Namen in das Feld &#8222;Author&#8217;s name&#8220; ein.<\/div><\/div><\/div>\n\n\t\t<\/div>\n\t<\/div>\n<\/div><\/div><\/div><\/div><\/div>"},"excerpt":{"rendered":"H5P H5P ist eine einfache M\u00f6glichkeit, interaktive Inhalte in Ihre Kurse einzubinden. Damit werden z. B. auch Lernzielkontrollen erstellt. Einen \u00dcberblick \u00fcber diese Funktionsvielfalt erhalten Sie in einer sehr guten Dokumentation auf der H5P-Webseite. Einstieg in H5P: Erstellung interaktiver Lehr-Lernmaterialien &hellip;","protected":false},"author":4,"featured_media":0,"parent":73536,"menu_order":0,"comment_status":"closed","ping_status":"closed","template":"","meta":{"_acf_changed":false,"footnotes":""},"categories":[1240],"tags":[],"kooperation":[],"class_list":["post-73576","page","type-page","status-publish","hentry","category-anleitung-zur-erstellung"],"acf":[],"yoast_head":"<!-- This site is optimized with the Yoast SEO plugin v27.1.1 - https:\/\/yoast.com\/product\/yoast-seo-wordpress\/ -->\n<title>Interaktive Elemente - H5P - ZfL Lernen<\/title>\n<meta name=\"robots\" content=\"index, follow, max-snippet:-1, max-image-preview:large, max-video-preview:-1\" \/>\n<link rel=\"canonical\" href=\"https:\/\/zfl-lernen.de\/en\/lernmaterial_erstellen_wordpress\/interaktive-elemente-h5p\/\" \/>\n<meta property=\"og:locale\" content=\"en_US\" \/>\n<meta property=\"og:type\" content=\"article\" \/>\n<meta property=\"og:title\" content=\"Interaktive Elemente - H5P - ZfL Lernen\" \/>\n<meta property=\"og:url\" content=\"https:\/\/zfl-lernen.de\/en\/lernmaterial_erstellen_wordpress\/interaktive-elemente-h5p\/\" \/>\n<meta property=\"og:site_name\" content=\"ZfL Lernen\" \/>\n<meta property=\"article:publisher\" content=\"https:\/\/www.facebook.com\/zflkoeln\" \/>\n<meta property=\"article:modified_time\" content=\"2024-12-10T12:19:39+00:00\" \/>\n<meta property=\"og:image\" content=\"https:\/\/zfl-lernen.de\/wp-content\/uploads\/zfl-logo_neu-1.png\" \/>\n\t<meta property=\"og:image:width\" content=\"300\" \/>\n\t<meta property=\"og:image:height\" content=\"161\" \/>\n\t<meta property=\"og:image:type\" content=\"image\/png\" \/>\n<meta name=\"twitter:card\" content=\"summary_large_image\" \/>\n<meta name=\"twitter:site\" content=\"@Lehrer_innen\" \/>\n<meta name=\"twitter:label1\" content=\"Est. reading time\" \/>\n\t<meta name=\"twitter:data1\" content=\"4 minutes\" \/>\n<script type=\"application\/ld+json\" class=\"yoast-schema-graph\">{\"@context\":\"https:\/\/schema.org\",\"@graph\":[{\"@type\":\"WebPage\",\"@id\":\"https:\/\/zfl-lernen.de\/lernmaterial_erstellen_wordpress\/interaktive-elemente-h5p\/\",\"url\":\"https:\/\/zfl-lernen.de\/lernmaterial_erstellen_wordpress\/interaktive-elemente-h5p\/\",\"name\":\"Interaktive Elemente - H5P - ZfL Lernen\",\"isPartOf\":{\"@id\":\"https:\/\/zfl-lernen.de\/#website\"},\"datePublished\":\"2023-12-04T13:54:06+00:00\",\"dateModified\":\"2024-12-10T12:19:39+00:00\",\"breadcrumb\":{\"@id\":\"https:\/\/zfl-lernen.de\/lernmaterial_erstellen_wordpress\/interaktive-elemente-h5p\/#breadcrumb\"},\"inLanguage\":\"en-US\",\"potentialAction\":[{\"@type\":\"ReadAction\",\"target\":[\"https:\/\/zfl-lernen.de\/lernmaterial_erstellen_wordpress\/interaktive-elemente-h5p\/\"]}]},{\"@type\":\"BreadcrumbList\",\"@id\":\"https:\/\/zfl-lernen.de\/lernmaterial_erstellen_wordpress\/interaktive-elemente-h5p\/#breadcrumb\",\"itemListElement\":[{\"@type\":\"ListItem\",\"position\":1,\"name\":\"Startseite\",\"item\":\"https:\/\/zfl-lernen.de\/\"},{\"@type\":\"ListItem\",\"position\":2,\"name\":\"Lernmaterial erstellen mit WordPress\",\"item\":\"https:\/\/zfl-lernen.de\/lernmaterial_erstellen_wordpress\/\"},{\"@type\":\"ListItem\",\"position\":3,\"name\":\"Interaktive Elemente &#8211; H5P\"}]},{\"@type\":\"WebSite\",\"@id\":\"https:\/\/zfl-lernen.de\/#website\",\"url\":\"https:\/\/zfl-lernen.de\/\",\"name\":\"ZfL Lernen\",\"description\":\"ZfL Offene Bildungsangebote\",\"potentialAction\":[{\"@type\":\"SearchAction\",\"target\":{\"@type\":\"EntryPoint\",\"urlTemplate\":\"https:\/\/zfl-lernen.de\/?s={search_term_string}\"},\"query-input\":{\"@type\":\"PropertyValueSpecification\",\"valueRequired\":true,\"valueName\":\"search_term_string\"}}],\"inLanguage\":\"en-US\"}]}<\/script>\n<!-- \/ Yoast SEO plugin. -->","yoast_head_json":{"title":"Interaktive Elemente - H5P - ZfL Lernen","robots":{"index":"index","follow":"follow","max-snippet":"max-snippet:-1","max-image-preview":"max-image-preview:large","max-video-preview":"max-video-preview:-1"},"canonical":"https:\/\/zfl-lernen.de\/en\/lernmaterial_erstellen_wordpress\/interaktive-elemente-h5p\/","og_locale":"en_US","og_type":"article","og_title":"Interaktive Elemente - H5P - ZfL Lernen","og_url":"https:\/\/zfl-lernen.de\/en\/lernmaterial_erstellen_wordpress\/interaktive-elemente-h5p\/","og_site_name":"ZfL Lernen","article_publisher":"https:\/\/www.facebook.com\/zflkoeln","article_modified_time":"2024-12-10T12:19:39+00:00","og_image":[{"width":300,"height":161,"url":"https:\/\/zfl-lernen.de\/wp-content\/uploads\/zfl-logo_neu-1.png","type":"image\/png"}],"twitter_card":"summary_large_image","twitter_site":"@Lehrer_innen","twitter_misc":{"Est. reading time":"4 minutes"},"schema":{"@context":"https:\/\/schema.org","@graph":[{"@type":"WebPage","@id":"https:\/\/zfl-lernen.de\/lernmaterial_erstellen_wordpress\/interaktive-elemente-h5p\/","url":"https:\/\/zfl-lernen.de\/lernmaterial_erstellen_wordpress\/interaktive-elemente-h5p\/","name":"Interaktive Elemente - H5P - ZfL Lernen","isPartOf":{"@id":"https:\/\/zfl-lernen.de\/#website"},"datePublished":"2023-12-04T13:54:06+00:00","dateModified":"2024-12-10T12:19:39+00:00","breadcrumb":{"@id":"https:\/\/zfl-lernen.de\/lernmaterial_erstellen_wordpress\/interaktive-elemente-h5p\/#breadcrumb"},"inLanguage":"en-US","potentialAction":[{"@type":"ReadAction","target":["https:\/\/zfl-lernen.de\/lernmaterial_erstellen_wordpress\/interaktive-elemente-h5p\/"]}]},{"@type":"BreadcrumbList","@id":"https:\/\/zfl-lernen.de\/lernmaterial_erstellen_wordpress\/interaktive-elemente-h5p\/#breadcrumb","itemListElement":[{"@type":"ListItem","position":1,"name":"Startseite","item":"https:\/\/zfl-lernen.de\/"},{"@type":"ListItem","position":2,"name":"Lernmaterial erstellen mit WordPress","item":"https:\/\/zfl-lernen.de\/lernmaterial_erstellen_wordpress\/"},{"@type":"ListItem","position":3,"name":"Interaktive Elemente &#8211; H5P"}]},{"@type":"WebSite","@id":"https:\/\/zfl-lernen.de\/#website","url":"https:\/\/zfl-lernen.de\/","name":"ZfL Lernen","description":"ZfL Offene Bildungsangebote","potentialAction":[{"@type":"SearchAction","target":{"@type":"EntryPoint","urlTemplate":"https:\/\/zfl-lernen.de\/?s={search_term_string}"},"query-input":{"@type":"PropertyValueSpecification","valueRequired":true,"valueName":"search_term_string"}}],"inLanguage":"en-US"}]}},"_links":{"self":[{"href":"https:\/\/zfl-lernen.de\/en\/wp-json\/wp\/v2\/pages\/73576","targetHints":{"allow":["GET"]}}],"collection":[{"href":"https:\/\/zfl-lernen.de\/en\/wp-json\/wp\/v2\/pages"}],"about":[{"href":"https:\/\/zfl-lernen.de\/en\/wp-json\/wp\/v2\/types\/page"}],"author":[{"embeddable":true,"href":"https:\/\/zfl-lernen.de\/en\/wp-json\/wp\/v2\/users\/4"}],"replies":[{"embeddable":true,"href":"https:\/\/zfl-lernen.de\/en\/wp-json\/wp\/v2\/comments?post=73576"}],"version-history":[{"count":5,"href":"https:\/\/zfl-lernen.de\/en\/wp-json\/wp\/v2\/pages\/73576\/revisions"}],"predecessor-version":[{"id":81638,"href":"https:\/\/zfl-lernen.de\/en\/wp-json\/wp\/v2\/pages\/73576\/revisions\/81638"}],"up":[{"embeddable":true,"href":"https:\/\/zfl-lernen.de\/en\/wp-json\/wp\/v2\/pages\/73536"}],"wp:attachment":[{"href":"https:\/\/zfl-lernen.de\/en\/wp-json\/wp\/v2\/media?parent=73576"}],"wp:term":[{"taxonomy":"category","embeddable":true,"href":"https:\/\/zfl-lernen.de\/en\/wp-json\/wp\/v2\/categories?post=73576"},{"taxonomy":"post_tag","embeddable":true,"href":"https:\/\/zfl-lernen.de\/en\/wp-json\/wp\/v2\/tags?post=73576"},{"taxonomy":"kooperation","embeddable":true,"href":"https:\/\/zfl-lernen.de\/en\/wp-json\/wp\/v2\/kooperation?post=73576"}],"curies":[{"name":"wp","href":"https:\/\/api.w.org\/{rel}","templated":true}]}}