{"id":73580,"date":"2023-12-04T14:54:44","date_gmt":"2023-12-04T13:54:44","guid":{"rendered":"https:\/\/zfl-lernen.de\/?page_id=73580"},"modified":"2024-04-18T09:28:34","modified_gmt":"2024-04-18T07:28:34","slug":"suchmaschinenoptimierung-seo","status":"publish","type":"page","link":"https:\/\/zfl-lernen.de\/en\/lernmaterial_erstellen_wordpress\/suchmaschinenoptimierung-seo\/","title":{"rendered":"Suchmaschinenoptimierung SEO"},"content":{"rendered":"<div class=\"wpb-content-wrapper\"><div class=\"vc_row wpb_row vc_row-fluid\"><div class=\"wpb_column vc_column_container vc_col-sm-12\"><div class=\"vc_column-inner\"><div class=\"wpb_wrapper\">\n\t<div class=\"wpb_text_column wpb_content_element\" >\n\t\t<div class=\"wpb_wrapper\">\n\t\t\t<h2>Suchmaschinenoptimierung SEO<\/h2>\n\n\t\t<\/div>\n\t<\/div>\n<\/div><\/div><\/div><\/div><div class=\"vc_row wpb_row vc_row-fluid\"><div class=\"wpb_column vc_column_container vc_col-sm-12\"><div class=\"vc_column-inner\"><div class=\"wpb_wrapper\">\n\t<div class=\"wpb_text_column wpb_content_element\" >\n\t\t<div class=\"wpb_wrapper\">\n\t\t\t<p>SEO steht f\u00fcr Suchmaschinenoptimierung und umfasst alle Ma\u00dfnahmen, die dazu dienen, die Sichtbarkeit und Auffindbarkeit einer Webseite in den unbezahlten Suchergebnissen von Google, Bing und Co. zu verbessern. Lerninhalte, die online gefunden werden sollen, sollten also mit SEO-Angaben versehen werden. Diese basieren auf relevanten Suchbegriffen, die die Nutzenden voraussichtlich eingeben, sind also inhaltliche Schlagw\u00f6rter und Texte zu den Lerninhalten.<\/p>\n\n\t\t<\/div>\n\t<\/div>\n<\/div><\/div><\/div><\/div><div class=\"vc_row wpb_row vc_row-fluid\"><div class=\"wpb_column vc_column_container vc_col-sm-12\"><div class=\"vc_column-inner\"><div class=\"wpb_wrapper\"><div class=\"vc_empty_space\"   style=\"height: 20px\"><span class=\"vc_empty_space_inner\"><\/span><\/div>\n\t<div class=\"wpb_text_column wpb_content_element\" >\n\t\t<div class=\"wpb_wrapper\">\n\t\t\t<h3>Einstelloptionen<\/h3>\n\n\t\t<\/div>\n\t<\/div>\n<\/div><\/div><\/div><\/div><div class=\"vc_row wpb_row vc_row-fluid\"><div class=\"wpb_column vc_column_container vc_col-sm-6\"><div class=\"vc_column-inner\"><div class=\"wpb_wrapper\">\n\t<div  class=\"wpb_single_image wpb_content_element vc_align_left wpb_content_element\">\n\t\t\n\t\t<figure class=\"wpb_wrapper vc_figure\">\n\t\t\t<a href=\"https:\/\/zfl-lernen.de\/wp-content\/uploads\/SEOAngaben_unten-1.webp\" target=\"_self\" class=\"vc_single_image-wrapper   vc_box_border_grey\"><img loading=\"lazy\" decoding=\"async\" width=\"400\" height=\"581\" src=\"https:\/\/zfl-lernen.de\/wp-content\/uploads\/SEOAngaben_unten-1.webp\" class=\"vc_single_image-img attachment-large\" alt=\"Eingabe SEO-Daten in WordPRess Eingabe von Fokus-Keyphrases\" title=\"SEOAngaben_unten\" srcset=\"https:\/\/zfl-lernen.de\/wp-content\/uploads\/SEOAngaben_unten-1.webp 400w, https:\/\/zfl-lernen.de\/wp-content\/uploads\/SEOAngaben_unten-1-207x300.webp 207w\" sizes=\"auto, (max-width: 400px) 100vw, 400px\" \/><\/a>\n\t\t<\/figure>\n\t<\/div>\n<\/div><\/div><\/div><div class=\"wpb_column vc_column_container vc_col-sm-6\"><div class=\"vc_column-inner\"><div class=\"wpb_wrapper\">\n\t<div class=\"wpb_text_column wpb_content_element\" >\n\t\t<div class=\"wpb_wrapper\">\n\t\t\t<p><strong>Fokus-Keyphrase: <\/strong><\/p>\n<p>Hierbei handelt es sich um die wichtigsten W\u00f6rter (4 bis maximal 6 W\u00f6rter) &#8211; m\u00f6glichst spezifisch zu diesem Inhalt.<\/p>\n<p>Beispiel: Fake News Internet Methoden<\/p>\n<p>&nbsp;<\/p>\n<p><strong>SEO-Titel:<\/strong><\/p>\n<p>Der Titel kann ansprechend f\u00fcr Suchmaschinen optimiert werden. Er sollte Keyphrasen enthalten.<\/p>\n<p>Beispiel: fake-news_im_internet_entlaven<\/p>\n<p>&nbsp;<\/p>\n<p><strong>Meta-Beschreibung: <\/strong><\/p>\n<p>Eine Meta-Beschreibung ist eine kurze Beschreibung des Inhalts und der Zielgruppe. Sie kann vom Willkommenstext abgewandelt werden und sollte Keyphrasen und &#8211; bei eingeschr\u00e4nkter Zielgruppe &#8211; diese im Text enthalten (maximal 156 Zeichen; eine Ampel zeigt die L\u00e4nge an).<\/p>\n<p>Beispiel: Dieses Lernmodul vermittelt einen \u00dcberblick \u00fcber verschiedene Methoden zur Aufdeckung von Fake News im Internet mit digitalen Medien.<\/p>\n\n\t\t<\/div>\n\t<\/div>\n<\/div><\/div><\/div><\/div><div class=\"vc_row wpb_row vc_row-fluid\"><div class=\"wpb_column vc_column_container vc_col-sm-12\"><div class=\"vc_column-inner\"><div class=\"wpb_wrapper\"><div class=\"vc_empty_space\"   style=\"height: 20px\"><span class=\"vc_empty_space_inner\"><\/span><\/div><\/div><\/div><\/div><\/div><div class=\"vc_row wpb_row vc_row-fluid\"><div class=\"wpb_column vc_column_container vc_col-sm-6\"><div class=\"vc_column-inner\"><div class=\"wpb_wrapper\">\n\t<div  class=\"wpb_single_image wpb_content_element vc_align_left wpb_content_element\">\n\t\t\n\t\t<figure class=\"wpb_wrapper vc_figure\">\n\t\t\t<div class=\"vc_single_image-wrapper   vc_box_border_grey\"><img loading=\"lazy\" decoding=\"async\" width=\"150\" height=\"150\" src=\"https:\/\/zfl-lernen.de\/wp-content\/uploads\/Kursschlagwoerter-1.png\" class=\"vc_single_image-img attachment-large\" alt=\"Kursschlagw\u00f6rter zum Hinzuf\u00fcgen zu einer Seite in WordPress\" title=\"Kursschlagwoerter\" srcset=\"https:\/\/zfl-lernen.de\/wp-content\/uploads\/Kursschlagwoerter-1.png 150w, https:\/\/zfl-lernen.de\/wp-content\/uploads\/Kursschlagwoerter-1-60x60.png 60w\" sizes=\"auto, (max-width: 150px) 100vw, 150px\" \/><\/div>\n\t\t<\/figure>\n\t<\/div>\n<\/div><\/div><\/div><div class=\"wpb_column vc_column_container vc_col-sm-6\"><div class=\"vc_column-inner\"><div class=\"wpb_wrapper\">\n\t<div class=\"wpb_text_column wpb_content_element\" >\n\t\t<div class=\"wpb_wrapper\">\n\t\t\t<p><strong>Kursschlagw\u00f6rter: <\/strong><\/p>\n<p>Kopieren Sie im Bereich &#8222;Kursschlagw\u00f6rter&#8220; die Keyphrasen hinein. Um mehrere Kursschlagw\u00f6rter gleichzeitig hinzuzuf\u00fcgen, trennen Sie diese im Textfeld jeweils mit Komma ab.<\/p>\n\n\t\t<\/div>\n\t<\/div>\n<\/div><\/div><\/div><\/div><div class=\"vc_row wpb_row vc_row-fluid\"><div class=\"wpb_column vc_column_container vc_col-sm-12\"><div class=\"vc_column-inner\"><div class=\"wpb_wrapper\"><div class=\"vc_empty_space\"   style=\"height: 20px\"><span class=\"vc_empty_space_inner\"><\/span><\/div><\/div><\/div><\/div><\/div><div class=\"vc_row wpb_row vc_row-fluid\"><div class=\"wpb_column vc_column_container vc_col-sm-6\"><div class=\"vc_column-inner\"><div class=\"wpb_wrapper\">\n\t<div  class=\"wpb_single_image wpb_content_element vc_align_left wpb_content_element\">\n\t\t\n\t\t<figure class=\"wpb_wrapper vc_figure\">\n\t\t\t<div class=\"vc_single_image-wrapper   vc_box_border_grey\"><img loading=\"lazy\" decoding=\"async\" width=\"238\" height=\"336\" src=\"https:\/\/zfl-lernen.de\/wp-content\/uploads\/Beitragsbild-1.webp\" class=\"vc_single_image-img attachment-large\" alt=\"Beitragsbild zum Hinzuf\u00fcgen zu einer Seite in WordPRess\" title=\"Beitragsbild\" srcset=\"https:\/\/zfl-lernen.de\/wp-content\/uploads\/Beitragsbild-1.webp 238w, https:\/\/zfl-lernen.de\/wp-content\/uploads\/Beitragsbild-1-213x300.webp 213w\" sizes=\"auto, (max-width: 238px) 100vw, 238px\" \/><\/div>\n\t\t<\/figure>\n\t<\/div>\n<\/div><\/div><\/div><div class=\"wpb_column vc_column_container vc_col-sm-6\"><div class=\"vc_column-inner\"><div class=\"wpb_wrapper\">\n\t<div class=\"wpb_text_column wpb_content_element\" >\n\t\t<div class=\"wpb_wrapper\">\n\t\t\t<p><strong>Beitragsbild:<\/strong><\/p>\n<p>Ein Beitragsbild sollte ebenso hochgeladen werden, damit dieses im Header auf der Seite angezeigt werden kann. Dies kann das gleiche sein wie das Social-Bild, welches im Reiter &#8222;Social&#8220; in den SEO-Angaben hochgeladen wird (siehe unten).<\/p>\n\n\t\t<\/div>\n\t<\/div>\n<\/div><\/div><\/div><\/div><div class=\"vc_row wpb_row vc_row-fluid\"><div class=\"wpb_column vc_column_container vc_col-sm-12\"><div class=\"vc_column-inner\"><div class=\"wpb_wrapper\"><div class=\"vc_empty_space\"   style=\"height: 20px\"><span class=\"vc_empty_space_inner\"><\/span><\/div><\/div><\/div><\/div><\/div><div class=\"vc_row wpb_row vc_row-fluid\"><div class=\"wpb_column vc_column_container vc_col-sm-6\"><div class=\"vc_column-inner\"><div class=\"wpb_wrapper\">\n\t<div  class=\"wpb_single_image wpb_content_element vc_align_left wpb_content_element\">\n\t\t\n\t\t<figure class=\"wpb_wrapper vc_figure\">\n\t\t\t<a href=\"https:\/\/zfl-lernen.de\/wp-content\/uploads\/Reiter-Social-1.webp\" target=\"_self\" class=\"vc_single_image-wrapper   vc_box_border_grey\"><img loading=\"lazy\" decoding=\"async\" width=\"496\" height=\"569\" src=\"https:\/\/zfl-lernen.de\/wp-content\/uploads\/Reiter-Social-1.webp\" class=\"vc_single_image-img attachment-large\" alt=\"Reiter Social in den SEO-Angaben in WordPress zur Angabe eine Bildes und einer Kurzbeschreibung\" title=\"Reiter Social\" srcset=\"https:\/\/zfl-lernen.de\/wp-content\/uploads\/Reiter-Social-1.webp 496w, https:\/\/zfl-lernen.de\/wp-content\/uploads\/Reiter-Social-1-262x300.webp 262w\" sizes=\"auto, (max-width: 496px) 100vw, 496px\" \/><\/a>\n\t\t<\/figure>\n\t<\/div>\n<\/div><\/div><\/div><div class=\"wpb_column vc_column_container vc_col-sm-6\"><div class=\"vc_column-inner\"><div class=\"wpb_wrapper\">\n\t<div class=\"wpb_text_column wpb_content_element\" >\n\t\t<div class=\"wpb_wrapper\">\n\t\t\t<p><strong>Social:<\/strong><\/p>\n<p>Im Reiter &#8222;Social&#8220; die Eingaben unter Facebook und Twitter eintragen (Beitragsbild, Kurztitel, Text aus Meta-Beschreibung im Reiter &#8222;SEO&#8220;).<\/p>\n\n\t\t<\/div>\n\t<\/div>\n\n\t<div class=\"wpb_text_column wpb_content_element\" >\n\t\t<div class=\"wpb_wrapper\">\n\t\t\t<p>Ein Social-Bild sollte hochgeladen werden, damit dieses in den sozialen Medien (x (ehemals Twitter), Instagram, LinkedIn, &#8230;) oder bspw. in einer digitalen Sammlung (Padlet oder Taskcard) angezeigt wird.<\/p>\n\n\t\t<\/div>\n\t<\/div>\n<\/div><\/div><\/div><\/div>\n<\/div>"},"excerpt":{"rendered":"Suchmaschinenoptimierung SEO SEO steht f\u00fcr Suchmaschinenoptimierung und umfasst alle Ma\u00dfnahmen, die dazu dienen, die Sichtbarkeit und Auffindbarkeit einer Webseite in den unbezahlten Suchergebnissen von Google, Bing und Co. zu verbessern. Lerninhalte, die online gefunden werden sollen, sollten also mit SEO-Angaben &hellip;","protected":false},"author":4,"featured_media":0,"parent":73536,"menu_order":0,"comment_status":"closed","ping_status":"closed","template":"","meta":{"_acf_changed":false,"footnotes":""},"categories":[1240],"tags":[],"kooperation":[],"class_list":["post-73580","page","type-page","status-publish","hentry","category-anleitung-zur-erstellung"],"acf":[],"yoast_head":"<!-- This site is optimized with the Yoast SEO plugin v27.1.1 - https:\/\/yoast.com\/product\/yoast-seo-wordpress\/ -->\n<title>Suchmaschinenoptimierung SEO - ZfL Lernen<\/title>\n<meta name=\"robots\" content=\"index, follow, max-snippet:-1, max-image-preview:large, max-video-preview:-1\" \/>\n<link rel=\"canonical\" href=\"https:\/\/zfl-lernen.de\/en\/lernmaterial_erstellen_wordpress\/suchmaschinenoptimierung-seo\/\" \/>\n<meta property=\"og:locale\" content=\"en_US\" \/>\n<meta property=\"og:type\" content=\"article\" \/>\n<meta property=\"og:title\" content=\"Suchmaschinenoptimierung SEO - ZfL Lernen\" \/>\n<meta property=\"og:url\" content=\"https:\/\/zfl-lernen.de\/en\/lernmaterial_erstellen_wordpress\/suchmaschinenoptimierung-seo\/\" \/>\n<meta property=\"og:site_name\" content=\"ZfL Lernen\" \/>\n<meta property=\"article:publisher\" content=\"https:\/\/www.facebook.com\/zflkoeln\" \/>\n<meta property=\"article:modified_time\" content=\"2024-04-18T07:28:34+00:00\" \/>\n<meta property=\"og:image\" content=\"https:\/\/zfl-lernen.de\/wp-content\/uploads\/zfl-logo_neu-1.png\" \/>\n\t<meta property=\"og:image:width\" content=\"300\" \/>\n\t<meta property=\"og:image:height\" content=\"161\" \/>\n\t<meta property=\"og:image:type\" content=\"image\/png\" \/>\n<meta name=\"twitter:card\" content=\"summary_large_image\" \/>\n<meta name=\"twitter:site\" content=\"@Lehrer_innen\" \/>\n<meta name=\"twitter:label1\" content=\"Est. reading time\" \/>\n\t<meta name=\"twitter:data1\" content=\"2 minutes\" \/>\n<script type=\"application\/ld+json\" class=\"yoast-schema-graph\">{\"@context\":\"https:\/\/schema.org\",\"@graph\":[{\"@type\":\"WebPage\",\"@id\":\"https:\/\/zfl-lernen.de\/lernmaterial_erstellen_wordpress\/suchmaschinenoptimierung-seo\/\",\"url\":\"https:\/\/zfl-lernen.de\/lernmaterial_erstellen_wordpress\/suchmaschinenoptimierung-seo\/\",\"name\":\"Suchmaschinenoptimierung SEO - ZfL Lernen\",\"isPartOf\":{\"@id\":\"https:\/\/zfl-lernen.de\/#website\"},\"datePublished\":\"2023-12-04T13:54:44+00:00\",\"dateModified\":\"2024-04-18T07:28:34+00:00\",\"breadcrumb\":{\"@id\":\"https:\/\/zfl-lernen.de\/lernmaterial_erstellen_wordpress\/suchmaschinenoptimierung-seo\/#breadcrumb\"},\"inLanguage\":\"en-US\",\"potentialAction\":[{\"@type\":\"ReadAction\",\"target\":[\"https:\/\/zfl-lernen.de\/lernmaterial_erstellen_wordpress\/suchmaschinenoptimierung-seo\/\"]}]},{\"@type\":\"BreadcrumbList\",\"@id\":\"https:\/\/zfl-lernen.de\/lernmaterial_erstellen_wordpress\/suchmaschinenoptimierung-seo\/#breadcrumb\",\"itemListElement\":[{\"@type\":\"ListItem\",\"position\":1,\"name\":\"Startseite\",\"item\":\"https:\/\/zfl-lernen.de\/\"},{\"@type\":\"ListItem\",\"position\":2,\"name\":\"Lernmaterial erstellen mit WordPress\",\"item\":\"https:\/\/zfl-lernen.de\/lernmaterial_erstellen_wordpress\/\"},{\"@type\":\"ListItem\",\"position\":3,\"name\":\"Suchmaschinenoptimierung SEO\"}]},{\"@type\":\"WebSite\",\"@id\":\"https:\/\/zfl-lernen.de\/#website\",\"url\":\"https:\/\/zfl-lernen.de\/\",\"name\":\"ZfL Lernen\",\"description\":\"ZfL Offene Bildungsangebote\",\"potentialAction\":[{\"@type\":\"SearchAction\",\"target\":{\"@type\":\"EntryPoint\",\"urlTemplate\":\"https:\/\/zfl-lernen.de\/?s={search_term_string}\"},\"query-input\":{\"@type\":\"PropertyValueSpecification\",\"valueRequired\":true,\"valueName\":\"search_term_string\"}}],\"inLanguage\":\"en-US\"}]}<\/script>\n<!-- \/ Yoast SEO plugin. -->","yoast_head_json":{"title":"Suchmaschinenoptimierung SEO - ZfL Lernen","robots":{"index":"index","follow":"follow","max-snippet":"max-snippet:-1","max-image-preview":"max-image-preview:large","max-video-preview":"max-video-preview:-1"},"canonical":"https:\/\/zfl-lernen.de\/en\/lernmaterial_erstellen_wordpress\/suchmaschinenoptimierung-seo\/","og_locale":"en_US","og_type":"article","og_title":"Suchmaschinenoptimierung SEO - ZfL Lernen","og_url":"https:\/\/zfl-lernen.de\/en\/lernmaterial_erstellen_wordpress\/suchmaschinenoptimierung-seo\/","og_site_name":"ZfL Lernen","article_publisher":"https:\/\/www.facebook.com\/zflkoeln","article_modified_time":"2024-04-18T07:28:34+00:00","og_image":[{"width":300,"height":161,"url":"https:\/\/zfl-lernen.de\/wp-content\/uploads\/zfl-logo_neu-1.png","type":"image\/png"}],"twitter_card":"summary_large_image","twitter_site":"@Lehrer_innen","twitter_misc":{"Est. reading time":"2 minutes"},"schema":{"@context":"https:\/\/schema.org","@graph":[{"@type":"WebPage","@id":"https:\/\/zfl-lernen.de\/lernmaterial_erstellen_wordpress\/suchmaschinenoptimierung-seo\/","url":"https:\/\/zfl-lernen.de\/lernmaterial_erstellen_wordpress\/suchmaschinenoptimierung-seo\/","name":"Suchmaschinenoptimierung SEO - ZfL Lernen","isPartOf":{"@id":"https:\/\/zfl-lernen.de\/#website"},"datePublished":"2023-12-04T13:54:44+00:00","dateModified":"2024-04-18T07:28:34+00:00","breadcrumb":{"@id":"https:\/\/zfl-lernen.de\/lernmaterial_erstellen_wordpress\/suchmaschinenoptimierung-seo\/#breadcrumb"},"inLanguage":"en-US","potentialAction":[{"@type":"ReadAction","target":["https:\/\/zfl-lernen.de\/lernmaterial_erstellen_wordpress\/suchmaschinenoptimierung-seo\/"]}]},{"@type":"BreadcrumbList","@id":"https:\/\/zfl-lernen.de\/lernmaterial_erstellen_wordpress\/suchmaschinenoptimierung-seo\/#breadcrumb","itemListElement":[{"@type":"ListItem","position":1,"name":"Startseite","item":"https:\/\/zfl-lernen.de\/"},{"@type":"ListItem","position":2,"name":"Lernmaterial erstellen mit WordPress","item":"https:\/\/zfl-lernen.de\/lernmaterial_erstellen_wordpress\/"},{"@type":"ListItem","position":3,"name":"Suchmaschinenoptimierung SEO"}]},{"@type":"WebSite","@id":"https:\/\/zfl-lernen.de\/#website","url":"https:\/\/zfl-lernen.de\/","name":"ZfL Lernen","description":"ZfL Offene Bildungsangebote","potentialAction":[{"@type":"SearchAction","target":{"@type":"EntryPoint","urlTemplate":"https:\/\/zfl-lernen.de\/?s={search_term_string}"},"query-input":{"@type":"PropertyValueSpecification","valueRequired":true,"valueName":"search_term_string"}}],"inLanguage":"en-US"}]}},"_links":{"self":[{"href":"https:\/\/zfl-lernen.de\/en\/wp-json\/wp\/v2\/pages\/73580","targetHints":{"allow":["GET"]}}],"collection":[{"href":"https:\/\/zfl-lernen.de\/en\/wp-json\/wp\/v2\/pages"}],"about":[{"href":"https:\/\/zfl-lernen.de\/en\/wp-json\/wp\/v2\/types\/page"}],"author":[{"embeddable":true,"href":"https:\/\/zfl-lernen.de\/en\/wp-json\/wp\/v2\/users\/4"}],"replies":[{"embeddable":true,"href":"https:\/\/zfl-lernen.de\/en\/wp-json\/wp\/v2\/comments?post=73580"}],"version-history":[{"count":7,"href":"https:\/\/zfl-lernen.de\/en\/wp-json\/wp\/v2\/pages\/73580\/revisions"}],"predecessor-version":[{"id":77457,"href":"https:\/\/zfl-lernen.de\/en\/wp-json\/wp\/v2\/pages\/73580\/revisions\/77457"}],"up":[{"embeddable":true,"href":"https:\/\/zfl-lernen.de\/en\/wp-json\/wp\/v2\/pages\/73536"}],"wp:attachment":[{"href":"https:\/\/zfl-lernen.de\/en\/wp-json\/wp\/v2\/media?parent=73580"}],"wp:term":[{"taxonomy":"category","embeddable":true,"href":"https:\/\/zfl-lernen.de\/en\/wp-json\/wp\/v2\/categories?post=73580"},{"taxonomy":"post_tag","embeddable":true,"href":"https:\/\/zfl-lernen.de\/en\/wp-json\/wp\/v2\/tags?post=73580"},{"taxonomy":"kooperation","embeddable":true,"href":"https:\/\/zfl-lernen.de\/en\/wp-json\/wp\/v2\/kooperation?post=73580"}],"curies":[{"name":"wp","href":"https:\/\/api.w.org\/{rel}","templated":true}]}}