{"id":73581,"date":"2023-12-04T14:54:59","date_gmt":"2023-12-04T13:54:59","guid":{"rendered":"https:\/\/zfl-lernen.de\/?page_id=73581"},"modified":"2024-12-03T14:25:01","modified_gmt":"2024-12-03T13:25:01","slug":"lernmodul-anlegen","status":"publish","type":"page","link":"https:\/\/zfl-lernen.de\/en\/lernmaterial_erstellen_wordpress\/lernmodul-anlegen\/","title":{"rendered":"Lernmodul anlegen (LearnPress)"},"content":{"rendered":"<div class=\"wpb-content-wrapper\"><div class=\"vc_row wpb_row vc_row-fluid\"><div class=\"wpb_column vc_column_container vc_col-sm-12\"><div class=\"vc_column-inner\"><div class=\"wpb_wrapper\">\n\t<div class=\"wpb_text_column wpb_content_element\" >\n\t\t<div class=\"wpb_wrapper\">\n\t\t\t<h2>Lernmodul anlegen in LearnPress<\/h2>\n\n\t\t<\/div>\n\t<\/div>\n<\/div><\/div><\/div><\/div><div class=\"vc_row wpb_row vc_row-fluid\"><div class=\"wpb_column vc_column_container vc_col-sm-12\"><div class=\"vc_column-inner\"><div class=\"wpb_wrapper\">\n\t<div class=\"wpb_text_column wpb_content_element\" >\n\t\t<div class=\"wpb_wrapper\">\n\t\t\t<p>Bitte verwenden Sie f\u00fcr die Erstellung Ihres Lernmoduls die Designvorlage. Die Vorlage gibt Ihnen ein Grundger\u00fcst vor und erm\u00f6glicht Ihnen das einfache Ersetzen von Textbausteinen und das einfache Kopieren von Icons, Dropdown-Bars u. \u00c4.<\/p>\n<p>Einmal angemeldet erscheint der Schriftzug &#8222;ZfL Lernen&#8220; links in der oberen Men\u00fcleiste. Mit einem Klick auf diese Schaltfl\u00e4che gelangen Sie in das sogenannte Dashboard, den Bereich f\u00fcr Ersteller*innen.<\/p>\n<p><img loading=\"lazy\" decoding=\"async\" class=\"aligncenter wp-image-74098 size-large\" src=\"https:\/\/zfl-lernen.de\/wp-content\/uploads\/Zum-Dashboard-e1702031153735-1024x228.png\" alt=\"\" width=\"1024\" height=\"228\" srcset=\"https:\/\/zfl-lernen.de\/wp-content\/uploads\/Zum-Dashboard-e1702031153735-1024x228.png 1024w, https:\/\/zfl-lernen.de\/wp-content\/uploads\/Zum-Dashboard-e1702031153735-300x67.png 300w, https:\/\/zfl-lernen.de\/wp-content\/uploads\/Zum-Dashboard-e1702031153735-768x171.png 768w, https:\/\/zfl-lernen.de\/wp-content\/uploads\/Zum-Dashboard-e1702031153735-1536x342.png 1536w, https:\/\/zfl-lernen.de\/wp-content\/uploads\/Zum-Dashboard-e1702031153735.png 1920w\" sizes=\"auto, (max-width: 1024px) 100vw, 1024px\" \/><\/p>\n\n\t\t<\/div>\n\t<\/div>\n<div class=\"vc_empty_space\"   style=\"height: 20px\"><span class=\"vc_empty_space_inner\"><\/span><\/div>\n\t<div class=\"wpb_text_column wpb_content_element\" >\n\t\t<div class=\"wpb_wrapper\">\n\t\t\t<p>Auf dem Dashboard befindet sich auf der linken Seite eine Navigationsleiste. Um Lernmodule zu erstellen, ist der wichtigste Punkt \u201cLearnPress\u201d. Darunter finden Sie die Unterpunkte &#8222;Kurse&#8220; und &#8222;Lektionen&#8220;.<\/p>\n<p><img loading=\"lazy\" decoding=\"async\" class=\"alignleft wp-image-74105 size-large\" src=\"https:\/\/zfl-lernen.de\/wp-content\/uploads\/Dashboard-Kurse-Lektionen-1024x202.png\" alt=\"\" width=\"1024\" height=\"202\" srcset=\"https:\/\/zfl-lernen.de\/wp-content\/uploads\/Dashboard-Kurse-Lektionen-1024x202.png 1024w, https:\/\/zfl-lernen.de\/wp-content\/uploads\/Dashboard-Kurse-Lektionen-300x59.png 300w, https:\/\/zfl-lernen.de\/wp-content\/uploads\/Dashboard-Kurse-Lektionen-768x151.png 768w, https:\/\/zfl-lernen.de\/wp-content\/uploads\/Dashboard-Kurse-Lektionen-1536x303.png 1536w, https:\/\/zfl-lernen.de\/wp-content\/uploads\/Dashboard-Kurse-Lektionen.png 1919w\" sizes=\"auto, (max-width: 1024px) 100vw, 1024px\" \/><\/p>\n\n\t\t<\/div>\n\t<\/div>\n<\/div><\/div><\/div><\/div><div class=\"vc_row wpb_row vc_row-fluid\"><div class=\"wpb_column vc_column_container vc_col-sm-12\"><div class=\"vc_column-inner\"><div class=\"wpb_wrapper\">\n\t<div class=\"wpb_text_column wpb_content_element\" >\n\t\t<div class=\"wpb_wrapper\">\n\t\t\t<p>Auf der \u201cKurse\u201d-Seite k\u00f6nnen Sie in die Suchmaske \u201cDesignvorlage\u201d eingeben. Nun sollte der Kurs namens \u201cDesignvorlage\u201d sichtbar sein. Wenn Sie ab 12\/2024 einen neuen Zugang beantragt haben, finden Sie unter LearnPress-Kurse eine Designvorlage mit Ihrem Namen. Wenn nicht, m\u00fcssen Sie eventuell in den Suchergebnissen nach unten scrollen. Hier erscheinen auch alle anderen Kurse, die erstellt wurden.<\/p>\n<p>Fahren Sie mit Ihrer Maus \u00fcber den Titel &#8222;Designvorlage&#8220;. Es erscheinen mehrere Optionen. Klicken Sie auf &#8222;Duplizieren&#8220;.<\/p>\n<p>Die Kopie der Designvorlage \u00f6ffnet sich in einem neuen Fenster.<\/p>\n\n\t\t<\/div>\n\t<\/div>\n<div class=\"vc_empty_space\"   style=\"height: 32px\"><span class=\"vc_empty_space_inner\"><\/span><\/div>\n\t<div class=\"wpb_text_column wpb_content_element\" >\n\t\t<div class=\"wpb_wrapper\">\n\t\t\t<div style=\"width: 640px;\" class=\"wp-video\"><video class=\"wp-video-shortcode\" id=\"video-73581-3\" width=\"640\" height=\"386\" preload=\"metadata\" controls=\"controls\"><source type=\"video\/mp4\" src=\"https:\/\/zfl-lernen.de\/wp-content\/uploads\/Vorlage-Duplizieren.mp4?_=3\" \/><a href=\"https:\/\/zfl-lernen.de\/wp-content\/uploads\/Vorlage-Duplizieren.mp4\">https:\/\/zfl-lernen.de\/wp-content\/uploads\/Vorlage-Duplizieren.mp4<\/a><\/video><\/div>\n\n\t\t<\/div>\n\t<\/div>\n<\/div><\/div><\/div><\/div><div class=\"vc_row wpb_row vc_row-fluid\"><div class=\"wpb_column vc_column_container vc_col-sm-12\"><div class=\"vc_column-inner\"><div class=\"wpb_wrapper\"><div class=\"vc_row wpb_row vc_inner vc_row-fluid\"><div class=\"wpb_column vc_column_container vc_col-sm-12\"><div class=\"vc_column-inner\"><div class=\"wpb_wrapper\">\n\t<div class=\"wpb_text_column wpb_content_element\" >\n\t\t<div class=\"wpb_wrapper\">\n\t\t\t<p>Wenn Sie die Designvorlage dupliziert haben, \u00e4ndern Sie bitte den Namen des Lernmoduls. Diesen k\u00f6nnen Sie im Nachgang immer noch anpassen.<\/p>\n<p><img loading=\"lazy\" decoding=\"async\" class=\"alignleft wp-image-74094 size-full\" src=\"https:\/\/zfl-lernen.de\/wp-content\/uploads\/Namen-LM-eintragen.png\" alt=\"\" width=\"1920\" height=\"892\" srcset=\"https:\/\/zfl-lernen.de\/wp-content\/uploads\/Namen-LM-eintragen.png 1920w, https:\/\/zfl-lernen.de\/wp-content\/uploads\/Namen-LM-eintragen-300x139.png 300w, https:\/\/zfl-lernen.de\/wp-content\/uploads\/Namen-LM-eintragen-1024x476.png 1024w, https:\/\/zfl-lernen.de\/wp-content\/uploads\/Namen-LM-eintragen-768x357.png 768w, https:\/\/zfl-lernen.de\/wp-content\/uploads\/Namen-LM-eintragen-1536x714.png 1536w\" sizes=\"auto, (max-width: 1920px) 100vw, 1920px\" \/><\/p>\n\n\t\t<\/div>\n\t<\/div>\n<\/div><\/div><\/div><\/div><div class=\"vc_row wpb_row vc_inner vc_row-fluid\"><div class=\"wpb_column vc_column_container vc_col-sm-12\"><div class=\"vc_column-inner\"><div class=\"wpb_wrapper\">\n\t<div class=\"wpb_text_column wpb_content_element\" >\n\t\t<div class=\"wpb_wrapper\">\n\t\t\t<p>Sie k\u00f6nnen Ihr Lernmodul nun ver\u00f6ffentlichen. Solange es keiner Kategorie zugeordnet ist, erscheint es nicht auf unserer Plattform.<\/p>\n\n\t\t<\/div>\n\t<\/div>\n<\/div><\/div><\/div><\/div><div class=\"vc_empty_space\"   style=\"height: 20px\"><span class=\"vc_empty_space_inner\"><\/span><\/div><div class=\"vc_row wpb_row vc_inner vc_row-fluid\"><div class=\"wpb_column vc_column_container vc_col-sm-2\"><div class=\"vc_column-inner\"><div class=\"wpb_wrapper\">\n\t<div  class=\"wpb_single_image wpb_content_element vc_align_left wpb_content_element\">\n\t\t\n\t\t<figure class=\"wpb_wrapper vc_figure\">\n\t\t\t<div class=\"vc_single_image-wrapper   vc_box_border_grey\"><img loading=\"lazy\" decoding=\"async\" width=\"200\" height=\"200\" src=\"https:\/\/zfl-lernen.de\/wp-content\/uploads\/ico_hinweis.png\" class=\"vc_single_image-img attachment-medium\" alt=\"Icon Hinweis\" title=\"ico_hinweis\" srcset=\"https:\/\/zfl-lernen.de\/wp-content\/uploads\/ico_hinweis.png 200w, https:\/\/zfl-lernen.de\/wp-content\/uploads\/ico_hinweis-150x150.png 150w, https:\/\/zfl-lernen.de\/wp-content\/uploads\/ico_hinweis-12x12.png 12w\" sizes=\"auto, (max-width: 200px) 100vw, 200px\" \/><\/div>\n\t\t<\/figure>\n\t<\/div>\n<\/div><\/div><\/div><div class=\"wpb_column vc_column_container vc_col-sm-10\"><div class=\"vc_column-inner\"><div class=\"wpb_wrapper\"><div class=\"vc_empty_space\"   style=\"height: 20px\"><span class=\"vc_empty_space_inner\"><\/span><\/div>\n\t<div class=\"wpb_text_column wpb_content_element\" >\n\t\t<div class=\"wpb_wrapper\">\n\t\t\t<p>Wenn Sie \u00c4nderungen vornehmen, vergessen Sie nicht, die Seite zu aktualisieren, damit Ihre \u00c4nderungen gespeichert werden.<\/p>\n\n\t\t<\/div>\n\t<\/div>\n<\/div><\/div><\/div><\/div><\/div><\/div><\/div><\/div><div class=\"vc_row wpb_row vc_row-fluid\"><div class=\"wpb_column vc_column_container vc_col-sm-12\"><div class=\"vc_column-inner\"><div class=\"wpb_wrapper\">\n\t<div class=\"wpb_text_column wpb_content_element\" >\n\t\t<div class=\"wpb_wrapper\">\n\t\t\t<p>Wie Sie nun Ihr Lernmodul bef\u00fcllen, k\u00f6nnen Sie im Kapitel <strong><a href=\"https:\/\/zfl-lernen.de\/en\/anleitung-zur-erstellung\/lernmodul-erstellung\/lernmodul-befuellen\/\" target=\"_blank\" rel=\"noopener\">&#8222;Lernmodul bef\u00fcllen (LearnPress)&#8220;<\/a><\/strong>\u00a0nachlesen.<\/p>\n\n\t\t<\/div>\n\t<\/div>\n<\/div><\/div><\/div><\/div>\n<\/div>"},"excerpt":{"rendered":"Lernmodul anlegen in LearnPress Bitte verwenden Sie f\u00fcr die Erstellung Ihres Lernmoduls die Designvorlage. Die Vorlage gibt Ihnen ein Grundger\u00fcst vor und erm\u00f6glicht Ihnen das einfache Ersetzen von Textbausteinen und das einfache Kopieren von Icons, Dropdown-Bars u. \u00c4. Einmal angemeldet &hellip;","protected":false},"author":32,"featured_media":0,"parent":73536,"menu_order":0,"comment_status":"closed","ping_status":"closed","template":"","meta":{"_acf_changed":false,"footnotes":""},"categories":[1240],"tags":[],"kooperation":[],"class_list":["post-73581","page","type-page","status-publish","hentry","category-anleitung-zur-erstellung"],"acf":[],"yoast_head":"<!-- This site is optimized with the Yoast SEO plugin v27.1.1 - https:\/\/yoast.com\/product\/yoast-seo-wordpress\/ -->\n<title>Lernmodul anlegen (LearnPress) - ZfL Lernen<\/title>\n<meta name=\"robots\" content=\"index, follow, max-snippet:-1, max-image-preview:large, max-video-preview:-1\" \/>\n<link rel=\"canonical\" href=\"https:\/\/zfl-lernen.de\/en\/lernmaterial_erstellen_wordpress\/lernmodul-anlegen\/\" \/>\n<meta property=\"og:locale\" content=\"en_US\" \/>\n<meta property=\"og:type\" content=\"article\" \/>\n<meta property=\"og:title\" content=\"Lernmodul anlegen (LearnPress) - ZfL Lernen\" \/>\n<meta property=\"og:url\" content=\"https:\/\/zfl-lernen.de\/en\/lernmaterial_erstellen_wordpress\/lernmodul-anlegen\/\" \/>\n<meta property=\"og:site_name\" content=\"ZfL Lernen\" \/>\n<meta property=\"article:publisher\" content=\"https:\/\/www.facebook.com\/zflkoeln\" \/>\n<meta property=\"article:modified_time\" content=\"2024-12-03T13:25:01+00:00\" \/>\n<meta property=\"og:image\" content=\"https:\/\/zfl-lernen.de\/wp-content\/uploads\/Zum-Dashboard-e1702031153735.png\" \/>\n\t<meta property=\"og:image:width\" content=\"1920\" \/>\n\t<meta property=\"og:image:height\" content=\"427\" \/>\n\t<meta property=\"og:image:type\" content=\"image\/png\" \/>\n<meta name=\"twitter:card\" content=\"summary_large_image\" \/>\n<meta name=\"twitter:site\" content=\"@Lehrer_innen\" \/>\n<meta name=\"twitter:label1\" content=\"Est. reading time\" \/>\n\t<meta name=\"twitter:data1\" content=\"3 minutes\" \/>\n<script type=\"application\/ld+json\" class=\"yoast-schema-graph\">{\"@context\":\"https:\/\/schema.org\",\"@graph\":[{\"@type\":\"WebPage\",\"@id\":\"https:\/\/zfl-lernen.de\/lernmaterial_erstellen_wordpress\/lernmodul-anlegen\/\",\"url\":\"https:\/\/zfl-lernen.de\/lernmaterial_erstellen_wordpress\/lernmodul-anlegen\/\",\"name\":\"Lernmodul anlegen (LearnPress) - ZfL Lernen\",\"isPartOf\":{\"@id\":\"https:\/\/zfl-lernen.de\/#website\"},\"primaryImageOfPage\":{\"@id\":\"https:\/\/zfl-lernen.de\/lernmaterial_erstellen_wordpress\/lernmodul-anlegen\/#primaryimage\"},\"image\":{\"@id\":\"https:\/\/zfl-lernen.de\/lernmaterial_erstellen_wordpress\/lernmodul-anlegen\/#primaryimage\"},\"thumbnailUrl\":\"https:\/\/zfl-lernen.de\/wp-content\/uploads\/Zum-Dashboard-e1702031153735-1024x228.png\",\"datePublished\":\"2023-12-04T13:54:59+00:00\",\"dateModified\":\"2024-12-03T13:25:01+00:00\",\"breadcrumb\":{\"@id\":\"https:\/\/zfl-lernen.de\/lernmaterial_erstellen_wordpress\/lernmodul-anlegen\/#breadcrumb\"},\"inLanguage\":\"en-US\",\"potentialAction\":[{\"@type\":\"ReadAction\",\"target\":[\"https:\/\/zfl-lernen.de\/lernmaterial_erstellen_wordpress\/lernmodul-anlegen\/\"]}]},{\"@type\":\"ImageObject\",\"inLanguage\":\"en-US\",\"@id\":\"https:\/\/zfl-lernen.de\/lernmaterial_erstellen_wordpress\/lernmodul-anlegen\/#primaryimage\",\"url\":\"https:\/\/zfl-lernen.de\/wp-content\/uploads\/Zum-Dashboard-e1702031153735-1024x228.png\",\"contentUrl\":\"https:\/\/zfl-lernen.de\/wp-content\/uploads\/Zum-Dashboard-e1702031153735-1024x228.png\"},{\"@type\":\"BreadcrumbList\",\"@id\":\"https:\/\/zfl-lernen.de\/lernmaterial_erstellen_wordpress\/lernmodul-anlegen\/#breadcrumb\",\"itemListElement\":[{\"@type\":\"ListItem\",\"position\":1,\"name\":\"Startseite\",\"item\":\"https:\/\/zfl-lernen.de\/\"},{\"@type\":\"ListItem\",\"position\":2,\"name\":\"Lernmaterial erstellen mit WordPress\",\"item\":\"https:\/\/zfl-lernen.de\/lernmaterial_erstellen_wordpress\/\"},{\"@type\":\"ListItem\",\"position\":3,\"name\":\"Lernmodul anlegen (LearnPress)\"}]},{\"@type\":\"WebSite\",\"@id\":\"https:\/\/zfl-lernen.de\/#website\",\"url\":\"https:\/\/zfl-lernen.de\/\",\"name\":\"ZfL Lernen\",\"description\":\"ZfL Offene Bildungsangebote\",\"potentialAction\":[{\"@type\":\"SearchAction\",\"target\":{\"@type\":\"EntryPoint\",\"urlTemplate\":\"https:\/\/zfl-lernen.de\/?s={search_term_string}\"},\"query-input\":{\"@type\":\"PropertyValueSpecification\",\"valueRequired\":true,\"valueName\":\"search_term_string\"}}],\"inLanguage\":\"en-US\"}]}<\/script>\n<!-- \/ Yoast SEO plugin. -->","yoast_head_json":{"title":"Lernmodul anlegen (LearnPress) - ZfL Lernen","robots":{"index":"index","follow":"follow","max-snippet":"max-snippet:-1","max-image-preview":"max-image-preview:large","max-video-preview":"max-video-preview:-1"},"canonical":"https:\/\/zfl-lernen.de\/en\/lernmaterial_erstellen_wordpress\/lernmodul-anlegen\/","og_locale":"en_US","og_type":"article","og_title":"Lernmodul anlegen (LearnPress) - ZfL Lernen","og_url":"https:\/\/zfl-lernen.de\/en\/lernmaterial_erstellen_wordpress\/lernmodul-anlegen\/","og_site_name":"ZfL Lernen","article_publisher":"https:\/\/www.facebook.com\/zflkoeln","article_modified_time":"2024-12-03T13:25:01+00:00","og_image":[{"width":1920,"height":427,"url":"https:\/\/zfl-lernen.de\/wp-content\/uploads\/Zum-Dashboard-e1702031153735.png","type":"image\/png"}],"twitter_card":"summary_large_image","twitter_site":"@Lehrer_innen","twitter_misc":{"Est. reading time":"3 minutes"},"schema":{"@context":"https:\/\/schema.org","@graph":[{"@type":"WebPage","@id":"https:\/\/zfl-lernen.de\/lernmaterial_erstellen_wordpress\/lernmodul-anlegen\/","url":"https:\/\/zfl-lernen.de\/lernmaterial_erstellen_wordpress\/lernmodul-anlegen\/","name":"Lernmodul anlegen (LearnPress) - ZfL Lernen","isPartOf":{"@id":"https:\/\/zfl-lernen.de\/#website"},"primaryImageOfPage":{"@id":"https:\/\/zfl-lernen.de\/lernmaterial_erstellen_wordpress\/lernmodul-anlegen\/#primaryimage"},"image":{"@id":"https:\/\/zfl-lernen.de\/lernmaterial_erstellen_wordpress\/lernmodul-anlegen\/#primaryimage"},"thumbnailUrl":"https:\/\/zfl-lernen.de\/wp-content\/uploads\/Zum-Dashboard-e1702031153735-1024x228.png","datePublished":"2023-12-04T13:54:59+00:00","dateModified":"2024-12-03T13:25:01+00:00","breadcrumb":{"@id":"https:\/\/zfl-lernen.de\/lernmaterial_erstellen_wordpress\/lernmodul-anlegen\/#breadcrumb"},"inLanguage":"en-US","potentialAction":[{"@type":"ReadAction","target":["https:\/\/zfl-lernen.de\/lernmaterial_erstellen_wordpress\/lernmodul-anlegen\/"]}]},{"@type":"ImageObject","inLanguage":"en-US","@id":"https:\/\/zfl-lernen.de\/lernmaterial_erstellen_wordpress\/lernmodul-anlegen\/#primaryimage","url":"https:\/\/zfl-lernen.de\/wp-content\/uploads\/Zum-Dashboard-e1702031153735-1024x228.png","contentUrl":"https:\/\/zfl-lernen.de\/wp-content\/uploads\/Zum-Dashboard-e1702031153735-1024x228.png"},{"@type":"BreadcrumbList","@id":"https:\/\/zfl-lernen.de\/lernmaterial_erstellen_wordpress\/lernmodul-anlegen\/#breadcrumb","itemListElement":[{"@type":"ListItem","position":1,"name":"Startseite","item":"https:\/\/zfl-lernen.de\/"},{"@type":"ListItem","position":2,"name":"Lernmaterial erstellen mit WordPress","item":"https:\/\/zfl-lernen.de\/lernmaterial_erstellen_wordpress\/"},{"@type":"ListItem","position":3,"name":"Lernmodul anlegen (LearnPress)"}]},{"@type":"WebSite","@id":"https:\/\/zfl-lernen.de\/#website","url":"https:\/\/zfl-lernen.de\/","name":"ZfL Lernen","description":"ZfL Offene Bildungsangebote","potentialAction":[{"@type":"SearchAction","target":{"@type":"EntryPoint","urlTemplate":"https:\/\/zfl-lernen.de\/?s={search_term_string}"},"query-input":{"@type":"PropertyValueSpecification","valueRequired":true,"valueName":"search_term_string"}}],"inLanguage":"en-US"}]}},"_links":{"self":[{"href":"https:\/\/zfl-lernen.de\/en\/wp-json\/wp\/v2\/pages\/73581","targetHints":{"allow":["GET"]}}],"collection":[{"href":"https:\/\/zfl-lernen.de\/en\/wp-json\/wp\/v2\/pages"}],"about":[{"href":"https:\/\/zfl-lernen.de\/en\/wp-json\/wp\/v2\/types\/page"}],"author":[{"embeddable":true,"href":"https:\/\/zfl-lernen.de\/en\/wp-json\/wp\/v2\/users\/32"}],"replies":[{"embeddable":true,"href":"https:\/\/zfl-lernen.de\/en\/wp-json\/wp\/v2\/comments?post=73581"}],"version-history":[{"count":7,"href":"https:\/\/zfl-lernen.de\/en\/wp-json\/wp\/v2\/pages\/73581\/revisions"}],"predecessor-version":[{"id":81398,"href":"https:\/\/zfl-lernen.de\/en\/wp-json\/wp\/v2\/pages\/73581\/revisions\/81398"}],"up":[{"embeddable":true,"href":"https:\/\/zfl-lernen.de\/en\/wp-json\/wp\/v2\/pages\/73536"}],"wp:attachment":[{"href":"https:\/\/zfl-lernen.de\/en\/wp-json\/wp\/v2\/media?parent=73581"}],"wp:term":[{"taxonomy":"category","embeddable":true,"href":"https:\/\/zfl-lernen.de\/en\/wp-json\/wp\/v2\/categories?post=73581"},{"taxonomy":"post_tag","embeddable":true,"href":"https:\/\/zfl-lernen.de\/en\/wp-json\/wp\/v2\/tags?post=73581"},{"taxonomy":"kooperation","embeddable":true,"href":"https:\/\/zfl-lernen.de\/en\/wp-json\/wp\/v2\/kooperation?post=73581"}],"curies":[{"name":"wp","href":"https:\/\/api.w.org\/{rel}","templated":true}]}}