{"id":73654,"date":"2023-12-04T15:32:40","date_gmt":"2023-12-04T14:32:40","guid":{"rendered":"https:\/\/zfl-lernen.de\/?page_id=73654"},"modified":"2024-12-19T10:25:28","modified_gmt":"2024-12-19T09:25:28","slug":"lernmodul-anlegen-h5p","status":"publish","type":"page","link":"https:\/\/zfl-lernen.de\/en\/lernmaterial_erstellen_wordpress\/umsetzung-lernmodule\/lernmodul-anlegen-h5p\/","title":{"rendered":"Lernmodul anlegen (H5P)"},"content":{"rendered":"<div class=\"wpb-content-wrapper\"><div class=\"vc_row wpb_row vc_row-fluid\"><div class=\"wpb_column vc_column_container vc_col-sm-12\"><div class=\"vc_column-inner\"><div class=\"wpb_wrapper\">\n\t<div class=\"wpb_text_column wpb_content_element\" >\n\t\t<div class=\"wpb_wrapper\">\n\t\t\t<h2>Lernmodule anlegen in H5P<\/h2>\n\n\t\t<\/div>\n\t<\/div>\n<\/div><\/div><\/div><\/div><div class=\"vc_row wpb_row vc_row-fluid\"><div class=\"wpb_column vc_column_container vc_col-sm-12\"><div class=\"vc_column-inner\"><div class=\"wpb_wrapper\">\n\t<div class=\"wpb_text_column wpb_content_element\" >\n\t\t<div class=\"wpb_wrapper\">\n\t\t\t<p>Das Erstellen eines Lernmoduls mit einer H5P-Vorlage unterscheidet sich vom Erstellen eines Lernmoduls in LearnPress. F\u00fcr ein H5P-Lernmodul verwenden Sie ausschlie\u00dflich das H5P-Element &#8222;Portfolio&#8220;. Dieses Element wurde urspr\u00fcnglich f\u00fcr die Erstellung eines Portfolios entwickelt, kann aber sehr gut auch f\u00fcr die leichte Entwicklung von Lernmodulen genutzt werden.<br \/>\nHinweise zum Aufbau, zur Bedienung und zu den Funktionen des H5P-Elements finden Sie auf der <strong><a href=\"https:\/\/zfl-lernen.de\/en\/faq-portfolio\/#arbeiten_portfolio\">FAQ-Seite ePortfolio<\/a><\/strong>.<\/p>\n\n\t\t<\/div>\n\t<\/div>\n<\/div><\/div><\/div><\/div><div class=\"vc_row wpb_row vc_row-fluid\"><div class=\"wpb_column vc_column_container vc_col-sm-12\"><div class=\"vc_column-inner\"><div class=\"wpb_wrapper\">\n\t<div class=\"wpb_text_column wpb_content_element\" >\n\t\t<div class=\"wpb_wrapper\">\n\t\t\t<p>Zum Anlegen Ihres Lernmoduls mit H5P gehen Sie wie folgt vor:<\/p>\n\n\t\t<\/div>\n\t<\/div>\n<div class=\"vc_empty_space\"   style=\"height: 20px\"><span class=\"vc_empty_space_inner\"><\/span><\/div>\n\t<div class=\"wpb_text_column wpb_content_element\" >\n\t\t<div class=\"wpb_wrapper\">\n\t\t\t<p>1. Loggen Sie sich auf ZfL Lernen ein.<\/p>\n\n\t\t<\/div>\n\t<\/div>\n<div class=\"vc_empty_space\"   style=\"height: 10px\"><span class=\"vc_empty_space_inner\"><\/span><\/div>\n\t<div class=\"wpb_text_column wpb_content_element\" >\n\t\t<div class=\"wpb_wrapper\">\n\t\t\t<p>2. Legen Sie einen Ordner in der Medienbibliothek an (im Ordner 01_Lernmodule) und benennen Sie ihn nach diesem Schema: LM_Name des Moduls (siehe <strong><a href=\"https:\/\/zfl-lernen.de\/en\/anleitung-zur-erstellung\/medienbibliothek\/\" target=\"_blank\" rel=\"noopener\">Medienbibliothek<\/a><\/strong>).<\/p>\n\n\t\t<\/div>\n\t<\/div>\n<div class=\"vc_empty_space\"   style=\"height: 10px\"><span class=\"vc_empty_space_inner\"><\/span><\/div>\n\t<div class=\"wpb_text_column wpb_content_element\" >\n\t\t<div class=\"wpb_wrapper\">\n\t\t\t<p>3. In der linken Navigation finden Sie das Untermen\u00fc \u201cH5P-Inhalte\u201d. Suchen Sie dort nach dem Eintrag mit der ID 1111 und klicken Sie ihn an. Alternativ k\u00f6nnen Sie auch \u00fcber diesen Link gehen: <a href=\"https:\/\/zfl-lernen.de\/wp-admin\/admin.php?page=h5p&amp;task=show&amp;id=1111\" target=\"_blank\" rel=\"noopener\"><strong>Vorlage_Lernmodul_H5P<\/strong><\/a><\/p>\n\n\t\t<\/div>\n\t<\/div>\n<div class=\"vc_empty_space\"   style=\"height: 20px\"><span class=\"vc_empty_space_inner\"><\/span><\/div>\n\t<div  class=\"wpb_single_image wpb_content_element vc_align_center wpb_content_element\">\n\t\t\n\t\t<figure class=\"wpb_wrapper vc_figure\">\n\t\t\t<div class=\"vc_single_image-wrapper   vc_box_border_grey\"><img loading=\"lazy\" decoding=\"async\" width=\"640\" height=\"283\" src=\"https:\/\/zfl-lernen.de\/wp-content\/uploads\/Portfolio_Vorlage_ID_suchen-1024x452.png\" class=\"vc_single_image-img attachment-large\" alt=\"Screenshot der H5P-Inhalte in Wordpress, markiert ist die ID 1276 &quot;Vorlage_Lernmodul_H5P&quot;\" title=\"Portfolio_Vorlage_ID_suchen\" srcset=\"https:\/\/zfl-lernen.de\/wp-content\/uploads\/Portfolio_Vorlage_ID_suchen-1024x452.png 1024w, https:\/\/zfl-lernen.de\/wp-content\/uploads\/Portfolio_Vorlage_ID_suchen-300x133.png 300w, https:\/\/zfl-lernen.de\/wp-content\/uploads\/Portfolio_Vorlage_ID_suchen-768x339.png 768w, https:\/\/zfl-lernen.de\/wp-content\/uploads\/Portfolio_Vorlage_ID_suchen-1536x678.png 1536w, https:\/\/zfl-lernen.de\/wp-content\/uploads\/Portfolio_Vorlage_ID_suchen-18x8.png 18w, https:\/\/zfl-lernen.de\/wp-content\/uploads\/Portfolio_Vorlage_ID_suchen.png 1870w\" sizes=\"auto, (max-width: 640px) 100vw, 640px\" \/><\/div>\n\t\t<\/figure>\n\t<\/div>\n<div class=\"vc_empty_space\"   style=\"height: 20px\"><span class=\"vc_empty_space_inner\"><\/span><\/div>\n\t<div class=\"wpb_text_column wpb_content_element\" >\n\t\t<div class=\"wpb_wrapper\">\n\t\t\t<p>4. Klicken Sie im unteren Bereich der Vorlage (unten links) auf \u201cReuse\u201d.<\/p>\n\n\t\t<\/div>\n\t<\/div>\n<div class=\"vc_empty_space\"   style=\"height: 20px\"><span class=\"vc_empty_space_inner\"><\/span><\/div>\n\t<div  class=\"wpb_single_image wpb_content_element vc_align_center wpb_content_element\">\n\t\t\n\t\t<figure class=\"wpb_wrapper vc_figure\">\n\t\t\t<div class=\"vc_single_image-wrapper   vc_box_border_grey\"><img loading=\"lazy\" decoding=\"async\" width=\"640\" height=\"325\" src=\"https:\/\/zfl-lernen.de\/wp-content\/uploads\/Portfolio_Vorlage_reuse-1024x520.png\" class=\"vc_single_image-img attachment-large\" alt=\"Screenshot des H5P Elements in Wordpress, markiert ist die Reuse-Schaltfl\u00e4che\" title=\"Portfolio_Vorlage_reuse\" srcset=\"https:\/\/zfl-lernen.de\/wp-content\/uploads\/Portfolio_Vorlage_reuse-1024x520.png 1024w, https:\/\/zfl-lernen.de\/wp-content\/uploads\/Portfolio_Vorlage_reuse-300x152.png 300w, https:\/\/zfl-lernen.de\/wp-content\/uploads\/Portfolio_Vorlage_reuse-768x390.png 768w, https:\/\/zfl-lernen.de\/wp-content\/uploads\/Portfolio_Vorlage_reuse.png 1131w\" sizes=\"auto, (max-width: 640px) 100vw, 640px\" \/><\/div>\n\t\t<\/figure>\n\t<\/div>\n<div class=\"vc_empty_space\"   style=\"height: 20px\"><span class=\"vc_empty_space_inner\"><\/span><\/div>\n\t<div class=\"wpb_text_column wpb_content_element\" >\n\t\t<div class=\"wpb_wrapper\">\n\t\t\t<p>5. W\u00e4hlen Sie \u201cCopy content\u201d.<\/p>\n\n\t\t<\/div>\n\t<\/div>\n<div class=\"vc_empty_space\"   style=\"height: 20px\"><span class=\"vc_empty_space_inner\"><\/span><\/div>\n\t<div  class=\"wpb_single_image wpb_content_element vc_align_center wpb_content_element\">\n\t\t\n\t\t<figure class=\"wpb_wrapper vc_figure\">\n\t\t\t<div class=\"vc_single_image-wrapper   vc_box_border_grey\"><img loading=\"lazy\" decoding=\"async\" width=\"640\" height=\"298\" src=\"https:\/\/zfl-lernen.de\/wp-content\/uploads\/Portfolio_Vorlage_copy-content-1024x477.png\" class=\"vc_single_image-img attachment-large\" alt=\"Screenshot des H5P Elements nach Klick auf Reuse, markiert ist &quot;Copy Content&quot;\" title=\"Portfolio_Vorlage_copy content\" srcset=\"https:\/\/zfl-lernen.de\/wp-content\/uploads\/Portfolio_Vorlage_copy-content-1024x477.png 1024w, https:\/\/zfl-lernen.de\/wp-content\/uploads\/Portfolio_Vorlage_copy-content-300x140.png 300w, https:\/\/zfl-lernen.de\/wp-content\/uploads\/Portfolio_Vorlage_copy-content-768x358.png 768w, https:\/\/zfl-lernen.de\/wp-content\/uploads\/Portfolio_Vorlage_copy-content.png 1248w\" sizes=\"auto, (max-width: 640px) 100vw, 640px\" \/><\/div>\n\t\t<\/figure>\n\t<\/div>\n<div class=\"vc_empty_space\"   style=\"height: 20px\"><span class=\"vc_empty_space_inner\"><\/span><\/div>\n\t<div class=\"wpb_text_column wpb_content_element\" >\n\t\t<div class=\"wpb_wrapper\">\n\t\t\t<p>6. Gehen Sie in ZfL Lernen ins Men\u00fc \u201cH5P-Inhalte\u201d und klicken Sie dort auf \u201cHinzuf\u00fcgen &amp; Erstellen\u201d.<\/p>\n<p>7. Klicken Sie oben rechts auf \u201cEinf\u00fcgen\u201d.<\/p>\n\n\t\t<\/div>\n\t<\/div>\n<div class=\"vc_empty_space\"   style=\"height: 20px\"><span class=\"vc_empty_space_inner\"><\/span><\/div>\n\t<div  class=\"wpb_single_image wpb_content_element vc_align_center wpb_content_element\">\n\t\t\n\t\t<figure class=\"wpb_wrapper vc_figure\">\n\t\t\t<div class=\"vc_single_image-wrapper   vc_box_border_grey\"><img loading=\"lazy\" decoding=\"async\" width=\"640\" height=\"292\" src=\"https:\/\/zfl-lernen.de\/wp-content\/uploads\/Portfolio_Vorlage_copy-content_einfuegen-1024x467.png\" class=\"vc_single_image-img attachment-large\" alt=\"Screenshot der Maske zum Erstellen eines neuen H5P-Elements, markiert ist die Schaltfl\u00e4che &quot;Einf\u00fcgen&quot;\" title=\"Portfolio_Vorlage_copy content_einfuegen\" srcset=\"https:\/\/zfl-lernen.de\/wp-content\/uploads\/Portfolio_Vorlage_copy-content_einfuegen-1024x467.png 1024w, https:\/\/zfl-lernen.de\/wp-content\/uploads\/Portfolio_Vorlage_copy-content_einfuegen-300x137.png 300w, https:\/\/zfl-lernen.de\/wp-content\/uploads\/Portfolio_Vorlage_copy-content_einfuegen-768x350.png 768w, https:\/\/zfl-lernen.de\/wp-content\/uploads\/Portfolio_Vorlage_copy-content_einfuegen.png 1475w\" sizes=\"auto, (max-width: 640px) 100vw, 640px\" \/><\/div>\n\t\t<\/figure>\n\t<\/div>\n<div class=\"vc_empty_space\"   style=\"height: 20px\"><span class=\"vc_empty_space_inner\"><\/span><\/div>\n\t<div class=\"wpb_text_column wpb_content_element\" >\n\t\t<div class=\"wpb_wrapper\">\n\t\t\t<p>8. F\u00fcgen Sie unter \u201cPortfoliotitel\u201d den Namen Ihres Lernmoduls ein.<\/p>\n<p>9. Klicken Sie auf \u201cErstellen\u201d. Ihr Lernmodul ist nun gespeichert.<\/p>\n\n\t\t<\/div>\n\t<\/div>\n<div class=\"vc_empty_space\"   style=\"height: 20px\"><span class=\"vc_empty_space_inner\"><\/span><\/div>\n\t<div  class=\"wpb_single_image wpb_content_element vc_align_center wpb_content_element\">\n\t\t\n\t\t<figure class=\"wpb_wrapper vc_figure\">\n\t\t\t<div class=\"vc_single_image-wrapper   vc_box_border_grey\"><img loading=\"lazy\" decoding=\"async\" width=\"640\" height=\"158\" src=\"https:\/\/zfl-lernen.de\/wp-content\/uploads\/Portfolio_Vorlage_erstellen-1024x253.png\" class=\"vc_single_image-img attachment-large\" alt=\"Screenshot eines neu erstellten Portfolio-Elements, markiert ist die Schaltfl\u00e4che &quot;Erstellen&quot;\" title=\"Portfolio_Vorlage_erstellen\" srcset=\"https:\/\/zfl-lernen.de\/wp-content\/uploads\/Portfolio_Vorlage_erstellen-1024x253.png 1024w, https:\/\/zfl-lernen.de\/wp-content\/uploads\/Portfolio_Vorlage_erstellen-300x74.png 300w, https:\/\/zfl-lernen.de\/wp-content\/uploads\/Portfolio_Vorlage_erstellen-768x190.png 768w, https:\/\/zfl-lernen.de\/wp-content\/uploads\/Portfolio_Vorlage_erstellen-1536x380.png 1536w, https:\/\/zfl-lernen.de\/wp-content\/uploads\/Portfolio_Vorlage_erstellen.png 1918w\" sizes=\"auto, (max-width: 640px) 100vw, 640px\" \/><\/div>\n\t\t<\/figure>\n\t<\/div>\n<div class=\"vc_empty_space\"   style=\"height: 20px\"><span class=\"vc_empty_space_inner\"><\/span><\/div>\n\t<div class=\"wpb_text_column wpb_content_element\" >\n\t\t<div class=\"wpb_wrapper\">\n\t\t\t<p>10. Sie k\u00f6nnen ab jetzt in Ihrem Lernmodul arbeiten.<\/p>\n\n\t\t<\/div>\n\t<\/div>\n<\/div><\/div><\/div><\/div>\n<\/div>"},"excerpt":{"rendered":"Lernmodule anlegen in H5P Das Erstellen eines Lernmoduls mit einer H5P-Vorlage unterscheidet sich vom Erstellen eines Lernmoduls in LearnPress. F\u00fcr ein H5P-Lernmodul verwenden Sie ausschlie\u00dflich das H5P-Element \"Portfolio\". Dieses Element wurde urspr\u00fcnglich f\u00fcr die Erstellung eines Portfolios entwickelt, kann aber &hellip;","protected":false},"author":32,"featured_media":0,"parent":73623,"menu_order":0,"comment_status":"closed","ping_status":"closed","template":"","meta":{"_acf_changed":false,"footnotes":""},"categories":[1240],"tags":[],"kooperation":[],"class_list":["post-73654","page","type-page","status-publish","hentry","category-anleitung-zur-erstellung"],"acf":[],"yoast_head":"<!-- This site is optimized with the Yoast SEO plugin v27.1.1 - https:\/\/yoast.com\/product\/yoast-seo-wordpress\/ -->\n<title>Lernmodul anlegen (H5P) - ZfL Lernen<\/title>\n<meta name=\"robots\" content=\"index, follow, max-snippet:-1, max-image-preview:large, max-video-preview:-1\" \/>\n<link rel=\"canonical\" href=\"https:\/\/zfl-lernen.de\/en\/lernmaterial_erstellen_wordpress\/umsetzung-lernmodule\/lernmodul-anlegen-h5p\/\" \/>\n<meta property=\"og:locale\" content=\"en_US\" \/>\n<meta property=\"og:type\" content=\"article\" \/>\n<meta property=\"og:title\" content=\"Lernmodul anlegen (H5P) - ZfL Lernen\" \/>\n<meta property=\"og:url\" content=\"https:\/\/zfl-lernen.de\/en\/lernmaterial_erstellen_wordpress\/umsetzung-lernmodule\/lernmodul-anlegen-h5p\/\" \/>\n<meta property=\"og:site_name\" content=\"ZfL Lernen\" \/>\n<meta property=\"article:publisher\" content=\"https:\/\/www.facebook.com\/zflkoeln\" \/>\n<meta property=\"article:modified_time\" content=\"2024-12-19T09:25:28+00:00\" \/>\n<meta property=\"og:image\" content=\"https:\/\/zfl-lernen.de\/wp-content\/uploads\/zfl-logo_neu-1.png\" \/>\n\t<meta property=\"og:image:width\" content=\"300\" \/>\n\t<meta property=\"og:image:height\" content=\"161\" \/>\n\t<meta property=\"og:image:type\" content=\"image\/png\" \/>\n<meta name=\"twitter:card\" content=\"summary_large_image\" \/>\n<meta name=\"twitter:site\" content=\"@Lehrer_innen\" \/>\n<meta name=\"twitter:label1\" content=\"Est. reading time\" \/>\n\t<meta name=\"twitter:data1\" content=\"2 minutes\" \/>\n<script type=\"application\/ld+json\" class=\"yoast-schema-graph\">{\"@context\":\"https:\/\/schema.org\",\"@graph\":[{\"@type\":\"WebPage\",\"@id\":\"https:\/\/zfl-lernen.de\/lernmaterial_erstellen_wordpress\/umsetzung-lernmodule\/lernmodul-anlegen-h5p\/\",\"url\":\"https:\/\/zfl-lernen.de\/lernmaterial_erstellen_wordpress\/umsetzung-lernmodule\/lernmodul-anlegen-h5p\/\",\"name\":\"Lernmodul anlegen (H5P) - ZfL Lernen\",\"isPartOf\":{\"@id\":\"https:\/\/zfl-lernen.de\/#website\"},\"datePublished\":\"2023-12-04T14:32:40+00:00\",\"dateModified\":\"2024-12-19T09:25:28+00:00\",\"breadcrumb\":{\"@id\":\"https:\/\/zfl-lernen.de\/lernmaterial_erstellen_wordpress\/umsetzung-lernmodule\/lernmodul-anlegen-h5p\/#breadcrumb\"},\"inLanguage\":\"en-US\",\"potentialAction\":[{\"@type\":\"ReadAction\",\"target\":[\"https:\/\/zfl-lernen.de\/lernmaterial_erstellen_wordpress\/umsetzung-lernmodule\/lernmodul-anlegen-h5p\/\"]}]},{\"@type\":\"BreadcrumbList\",\"@id\":\"https:\/\/zfl-lernen.de\/lernmaterial_erstellen_wordpress\/umsetzung-lernmodule\/lernmodul-anlegen-h5p\/#breadcrumb\",\"itemListElement\":[{\"@type\":\"ListItem\",\"position\":1,\"name\":\"Startseite\",\"item\":\"https:\/\/zfl-lernen.de\/\"},{\"@type\":\"ListItem\",\"position\":2,\"name\":\"Lernmaterial erstellen mit WordPress\",\"item\":\"https:\/\/zfl-lernen.de\/lernmaterial_erstellen_wordpress\/\"},{\"@type\":\"ListItem\",\"position\":3,\"name\":\"Umsetzung Lernmodule\",\"item\":\"https:\/\/zfl-lernen.de\/lernmaterial_erstellen_wordpress\/umsetzung-lernmodule\/\"},{\"@type\":\"ListItem\",\"position\":4,\"name\":\"Lernmodul anlegen (H5P)\"}]},{\"@type\":\"WebSite\",\"@id\":\"https:\/\/zfl-lernen.de\/#website\",\"url\":\"https:\/\/zfl-lernen.de\/\",\"name\":\"ZfL Lernen\",\"description\":\"ZfL Offene Bildungsangebote\",\"potentialAction\":[{\"@type\":\"SearchAction\",\"target\":{\"@type\":\"EntryPoint\",\"urlTemplate\":\"https:\/\/zfl-lernen.de\/?s={search_term_string}\"},\"query-input\":{\"@type\":\"PropertyValueSpecification\",\"valueRequired\":true,\"valueName\":\"search_term_string\"}}],\"inLanguage\":\"en-US\"}]}<\/script>\n<!-- \/ Yoast SEO plugin. -->","yoast_head_json":{"title":"Lernmodul anlegen (H5P) - ZfL Lernen","robots":{"index":"index","follow":"follow","max-snippet":"max-snippet:-1","max-image-preview":"max-image-preview:large","max-video-preview":"max-video-preview:-1"},"canonical":"https:\/\/zfl-lernen.de\/en\/lernmaterial_erstellen_wordpress\/umsetzung-lernmodule\/lernmodul-anlegen-h5p\/","og_locale":"en_US","og_type":"article","og_title":"Lernmodul anlegen (H5P) - ZfL Lernen","og_url":"https:\/\/zfl-lernen.de\/en\/lernmaterial_erstellen_wordpress\/umsetzung-lernmodule\/lernmodul-anlegen-h5p\/","og_site_name":"ZfL Lernen","article_publisher":"https:\/\/www.facebook.com\/zflkoeln","article_modified_time":"2024-12-19T09:25:28+00:00","og_image":[{"width":300,"height":161,"url":"https:\/\/zfl-lernen.de\/wp-content\/uploads\/zfl-logo_neu-1.png","type":"image\/png"}],"twitter_card":"summary_large_image","twitter_site":"@Lehrer_innen","twitter_misc":{"Est. reading time":"2 minutes"},"schema":{"@context":"https:\/\/schema.org","@graph":[{"@type":"WebPage","@id":"https:\/\/zfl-lernen.de\/lernmaterial_erstellen_wordpress\/umsetzung-lernmodule\/lernmodul-anlegen-h5p\/","url":"https:\/\/zfl-lernen.de\/lernmaterial_erstellen_wordpress\/umsetzung-lernmodule\/lernmodul-anlegen-h5p\/","name":"Lernmodul anlegen (H5P) - ZfL Lernen","isPartOf":{"@id":"https:\/\/zfl-lernen.de\/#website"},"datePublished":"2023-12-04T14:32:40+00:00","dateModified":"2024-12-19T09:25:28+00:00","breadcrumb":{"@id":"https:\/\/zfl-lernen.de\/lernmaterial_erstellen_wordpress\/umsetzung-lernmodule\/lernmodul-anlegen-h5p\/#breadcrumb"},"inLanguage":"en-US","potentialAction":[{"@type":"ReadAction","target":["https:\/\/zfl-lernen.de\/lernmaterial_erstellen_wordpress\/umsetzung-lernmodule\/lernmodul-anlegen-h5p\/"]}]},{"@type":"BreadcrumbList","@id":"https:\/\/zfl-lernen.de\/lernmaterial_erstellen_wordpress\/umsetzung-lernmodule\/lernmodul-anlegen-h5p\/#breadcrumb","itemListElement":[{"@type":"ListItem","position":1,"name":"Startseite","item":"https:\/\/zfl-lernen.de\/"},{"@type":"ListItem","position":2,"name":"Lernmaterial erstellen mit WordPress","item":"https:\/\/zfl-lernen.de\/lernmaterial_erstellen_wordpress\/"},{"@type":"ListItem","position":3,"name":"Umsetzung Lernmodule","item":"https:\/\/zfl-lernen.de\/lernmaterial_erstellen_wordpress\/umsetzung-lernmodule\/"},{"@type":"ListItem","position":4,"name":"Lernmodul anlegen (H5P)"}]},{"@type":"WebSite","@id":"https:\/\/zfl-lernen.de\/#website","url":"https:\/\/zfl-lernen.de\/","name":"ZfL Lernen","description":"ZfL Offene Bildungsangebote","potentialAction":[{"@type":"SearchAction","target":{"@type":"EntryPoint","urlTemplate":"https:\/\/zfl-lernen.de\/?s={search_term_string}"},"query-input":{"@type":"PropertyValueSpecification","valueRequired":true,"valueName":"search_term_string"}}],"inLanguage":"en-US"}]}},"_links":{"self":[{"href":"https:\/\/zfl-lernen.de\/en\/wp-json\/wp\/v2\/pages\/73654","targetHints":{"allow":["GET"]}}],"collection":[{"href":"https:\/\/zfl-lernen.de\/en\/wp-json\/wp\/v2\/pages"}],"about":[{"href":"https:\/\/zfl-lernen.de\/en\/wp-json\/wp\/v2\/types\/page"}],"author":[{"embeddable":true,"href":"https:\/\/zfl-lernen.de\/en\/wp-json\/wp\/v2\/users\/32"}],"replies":[{"embeddable":true,"href":"https:\/\/zfl-lernen.de\/en\/wp-json\/wp\/v2\/comments?post=73654"}],"version-history":[{"count":8,"href":"https:\/\/zfl-lernen.de\/en\/wp-json\/wp\/v2\/pages\/73654\/revisions"}],"predecessor-version":[{"id":81698,"href":"https:\/\/zfl-lernen.de\/en\/wp-json\/wp\/v2\/pages\/73654\/revisions\/81698"}],"up":[{"embeddable":true,"href":"https:\/\/zfl-lernen.de\/en\/wp-json\/wp\/v2\/pages\/73623"}],"wp:attachment":[{"href":"https:\/\/zfl-lernen.de\/en\/wp-json\/wp\/v2\/media?parent=73654"}],"wp:term":[{"taxonomy":"category","embeddable":true,"href":"https:\/\/zfl-lernen.de\/en\/wp-json\/wp\/v2\/categories?post=73654"},{"taxonomy":"post_tag","embeddable":true,"href":"https:\/\/zfl-lernen.de\/en\/wp-json\/wp\/v2\/tags?post=73654"},{"taxonomy":"kooperation","embeddable":true,"href":"https:\/\/zfl-lernen.de\/en\/wp-json\/wp\/v2\/kooperation?post=73654"}],"curies":[{"name":"wp","href":"https:\/\/api.w.org\/{rel}","templated":true}]}}