{"id":73722,"date":"2023-12-05T09:22:38","date_gmt":"2023-12-05T08:22:38","guid":{"rendered":"https:\/\/zfl-lernen.de\/?page_id=73722"},"modified":"2025-06-25T08:29:52","modified_gmt":"2025-06-25T06:29:52","slug":"umsetzung-online-kurse","status":"publish","type":"page","link":"https:\/\/zfl-lernen.de\/en\/lernmaterial_erstellen_wordpress\/umsetzung-online-kurse\/","title":{"rendered":"Umsetzung Online-Kurse"},"content":{"rendered":"<div class=\"wpb-content-wrapper\"><div class=\"vc_row wpb_row vc_row-fluid\"><div class=\"wpb_column vc_column_container vc_col-sm-12\"><div class=\"vc_column-inner\"><div class=\"wpb_wrapper\">\n\t<div class=\"wpb_text_column wpb_content_element\" >\n\t\t<div class=\"wpb_wrapper\">\n\t\t\t<h2>Umsetzung Online-Kurse mit WordPress<\/h2>\n\n\t\t<\/div>\n\t<\/div>\n<\/div><\/div><\/div><\/div><div class=\"vc_row wpb_row vc_row-fluid\"><div class=\"wpb_column vc_column_container vc_col-sm-12\"><div class=\"vc_column-inner\"><div class=\"wpb_wrapper\">\n\t<div class=\"wpb_text_column wpb_content_element\" >\n\t\t<div class=\"wpb_wrapper\">\n\t\t\t<p>Die Plattform &#8222;ZfL Lernen&#8220; l\u00e4uft auf der Basis von WordPress. Bei WordPress handelt es sich um eine Open-Source-Software zur Erstellung von Webseiten. Die Software ist schon seit mehreren Jahren Vorreiter f\u00fcr effizientes, sch\u00f6nes und einfaches Erstellen von Blogs, Webseiten oder Apps.<\/p>\n<p>WordPress bietet User*innen viele M\u00f6glichkeiten, um aufwendige Plattformen zu erstellen, wie zum Beispiel diese Anleitung, das gesamte ZfL-Lernen-Portal oder Online-Kurse. Zur Konzeption eines Online-Kurses lesen Sie sich bitte die nachfolgenden Anleitungen in diesem Bereich durch. Zum Unterschied zwischen Online-Kursen und Lernmodulen schauen Sie bitte in den Artikel <a href=\"https:\/\/zfl-lernen.de\/en\/lernmaterial_erstellen_wordpress\/konzeption\/online-kurse-vs-lernmodule\/\" target=\"_blank\" rel=\"noopener\"><strong>&#8222;Online-Kurse vs. Lernmodule&#8220;<\/strong><\/a>.<\/p>\n\n\t\t<\/div>\n\t<\/div>\n<div class=\"vc_empty_space\"   style=\"height: 40px\"><span class=\"vc_empty_space_inner\"><\/span><\/div><\/div><\/div><\/div><\/div><div class=\"vc_row wpb_row vc_row-fluid\"><div class=\"wpb_column vc_column_container vc_col-sm-12\"><div class=\"vc_column-inner\"><div class=\"wpb_wrapper\">\n\t<div class=\"wpb_text_column wpb_content_element\" >\n\t\t<div class=\"wpb_wrapper\">\n\t\t\t<h3>Aufbau Online-Kurse\/Seiten<\/h3>\n\n\t\t<\/div>\n\t<\/div>\n<\/div><\/div><\/div><\/div><div class=\"vc_row wpb_row vc_row-fluid\"><div class=\"wpb_column vc_column_container vc_col-sm-12\"><div class=\"vc_column-inner\"><div class=\"wpb_wrapper\">\n\t<div class=\"wpb_text_column wpb_content_element\" >\n\t\t<div class=\"wpb_wrapper\">\n\t\t\t<p>Melden Sie sich auf <a href=\"https:\/\/zfl-lernen.de\/en\/\"><strong>zfl-lernen.de<\/strong><\/a> an. Sie finden die Login-Schaltfl\u00e4che im Footer, d. h. im unteren Bereich der Seite. Einmal angemeldet erscheint der Schriftzug &#8222;<span style=\"color: #000000;\">ZfL Lernen&#8220;<\/span> in der schwarzen Men\u00fcleiste oben links. Mit einem Klick auf diese Schaltfl\u00e4che gelangen Sie in das sogenannte Dashboard, den Ersteller*innenbereich. Auf dem Dashboard befindet sich auf der linken Seite eine Navigationsleiste. Um Online-Kurse zu erstellen, ist der wichtigste Punkt \u201cOnline-Kurse\u201d. Darunter finden Sie die Unterpunkte &#8222;Neue Seite erstellen&#8220; und weitere M\u00f6glichkeiten, Schlagw\u00f6rter, Mitwirkende oder Kooperationen zu hinterlegen, die im Online-Kurs aufgef\u00fchrt werden sollen. Unter dem Men\u00fcpunkt &#8222;Online-Kurse&#8220; kann die Vorlage <strong><a href=\"https:\/\/zfl-lernen.de\/en\/vorlage-online-kurs\/\" target=\"_blank\" rel=\"noopener\">&#8222;Vorlage Online-Kurs&#8220;<\/a><\/strong>\u00a0\u00fcber Hinzuf\u00fcgen einer neuen Seite genutzt werden. Wie das genau geht, erfahren Sie im Artikel <a href=\"https:\/\/zfl-lernen.de\/en\/anleitung-zur-erstellung\/online-kurs-anlegen\/\"><strong>&#8222;Online-Kurs anlegen&#8220;<\/strong><\/a>. Eine Schritt-f\u00fcr-Schritt-Anleitung erhalten Sie im Artikel <strong><a href=\"https:\/\/zfl-lernen.de\/en\/anleitung-zur-erstellung\/online-kurs-erstellung\/\">&#8222;Erstellung in K\u00fcrze&#8220;<\/a><\/strong>.<\/p>\n\n\t\t<\/div>\n\t<\/div>\n<\/div><\/div><\/div><\/div><div class=\"vc_row wpb_row vc_row-fluid\"><div class=\"wpb_column vc_column_container vc_col-sm-12\"><div class=\"vc_column-inner\"><div class=\"wpb_wrapper\">\n\t<div class=\"wpb_text_column wpb_content_element\" >\n\t\t<div class=\"wpb_wrapper\">\n\t\t\t<p>Ein Online-Kurs besteht aus einer oder mehreren Seiten, die durch verschiedene Strukturelemente miteinander verkn\u00fcpft werden k\u00f6nnen. F\u00fcr Navigationsm\u00f6glichkeiten schauen Sie bitte in die Artikel des Kapitels <strong><a href=\"https:\/\/zfl-lernen.de\/en\/anleitung-zur-erstellung\/rechte-navigation-online-kurs\/\" target=\"_blank\" rel=\"noopener\">&#8222;Rechte Navigation im Online-Kurs&#8220;<\/a><\/strong> und<strong> <a href=\"https:\/\/zfl-lernen.de\/en\/anleitung-zur-erstellung\/interne-navigation-auf-einer-seite\/\" target=\"_blank\" rel=\"noopener\">&#8222;Interne Navigation auf einer Seite&#8220;<\/a><\/strong>. Wenn der Online-Kurs aus mehreren Seiten besteht, werden die Seiten \u00fcber diese Startseite verwaltet. Daf\u00fcr kann eine<strong> <a href=\"https:\/\/zfl-lernen.de\/en\/anleitung-zur-erstellung\/grafischer-ueberblick-ueber-die-inhalte\/\" target=\"_blank\" rel=\"noopener\">grafische \u00dcbersicht <\/a><\/strong>erstellt werden. Mehr dazu in dem verlinkten Artikel.<\/p>\n\n\t\t<\/div>\n\t<\/div>\n\n\t<div class=\"wpb_text_column wpb_content_element\" >\n\t\t<div class=\"wpb_wrapper\">\n\t\t\t<p>Auf die Startseite des Online-Kurses kommen alle Informationen, die die Lernenden brauchen, um auf einen Blick erkennen zu k\u00f6nnen, was sie in dem Online-Kurs vorfinden und wer an der Erstellung beteiligt war.<\/p>\n<p>Weitere Einstellungen (SEO-Angaben, Kooperationspartner, Kategorien, Beitragsbild&#8230;) werden auch auf der Startseite verwaltet. Mehr dazu erfahren Sie in den jeweiligen Artikeln.<\/p>\n\n\t\t<\/div>\n\t<\/div>\n<\/div><\/div><\/div><\/div>\n<\/div>"},"excerpt":{"rendered":"Umsetzung Online-Kurse mit WordPress Die Plattform \"ZfL Lernen\" l\u00e4uft auf der Basis von WordPress. Bei WordPress handelt es sich um eine Open-Source-Software zur Erstellung von Webseiten. Die Software ist schon seit mehreren Jahren Vorreiter f\u00fcr effizientes, sch\u00f6nes und einfaches Erstellen &hellip;","protected":false},"author":32,"featured_media":0,"parent":73536,"menu_order":0,"comment_status":"closed","ping_status":"closed","template":"","meta":{"_acf_changed":false,"footnotes":""},"categories":[1240],"tags":[],"kooperation":[],"class_list":["post-73722","page","type-page","status-publish","hentry","category-anleitung-zur-erstellung"],"acf":[],"yoast_head":"<!-- This site is optimized with the Yoast SEO plugin v27.1.1 - https:\/\/yoast.com\/product\/yoast-seo-wordpress\/ -->\n<title>Umsetzung Online-Kurse - ZfL Lernen<\/title>\n<meta name=\"robots\" content=\"index, follow, max-snippet:-1, max-image-preview:large, max-video-preview:-1\" \/>\n<link rel=\"canonical\" href=\"https:\/\/zfl-lernen.de\/en\/lernmaterial_erstellen_wordpress\/umsetzung-online-kurse\/\" \/>\n<meta property=\"og:locale\" content=\"en_US\" \/>\n<meta property=\"og:type\" content=\"article\" \/>\n<meta property=\"og:title\" content=\"Umsetzung Online-Kurse - ZfL Lernen\" \/>\n<meta property=\"og:url\" content=\"https:\/\/zfl-lernen.de\/en\/lernmaterial_erstellen_wordpress\/umsetzung-online-kurse\/\" \/>\n<meta property=\"og:site_name\" content=\"ZfL Lernen\" \/>\n<meta property=\"article:publisher\" content=\"https:\/\/www.facebook.com\/zflkoeln\" \/>\n<meta property=\"article:modified_time\" content=\"2025-06-25T06:29:52+00:00\" \/>\n<meta property=\"og:image\" content=\"https:\/\/zfl-lernen.de\/wp-content\/uploads\/zfl-logo_neu-1.png\" \/>\n\t<meta property=\"og:image:width\" content=\"300\" \/>\n\t<meta property=\"og:image:height\" content=\"161\" \/>\n\t<meta property=\"og:image:type\" content=\"image\/png\" \/>\n<meta name=\"twitter:card\" content=\"summary_large_image\" \/>\n<meta name=\"twitter:site\" content=\"@Lehrer_innen\" \/>\n<meta name=\"twitter:label1\" content=\"Est. reading time\" \/>\n\t<meta name=\"twitter:data1\" content=\"2 minutes\" \/>\n<script type=\"application\/ld+json\" class=\"yoast-schema-graph\">{\"@context\":\"https:\/\/schema.org\",\"@graph\":[{\"@type\":\"WebPage\",\"@id\":\"https:\/\/zfl-lernen.de\/lernmaterial_erstellen_wordpress\/umsetzung-online-kurse\/\",\"url\":\"https:\/\/zfl-lernen.de\/lernmaterial_erstellen_wordpress\/umsetzung-online-kurse\/\",\"name\":\"Umsetzung Online-Kurse - ZfL Lernen\",\"isPartOf\":{\"@id\":\"https:\/\/zfl-lernen.de\/#website\"},\"datePublished\":\"2023-12-05T08:22:38+00:00\",\"dateModified\":\"2025-06-25T06:29:52+00:00\",\"breadcrumb\":{\"@id\":\"https:\/\/zfl-lernen.de\/lernmaterial_erstellen_wordpress\/umsetzung-online-kurse\/#breadcrumb\"},\"inLanguage\":\"en-US\",\"potentialAction\":[{\"@type\":\"ReadAction\",\"target\":[\"https:\/\/zfl-lernen.de\/lernmaterial_erstellen_wordpress\/umsetzung-online-kurse\/\"]}]},{\"@type\":\"BreadcrumbList\",\"@id\":\"https:\/\/zfl-lernen.de\/lernmaterial_erstellen_wordpress\/umsetzung-online-kurse\/#breadcrumb\",\"itemListElement\":[{\"@type\":\"ListItem\",\"position\":1,\"name\":\"Startseite\",\"item\":\"https:\/\/zfl-lernen.de\/\"},{\"@type\":\"ListItem\",\"position\":2,\"name\":\"Lernmaterial erstellen mit WordPress\",\"item\":\"https:\/\/zfl-lernen.de\/lernmaterial_erstellen_wordpress\/\"},{\"@type\":\"ListItem\",\"position\":3,\"name\":\"Umsetzung Online-Kurse\"}]},{\"@type\":\"WebSite\",\"@id\":\"https:\/\/zfl-lernen.de\/#website\",\"url\":\"https:\/\/zfl-lernen.de\/\",\"name\":\"ZfL Lernen\",\"description\":\"ZfL Offene Bildungsangebote\",\"potentialAction\":[{\"@type\":\"SearchAction\",\"target\":{\"@type\":\"EntryPoint\",\"urlTemplate\":\"https:\/\/zfl-lernen.de\/?s={search_term_string}\"},\"query-input\":{\"@type\":\"PropertyValueSpecification\",\"valueRequired\":true,\"valueName\":\"search_term_string\"}}],\"inLanguage\":\"en-US\"}]}<\/script>\n<!-- \/ Yoast SEO plugin. -->","yoast_head_json":{"title":"Umsetzung Online-Kurse - ZfL Lernen","robots":{"index":"index","follow":"follow","max-snippet":"max-snippet:-1","max-image-preview":"max-image-preview:large","max-video-preview":"max-video-preview:-1"},"canonical":"https:\/\/zfl-lernen.de\/en\/lernmaterial_erstellen_wordpress\/umsetzung-online-kurse\/","og_locale":"en_US","og_type":"article","og_title":"Umsetzung Online-Kurse - ZfL Lernen","og_url":"https:\/\/zfl-lernen.de\/en\/lernmaterial_erstellen_wordpress\/umsetzung-online-kurse\/","og_site_name":"ZfL Lernen","article_publisher":"https:\/\/www.facebook.com\/zflkoeln","article_modified_time":"2025-06-25T06:29:52+00:00","og_image":[{"width":300,"height":161,"url":"https:\/\/zfl-lernen.de\/wp-content\/uploads\/zfl-logo_neu-1.png","type":"image\/png"}],"twitter_card":"summary_large_image","twitter_site":"@Lehrer_innen","twitter_misc":{"Est. reading time":"2 minutes"},"schema":{"@context":"https:\/\/schema.org","@graph":[{"@type":"WebPage","@id":"https:\/\/zfl-lernen.de\/lernmaterial_erstellen_wordpress\/umsetzung-online-kurse\/","url":"https:\/\/zfl-lernen.de\/lernmaterial_erstellen_wordpress\/umsetzung-online-kurse\/","name":"Umsetzung Online-Kurse - ZfL Lernen","isPartOf":{"@id":"https:\/\/zfl-lernen.de\/#website"},"datePublished":"2023-12-05T08:22:38+00:00","dateModified":"2025-06-25T06:29:52+00:00","breadcrumb":{"@id":"https:\/\/zfl-lernen.de\/lernmaterial_erstellen_wordpress\/umsetzung-online-kurse\/#breadcrumb"},"inLanguage":"en-US","potentialAction":[{"@type":"ReadAction","target":["https:\/\/zfl-lernen.de\/lernmaterial_erstellen_wordpress\/umsetzung-online-kurse\/"]}]},{"@type":"BreadcrumbList","@id":"https:\/\/zfl-lernen.de\/lernmaterial_erstellen_wordpress\/umsetzung-online-kurse\/#breadcrumb","itemListElement":[{"@type":"ListItem","position":1,"name":"Startseite","item":"https:\/\/zfl-lernen.de\/"},{"@type":"ListItem","position":2,"name":"Lernmaterial erstellen mit WordPress","item":"https:\/\/zfl-lernen.de\/lernmaterial_erstellen_wordpress\/"},{"@type":"ListItem","position":3,"name":"Umsetzung Online-Kurse"}]},{"@type":"WebSite","@id":"https:\/\/zfl-lernen.de\/#website","url":"https:\/\/zfl-lernen.de\/","name":"ZfL Lernen","description":"ZfL Offene Bildungsangebote","potentialAction":[{"@type":"SearchAction","target":{"@type":"EntryPoint","urlTemplate":"https:\/\/zfl-lernen.de\/?s={search_term_string}"},"query-input":{"@type":"PropertyValueSpecification","valueRequired":true,"valueName":"search_term_string"}}],"inLanguage":"en-US"}]}},"_links":{"self":[{"href":"https:\/\/zfl-lernen.de\/en\/wp-json\/wp\/v2\/pages\/73722","targetHints":{"allow":["GET"]}}],"collection":[{"href":"https:\/\/zfl-lernen.de\/en\/wp-json\/wp\/v2\/pages"}],"about":[{"href":"https:\/\/zfl-lernen.de\/en\/wp-json\/wp\/v2\/types\/page"}],"author":[{"embeddable":true,"href":"https:\/\/zfl-lernen.de\/en\/wp-json\/wp\/v2\/users\/32"}],"replies":[{"embeddable":true,"href":"https:\/\/zfl-lernen.de\/en\/wp-json\/wp\/v2\/comments?post=73722"}],"version-history":[{"count":7,"href":"https:\/\/zfl-lernen.de\/en\/wp-json\/wp\/v2\/pages\/73722\/revisions"}],"predecessor-version":[{"id":84023,"href":"https:\/\/zfl-lernen.de\/en\/wp-json\/wp\/v2\/pages\/73722\/revisions\/84023"}],"up":[{"embeddable":true,"href":"https:\/\/zfl-lernen.de\/en\/wp-json\/wp\/v2\/pages\/73536"}],"wp:attachment":[{"href":"https:\/\/zfl-lernen.de\/en\/wp-json\/wp\/v2\/media?parent=73722"}],"wp:term":[{"taxonomy":"category","embeddable":true,"href":"https:\/\/zfl-lernen.de\/en\/wp-json\/wp\/v2\/categories?post=73722"},{"taxonomy":"post_tag","embeddable":true,"href":"https:\/\/zfl-lernen.de\/en\/wp-json\/wp\/v2\/tags?post=73722"},{"taxonomy":"kooperation","embeddable":true,"href":"https:\/\/zfl-lernen.de\/en\/wp-json\/wp\/v2\/kooperation?post=73722"}],"curies":[{"name":"wp","href":"https:\/\/api.w.org\/{rel}","templated":true}]}}