{"id":73788,"date":"2023-12-05T14:46:41","date_gmt":"2023-12-05T13:46:41","guid":{"rendered":"https:\/\/zfl-lernen.de\/?page_id=73788"},"modified":"2025-01-21T13:00:58","modified_gmt":"2025-01-21T12:00:58","slug":"lernmodul-befuellen-h5p","status":"publish","type":"page","link":"https:\/\/zfl-lernen.de\/en\/lernmaterial_erstellen_wordpress\/erstellung-in-kuerze-h5p\/lernmodul-befuellen-h5p\/","title":{"rendered":"Lernmodul bef\u00fcllen (H5P)"},"content":{"rendered":"<div class=\"wpb-content-wrapper\"><div class=\"vc_row wpb_row vc_row-fluid\"><div class=\"wpb_column vc_column_container vc_col-sm-12\"><div class=\"vc_column-inner\"><div class=\"wpb_wrapper\">\n\t<div class=\"wpb_text_column wpb_content_element\" >\n\t\t<div class=\"wpb_wrapper\">\n\t\t\t<h2>Bestehende Lernmodule bef\u00fcllen in H5P<\/h2>\n\n\t\t<\/div>\n\t<\/div>\n<\/div><\/div><\/div><\/div><div class=\"vc_row wpb_row vc_row-fluid\"><div class=\"wpb_column vc_column_container vc_col-sm-12\"><div class=\"vc_column-inner\"><div class=\"wpb_wrapper\">\n\t<div class=\"wpb_text_column wpb_content_element\" >\n\t\t<div class=\"wpb_wrapper\">\n\t\t\t<h3>1. Aufrufen und Bearbeiten Ihres Lernmoduls in ZfL Lernen<\/h3>\n\n\t\t<\/div>\n\t<\/div>\n<\/div><\/div><\/div><\/div><div class=\"vc_row wpb_row vc_row-fluid\"><div class=\"wpb_column vc_column_container vc_col-sm-12\"><div class=\"vc_column-inner\"><div class=\"wpb_wrapper\">\n\t<div class=\"wpb_text_column wpb_content_element\" >\n\t\t<div class=\"wpb_wrapper\">\n\t\t\t<ol>\n<li>Loggen Sie sich in ZfL Lernen ein.<\/li>\n<li>In der linken Navigation finden Sie das Men\u00fc &#8222;H5P-Inhalte&#8220;. Suchen Sie dort nach dem Eintrag mit der ID Ihres Lernmoduls oder nach dem Namen des Lernmoduls oder Ihrem Namen als Autor und klicken Sie ganz rechts auf &#8222;Bearbeiten&#8220;.<\/li>\n<\/ol>\n\n\t\t<\/div>\n\t<\/div>\n<div class=\"vc_empty_space\"   style=\"height: 40px\"><span class=\"vc_empty_space_inner\"><\/span><\/div><\/div><\/div><\/div><\/div><div class=\"vc_row wpb_row vc_row-fluid\"><div class=\"wpb_column vc_column_container vc_col-sm-12\"><div class=\"vc_column-inner\"><div class=\"wpb_wrapper\">\n\t<div class=\"wpb_text_column wpb_content_element\" >\n\t\t<div class=\"wpb_wrapper\">\n\t\t\t<h3>2. Hinweise zum Bearbeiten Ihres Lernmoduls<\/h3>\n\n\t\t<\/div>\n\t<\/div>\n<\/div><\/div><\/div><\/div><div class=\"vc_row wpb_row vc_row-fluid\"><div class=\"wpb_column vc_column_container vc_col-sm-12\"><div class=\"vc_column-inner\"><div class=\"wpb_wrapper\">\n\t<div class=\"wpb_text_column wpb_content_element\" >\n\t\t<div class=\"wpb_wrapper\">\n\t\t\t<ol>\n<li>Ihr Lernmodul enth\u00e4lt zu Beginn noch alle Eintr\u00e4ge der Vorlage.<\/li>\n<li>Gehen Sie zun\u00e4chst die vorgefertigten Seiten durch. Sie enthalten viele Informationen, Bausteine und Tipps, die Sie zum Erstellen eines Lernmoduls ben\u00f6tigen.<\/li>\n<li>Wenn Sie fertig sind mit Ihrem Lernmodul, l\u00f6schen Sie bitte alle nicht ben\u00f6tigten Platzhalter und Kapitel (siehe dazu auch <strong><a href=\"https:\/\/zfl-lernen.de\/en\/anleitung-zur-erstellung\/erstellung-in-kuerze-h5p\/\">H5P <\/a><a class=\"tc-menu-inner\" href=\"https:\/\/zfl-lernen.de\/en\/anleitung-zur-erstellung\/erstellung-in-kuerze-h5p\/\">\u2013<\/a><a href=\"https:\/\/zfl-lernen.de\/en\/anleitung-zur-erstellung\/erstellung-in-kuerze-h5p\/\"> Erstellung in K\u00fcrze<\/a><\/strong>).<\/li>\n<\/ol>\n\n\t\t<\/div>\n\t<\/div>\n<div class=\"vc_empty_space\"   style=\"height: 40px\"><span class=\"vc_empty_space_inner\"><\/span><\/div><\/div><\/div><\/div><\/div><div class=\"vc_row wpb_row vc_row-fluid\"><div class=\"wpb_column vc_column_container vc_col-sm-12\"><div class=\"vc_column-inner\"><div class=\"wpb_wrapper\">\n\t<div class=\"wpb_text_column wpb_content_element\" >\n\t\t<div class=\"wpb_wrapper\">\n\t\t\t<h3>3. Hinweise zur Farbgestaltung<\/h3>\n\n\t\t<\/div>\n\t<\/div>\n<\/div><\/div><\/div><\/div><div class=\"vc_row wpb_row vc_row-fluid\"><div class=\"wpb_column vc_column_container vc_col-sm-12\"><div class=\"vc_column-inner\"><div class=\"wpb_wrapper\">\n\t<div class=\"wpb_text_column wpb_content_element\" >\n\t\t<div class=\"wpb_wrapper\">\n\t\t\t<ul>\n<li>Text:\n<ul>\n<li><span style=\"color: #ff0000;\">roter Text (Farbcode #ff0000):<\/span> F\u00fcgen Sie hier Ihren Text gem\u00e4\u00df Konzeption ein und f\u00e4rben Sie den Text schwarz.<\/li>\n<li><span style=\"color: #999999;\">grauer Hintergrund (Farbcode #e5e5e5):<\/span> Hinweistexte. L\u00f6schen Sie sie, wenn Sie fertig sind.<\/li>\n<\/ul>\n<\/li>\n<li>Platzhalter:\n<ul>\n<li><span style=\"color: #1768c4;\">blaue Standard-Platzhalter (Farbcode #1768c4):<\/span> Bef\u00fcllen Sie diese mit Inhalten gem\u00e4\u00df Ihrer Konzeption.<\/li>\n<li><span style=\"color: #999999;\">graue Platzhalter (Farbcode #<span class=\"react-editor-token react-editor-text-token\" data-token-id=\"0\">e5e5e5<\/span>): <\/span>Sie dienen der Information. L\u00f6schen Sie sie, wenn Sie fertig sind.<\/li>\n<\/ul>\n<\/li>\n<\/ul>\n\n\t\t<\/div>\n\t<\/div>\n<div class=\"vc_empty_space\"   style=\"height: 40px\"><span class=\"vc_empty_space_inner\"><\/span><\/div><\/div><\/div><\/div><\/div><div class=\"vc_row wpb_row vc_row-fluid\"><div class=\"wpb_column vc_column_container vc_col-sm-12\"><div class=\"vc_column-inner\"><div class=\"wpb_wrapper\">\n\t<div class=\"wpb_text_column wpb_content_element\" >\n\t\t<div class=\"wpb_wrapper\">\n\t\t\t<h3>4. Bef\u00fcllung Ihres Lernmoduls (Schritt 3)<\/h3>\n\n\t\t<\/div>\n\t<\/div>\n<\/div><\/div><\/div><\/div><div class=\"vc_row wpb_row vc_row-fluid\"><div class=\"wpb_column vc_column_container vc_col-sm-12\"><div class=\"vc_column-inner\"><div class=\"wpb_wrapper\">\n\t<div class=\"wpb_text_column wpb_content_element\" >\n\t\t<div class=\"wpb_wrapper\">\n\t\t\t<p>Diese Schritte k\u00f6nnen Sie in beliebiger Reihenfolge durchf\u00fchren:<\/p>\n<ul>\n<li>Legen Sie die Titelseite an (Bild, Text) bzw. bearbeiten Sie sie.<\/li>\n<li>Legen Sie den Header an bzw. bearbeiten Sie ihn (Text, Bild wie Titelseite).<\/li>\n<li>Bearbeiten Sie bei Bedarf den Footer (Text, Bild wie Titelseite).<\/li>\n<li>Bearbeiten Sie das Kapitel \u201cHerzlich willkommen\u201d.<\/li>\n<li>Bearbeiten Sie das Kapitel \u201c1 Inhalt\u201d bzw. &#8222;2 Inhalt&#8220;:\n<ul>\n<li>F\u00fcgen Sie hierf\u00fcr neue Kapitel hinzu und benennen Sie sie.<\/li>\n<li>R\u00fccken Sie die Kapitel in die entsprechenden Ebenen ein, um Unterkapitel zu generieren.<\/li>\n<li>Bef\u00fcllen Sie die Kapitel mit Inhalt gem\u00e4\u00df Ihrer Konzeption.<\/li>\n<li>Erg\u00e4nzen Sie bei Bedarf den Baustein &#8222;Literatur&#8220;.<\/li>\n<\/ul>\n<\/li>\n<li>Bearbeiten Sie das Kapitel \u201cAbschluss\u201d.<\/li>\n<li>Bearbeiten Sie das Kapitel \u201cLernzielkontrolle\u201d.<\/li>\n<\/ul>\n\n\t\t<\/div>\n\t<\/div>\n<\/div><\/div><\/div><\/div>\n<\/div>"},"excerpt":{"rendered":"Bestehende Lernmodule bef\u00fcllen in H5P 1. Aufrufen und Bearbeiten Ihres Lernmoduls in ZfL Lernen Loggen Sie sich in ZfL Lernen ein. In der linken Navigation finden Sie das Men\u00fc \"H5P-Inhalte\". Suchen Sie dort nach dem Eintrag mit der ID Ihres &hellip;","protected":false},"author":32,"featured_media":0,"parent":73520,"menu_order":0,"comment_status":"closed","ping_status":"closed","template":"","meta":{"_acf_changed":false,"footnotes":""},"categories":[1240],"tags":[],"kooperation":[],"class_list":["post-73788","page","type-page","status-publish","hentry","category-anleitung-zur-erstellung"],"acf":[],"yoast_head":"<!-- This site is optimized with the Yoast SEO plugin v27.1.1 - https:\/\/yoast.com\/product\/yoast-seo-wordpress\/ -->\n<title>Lernmodul bef\u00fcllen (H5P) - ZfL Lernen<\/title>\n<meta name=\"robots\" content=\"index, follow, max-snippet:-1, max-image-preview:large, max-video-preview:-1\" \/>\n<link rel=\"canonical\" href=\"https:\/\/zfl-lernen.de\/en\/lernmaterial_erstellen_wordpress\/erstellung-in-kuerze-h5p\/lernmodul-befuellen-h5p\/\" \/>\n<meta property=\"og:locale\" content=\"en_US\" \/>\n<meta property=\"og:type\" content=\"article\" \/>\n<meta property=\"og:title\" content=\"Lernmodul bef\u00fcllen (H5P) - ZfL Lernen\" \/>\n<meta property=\"og:url\" content=\"https:\/\/zfl-lernen.de\/en\/lernmaterial_erstellen_wordpress\/erstellung-in-kuerze-h5p\/lernmodul-befuellen-h5p\/\" \/>\n<meta property=\"og:site_name\" content=\"ZfL Lernen\" \/>\n<meta property=\"article:publisher\" content=\"https:\/\/www.facebook.com\/zflkoeln\" \/>\n<meta property=\"article:modified_time\" content=\"2025-01-21T12:00:58+00:00\" \/>\n<meta property=\"og:image\" content=\"https:\/\/zfl-lernen.de\/wp-content\/uploads\/zfl-logo_neu-1.png\" \/>\n\t<meta property=\"og:image:width\" content=\"300\" \/>\n\t<meta property=\"og:image:height\" content=\"161\" \/>\n\t<meta property=\"og:image:type\" content=\"image\/png\" \/>\n<meta name=\"twitter:card\" content=\"summary_large_image\" \/>\n<meta name=\"twitter:site\" content=\"@Lehrer_innen\" \/>\n<meta name=\"twitter:label1\" content=\"Est. reading time\" \/>\n\t<meta name=\"twitter:data1\" content=\"2 minutes\" \/>\n<script type=\"application\/ld+json\" class=\"yoast-schema-graph\">{\"@context\":\"https:\/\/schema.org\",\"@graph\":[{\"@type\":\"WebPage\",\"@id\":\"https:\/\/zfl-lernen.de\/lernmaterial_erstellen_wordpress\/erstellung-in-kuerze-h5p\/lernmodul-befuellen-h5p\/\",\"url\":\"https:\/\/zfl-lernen.de\/lernmaterial_erstellen_wordpress\/erstellung-in-kuerze-h5p\/lernmodul-befuellen-h5p\/\",\"name\":\"Lernmodul bef\u00fcllen (H5P) - ZfL Lernen\",\"isPartOf\":{\"@id\":\"https:\/\/zfl-lernen.de\/#website\"},\"datePublished\":\"2023-12-05T13:46:41+00:00\",\"dateModified\":\"2025-01-21T12:00:58+00:00\",\"breadcrumb\":{\"@id\":\"https:\/\/zfl-lernen.de\/lernmaterial_erstellen_wordpress\/erstellung-in-kuerze-h5p\/lernmodul-befuellen-h5p\/#breadcrumb\"},\"inLanguage\":\"en-US\",\"potentialAction\":[{\"@type\":\"ReadAction\",\"target\":[\"https:\/\/zfl-lernen.de\/lernmaterial_erstellen_wordpress\/erstellung-in-kuerze-h5p\/lernmodul-befuellen-h5p\/\"]}]},{\"@type\":\"BreadcrumbList\",\"@id\":\"https:\/\/zfl-lernen.de\/lernmaterial_erstellen_wordpress\/erstellung-in-kuerze-h5p\/lernmodul-befuellen-h5p\/#breadcrumb\",\"itemListElement\":[{\"@type\":\"ListItem\",\"position\":1,\"name\":\"Startseite\",\"item\":\"https:\/\/zfl-lernen.de\/\"},{\"@type\":\"ListItem\",\"position\":2,\"name\":\"Lernmaterial erstellen mit WordPress\",\"item\":\"https:\/\/zfl-lernen.de\/lernmaterial_erstellen_wordpress\/\"},{\"@type\":\"ListItem\",\"position\":3,\"name\":\"Erstellung in K\u00fcrze H5P\",\"item\":\"https:\/\/zfl-lernen.de\/lernmaterial_erstellen_wordpress\/erstellung-in-kuerze-h5p\/\"},{\"@type\":\"ListItem\",\"position\":4,\"name\":\"Lernmodul bef\u00fcllen (H5P)\"}]},{\"@type\":\"WebSite\",\"@id\":\"https:\/\/zfl-lernen.de\/#website\",\"url\":\"https:\/\/zfl-lernen.de\/\",\"name\":\"ZfL Lernen\",\"description\":\"ZfL Offene Bildungsangebote\",\"potentialAction\":[{\"@type\":\"SearchAction\",\"target\":{\"@type\":\"EntryPoint\",\"urlTemplate\":\"https:\/\/zfl-lernen.de\/?s={search_term_string}\"},\"query-input\":{\"@type\":\"PropertyValueSpecification\",\"valueRequired\":true,\"valueName\":\"search_term_string\"}}],\"inLanguage\":\"en-US\"}]}<\/script>\n<!-- \/ Yoast SEO plugin. -->","yoast_head_json":{"title":"Lernmodul bef\u00fcllen (H5P) - ZfL Lernen","robots":{"index":"index","follow":"follow","max-snippet":"max-snippet:-1","max-image-preview":"max-image-preview:large","max-video-preview":"max-video-preview:-1"},"canonical":"https:\/\/zfl-lernen.de\/en\/lernmaterial_erstellen_wordpress\/erstellung-in-kuerze-h5p\/lernmodul-befuellen-h5p\/","og_locale":"en_US","og_type":"article","og_title":"Lernmodul bef\u00fcllen (H5P) - ZfL Lernen","og_url":"https:\/\/zfl-lernen.de\/en\/lernmaterial_erstellen_wordpress\/erstellung-in-kuerze-h5p\/lernmodul-befuellen-h5p\/","og_site_name":"ZfL Lernen","article_publisher":"https:\/\/www.facebook.com\/zflkoeln","article_modified_time":"2025-01-21T12:00:58+00:00","og_image":[{"width":300,"height":161,"url":"https:\/\/zfl-lernen.de\/wp-content\/uploads\/zfl-logo_neu-1.png","type":"image\/png"}],"twitter_card":"summary_large_image","twitter_site":"@Lehrer_innen","twitter_misc":{"Est. reading time":"2 minutes"},"schema":{"@context":"https:\/\/schema.org","@graph":[{"@type":"WebPage","@id":"https:\/\/zfl-lernen.de\/lernmaterial_erstellen_wordpress\/erstellung-in-kuerze-h5p\/lernmodul-befuellen-h5p\/","url":"https:\/\/zfl-lernen.de\/lernmaterial_erstellen_wordpress\/erstellung-in-kuerze-h5p\/lernmodul-befuellen-h5p\/","name":"Lernmodul bef\u00fcllen (H5P) - ZfL Lernen","isPartOf":{"@id":"https:\/\/zfl-lernen.de\/#website"},"datePublished":"2023-12-05T13:46:41+00:00","dateModified":"2025-01-21T12:00:58+00:00","breadcrumb":{"@id":"https:\/\/zfl-lernen.de\/lernmaterial_erstellen_wordpress\/erstellung-in-kuerze-h5p\/lernmodul-befuellen-h5p\/#breadcrumb"},"inLanguage":"en-US","potentialAction":[{"@type":"ReadAction","target":["https:\/\/zfl-lernen.de\/lernmaterial_erstellen_wordpress\/erstellung-in-kuerze-h5p\/lernmodul-befuellen-h5p\/"]}]},{"@type":"BreadcrumbList","@id":"https:\/\/zfl-lernen.de\/lernmaterial_erstellen_wordpress\/erstellung-in-kuerze-h5p\/lernmodul-befuellen-h5p\/#breadcrumb","itemListElement":[{"@type":"ListItem","position":1,"name":"Startseite","item":"https:\/\/zfl-lernen.de\/"},{"@type":"ListItem","position":2,"name":"Lernmaterial erstellen mit WordPress","item":"https:\/\/zfl-lernen.de\/lernmaterial_erstellen_wordpress\/"},{"@type":"ListItem","position":3,"name":"Erstellung in K\u00fcrze H5P","item":"https:\/\/zfl-lernen.de\/lernmaterial_erstellen_wordpress\/erstellung-in-kuerze-h5p\/"},{"@type":"ListItem","position":4,"name":"Lernmodul bef\u00fcllen (H5P)"}]},{"@type":"WebSite","@id":"https:\/\/zfl-lernen.de\/#website","url":"https:\/\/zfl-lernen.de\/","name":"ZfL Lernen","description":"ZfL Offene Bildungsangebote","potentialAction":[{"@type":"SearchAction","target":{"@type":"EntryPoint","urlTemplate":"https:\/\/zfl-lernen.de\/?s={search_term_string}"},"query-input":{"@type":"PropertyValueSpecification","valueRequired":true,"valueName":"search_term_string"}}],"inLanguage":"en-US"}]}},"_links":{"self":[{"href":"https:\/\/zfl-lernen.de\/en\/wp-json\/wp\/v2\/pages\/73788","targetHints":{"allow":["GET"]}}],"collection":[{"href":"https:\/\/zfl-lernen.de\/en\/wp-json\/wp\/v2\/pages"}],"about":[{"href":"https:\/\/zfl-lernen.de\/en\/wp-json\/wp\/v2\/types\/page"}],"author":[{"embeddable":true,"href":"https:\/\/zfl-lernen.de\/en\/wp-json\/wp\/v2\/users\/32"}],"replies":[{"embeddable":true,"href":"https:\/\/zfl-lernen.de\/en\/wp-json\/wp\/v2\/comments?post=73788"}],"version-history":[{"count":6,"href":"https:\/\/zfl-lernen.de\/en\/wp-json\/wp\/v2\/pages\/73788\/revisions"}],"predecessor-version":[{"id":82160,"href":"https:\/\/zfl-lernen.de\/en\/wp-json\/wp\/v2\/pages\/73788\/revisions\/82160"}],"up":[{"embeddable":true,"href":"https:\/\/zfl-lernen.de\/en\/wp-json\/wp\/v2\/pages\/73520"}],"wp:attachment":[{"href":"https:\/\/zfl-lernen.de\/en\/wp-json\/wp\/v2\/media?parent=73788"}],"wp:term":[{"taxonomy":"category","embeddable":true,"href":"https:\/\/zfl-lernen.de\/en\/wp-json\/wp\/v2\/categories?post=73788"},{"taxonomy":"post_tag","embeddable":true,"href":"https:\/\/zfl-lernen.de\/en\/wp-json\/wp\/v2\/tags?post=73788"},{"taxonomy":"kooperation","embeddable":true,"href":"https:\/\/zfl-lernen.de\/en\/wp-json\/wp\/v2\/kooperation?post=73788"}],"curies":[{"name":"wp","href":"https:\/\/api.w.org\/{rel}","templated":true}]}}