{"id":80847,"date":"2024-11-04T12:51:17","date_gmt":"2024-11-04T11:51:17","guid":{"rendered":"https:\/\/zfl-lernen.de\/?page_id=80847"},"modified":"2024-11-04T13:36:18","modified_gmt":"2024-11-04T12:36:18","slug":"online-kurs-aktualisieren","status":"publish","type":"page","link":"https:\/\/zfl-lernen.de\/en\/lernmaterial_erstellen_wordpress\/online-kurs-aktualisieren\/","title":{"rendered":"Online-Kurs aktualisieren"},"content":{"rendered":"<div class=\"wpb-content-wrapper\"><div class=\"vc_row wpb_row vc_row-fluid\"><div class=\"wpb_column vc_column_container vc_col-sm-12\"><div class=\"vc_column-inner\"><div class=\"wpb_wrapper\">\n\t<div class=\"wpb_text_column wpb_content_element\" >\n\t\t<div class=\"wpb_wrapper\">\n\t\t\t<h2>Online-Kurs aktualisieren<\/h2>\n\n\t\t<\/div>\n\t<\/div>\n<\/div><\/div><\/div><\/div><div class=\"vc_row wpb_row vc_row-fluid\"><div class=\"wpb_column vc_column_container vc_col-sm-12\"><div class=\"vc_column-inner\"><div class=\"wpb_wrapper\">\n\t<div class=\"wpb_text_column wpb_content_element\" >\n\t\t<div class=\"wpb_wrapper\">\n\t\t\t<p>Wenn Sie eine Seite in einem Online-Kurs aktualisieren m\u00f6chten, rufen Sie die entsprechende Seite auf und klicken dann in der oberen schwarzen Leiste auf &#8222;Online-Kurs bearbeiten&#8220;.<\/p>\n\n\t\t<\/div>\n\t<\/div>\n<div class=\"vc_empty_space\"   style=\"height: 20px\"><span class=\"vc_empty_space_inner\"><\/span><\/div>\n\t<div  class=\"wpb_single_image wpb_content_element vc_align_left wpb_content_element\">\n\t\t\n\t\t<figure class=\"wpb_wrapper vc_figure\">\n\t\t\t<div class=\"vc_single_image-wrapper   vc_box_border_grey\"><img loading=\"lazy\" decoding=\"async\" width=\"2423\" height=\"1149\" src=\"https:\/\/zfl-lernen.de\/wp-content\/uploads\/online-kurs-aktualisieren.png\" class=\"vc_single_image-img attachment-full\" alt=\"Screenshot Kurs bearbeiten in zfl-Lernen\" title=\"online-kurs aktualisieren\" srcset=\"https:\/\/zfl-lernen.de\/wp-content\/uploads\/online-kurs-aktualisieren.png 2423w, https:\/\/zfl-lernen.de\/wp-content\/uploads\/online-kurs-aktualisieren-300x142.png 300w, https:\/\/zfl-lernen.de\/wp-content\/uploads\/online-kurs-aktualisieren-1024x486.png 1024w, https:\/\/zfl-lernen.de\/wp-content\/uploads\/online-kurs-aktualisieren-768x364.png 768w, https:\/\/zfl-lernen.de\/wp-content\/uploads\/online-kurs-aktualisieren-1536x728.png 1536w, https:\/\/zfl-lernen.de\/wp-content\/uploads\/online-kurs-aktualisieren-2048x971.png 2048w, https:\/\/zfl-lernen.de\/wp-content\/uploads\/online-kurs-aktualisieren-18x9.png 18w\" sizes=\"auto, (max-width: 2423px) 100vw, 2423px\" \/><\/div>\n\t\t<\/figure>\n\t<\/div>\n<div class=\"vc_empty_space\"   style=\"height: 20px\"><span class=\"vc_empty_space_inner\"><\/span><\/div><\/div><\/div><\/div><\/div><div class=\"vc_row wpb_row vc_row-fluid\"><div class=\"wpb_column vc_column_container vc_col-sm-2\"><div class=\"vc_column-inner\"><div class=\"wpb_wrapper\">\n\t<div  class=\"wpb_single_image wpb_content_element vc_align_left wpb_content_element\">\n\t\t\n\t\t<figure class=\"wpb_wrapper vc_figure\">\n\t\t\t<div class=\"vc_single_image-wrapper   vc_box_border_grey\"><img loading=\"lazy\" decoding=\"async\" width=\"150\" height=\"150\" src=\"https:\/\/zfl-lernen.de\/wp-content\/uploads\/ico_hinweis-150x150.png\" class=\"vc_single_image-img attachment-thumbnail\" alt=\"Icon Hinweis\" title=\"ico_hinweis\" srcset=\"https:\/\/zfl-lernen.de\/wp-content\/uploads\/ico_hinweis-150x150.png 150w, https:\/\/zfl-lernen.de\/wp-content\/uploads\/ico_hinweis-12x12.png 12w, https:\/\/zfl-lernen.de\/wp-content\/uploads\/ico_hinweis.png 200w\" sizes=\"auto, (max-width: 150px) 100vw, 150px\" \/><\/div>\n\t\t<\/figure>\n\t<\/div>\n<\/div><\/div><\/div><div class=\"wpb_column vc_column_container vc_col-sm-10\"><div class=\"vc_column-inner\"><div class=\"wpb_wrapper\">\n\t<div class=\"wpb_text_column wpb_content_element\" >\n\t\t<div class=\"wpb_wrapper\">\n\t\t\t<p>Wenn Sie keine schwarze Leiste sehen, sind nicht nicht mit Ihren Benutzerdaten in zfl-Lernen eingeloggt. Dann loggen Sie sich \u00fcber Login im unteren Bereich zun\u00e4chst ein.<\/p>\n\n\t\t<\/div>\n\t<\/div>\n<\/div><\/div><\/div><\/div><div class=\"vc_row wpb_row vc_row-fluid\"><div class=\"wpb_column vc_column_container vc_col-sm-12\"><div class=\"vc_column-inner\"><div class=\"wpb_wrapper\">\n\t<div class=\"wpb_text_column wpb_content_element\" >\n\t\t<div class=\"wpb_wrapper\">\n\t\t\t<h3>1. Ansicht zur Bearbeitung und Texte und Bilder \u00e4ndern<\/h3>\n\n\t\t<\/div>\n\t<\/div>\n<\/div><\/div><\/div><\/div><div class=\"vc_row wpb_row vc_row-fluid\"><div class=\"wpb_column vc_column_container vc_col-sm-12\"><div class=\"vc_column-inner\"><div class=\"wpb_wrapper\">\n\t<div class=\"wpb_text_column wpb_content_element\" >\n\t\t<div class=\"wpb_wrapper\">\n\t\t\t<p>Eine Seite eines Online-Kurses in ZfL Lernen kann am einfachsten in der Ansicht &#8222;Backend Editor&#8220; bearbeitet werden. Wenn Sie eine \u00e4hnliche Ansicht haben, wie auf den folgenden Bildern, sind Sie in der richtigen Ansicht.<\/p>\n\n\t\t<\/div>\n\t<\/div>\n<\/div><\/div><\/div><\/div><div class=\"vc_row wpb_row vc_row-fluid\"><div class=\"wpb_column vc_column_container vc_col-sm-6\"><div class=\"vc_column-inner\"><div class=\"wpb_wrapper\">\n\t<div class=\"wpb_text_column wpb_content_element\" >\n\t\t<div class=\"wpb_wrapper\">\n\t\t\t<p>Texte k\u00f6nnen \u00fcber den gr\u00fcnen Bleistift ge\u00e4ndert werden. Die gr\u00fcne Leiste erscheint, wenn mit der Maus \u00fcber ein Textfeld gescrollt wird.<\/p>\n\n\t\t<\/div>\n\t<\/div>\n\n\t<div  class=\"wpb_single_image wpb_content_element vc_align_left wpb_content_element\">\n\t\t\n\t\t<figure class=\"wpb_wrapper vc_figure\">\n\t\t\t<div class=\"vc_single_image-wrapper   vc_box_border_grey\"><img loading=\"lazy\" decoding=\"async\" width=\"640\" height=\"470\" src=\"https:\/\/zfl-lernen.de\/wp-content\/uploads\/online-kurs-aktualisieren_text-bearbeiten-1024x752.png\" class=\"vc_single_image-img attachment-large\" alt=\"\" title=\"online-kurs aktualisieren_text bearbeiten\" srcset=\"https:\/\/zfl-lernen.de\/wp-content\/uploads\/online-kurs-aktualisieren_text-bearbeiten-1024x752.png 1024w, https:\/\/zfl-lernen.de\/wp-content\/uploads\/online-kurs-aktualisieren_text-bearbeiten-300x220.png 300w, https:\/\/zfl-lernen.de\/wp-content\/uploads\/online-kurs-aktualisieren_text-bearbeiten-768x564.png 768w, https:\/\/zfl-lernen.de\/wp-content\/uploads\/online-kurs-aktualisieren_text-bearbeiten-1536x1127.png 1536w, https:\/\/zfl-lernen.de\/wp-content\/uploads\/online-kurs-aktualisieren_text-bearbeiten-16x12.png 16w, https:\/\/zfl-lernen.de\/wp-content\/uploads\/online-kurs-aktualisieren_text-bearbeiten.png 1661w\" sizes=\"auto, (max-width: 640px) 100vw, 640px\" \/><\/div>\n\t\t<\/figure>\n\t<\/div>\n\n\t<div class=\"wpb_text_column wpb_content_element\" >\n\t\t<div class=\"wpb_wrapper\">\n\t\t\t<p>In der darauf erscheinenden Ansicht kann der Text ge\u00e4ndert, formatiert oder Links eingef\u00fcgt werden. Weitere Informationen finden Sie in dieser Anleitung unter Inhalte-<strong><a href=\"https:\/\/zfl-lernen.de\/en\/anleitung-zur-erstellung\/formatierung-von-texten\/\">Formatierung von Texten<\/a><\/strong>.<\/p>\n\n\t\t<\/div>\n\t<\/div>\n<\/div><\/div><\/div><div class=\"wpb_column vc_column_container vc_col-sm-6\"><div class=\"vc_column-inner\"><div class=\"wpb_wrapper\">\n\t<div class=\"wpb_text_column wpb_content_element\" >\n\t\t<div class=\"wpb_wrapper\">\n\t\t\t<p>Ein Bild kann per Klick auf den Bleistift in der linken Leiste ge\u00e4ndert werden, wenn man sich mit der Maus \u00fcber dem gew\u00fcnschten Bild befindet.<\/p>\n\n\t\t<\/div>\n\t<\/div>\n\n\t<div  class=\"wpb_single_image wpb_content_element vc_align_left wpb_content_element\">\n\t\t\n\t\t<figure class=\"wpb_wrapper vc_figure\">\n\t\t\t<div class=\"vc_single_image-wrapper   vc_box_border_grey\"><img loading=\"lazy\" decoding=\"async\" width=\"640\" height=\"363\" src=\"https:\/\/zfl-lernen.de\/wp-content\/uploads\/online-kurs-aktualisieren_Bild-1024x580.png\" class=\"vc_single_image-img attachment-large\" alt=\"\" title=\"online-kurs aktualisieren_Bild\" srcset=\"https:\/\/zfl-lernen.de\/wp-content\/uploads\/online-kurs-aktualisieren_Bild-1024x580.png 1024w, https:\/\/zfl-lernen.de\/wp-content\/uploads\/online-kurs-aktualisieren_Bild-300x170.png 300w, https:\/\/zfl-lernen.de\/wp-content\/uploads\/online-kurs-aktualisieren_Bild-768x435.png 768w, https:\/\/zfl-lernen.de\/wp-content\/uploads\/online-kurs-aktualisieren_Bild-1536x870.png 1536w, https:\/\/zfl-lernen.de\/wp-content\/uploads\/online-kurs-aktualisieren_Bild-18x10.png 18w, https:\/\/zfl-lernen.de\/wp-content\/uploads\/online-kurs-aktualisieren_Bild.png 1614w\" sizes=\"auto, (max-width: 640px) 100vw, 640px\" \/><\/div>\n\t\t<\/figure>\n\t<\/div>\n\n\t<div class=\"wpb_text_column wpb_content_element\" >\n\t\t<div class=\"wpb_wrapper\">\n\t\t\t<p>In der darauf erscheinenden Ansicht kann auch die Bildgr\u00f6\u00dfe, die Aktion beim Klicken (z.B. Link zum gro\u00dfen Bild oder zu einer URL) festgelegt oder eine andere Ausrichtung gew\u00e4hlt werden. Weitere Informationen finden Sie in dieser Anleitung unter Inhalte-<strong><a href=\"https:\/\/zfl-lernen.de\/en\/anleitung-zur-erstellung\/bilder\/\">Bilder<\/a><\/strong>.<\/p>\n\n\t\t<\/div>\n\t<\/div>\n<\/div><\/div><\/div><\/div><div class=\"vc_row wpb_row vc_row-fluid\"><div class=\"wpb_column vc_column_container vc_col-sm-2\"><div class=\"vc_column-inner\"><div class=\"wpb_wrapper\">\n\t<div  class=\"wpb_single_image wpb_content_element vc_align_left wpb_content_element\">\n\t\t\n\t\t<figure class=\"wpb_wrapper vc_figure\">\n\t\t\t<div class=\"vc_single_image-wrapper   vc_box_border_grey\"><img loading=\"lazy\" decoding=\"async\" width=\"150\" height=\"150\" src=\"https:\/\/zfl-lernen.de\/wp-content\/uploads\/ico_hinweis-150x150.png\" class=\"vc_single_image-img attachment-thumbnail\" alt=\"Icon Hinweis\" title=\"ico_hinweis\" srcset=\"https:\/\/zfl-lernen.de\/wp-content\/uploads\/ico_hinweis-150x150.png 150w, https:\/\/zfl-lernen.de\/wp-content\/uploads\/ico_hinweis-12x12.png 12w, https:\/\/zfl-lernen.de\/wp-content\/uploads\/ico_hinweis.png 200w\" sizes=\"auto, (max-width: 150px) 100vw, 150px\" \/><\/div>\n\t\t<\/figure>\n\t<\/div>\n<\/div><\/div><\/div><div class=\"wpb_column vc_column_container vc_col-sm-10\"><div class=\"vc_column-inner\"><div class=\"wpb_wrapper\">\n\t<div class=\"wpb_text_column wpb_content_element\" >\n\t\t<div class=\"wpb_wrapper\">\n\t\t\t<p>Sollte eine andere Ansicht starten, kann \u00fcber Klick auf &#8222;Backend Editor&#8220; in diese Ansicht gewechselt werden.<\/p>\n\n\t\t<\/div>\n\t<\/div>\n\n\t<div  class=\"wpb_single_image wpb_content_element vc_align_left wpb_content_element\">\n\t\t\n\t\t<figure class=\"wpb_wrapper vc_figure\">\n\t\t\t<div class=\"vc_single_image-wrapper   vc_box_border_grey\"><img loading=\"lazy\" decoding=\"async\" width=\"1661\" height=\"1219\" src=\"https:\/\/zfl-lernen.de\/wp-content\/uploads\/online-kurs-aktualisieren_Backend_editor.png\" class=\"vc_single_image-img attachment-full\" alt=\"\" title=\"online-kurs aktualisieren_Backend_editor\" srcset=\"https:\/\/zfl-lernen.de\/wp-content\/uploads\/online-kurs-aktualisieren_Backend_editor.png 1661w, https:\/\/zfl-lernen.de\/wp-content\/uploads\/online-kurs-aktualisieren_Backend_editor-300x220.png 300w, https:\/\/zfl-lernen.de\/wp-content\/uploads\/online-kurs-aktualisieren_Backend_editor-1024x752.png 1024w, https:\/\/zfl-lernen.de\/wp-content\/uploads\/online-kurs-aktualisieren_Backend_editor-768x564.png 768w, https:\/\/zfl-lernen.de\/wp-content\/uploads\/online-kurs-aktualisieren_Backend_editor-1536x1127.png 1536w, https:\/\/zfl-lernen.de\/wp-content\/uploads\/online-kurs-aktualisieren_Backend_editor-16x12.png 16w\" sizes=\"auto, (max-width: 1661px) 100vw, 1661px\" \/><\/div>\n\t\t<\/figure>\n\t<\/div>\n<\/div><\/div><\/div><\/div><div class=\"vc_row wpb_row vc_row-fluid\"><div class=\"wpb_column vc_column_container vc_col-sm-12\"><div class=\"vc_column-inner\"><div class=\"wpb_wrapper\">\n\t<div class=\"wpb_text_column wpb_content_element\" >\n\t\t<div class=\"wpb_wrapper\">\n\t\t\t<p><strong>Spaltenaufteilung \u00e4ndern oder Zeilen kopieren<\/strong><\/p>\n\n\t\t<\/div>\n\t<\/div>\n<\/div><\/div><\/div><\/div><div class=\"vc_row wpb_row vc_row-fluid\"><div class=\"wpb_column vc_column_container vc_col-sm-6\"><div class=\"vc_column-inner\"><div class=\"wpb_wrapper\">\n\t<div class=\"wpb_text_column wpb_content_element\" >\n\t\t<div class=\"wpb_wrapper\">\n\t\t\t<p>Wenn Sie die Spaltenaufteilung \u00e4ndern m\u00f6chten, k\u00f6nnen Sie dies \u00fcber die voreingestellten Designs ver\u00e4ndern. Bei der Einstellung &#8222;Individuell&#8220; k\u00f6nnen Sie eigene Werte eingeben.<\/p>\n\n\t\t<\/div>\n\t<\/div>\n<\/div><\/div><\/div><div class=\"wpb_column vc_column_container vc_col-sm-6\"><div class=\"vc_column-inner\"><div class=\"wpb_wrapper\">\n\t<div  class=\"wpb_single_image wpb_content_element vc_align_left wpb_content_element\">\n\t\t\n\t\t<figure class=\"wpb_wrapper vc_figure\">\n\t\t\t<div class=\"vc_single_image-wrapper   vc_box_border_grey\"><img loading=\"lazy\" decoding=\"async\" width=\"640\" height=\"136\" src=\"https:\/\/zfl-lernen.de\/wp-content\/uploads\/Spalten-aendern-1024x217.png\" class=\"vc_single_image-img attachment-large\" alt=\"\" title=\"Spalten \u00e4ndern\" srcset=\"https:\/\/zfl-lernen.de\/wp-content\/uploads\/Spalten-aendern-1024x217.png 1024w, https:\/\/zfl-lernen.de\/wp-content\/uploads\/Spalten-aendern-300x63.png 300w, https:\/\/zfl-lernen.de\/wp-content\/uploads\/Spalten-aendern-768x162.png 768w, https:\/\/zfl-lernen.de\/wp-content\/uploads\/Spalten-aendern-1536x325.png 1536w, https:\/\/zfl-lernen.de\/wp-content\/uploads\/Spalten-aendern-18x4.png 18w, https:\/\/zfl-lernen.de\/wp-content\/uploads\/Spalten-aendern.png 1575w\" sizes=\"auto, (max-width: 640px) 100vw, 640px\" \/><\/div>\n\t\t<\/figure>\n\t<\/div>\n<\/div><\/div><\/div><\/div><div class=\"vc_row wpb_row vc_row-fluid\"><div class=\"wpb_column vc_column_container vc_col-sm-6\"><div class=\"vc_column-inner\"><div class=\"wpb_wrapper\">\n\t<div class=\"wpb_text_column wpb_content_element\" >\n\t\t<div class=\"wpb_wrapper\">\n\t\t\t<p>Sie k\u00f6nnen auch Zeilen kopieren und dann Texte oder Bilder ver\u00e4ndern.<\/p>\n\n\t\t<\/div>\n\t<\/div>\n<\/div><\/div><\/div><div class=\"wpb_column vc_column_container vc_col-sm-6\"><div class=\"vc_column-inner\"><div class=\"wpb_wrapper\">\n\t<div  class=\"wpb_single_image wpb_content_element vc_align_left wpb_content_element\">\n\t\t\n\t\t<figure class=\"wpb_wrapper vc_figure\">\n\t\t\t<div class=\"vc_single_image-wrapper   vc_box_border_grey\"><img loading=\"lazy\" decoding=\"async\" width=\"640\" height=\"56\" src=\"https:\/\/zfl-lernen.de\/wp-content\/uploads\/Zeilen-kopieren-1024x89.png\" class=\"vc_single_image-img attachment-large\" alt=\"\" title=\"Zeilen kopieren\" srcset=\"https:\/\/zfl-lernen.de\/wp-content\/uploads\/Zeilen-kopieren-1024x89.png 1024w, https:\/\/zfl-lernen.de\/wp-content\/uploads\/Zeilen-kopieren-300x26.png 300w, https:\/\/zfl-lernen.de\/wp-content\/uploads\/Zeilen-kopieren-768x67.png 768w, https:\/\/zfl-lernen.de\/wp-content\/uploads\/Zeilen-kopieren-18x2.png 18w, https:\/\/zfl-lernen.de\/wp-content\/uploads\/Zeilen-kopieren.png 1432w\" sizes=\"auto, (max-width: 640px) 100vw, 640px\" \/><\/div>\n\t\t<\/figure>\n\t<\/div>\n<\/div><\/div><\/div><\/div><div class=\"vc_row wpb_row vc_row-fluid\"><div class=\"wpb_column vc_column_container vc_col-sm-12\"><div class=\"vc_column-inner\"><div class=\"wpb_wrapper\"><div class=\"vc_empty_space\"   style=\"height: 20px\"><span class=\"vc_empty_space_inner\"><\/span><\/div>\n\t<div class=\"wpb_text_column wpb_content_element\" >\n\t\t<div class=\"wpb_wrapper\">\n\t\t\t<h3>2. M\u00f6gliche Gestaltungselemente &#8211; Strukturierung und \u00fcbersichtliche Darstellung von langen Texten oder vielen Dokumenten<\/h3>\n\n\t\t<\/div>\n\t<\/div>\n<\/div><\/div><\/div><\/div><div class=\"vc_row wpb_row vc_row-fluid\"><div class=\"wpb_column vc_column_container vc_col-sm-12\"><div class=\"vc_column-inner\"><div class=\"wpb_wrapper\">\n\t<div class=\"wpb_text_column wpb_content_element\" >\n\t\t<div class=\"wpb_wrapper\">\n\t\t\t<p>Um viel Text und Erl\u00e4uterung auf Seiten darzustellen, eignen sich die Elemente &#8222;Hilfebereich (FAQ)&#8220; oder &#8222;Akkordion&#8220;. Diese k\u00f6nnen Sie auch \u00fcber den gr\u00fcnen Bleistift \u00e4ndern.<\/p>\n\n\t\t<\/div>\n\t<\/div>\n<div class=\"vc_empty_space\"   style=\"height: 20px\"><span class=\"vc_empty_space_inner\"><\/span><\/div>\n\t<div  class=\"wpb_single_image wpb_content_element vc_align_left wpb_content_element\">\n\t\t\n\t\t<figure class=\"wpb_wrapper vc_figure\">\n\t\t\t<div class=\"vc_single_image-wrapper   vc_box_border_grey\"><img loading=\"lazy\" decoding=\"async\" width=\"1600\" height=\"1001\" src=\"https:\/\/zfl-lernen.de\/wp-content\/uploads\/faQ.png\" class=\"vc_single_image-img attachment-full\" alt=\"\" title=\"faQ\" srcset=\"https:\/\/zfl-lernen.de\/wp-content\/uploads\/faQ.png 1600w, https:\/\/zfl-lernen.de\/wp-content\/uploads\/faQ-300x188.png 300w, https:\/\/zfl-lernen.de\/wp-content\/uploads\/faQ-1024x641.png 1024w, https:\/\/zfl-lernen.de\/wp-content\/uploads\/faQ-768x480.png 768w, https:\/\/zfl-lernen.de\/wp-content\/uploads\/faQ-1536x961.png 1536w, https:\/\/zfl-lernen.de\/wp-content\/uploads\/faQ-18x12.png 18w, https:\/\/zfl-lernen.de\/wp-content\/uploads\/faQ-400x250.png 400w\" sizes=\"auto, (max-width: 1600px) 100vw, 1600px\" \/><\/div>\n\t\t<\/figure>\n\t<\/div>\n<\/div><\/div><\/div><\/div><div class=\"wpb_column vc_column_container vc_col-sm-12\"><div class=\"vc_column-inner\"><div class=\"wpb_wrapper\"><\/div><\/div><\/div><div class=\"wpb_column vc_column_container vc_col-sm-12\"><div class=\"vc_column-inner\"><div class=\"wpb_wrapper\"><\/div><\/div><\/div><div class=\"wpb_column vc_column_container vc_col-sm-12\"><div class=\"vc_column-inner\"><div class=\"wpb_wrapper\"><\/div><\/div><\/div>\n<\/div>"},"excerpt":{"rendered":"Online-Kurs aktualisieren Wenn Sie eine Seite in einem Online-Kurs aktualisieren m\u00f6chten, rufen Sie die entsprechende Seite auf und klicken dann in der oberen schwarzen Leiste auf \"Online-Kurs bearbeiten\". Wenn Sie keine schwarze Leiste sehen, sind nicht nicht mit Ihren Benutzerdaten &hellip;","protected":false},"author":4,"featured_media":0,"parent":73536,"menu_order":0,"comment_status":"closed","ping_status":"closed","template":"","meta":{"_acf_changed":false,"footnotes":""},"categories":[],"tags":[],"kooperation":[],"class_list":["post-80847","page","type-page","status-publish","hentry"],"acf":[],"yoast_head":"<!-- This site is optimized with the Yoast SEO plugin v27.1.1 - https:\/\/yoast.com\/product\/yoast-seo-wordpress\/ -->\n<title>Online-Kurs aktualisieren - ZfL Lernen<\/title>\n<meta name=\"robots\" content=\"index, follow, max-snippet:-1, max-image-preview:large, max-video-preview:-1\" \/>\n<link rel=\"canonical\" href=\"https:\/\/zfl-lernen.de\/en\/lernmaterial_erstellen_wordpress\/online-kurs-aktualisieren\/\" \/>\n<meta property=\"og:locale\" content=\"en_US\" \/>\n<meta property=\"og:type\" content=\"article\" \/>\n<meta property=\"og:title\" content=\"Online-Kurs aktualisieren - ZfL Lernen\" \/>\n<meta property=\"og:url\" content=\"https:\/\/zfl-lernen.de\/en\/lernmaterial_erstellen_wordpress\/online-kurs-aktualisieren\/\" \/>\n<meta property=\"og:site_name\" content=\"ZfL Lernen\" \/>\n<meta property=\"article:publisher\" content=\"https:\/\/www.facebook.com\/zflkoeln\" \/>\n<meta property=\"article:modified_time\" content=\"2024-11-04T12:36:18+00:00\" \/>\n<meta property=\"og:image\" content=\"https:\/\/zfl-lernen.de\/wp-content\/uploads\/zfl-logo_neu-1.png\" \/>\n\t<meta property=\"og:image:width\" content=\"300\" \/>\n\t<meta property=\"og:image:height\" content=\"161\" \/>\n\t<meta property=\"og:image:type\" content=\"image\/png\" \/>\n<meta name=\"twitter:card\" content=\"summary_large_image\" \/>\n<meta name=\"twitter:site\" content=\"@Lehrer_innen\" \/>\n<meta name=\"twitter:label1\" content=\"Est. reading time\" \/>\n\t<meta name=\"twitter:data1\" content=\"2 minutes\" \/>\n<script type=\"application\/ld+json\" class=\"yoast-schema-graph\">{\"@context\":\"https:\/\/schema.org\",\"@graph\":[{\"@type\":\"WebPage\",\"@id\":\"https:\/\/zfl-lernen.de\/lernmaterial_erstellen_wordpress\/online-kurs-aktualisieren\/\",\"url\":\"https:\/\/zfl-lernen.de\/lernmaterial_erstellen_wordpress\/online-kurs-aktualisieren\/\",\"name\":\"Online-Kurs aktualisieren - ZfL Lernen\",\"isPartOf\":{\"@id\":\"https:\/\/zfl-lernen.de\/#website\"},\"datePublished\":\"2024-11-04T11:51:17+00:00\",\"dateModified\":\"2024-11-04T12:36:18+00:00\",\"breadcrumb\":{\"@id\":\"https:\/\/zfl-lernen.de\/lernmaterial_erstellen_wordpress\/online-kurs-aktualisieren\/#breadcrumb\"},\"inLanguage\":\"en-US\",\"potentialAction\":[{\"@type\":\"ReadAction\",\"target\":[\"https:\/\/zfl-lernen.de\/lernmaterial_erstellen_wordpress\/online-kurs-aktualisieren\/\"]}]},{\"@type\":\"BreadcrumbList\",\"@id\":\"https:\/\/zfl-lernen.de\/lernmaterial_erstellen_wordpress\/online-kurs-aktualisieren\/#breadcrumb\",\"itemListElement\":[{\"@type\":\"ListItem\",\"position\":1,\"name\":\"Startseite\",\"item\":\"https:\/\/zfl-lernen.de\/\"},{\"@type\":\"ListItem\",\"position\":2,\"name\":\"Lernmaterial erstellen mit WordPress\",\"item\":\"https:\/\/zfl-lernen.de\/lernmaterial_erstellen_wordpress\/\"},{\"@type\":\"ListItem\",\"position\":3,\"name\":\"Online-Kurs aktualisieren\"}]},{\"@type\":\"WebSite\",\"@id\":\"https:\/\/zfl-lernen.de\/#website\",\"url\":\"https:\/\/zfl-lernen.de\/\",\"name\":\"ZfL Lernen\",\"description\":\"ZfL Offene Bildungsangebote\",\"potentialAction\":[{\"@type\":\"SearchAction\",\"target\":{\"@type\":\"EntryPoint\",\"urlTemplate\":\"https:\/\/zfl-lernen.de\/?s={search_term_string}\"},\"query-input\":{\"@type\":\"PropertyValueSpecification\",\"valueRequired\":true,\"valueName\":\"search_term_string\"}}],\"inLanguage\":\"en-US\"}]}<\/script>\n<!-- \/ Yoast SEO plugin. -->","yoast_head_json":{"title":"Online-Kurs aktualisieren - ZfL Lernen","robots":{"index":"index","follow":"follow","max-snippet":"max-snippet:-1","max-image-preview":"max-image-preview:large","max-video-preview":"max-video-preview:-1"},"canonical":"https:\/\/zfl-lernen.de\/en\/lernmaterial_erstellen_wordpress\/online-kurs-aktualisieren\/","og_locale":"en_US","og_type":"article","og_title":"Online-Kurs aktualisieren - ZfL Lernen","og_url":"https:\/\/zfl-lernen.de\/en\/lernmaterial_erstellen_wordpress\/online-kurs-aktualisieren\/","og_site_name":"ZfL Lernen","article_publisher":"https:\/\/www.facebook.com\/zflkoeln","article_modified_time":"2024-11-04T12:36:18+00:00","og_image":[{"width":300,"height":161,"url":"https:\/\/zfl-lernen.de\/wp-content\/uploads\/zfl-logo_neu-1.png","type":"image\/png"}],"twitter_card":"summary_large_image","twitter_site":"@Lehrer_innen","twitter_misc":{"Est. reading time":"2 minutes"},"schema":{"@context":"https:\/\/schema.org","@graph":[{"@type":"WebPage","@id":"https:\/\/zfl-lernen.de\/lernmaterial_erstellen_wordpress\/online-kurs-aktualisieren\/","url":"https:\/\/zfl-lernen.de\/lernmaterial_erstellen_wordpress\/online-kurs-aktualisieren\/","name":"Online-Kurs aktualisieren - ZfL Lernen","isPartOf":{"@id":"https:\/\/zfl-lernen.de\/#website"},"datePublished":"2024-11-04T11:51:17+00:00","dateModified":"2024-11-04T12:36:18+00:00","breadcrumb":{"@id":"https:\/\/zfl-lernen.de\/lernmaterial_erstellen_wordpress\/online-kurs-aktualisieren\/#breadcrumb"},"inLanguage":"en-US","potentialAction":[{"@type":"ReadAction","target":["https:\/\/zfl-lernen.de\/lernmaterial_erstellen_wordpress\/online-kurs-aktualisieren\/"]}]},{"@type":"BreadcrumbList","@id":"https:\/\/zfl-lernen.de\/lernmaterial_erstellen_wordpress\/online-kurs-aktualisieren\/#breadcrumb","itemListElement":[{"@type":"ListItem","position":1,"name":"Startseite","item":"https:\/\/zfl-lernen.de\/"},{"@type":"ListItem","position":2,"name":"Lernmaterial erstellen mit WordPress","item":"https:\/\/zfl-lernen.de\/lernmaterial_erstellen_wordpress\/"},{"@type":"ListItem","position":3,"name":"Online-Kurs aktualisieren"}]},{"@type":"WebSite","@id":"https:\/\/zfl-lernen.de\/#website","url":"https:\/\/zfl-lernen.de\/","name":"ZfL Lernen","description":"ZfL Offene Bildungsangebote","potentialAction":[{"@type":"SearchAction","target":{"@type":"EntryPoint","urlTemplate":"https:\/\/zfl-lernen.de\/?s={search_term_string}"},"query-input":{"@type":"PropertyValueSpecification","valueRequired":true,"valueName":"search_term_string"}}],"inLanguage":"en-US"}]}},"_links":{"self":[{"href":"https:\/\/zfl-lernen.de\/en\/wp-json\/wp\/v2\/pages\/80847","targetHints":{"allow":["GET"]}}],"collection":[{"href":"https:\/\/zfl-lernen.de\/en\/wp-json\/wp\/v2\/pages"}],"about":[{"href":"https:\/\/zfl-lernen.de\/en\/wp-json\/wp\/v2\/types\/page"}],"author":[{"embeddable":true,"href":"https:\/\/zfl-lernen.de\/en\/wp-json\/wp\/v2\/users\/4"}],"replies":[{"embeddable":true,"href":"https:\/\/zfl-lernen.de\/en\/wp-json\/wp\/v2\/comments?post=80847"}],"version-history":[{"count":5,"href":"https:\/\/zfl-lernen.de\/en\/wp-json\/wp\/v2\/pages\/80847\/revisions"}],"predecessor-version":[{"id":80873,"href":"https:\/\/zfl-lernen.de\/en\/wp-json\/wp\/v2\/pages\/80847\/revisions\/80873"}],"up":[{"embeddable":true,"href":"https:\/\/zfl-lernen.de\/en\/wp-json\/wp\/v2\/pages\/73536"}],"wp:attachment":[{"href":"https:\/\/zfl-lernen.de\/en\/wp-json\/wp\/v2\/media?parent=80847"}],"wp:term":[{"taxonomy":"category","embeddable":true,"href":"https:\/\/zfl-lernen.de\/en\/wp-json\/wp\/v2\/categories?post=80847"},{"taxonomy":"post_tag","embeddable":true,"href":"https:\/\/zfl-lernen.de\/en\/wp-json\/wp\/v2\/tags?post=80847"},{"taxonomy":"kooperation","embeddable":true,"href":"https:\/\/zfl-lernen.de\/en\/wp-json\/wp\/v2\/kooperation?post=80847"}],"curies":[{"name":"wp","href":"https:\/\/api.w.org\/{rel}","templated":true}]}}