{"id":82207,"date":"2025-01-29T11:21:07","date_gmt":"2025-01-29T10:21:07","guid":{"rendered":"https:\/\/zfl-lernen.de\/?page_id=82207"},"modified":"2025-06-24T11:16:23","modified_gmt":"2025-06-24T09:16:23","slug":"h5p-lernmodul-erstellung","status":"publish","type":"page","link":"https:\/\/zfl-lernen.de\/en\/h5p-lernmodul-erstellung\/","title":{"rendered":"Lernmodule erstellen mit dem Tool H5P"},"content":{"rendered":"<div class=\"wpb-content-wrapper\"><div class=\"vc_row wpb_row vc_row-fluid\"><div class=\"wpb_column vc_column_container vc_col-sm-12\"><div class=\"vc_column-inner\"><div class=\"wpb_wrapper\">\n\t<div class=\"wpb_text_column wpb_content_element\" >\n\t\t<div class=\"wpb_wrapper\">\n\t\t\t<h1>Lernmodule erstellen mit dem Tool H5P<\/h1>\n\n\t\t<\/div>\n\t<\/div>\n<\/div><\/div><\/div><\/div><div class=\"vc_row wpb_row vc_row-fluid\"><div class=\"wpb_column vc_column_container vc_col-sm-12\"><div class=\"vc_column-inner\"><div class=\"wpb_wrapper\">\n\t<div class=\"wpb_text_column wpb_content_element\" >\n\t\t<div class=\"wpb_wrapper\">\n\t\t\t<h2>Herzlich Willkommen zur Anleitung zur Erstellung von Lernmodulen mit dem Tool H5P!<\/h2>\n<p>&nbsp;<\/p>\n<p>Wir freuen uns, dass Sie ein Lernmodul erstellen m\u00f6chten. Von einem Lernmodul sprechen wir, wenn<\/p>\n<ul>\n<li>in einem abgeschlossenen Rahmen (Bearbeitungszeit von 5 bis max. 45 Minuten) ein Themenausschnitt n\u00e4her beleuchtet werden soll,<\/li>\n<li>die Inhalte von der Komplexit\u00e4t her einer Struktur folgen,<\/li>\n<li>interaktive Elemente, wie ein Quiz, eine Zusammenfassung enthalten sind und<\/li>\n<li>die Inhalte linear durchzuarbeiten sind (Navigationselemente).<\/li>\n<\/ul>\n<p data-pm-slice=\"1 3 &#091;&#093;\">Diese Anleitung unterst\u00fctzt Sie bei der Erstellung eines Lernmoduls und gibt Ihnen praktische Tipps zu den wichtigsten Aspekten. Sie f\u00fchrt Sie schrittweise durch die verschiedenen Phasen \u2013 von der Konzeption bis zur Ver\u00f6ffentlichung. Dabei werden didaktische, technische und rechtliche Fragen behandelt, um sicherzustellen, dass Ihr Modul sowohl ansprechend als auch barrierefrei und rechtlich korrekt ist.<\/p>\n<p>Die Anleitung umfasst:<\/p>\n<ul data-spread=\"false\">\n<li><strong>Eckpunkte f\u00fcr die Konzeption:<\/strong> Informationen und Tipps zur Konzeption des Lernmoduls \u2013 der wichtigste Schritt vor der eigentlichen Erstellung.<\/li>\n<li><strong>Grundlagen, Funktionen und Arbeiten mit dem H5P-Lernmodul: <\/strong>Grundlagen zur Arbeit mit dem H5P-Lernmodul, Funktionen der Vorlage, Hinweise zur Anpassung unserer Vorlage f\u00fcr Ihr Lernmodul.<\/li>\n<li><strong>Tipps und Tricks: <\/strong>Informationen zur Erstellung und Bearbeitung von Bildern und Videos, Unterst\u00fctzung in der Erstellung durch KI.<\/li>\n<li><strong>Barrierefreiheit:<\/strong> Hinweise zur barrierefreien Gestaltung \u2013 um sicherzustellen, dass das Modul f\u00fcr alle Lernenden zug\u00e4nglich ist.<\/li>\n<li><strong>OER und Lizenzen:<\/strong> Informationen zu OER und Lizenzen \u2013 rechtliche Aspekte, Urheberrecht und Quellen f\u00fcr freie Bildungsressourcen.<\/li>\n<li><strong>Letzte Schritte:<\/strong> Qualit\u00e4tssicherung des Lernmoduls, Anleitung zur Abgabe an den Dozierenden und Ver\u00f6ffentlichung des fertigen Lernmoduls auf unserer Bildungsplattform.<\/li>\n<\/ul>\n\n\t\t<\/div>\n\t<\/div>\n<\/div><\/div><\/div><\/div><div class=\"vc_row wpb_row vc_row-fluid\"><div class=\"wpb_column vc_column_container vc_col-sm-12\"><div class=\"vc_column-inner\"><div class=\"wpb_wrapper\">\n\t<div class=\"wpb_text_column wpb_content_element\" >\n\t\t<div class=\"wpb_wrapper\">\n\t\t\t\n\t\t<\/div>\n\t<\/div>\n<div class=\"vc_empty_space\"   style=\"height: 20px\"><span class=\"vc_empty_space_inner\"><\/span><\/div>\n\t<div class=\"wpb_text_column wpb_content_element\" >\n\t\t<div class=\"wpb_wrapper\">\n\t\t\t<p>Wenn das Konzept f\u00fcr das Lernmodul steht, geht es an das Schreiben der Texte (Drehbuch) und deren Umsetzung in ZfL Lernen. Eine Zusammenfassung des gesamten Prozesses erhalten Sie in der vom Lehrstuhl f\u00fcr Rehabilitation der Uni K\u00f6ln erstellten Pr\u00e4sentation.<\/p>\n\n\t\t<\/div>\n\t<\/div>\n<\/div><\/div><\/div><\/div><div class=\"vc_row wpb_row vc_row-fluid\"><div class=\"wpb_column vc_column_container vc_col-sm-12\"><div class=\"vc_column-inner\"><div class=\"wpb_wrapper\"><div class=\"vc_row wpb_row vc_inner vc_row-fluid\"><div class=\"wpb_column vc_column_container vc_col-sm-4\"><div class=\"vc_column-inner\"><div class=\"wpb_wrapper\"><\/div><\/div><\/div><div class=\"wpb_column vc_column_container vc_col-sm-4\"><div class=\"vc_column-inner\"><div class=\"wpb_wrapper\"><div class=\"vc-hoverbox-wrapper  kachel-header-front vc-hoverbox-shape--rounded vc-hoverbox-align--center vc-hoverbox-direction--default vc-hoverbox-width--100\"  ontouchstart=\"\">\n  <div class=\"vc-hoverbox\">\n    <div class=\"vc-hoverbox-inner\">\n      <div class=\"vc-hoverbox-block vc-hoverbox-front\" style=\"background-image: url(https:\/\/zfl-lernen.de\/wp-content\/uploads\/hg_hoverbox_default_2.jpg);\">\n        <div class=\"vc-hoverbox-block-inner vc-hoverbox-front-inner\">\n            <h2 style=\"color: #ffffff;text-align: left\" class=\"vc_custom_heading vc_do_custom_heading kachel-header\" ><a href=\"https:\/\/digill.de\/course\/einfuehrung-in-die-open-educational-resources\/\" title=\"Einf\u00fchrung in OER\">Zusammenfassung des Prozesses<\/a><\/h2>\n        <\/div>\n      <\/div>\n      <div class=\"vc-hoverbox-block vc-hoverbox-back\" style=\"background-color: #ebebeb;\">\n        <div class=\"vc-hoverbox-block-inner vc-hoverbox-back-inner\">\n            <h2 style=\"text-align:center\">Zusammenfassung des Prozesses<\/h2>\n            \n            <div class=\"vc_btn3-container vc_btn3-inline vc_do_btn\" ><a class=\"vc_general vc_btn3 vc_btn3-size-md vc_btn3-shape-square vc_btn3-style-flat vc_btn3-color-inverse\" href=\"https:\/\/zfl-lernen.de\/wp-content\/uploads\/Kompass_Foerderschullehramt_Lernmodule-Masterarbeit.pptx\" title=\"\" target=\"_blank\" rel=\"nofollow\">Zum Kompass<\/a><\/div>\n        <\/div>\n      <\/div>\n    <\/div>\n  <\/div>\n<\/div><\/div><\/div><\/div><div class=\"wpb_column vc_column_container vc_col-sm-4\"><div class=\"vc_column-inner\"><div class=\"wpb_wrapper\"><\/div><\/div><\/div><\/div><\/div><\/div><\/div><\/div><div class=\"wpb_column vc_column_container vc_col-sm-12\"><div class=\"vc_column-inner\"><div class=\"wpb_wrapper\"><\/div><\/div><\/div><div class=\"wpb_column vc_column_container vc_col-sm-4\"><div class=\"vc_column-inner\"><div class=\"wpb_wrapper\"><\/div><\/div><\/div><!-- \/wp:post-content --><\/div>"},"excerpt":{"rendered":"Lernmodule erstellen mit dem Tool H5P Herzlich Willkommen zur Anleitung zur Erstellung von Lernmodulen mit dem Tool H5P! &nbsp; Wir freuen uns, dass Sie ein Lernmodul erstellen m\u00f6chten. Von einem Lernmodul sprechen wir, wenn in einem abgeschlossenen Rahmen (Bearbeitungszeit von &hellip;","protected":false},"author":32,"featured_media":0,"parent":0,"menu_order":0,"comment_status":"closed","ping_status":"closed","template":"","meta":{"_acf_changed":false,"footnotes":""},"categories":[],"tags":[],"kooperation":[],"class_list":["post-82207","page","type-page","status-publish","hentry"],"acf":[],"yoast_head":"<!-- This site is optimized with the Yoast SEO plugin v27.1.1 - https:\/\/yoast.com\/product\/yoast-seo-wordpress\/ -->\n<title>Lernmodule erstellen mit dem Tool H5P - ZfL Lernen<\/title>\n<meta name=\"robots\" content=\"index, follow, max-snippet:-1, max-image-preview:large, max-video-preview:-1\" \/>\n<link rel=\"canonical\" href=\"https:\/\/zfl-lernen.de\/en\/h5p-lernmodul-erstellung\/\" \/>\n<meta property=\"og:locale\" content=\"en_US\" \/>\n<meta property=\"og:type\" content=\"article\" \/>\n<meta property=\"og:title\" content=\"Lernmodule erstellen mit dem Tool H5P - ZfL Lernen\" \/>\n<meta property=\"og:url\" content=\"https:\/\/zfl-lernen.de\/en\/h5p-lernmodul-erstellung\/\" \/>\n<meta property=\"og:site_name\" content=\"ZfL Lernen\" \/>\n<meta property=\"article:publisher\" content=\"https:\/\/www.facebook.com\/zflkoeln\" \/>\n<meta property=\"article:modified_time\" content=\"2025-06-24T09:16:23+00:00\" \/>\n<meta property=\"og:image\" content=\"https:\/\/zfl-lernen.de\/wp-content\/uploads\/zfl-logo_neu-1.png\" \/>\n\t<meta property=\"og:image:width\" content=\"300\" \/>\n\t<meta property=\"og:image:height\" content=\"161\" \/>\n\t<meta property=\"og:image:type\" content=\"image\/png\" \/>\n<meta name=\"twitter:card\" content=\"summary_large_image\" \/>\n<meta name=\"twitter:site\" content=\"@Lehrer_innen\" \/>\n<meta name=\"twitter:label1\" content=\"Est. reading time\" \/>\n\t<meta name=\"twitter:data1\" content=\"2 minutes\" \/>\n<script type=\"application\/ld+json\" class=\"yoast-schema-graph\">{\"@context\":\"https:\/\/schema.org\",\"@graph\":[{\"@type\":\"WebPage\",\"@id\":\"https:\/\/zfl-lernen.de\/h5p-lernmodul-erstellung\/\",\"url\":\"https:\/\/zfl-lernen.de\/h5p-lernmodul-erstellung\/\",\"name\":\"Lernmodule erstellen mit dem Tool H5P - ZfL Lernen\",\"isPartOf\":{\"@id\":\"https:\/\/zfl-lernen.de\/#website\"},\"datePublished\":\"2025-01-29T10:21:07+00:00\",\"dateModified\":\"2025-06-24T09:16:23+00:00\",\"breadcrumb\":{\"@id\":\"https:\/\/zfl-lernen.de\/h5p-lernmodul-erstellung\/#breadcrumb\"},\"inLanguage\":\"en-US\",\"potentialAction\":[{\"@type\":\"ReadAction\",\"target\":[\"https:\/\/zfl-lernen.de\/h5p-lernmodul-erstellung\/\"]}]},{\"@type\":\"BreadcrumbList\",\"@id\":\"https:\/\/zfl-lernen.de\/h5p-lernmodul-erstellung\/#breadcrumb\",\"itemListElement\":[{\"@type\":\"ListItem\",\"position\":1,\"name\":\"Startseite\",\"item\":\"https:\/\/zfl-lernen.de\/\"},{\"@type\":\"ListItem\",\"position\":2,\"name\":\"Lernmodule erstellen mit dem Tool H5P\"}]},{\"@type\":\"WebSite\",\"@id\":\"https:\/\/zfl-lernen.de\/#website\",\"url\":\"https:\/\/zfl-lernen.de\/\",\"name\":\"ZfL Lernen\",\"description\":\"ZfL Offene Bildungsangebote\",\"potentialAction\":[{\"@type\":\"SearchAction\",\"target\":{\"@type\":\"EntryPoint\",\"urlTemplate\":\"https:\/\/zfl-lernen.de\/?s={search_term_string}\"},\"query-input\":{\"@type\":\"PropertyValueSpecification\",\"valueRequired\":true,\"valueName\":\"search_term_string\"}}],\"inLanguage\":\"en-US\"}]}<\/script>\n<!-- \/ Yoast SEO plugin. -->","yoast_head_json":{"title":"Lernmodule erstellen mit dem Tool H5P - ZfL Lernen","robots":{"index":"index","follow":"follow","max-snippet":"max-snippet:-1","max-image-preview":"max-image-preview:large","max-video-preview":"max-video-preview:-1"},"canonical":"https:\/\/zfl-lernen.de\/en\/h5p-lernmodul-erstellung\/","og_locale":"en_US","og_type":"article","og_title":"Lernmodule erstellen mit dem Tool H5P - ZfL Lernen","og_url":"https:\/\/zfl-lernen.de\/en\/h5p-lernmodul-erstellung\/","og_site_name":"ZfL Lernen","article_publisher":"https:\/\/www.facebook.com\/zflkoeln","article_modified_time":"2025-06-24T09:16:23+00:00","og_image":[{"width":300,"height":161,"url":"https:\/\/zfl-lernen.de\/wp-content\/uploads\/zfl-logo_neu-1.png","type":"image\/png"}],"twitter_card":"summary_large_image","twitter_site":"@Lehrer_innen","twitter_misc":{"Est. reading time":"2 minutes"},"schema":{"@context":"https:\/\/schema.org","@graph":[{"@type":"WebPage","@id":"https:\/\/zfl-lernen.de\/h5p-lernmodul-erstellung\/","url":"https:\/\/zfl-lernen.de\/h5p-lernmodul-erstellung\/","name":"Lernmodule erstellen mit dem Tool H5P - ZfL Lernen","isPartOf":{"@id":"https:\/\/zfl-lernen.de\/#website"},"datePublished":"2025-01-29T10:21:07+00:00","dateModified":"2025-06-24T09:16:23+00:00","breadcrumb":{"@id":"https:\/\/zfl-lernen.de\/h5p-lernmodul-erstellung\/#breadcrumb"},"inLanguage":"en-US","potentialAction":[{"@type":"ReadAction","target":["https:\/\/zfl-lernen.de\/h5p-lernmodul-erstellung\/"]}]},{"@type":"BreadcrumbList","@id":"https:\/\/zfl-lernen.de\/h5p-lernmodul-erstellung\/#breadcrumb","itemListElement":[{"@type":"ListItem","position":1,"name":"Startseite","item":"https:\/\/zfl-lernen.de\/"},{"@type":"ListItem","position":2,"name":"Lernmodule erstellen mit dem Tool H5P"}]},{"@type":"WebSite","@id":"https:\/\/zfl-lernen.de\/#website","url":"https:\/\/zfl-lernen.de\/","name":"ZfL Lernen","description":"ZfL Offene Bildungsangebote","potentialAction":[{"@type":"SearchAction","target":{"@type":"EntryPoint","urlTemplate":"https:\/\/zfl-lernen.de\/?s={search_term_string}"},"query-input":{"@type":"PropertyValueSpecification","valueRequired":true,"valueName":"search_term_string"}}],"inLanguage":"en-US"}]}},"_links":{"self":[{"href":"https:\/\/zfl-lernen.de\/en\/wp-json\/wp\/v2\/pages\/82207","targetHints":{"allow":["GET"]}}],"collection":[{"href":"https:\/\/zfl-lernen.de\/en\/wp-json\/wp\/v2\/pages"}],"about":[{"href":"https:\/\/zfl-lernen.de\/en\/wp-json\/wp\/v2\/types\/page"}],"author":[{"embeddable":true,"href":"https:\/\/zfl-lernen.de\/en\/wp-json\/wp\/v2\/users\/32"}],"replies":[{"embeddable":true,"href":"https:\/\/zfl-lernen.de\/en\/wp-json\/wp\/v2\/comments?post=82207"}],"version-history":[{"count":8,"href":"https:\/\/zfl-lernen.de\/en\/wp-json\/wp\/v2\/pages\/82207\/revisions"}],"predecessor-version":[{"id":84004,"href":"https:\/\/zfl-lernen.de\/en\/wp-json\/wp\/v2\/pages\/82207\/revisions\/84004"}],"wp:attachment":[{"href":"https:\/\/zfl-lernen.de\/en\/wp-json\/wp\/v2\/media?parent=82207"}],"wp:term":[{"taxonomy":"category","embeddable":true,"href":"https:\/\/zfl-lernen.de\/en\/wp-json\/wp\/v2\/categories?post=82207"},{"taxonomy":"post_tag","embeddable":true,"href":"https:\/\/zfl-lernen.de\/en\/wp-json\/wp\/v2\/tags?post=82207"},{"taxonomy":"kooperation","embeddable":true,"href":"https:\/\/zfl-lernen.de\/en\/wp-json\/wp\/v2\/kooperation?post=82207"}],"curies":[{"name":"wp","href":"https:\/\/api.w.org\/{rel}","templated":true}]}}