{"id":82215,"date":"2025-01-29T13:22:01","date_gmt":"2025-01-29T12:22:01","guid":{"rendered":"https:\/\/zfl-lernen.de\/?page_id=82215"},"modified":"2025-06-24T11:39:53","modified_gmt":"2025-06-24T09:39:53","slug":"konzeption-die-eckpunkte","status":"publish","type":"page","link":"https:\/\/zfl-lernen.de\/en\/h5p-lernmodul-erstellung\/konzeption-die-eckpunkte\/","title":{"rendered":"Konzeption &#8211; die Eckpunkte"},"content":{"rendered":"<div class=\"wpb-content-wrapper\"><div class=\"vc_row wpb_row vc_row-fluid\"><div class=\"wpb_column vc_column_container vc_col-sm-12\"><div class=\"vc_column-inner\"><div class=\"wpb_wrapper\">\n\t<div class=\"wpb_text_column wpb_content_element\" >\n\t\t<div class=\"wpb_wrapper\">\n\t\t\t<h2>Eckpunkte f\u00fcr die Konzeption<\/h2>\n\n\t\t<\/div>\n\t<\/div>\n<\/div><\/div><\/div><\/div><div class=\"vc_row wpb_row vc_row-fluid\"><div class=\"wpb_column vc_column_container vc_col-sm-12\"><div class=\"vc_column-inner\"><div class=\"wpb_wrapper\">\n\t<div class=\"wpb_text_column wpb_content_element\" >\n\t\t<div class=\"wpb_wrapper\">\n\t\t\t<p>Wie bei der Planung einer Unterrichtsstunde oder der Erstellung eines Produkts ist es auch bei der Erstellung von Lernmodulen wichtig, sich zun\u00e4chst Gedanken zum Aufbau, zur Zielgruppe und zu den vermittelten Inhalten zu machen.<\/p>\n<p><span style=\"color: #000000;\">Bevor Sie sich konkret an die Planung und Umsetzung Ihres Lernmoduls setzen, ist es sinnvoll, sich zun\u00e4chst <strong>Inspiration bei bereits erstellten Lernmodulen<\/strong> zu holen. Diese finden Sie im oberen Men\u00fc unter &#8222;Lernmodule&#8220;, sortiert nach Kategorien und Sammlungen.<\/span><\/p>\n\n\t\t<\/div>\n\t<\/div>\n<div class=\"vc_empty_space\"   style=\"height: 20px\"><span class=\"vc_empty_space_inner\"><\/span><\/div>\n\t<div class=\"wpb_text_column wpb_content_element\" >\n\t\t<div class=\"wpb_wrapper\">\n\t\t\t<p>Die wichtigsten Eckpunkte aus den Lernmodulen sind hier noch einmal f\u00fcr Sie zusammengefasst:<\/p>\n<ul role=\"list\" aria-labelledby=\"answerListHeading-0\">\n<li role=\"listitem\">Die Planung, das Grobkonzept, steht am Anfang eines Erstellungsprozesses.<\/li>\n<li role=\"listitem\">Je detaillierter diese Planungsphase erfolgt, desto weniger Zeit muss f\u00fcr die Produktion und die daran anschlie\u00dfende Qualit\u00e4tssicherung aufgebracht werden.<\/li>\n<li>Formulieren Sie Lernziele und analysieren Sie Ihre Zielgruppe. Diese sollten Sie im Lernmodul auch beschreiben.<\/li>\n<li>Listen Sie die Lerneinheiten in ihrer zeitlichen Abfolge auf. Skizzieren Sie die Inhalte.<\/li>\n<li>Bei der Erstellung des Lernmoduls sollten Sie folgende Prinzipien beachten: Interaktivit\u00e4t, \u00dcbersichtlichkeit und anwendungsorientierte Darstellung. Beachten Sie dies bereits w\u00e4hrend der Konzeption.<\/li>\n<\/ul>\n\n\t\t<\/div>\n\t<\/div>\n<div class=\"vc_empty_space\"   style=\"height: 40px\"><span class=\"vc_empty_space_inner\"><\/span><\/div>\n\t<div class=\"wpb_text_column wpb_content_element\" >\n\t\t<div class=\"wpb_wrapper\">\n\t\t\t<p>Eine Hilfestellung zur Konzepterstellung finden Sie in den folgenden Lernmodulen.<!-- \/wp:post-content --><\/p>\n\n\t\t<\/div>\n\t<\/div>\n<\/div><\/div><\/div><\/div><div class=\"vc_row wpb_row vc_row-fluid\"><div class=\"wpb_column vc_column_container vc_col-sm-12\"><div class=\"vc_column-inner\"><div class=\"wpb_wrapper\"><div class=\"vc_row wpb_row vc_inner vc_row-fluid\"><div class=\"wpb_column vc_column_container vc_col-sm-4\"><div class=\"vc_column-inner\"><div class=\"wpb_wrapper\"><div class=\"vc-hoverbox-wrapper  kachel-header-front vc-hoverbox-shape--rounded vc-hoverbox-align--center vc-hoverbox-direction--default vc-hoverbox-width--100\"  ontouchstart=\"\">\n  <div class=\"vc-hoverbox\">\n    <div class=\"vc-hoverbox-inner\">\n      <div class=\"vc-hoverbox-block vc-hoverbox-front\" style=\"background-image: url(https:\/\/zfl-lernen.de\/wp-content\/uploads\/hg_hoverbox_default_2.jpg);\">\n        <div class=\"vc-hoverbox-block-inner vc-hoverbox-front-inner\">\n            <h2 style=\"color: #ffffff;text-align: left\" class=\"vc_custom_heading vc_do_custom_heading kachel-header\" ><a href=\"https:\/\/digill.de\/course\/einfuehrung-in-die-open-educational-resources\/\" title=\"Einf\u00fchrung in OER\">Akteur*innen und Zielgruppe<\/a><\/h2>\n        <\/div>\n      <\/div>\n      <div class=\"vc-hoverbox-block vc-hoverbox-back\" style=\"background-color: #ebebeb;\">\n        <div class=\"vc-hoverbox-block-inner vc-hoverbox-back-inner\">\n            <h2 style=\"text-align:center\">Akteur*innen und Zielgruppe<\/h2>\n            \n            <div class=\"vc_btn3-container vc_btn3-inline vc_do_btn\" ><a class=\"vc_general vc_btn3 vc_btn3-size-md vc_btn3-shape-square vc_btn3-style-flat vc_btn3-color-inverse\" href=\"https:\/\/zfl-lernen.de\/en\/lernmodule\/digitalitaet\/planung-ihrer-digitalen-unterrichtssequenz\/lektionen\/akteurinnen-zielgruppe\/\" title=\"\" target=\"_blank\" rel=\"nofollow\">Zum Lernmodul<\/a><\/div>\n        <\/div>\n      <\/div>\n    <\/div>\n  <\/div>\n<\/div><\/div><\/div><\/div><div class=\"wpb_column vc_column_container vc_col-sm-4\"><div class=\"vc_column-inner\"><div class=\"wpb_wrapper\"><div class=\"vc-hoverbox-wrapper  kachel-header-front vc-hoverbox-shape--rounded vc-hoverbox-align--center vc-hoverbox-direction--default vc-hoverbox-width--100\"  ontouchstart=\"\">\n  <div class=\"vc-hoverbox\">\n    <div class=\"vc-hoverbox-inner\">\n      <div class=\"vc-hoverbox-block vc-hoverbox-front\" style=\"background-image: url(https:\/\/zfl-lernen.de\/wp-content\/uploads\/hg_hoverbox_default_2.jpg);\">\n        <div class=\"vc-hoverbox-block-inner vc-hoverbox-front-inner\">\n            <h2 style=\"color: #ffffff;text-align: left\" class=\"vc_custom_heading vc_do_custom_heading kachel-header\" ><a href=\"https:\/\/digill.de\/course\/einfuehrung-in-die-open-educational-resources\/\" title=\"Einf\u00fchrung in OER\">Lerninhalte und Lernziele<\/a><\/h2>\n        <\/div>\n      <\/div>\n      <div class=\"vc-hoverbox-block vc-hoverbox-back\" style=\"background-color: #ebebeb;\">\n        <div class=\"vc-hoverbox-block-inner vc-hoverbox-back-inner\">\n            <h2 style=\"text-align:center\">Lerninhalte und Lernziele<\/h2>\n            \n            <div class=\"vc_btn3-container vc_btn3-inline vc_do_btn\" ><a class=\"vc_general vc_btn3 vc_btn3-size-md vc_btn3-shape-square vc_btn3-style-flat vc_btn3-color-inverse\" href=\"https:\/\/zfl-lernen.de\/en\/lernmodule\/digitalitaet\/planung-ihrer-digitalen-unterrichtssequenz\/lektionen\/lerninhalte-und-ziele-2\/\" title=\"\" target=\"_blank\" rel=\"nofollow\">Zum Lernmodul<\/a><\/div>\n        <\/div>\n      <\/div>\n    <\/div>\n  <\/div>\n<\/div><\/div><\/div><\/div><div class=\"wpb_column vc_column_container vc_col-sm-4\"><div class=\"vc_column-inner\"><div class=\"wpb_wrapper\"><div class=\"vc-hoverbox-wrapper  kachel-header-front vc-hoverbox-shape--rounded vc-hoverbox-align--center vc-hoverbox-direction--default vc-hoverbox-width--100\"  ontouchstart=\"\">\n  <div class=\"vc-hoverbox\">\n    <div class=\"vc-hoverbox-inner\">\n      <div class=\"vc-hoverbox-block vc-hoverbox-front\" style=\"background-image: url(https:\/\/zfl-lernen.de\/wp-content\/uploads\/hg_hoverbox_default_2.jpg);\">\n        <div class=\"vc-hoverbox-block-inner vc-hoverbox-front-inner\">\n            <h2 style=\"color: #ffffff;text-align: left\" class=\"vc_custom_heading vc_do_custom_heading kachel-header\" ><a href=\"https:\/\/digill.de\/course\/einfuehrung-in-die-open-educational-resources\/\" title=\"Einf\u00fchrung in OER\">Umsetzung in digitale Lernmaterialien<\/a><\/h2>\n        <\/div>\n      <\/div>\n      <div class=\"vc-hoverbox-block vc-hoverbox-back\" style=\"background-color: #ebebeb;\">\n        <div class=\"vc-hoverbox-block-inner vc-hoverbox-back-inner\">\n            <h2 style=\"text-align:center\">Umsetzung in digitale Lernmaterialien<\/h2>\n            \n            <div class=\"vc_btn3-container vc_btn3-inline vc_do_btn\" ><a class=\"vc_general vc_btn3 vc_btn3-size-md vc_btn3-shape-square vc_btn3-style-flat vc_btn3-color-inverse\" href=\"https:\/\/zfl-lernen.de\/en\/lernmodule\/digitalitaet\/umsetzung-in-digitale-lernmaterialien\/\" title=\"\" target=\"_blank\" rel=\"nofollow\">Zum Lernmodul<\/a><\/div>\n        <\/div>\n      <\/div>\n    <\/div>\n  <\/div>\n<\/div><\/div><\/div><\/div><\/div><\/div><\/div><\/div><\/div><div class=\"vc_row wpb_row vc_row-fluid\"><div class=\"wpb_column vc_column_container vc_col-sm-12\"><div class=\"vc_column-inner\"><div class=\"wpb_wrapper\"><div class=\"vc_row wpb_row vc_inner vc_row-fluid\"><div class=\"wpb_column vc_column_container vc_col-sm-1\/5\"><div class=\"vc_column-inner\"><div class=\"wpb_wrapper\">\n\t<div  class=\"wpb_single_image wpb_content_element vc_align_left wpb_content_element\">\n\t\t\n\t\t<figure class=\"wpb_wrapper vc_figure\">\n\t\t\t<div class=\"vc_single_image-wrapper   vc_box_border_grey\"><img loading=\"lazy\" decoding=\"async\" width=\"200\" height=\"200\" src=\"https:\/\/zfl-lernen.de\/wp-content\/uploads\/ico_hinweis.png\" class=\"vc_single_image-img attachment-medium\" alt=\"Icon Hinweis\" title=\"ico_hinweis\" srcset=\"https:\/\/zfl-lernen.de\/wp-content\/uploads\/ico_hinweis.png 200w, https:\/\/zfl-lernen.de\/wp-content\/uploads\/ico_hinweis-150x150.png 150w, https:\/\/zfl-lernen.de\/wp-content\/uploads\/ico_hinweis-12x12.png 12w\" sizes=\"auto, (max-width: 200px) 100vw, 200px\" \/><\/div>\n\t\t<\/figure>\n\t<\/div>\n<\/div><\/div><\/div><div class=\"wpb_column vc_column_container vc_col-sm-4\/5\"><div class=\"vc_column-inner\"><div class=\"wpb_wrapper\"><div class=\"vc_empty_space\"   style=\"height: 20px\"><span class=\"vc_empty_space_inner\"><\/span><\/div>\n\t<div class=\"wpb_text_column wpb_content_element\" >\n\t\t<div class=\"wpb_wrapper\">\n\t\t\t<p>Im Kapitel <strong><a href=\"https:\/\/zfl-lernen.de\/en\/h5p-lernmodul-erstellung\/hinweise-zur-barrierefreiheit\/\" target=\"_blank\" rel=\"noopener\">Hinweise zur Barrierefreiheit<\/a><\/strong>\u00a0finden Sie wertvolle Tipps, um Ihr Lernmodul barrierearm zu gestalten. Dies ist m\u00f6glichst in der Konzeption zu ber\u00fccksichtigen.<\/p>\n\n\t\t<\/div>\n\t<\/div>\n<\/div><\/div><\/div><\/div><\/div><\/div><\/div><\/div><div class=\"wpb_column vc_column_container vc_col-sm-12\"><div class=\"vc_column-inner\"><div class=\"wpb_wrapper\"><\/div><\/div><\/div><div class=\"wpb_column vc_column_container vc_col-sm-4\"><div class=\"vc_column-inner\"><div class=\"wpb_wrapper\"><\/div><\/div><\/div><!-- \/wp:freeform --><\/div>"},"excerpt":{"rendered":"Eckpunkte f\u00fcr die Konzeption Wie bei der Planung einer Unterrichtsstunde oder der Erstellung eines Produkts ist es auch bei der Erstellung von Lernmodulen wichtig, sich zun\u00e4chst Gedanken zum Aufbau, zur Zielgruppe und zu den vermittelten Inhalten zu machen. Bevor Sie &hellip;","protected":false},"author":32,"featured_media":0,"parent":82207,"menu_order":0,"comment_status":"closed","ping_status":"closed","template":"","meta":{"_acf_changed":false,"footnotes":""},"categories":[],"tags":[],"kooperation":[],"class_list":["post-82215","page","type-page","status-publish","hentry"],"acf":[],"yoast_head":"<!-- This site is optimized with the Yoast SEO plugin v27.1.1 - https:\/\/yoast.com\/product\/yoast-seo-wordpress\/ -->\n<title>Konzeption - die Eckpunkte - ZfL Lernen<\/title>\n<meta name=\"robots\" content=\"index, follow, max-snippet:-1, max-image-preview:large, max-video-preview:-1\" \/>\n<link rel=\"canonical\" href=\"https:\/\/zfl-lernen.de\/en\/h5p-lernmodul-erstellung\/konzeption-die-eckpunkte\/\" \/>\n<meta property=\"og:locale\" content=\"en_US\" \/>\n<meta property=\"og:type\" content=\"article\" \/>\n<meta property=\"og:title\" content=\"Konzeption - die Eckpunkte - ZfL Lernen\" \/>\n<meta property=\"og:url\" content=\"https:\/\/zfl-lernen.de\/en\/h5p-lernmodul-erstellung\/konzeption-die-eckpunkte\/\" \/>\n<meta property=\"og:site_name\" content=\"ZfL Lernen\" \/>\n<meta property=\"article:publisher\" content=\"https:\/\/www.facebook.com\/zflkoeln\" \/>\n<meta property=\"article:modified_time\" content=\"2025-06-24T09:39:53+00:00\" \/>\n<meta property=\"og:image\" content=\"https:\/\/zfl-lernen.de\/wp-content\/uploads\/zfl-logo_neu-1.png\" \/>\n\t<meta property=\"og:image:width\" content=\"300\" \/>\n\t<meta property=\"og:image:height\" content=\"161\" \/>\n\t<meta property=\"og:image:type\" content=\"image\/png\" \/>\n<meta name=\"twitter:card\" content=\"summary_large_image\" \/>\n<meta name=\"twitter:site\" content=\"@Lehrer_innen\" \/>\n<meta name=\"twitter:label1\" content=\"Est. reading time\" \/>\n\t<meta name=\"twitter:data1\" content=\"2 minutes\" \/>\n<script type=\"application\/ld+json\" class=\"yoast-schema-graph\">{\"@context\":\"https:\/\/schema.org\",\"@graph\":[{\"@type\":\"WebPage\",\"@id\":\"https:\/\/zfl-lernen.de\/h5p-lernmodul-erstellung\/konzeption-die-eckpunkte\/\",\"url\":\"https:\/\/zfl-lernen.de\/h5p-lernmodul-erstellung\/konzeption-die-eckpunkte\/\",\"name\":\"Konzeption - die Eckpunkte - ZfL Lernen\",\"isPartOf\":{\"@id\":\"https:\/\/zfl-lernen.de\/#website\"},\"datePublished\":\"2025-01-29T12:22:01+00:00\",\"dateModified\":\"2025-06-24T09:39:53+00:00\",\"breadcrumb\":{\"@id\":\"https:\/\/zfl-lernen.de\/h5p-lernmodul-erstellung\/konzeption-die-eckpunkte\/#breadcrumb\"},\"inLanguage\":\"en-US\",\"potentialAction\":[{\"@type\":\"ReadAction\",\"target\":[\"https:\/\/zfl-lernen.de\/h5p-lernmodul-erstellung\/konzeption-die-eckpunkte\/\"]}]},{\"@type\":\"BreadcrumbList\",\"@id\":\"https:\/\/zfl-lernen.de\/h5p-lernmodul-erstellung\/konzeption-die-eckpunkte\/#breadcrumb\",\"itemListElement\":[{\"@type\":\"ListItem\",\"position\":1,\"name\":\"Startseite\",\"item\":\"https:\/\/zfl-lernen.de\/\"},{\"@type\":\"ListItem\",\"position\":2,\"name\":\"Lernmodule erstellen mit dem Tool H5P\",\"item\":\"https:\/\/zfl-lernen.de\/h5p-lernmodul-erstellung\/\"},{\"@type\":\"ListItem\",\"position\":3,\"name\":\"Konzeption &#8211; die Eckpunkte\"}]},{\"@type\":\"WebSite\",\"@id\":\"https:\/\/zfl-lernen.de\/#website\",\"url\":\"https:\/\/zfl-lernen.de\/\",\"name\":\"ZfL Lernen\",\"description\":\"ZfL Offene Bildungsangebote\",\"potentialAction\":[{\"@type\":\"SearchAction\",\"target\":{\"@type\":\"EntryPoint\",\"urlTemplate\":\"https:\/\/zfl-lernen.de\/?s={search_term_string}\"},\"query-input\":{\"@type\":\"PropertyValueSpecification\",\"valueRequired\":true,\"valueName\":\"search_term_string\"}}],\"inLanguage\":\"en-US\"}]}<\/script>\n<!-- \/ Yoast SEO plugin. -->","yoast_head_json":{"title":"Konzeption - die Eckpunkte - ZfL Lernen","robots":{"index":"index","follow":"follow","max-snippet":"max-snippet:-1","max-image-preview":"max-image-preview:large","max-video-preview":"max-video-preview:-1"},"canonical":"https:\/\/zfl-lernen.de\/en\/h5p-lernmodul-erstellung\/konzeption-die-eckpunkte\/","og_locale":"en_US","og_type":"article","og_title":"Konzeption - die Eckpunkte - ZfL Lernen","og_url":"https:\/\/zfl-lernen.de\/en\/h5p-lernmodul-erstellung\/konzeption-die-eckpunkte\/","og_site_name":"ZfL Lernen","article_publisher":"https:\/\/www.facebook.com\/zflkoeln","article_modified_time":"2025-06-24T09:39:53+00:00","og_image":[{"width":300,"height":161,"url":"https:\/\/zfl-lernen.de\/wp-content\/uploads\/zfl-logo_neu-1.png","type":"image\/png"}],"twitter_card":"summary_large_image","twitter_site":"@Lehrer_innen","twitter_misc":{"Est. reading time":"2 minutes"},"schema":{"@context":"https:\/\/schema.org","@graph":[{"@type":"WebPage","@id":"https:\/\/zfl-lernen.de\/h5p-lernmodul-erstellung\/konzeption-die-eckpunkte\/","url":"https:\/\/zfl-lernen.de\/h5p-lernmodul-erstellung\/konzeption-die-eckpunkte\/","name":"Konzeption - die Eckpunkte - ZfL Lernen","isPartOf":{"@id":"https:\/\/zfl-lernen.de\/#website"},"datePublished":"2025-01-29T12:22:01+00:00","dateModified":"2025-06-24T09:39:53+00:00","breadcrumb":{"@id":"https:\/\/zfl-lernen.de\/h5p-lernmodul-erstellung\/konzeption-die-eckpunkte\/#breadcrumb"},"inLanguage":"en-US","potentialAction":[{"@type":"ReadAction","target":["https:\/\/zfl-lernen.de\/h5p-lernmodul-erstellung\/konzeption-die-eckpunkte\/"]}]},{"@type":"BreadcrumbList","@id":"https:\/\/zfl-lernen.de\/h5p-lernmodul-erstellung\/konzeption-die-eckpunkte\/#breadcrumb","itemListElement":[{"@type":"ListItem","position":1,"name":"Startseite","item":"https:\/\/zfl-lernen.de\/"},{"@type":"ListItem","position":2,"name":"Lernmodule erstellen mit dem Tool H5P","item":"https:\/\/zfl-lernen.de\/h5p-lernmodul-erstellung\/"},{"@type":"ListItem","position":3,"name":"Konzeption &#8211; die Eckpunkte"}]},{"@type":"WebSite","@id":"https:\/\/zfl-lernen.de\/#website","url":"https:\/\/zfl-lernen.de\/","name":"ZfL Lernen","description":"ZfL Offene Bildungsangebote","potentialAction":[{"@type":"SearchAction","target":{"@type":"EntryPoint","urlTemplate":"https:\/\/zfl-lernen.de\/?s={search_term_string}"},"query-input":{"@type":"PropertyValueSpecification","valueRequired":true,"valueName":"search_term_string"}}],"inLanguage":"en-US"}]}},"_links":{"self":[{"href":"https:\/\/zfl-lernen.de\/en\/wp-json\/wp\/v2\/pages\/82215","targetHints":{"allow":["GET"]}}],"collection":[{"href":"https:\/\/zfl-lernen.de\/en\/wp-json\/wp\/v2\/pages"}],"about":[{"href":"https:\/\/zfl-lernen.de\/en\/wp-json\/wp\/v2\/types\/page"}],"author":[{"embeddable":true,"href":"https:\/\/zfl-lernen.de\/en\/wp-json\/wp\/v2\/users\/32"}],"replies":[{"embeddable":true,"href":"https:\/\/zfl-lernen.de\/en\/wp-json\/wp\/v2\/comments?post=82215"}],"version-history":[{"count":7,"href":"https:\/\/zfl-lernen.de\/en\/wp-json\/wp\/v2\/pages\/82215\/revisions"}],"predecessor-version":[{"id":84019,"href":"https:\/\/zfl-lernen.de\/en\/wp-json\/wp\/v2\/pages\/82215\/revisions\/84019"}],"up":[{"embeddable":true,"href":"https:\/\/zfl-lernen.de\/en\/wp-json\/wp\/v2\/pages\/82207"}],"wp:attachment":[{"href":"https:\/\/zfl-lernen.de\/en\/wp-json\/wp\/v2\/media?parent=82215"}],"wp:term":[{"taxonomy":"category","embeddable":true,"href":"https:\/\/zfl-lernen.de\/en\/wp-json\/wp\/v2\/categories?post=82215"},{"taxonomy":"post_tag","embeddable":true,"href":"https:\/\/zfl-lernen.de\/en\/wp-json\/wp\/v2\/tags?post=82215"},{"taxonomy":"kooperation","embeddable":true,"href":"https:\/\/zfl-lernen.de\/en\/wp-json\/wp\/v2\/kooperation?post=82215"}],"curies":[{"name":"wp","href":"https:\/\/api.w.org\/{rel}","templated":true}]}}