{"id":82309,"date":"2025-02-04T09:57:10","date_gmt":"2025-02-04T08:57:10","guid":{"rendered":"https:\/\/zfl-lernen.de\/?page_id=82309"},"modified":"2025-02-17T14:22:47","modified_gmt":"2025-02-17T13:22:47","slug":"arbeiten-mit-dem-h5p-lernmodul","status":"publish","type":"page","link":"https:\/\/zfl-lernen.de\/en\/h5p-lernmodul-erstellung\/arbeiten-mit-dem-h5p-lernmodul\/","title":{"rendered":"Arbeiten mit dem H5P-Lernmodul"},"content":{"rendered":"<div class=\"wpb-content-wrapper\"><div class=\"vc_row wpb_row vc_row-fluid\"><div class=\"wpb_column vc_column_container vc_col-sm-12\"><div class=\"vc_column-inner\"><div class=\"wpb_wrapper\">\n\t<div class=\"wpb_text_column wpb_content_element\" >\n\t\t<div class=\"wpb_wrapper\">\n\t\t\t<h2>Arbeiten mit dem H5P-Lernmodul<\/h2>\n\n\t\t<\/div>\n\t<\/div>\n<\/div><\/div><\/div><\/div><div class=\"vc_row wpb_row vc_row-fluid\"><div class=\"wpb_column vc_column_container vc_col-sm-12\"><div class=\"vc_column-inner\"><div class=\"wpb_wrapper\">\n\t<div class=\"wpb_text_column wpb_content_element\" >\n\t\t<div class=\"wpb_wrapper\">\n\t\t\t<p>Sie haben sich bis jetzt die Vorlage heruntergeladen und in einem System Ihrer Wahl zur Bearbeitung bereitgestellt. Au\u00dferdem haben Sie sich in die Technik und in die Funktionen vom H5P-Inhaltstyp &#8222;Portfolio&#8220; eingearbeitet.<br \/>\nNun erfahren Sie, wie Sie mit diesem Wissen und in Kombinationen mit Ihrer Konzeption Ihr Lernmodul erstellen. Bl\u00e4ttern Sie sich hierf\u00fcr durch die folgende Anleitung. Diese wurde \u00fcbrigens ebenfalls mit dem H5P-Inhaltstyp &#8222;Portfolio&#8220; erstellt.<\/p>\n\n\t\t<\/div>\n\t<\/div>\n<div class=\"vc_empty_space\"   style=\"height: 32px\"><span class=\"vc_empty_space_inner\"><\/span><\/div>\n\t<div class=\"wpb_text_column wpb_content_element\" >\n\t\t<div class=\"wpb_wrapper\">\n\t\t\t<div class=\"h5p-iframe-wrapper\"><iframe id=\"h5p-iframe-1372\" class=\"h5p-iframe\" data-content-id=\"1372\" style=\"height:1px\" src=\"about:blank\" frameborder=\"0\" scrolling=\"no\" title=\"Anleitung zur Arbeit mit dem H5P-Lernmodul\"><\/iframe><\/div>\n\n\t\t<\/div>\n\t<\/div>\n<\/div><\/div><\/div><\/div><div class=\"vc_row wpb_row vc_row-fluid\"><div class=\"wpb_column vc_column_container vc_col-sm-12\"><div class=\"vc_column-inner\"><div class=\"wpb_wrapper\">\n\t<div class=\"wpb_text_column wpb_content_element\" >\n\t\t<div class=\"wpb_wrapper\">\n\t\t\t<h3>Werden Sie jetzt kreativ!<\/h3>\n\n\t\t<\/div>\n\t<\/div>\n<\/div><\/div><\/div><\/div><div class=\"vc_row wpb_row vc_row-fluid\"><div class=\"wpb_column vc_column_container vc_col-sm-12\"><div class=\"vc_column-inner\"><div class=\"wpb_wrapper\">\n\t<div class=\"wpb_text_column wpb_content_element\" >\n\t\t<div class=\"wpb_wrapper\">\n\t\t\t<p>Die Theorie haben Sie jetzt erfahren, jetzt ist es an der Zeit, kreativ zu werden. Realisieren Sie nun Ihr Lernmodul. Hilfen zur Erstellung finden Sie auf der Seite &#8222;<a href=\"https:\/\/zfl-lernen.de\/en\/h5p-lernmodul-erstellung\/tipps_und_tricks\/\" target=\"_blank\" rel=\"noopener\"><strong>Tipps und Tricks<\/strong><\/a>&#8222;.<\/p>\n<p>Die Kapitel &#8222;<strong><a href=\"https:\/\/zfl-lernen.de\/en\/h5p-lernmodul-erstellung\/hinweise-zur-barrierefreiheit\/\" target=\"_blank\" rel=\"noopener\">Hinweise zur Barrierefreiheit<\/a><\/strong>&#8220; und &#8222;<strong><a href=\"https:\/\/zfl-lernen.de\/en\/h5p-lernmodul-erstellung\/hinweise-zu-oer-und-lizenzen\/\" target=\"_blank\" rel=\"noopener\">Hinweise zu OER und Lizenzen<\/a><\/strong>&#8220; geben Ihnen wertvolle Tipps zur barrierearmen und OER-kompatiblen Erstellung Ihres Lernmoduls.<\/p>\n\n\t\t<\/div>\n\t<\/div>\n<\/div><\/div><\/div><\/div><div class=\"vc_row wpb_row vc_row-fluid\"><div class=\"wpb_column vc_column_container vc_col-sm-2\"><div class=\"vc_column-inner\"><div class=\"wpb_wrapper\">\n\t<div  class=\"wpb_single_image wpb_content_element vc_align_left wpb_content_element\">\n\t\t\n\t\t<figure class=\"wpb_wrapper vc_figure\">\n\t\t\t<div class=\"vc_single_image-wrapper   vc_box_border_grey\"><img loading=\"lazy\" decoding=\"async\" width=\"150\" height=\"150\" src=\"https:\/\/zfl-lernen.de\/wp-content\/uploads\/ico_hinweis-150x150.png\" class=\"vc_single_image-img attachment-thumbnail\" alt=\"Icon Hinweis\" title=\"ico_hinweis\" srcset=\"https:\/\/zfl-lernen.de\/wp-content\/uploads\/ico_hinweis-150x150.png 150w, https:\/\/zfl-lernen.de\/wp-content\/uploads\/ico_hinweis-12x12.png 12w, https:\/\/zfl-lernen.de\/wp-content\/uploads\/ico_hinweis.png 200w\" sizes=\"auto, (max-width: 150px) 100vw, 150px\" \/><\/div>\n\t\t<\/figure>\n\t<\/div>\n<\/div><\/div><\/div><div class=\"wpb_column vc_column_container vc_col-sm-10\"><div class=\"vc_column-inner\"><div class=\"wpb_wrapper\"><div class=\"vc_empty_space\"   style=\"height: 32px\"><span class=\"vc_empty_space_inner\"><\/span><\/div>\n\t<div class=\"wpb_text_column wpb_content_element\" >\n\t\t<div class=\"wpb_wrapper\">\n\t\t\t<p>Wenn Sie Fragen haben, kontaktieren Sie uns unter <strong><a href=\"mailto:zfl-digitalelehre@uni-koeln.de\" target=\"_blank\" rel=\"noopener\">zfl-digitalelehre@uni-koeln.de<\/a><\/strong><\/p>\n\n\t\t<\/div>\n\t<\/div>\n<\/div><\/div><\/div><\/div><div class=\"vc_row wpb_row vc_row-fluid\"><div class=\"wpb_column vc_column_container vc_col-sm-12\"><div class=\"vc_column-inner\"><div class=\"wpb_wrapper\">\n\t<div class=\"wpb_text_column wpb_content_element\" >\n\t\t<div class=\"wpb_wrapper\">\n\t\t\t<h3>Geschafft! Ihr Lernmodul ist fertig!<\/h3>\n\n\t\t<\/div>\n\t<\/div>\n<\/div><\/div><\/div><\/div><div class=\"vc_row wpb_row vc_row-fluid\"><div class=\"wpb_column vc_column_container vc_col-sm-12\"><div class=\"vc_column-inner\"><div class=\"wpb_wrapper\">\n\t<div class=\"wpb_text_column wpb_content_element\" >\n\t\t<div class=\"wpb_wrapper\">\n\t\t\t<p>Sie haben Ihr Lernmodul fertiggestellt und abschlie\u00dfend kontrolliert? Dann wechseln Sie zur Seite &#8222;<strong><a href=\"https:\/\/zfl-lernen.de\/en\/h5p-lernmodul-erstellung\/letzte-schritte\/\" target=\"_blank\" rel=\"noopener\">Letzte Schritte<\/a><\/strong>&#8222;. Dort erfahren Sie, wie Sie ihr Lernmodul qualit\u00e4tssichern und ver\u00f6ffentlichen k\u00f6nnen.<\/p>\n\n\t\t<\/div>\n\t<\/div>\n<\/div><\/div><\/div><\/div>\n<\/div>"},"excerpt":{"rendered":"Arbeiten mit dem H5P-Lernmodul Sie haben sich bis jetzt die Vorlage heruntergeladen und in einem System Ihrer Wahl zur Bearbeitung bereitgestellt. Au\u00dferdem haben Sie sich in die Technik und in die Funktionen vom H5P-Inhaltstyp \"Portfolio\" eingearbeitet. Nun erfahren Sie, wie &hellip;","protected":false},"author":124,"featured_media":0,"parent":82207,"menu_order":0,"comment_status":"closed","ping_status":"closed","template":"","meta":{"_acf_changed":false,"footnotes":""},"categories":[],"tags":[],"kooperation":[],"class_list":["post-82309","page","type-page","status-publish","hentry"],"acf":[],"yoast_head":"<!-- This site is optimized with the Yoast SEO plugin v27.1.1 - https:\/\/yoast.com\/product\/yoast-seo-wordpress\/ -->\n<title>Arbeiten mit dem H5P-Lernmodul - ZfL Lernen<\/title>\n<meta name=\"robots\" content=\"index, follow, max-snippet:-1, max-image-preview:large, max-video-preview:-1\" \/>\n<link rel=\"canonical\" href=\"https:\/\/zfl-lernen.de\/en\/h5p-lernmodul-erstellung\/arbeiten-mit-dem-h5p-lernmodul\/\" \/>\n<meta property=\"og:locale\" content=\"en_US\" \/>\n<meta property=\"og:type\" content=\"article\" \/>\n<meta property=\"og:title\" content=\"Arbeiten mit dem H5P-Lernmodul - ZfL Lernen\" \/>\n<meta property=\"og:url\" content=\"https:\/\/zfl-lernen.de\/en\/h5p-lernmodul-erstellung\/arbeiten-mit-dem-h5p-lernmodul\/\" \/>\n<meta property=\"og:site_name\" content=\"ZfL Lernen\" \/>\n<meta property=\"article:publisher\" content=\"https:\/\/www.facebook.com\/zflkoeln\" \/>\n<meta property=\"article:modified_time\" content=\"2025-02-17T13:22:47+00:00\" \/>\n<meta property=\"og:image\" content=\"https:\/\/zfl-lernen.de\/wp-content\/uploads\/zfl-logo_neu-1.png\" \/>\n\t<meta property=\"og:image:width\" content=\"300\" \/>\n\t<meta property=\"og:image:height\" content=\"161\" \/>\n\t<meta property=\"og:image:type\" content=\"image\/png\" \/>\n<meta name=\"twitter:card\" content=\"summary_large_image\" \/>\n<meta name=\"twitter:site\" content=\"@Lehrer_innen\" \/>\n<meta name=\"twitter:label1\" content=\"Est. reading time\" \/>\n\t<meta name=\"twitter:data1\" content=\"1 minute\" \/>\n<script type=\"application\/ld+json\" class=\"yoast-schema-graph\">{\"@context\":\"https:\/\/schema.org\",\"@graph\":[{\"@type\":\"WebPage\",\"@id\":\"https:\/\/zfl-lernen.de\/h5p-lernmodul-erstellung\/arbeiten-mit-dem-h5p-lernmodul\/\",\"url\":\"https:\/\/zfl-lernen.de\/h5p-lernmodul-erstellung\/arbeiten-mit-dem-h5p-lernmodul\/\",\"name\":\"Arbeiten mit dem H5P-Lernmodul - ZfL Lernen\",\"isPartOf\":{\"@id\":\"https:\/\/zfl-lernen.de\/#website\"},\"datePublished\":\"2025-02-04T08:57:10+00:00\",\"dateModified\":\"2025-02-17T13:22:47+00:00\",\"breadcrumb\":{\"@id\":\"https:\/\/zfl-lernen.de\/h5p-lernmodul-erstellung\/arbeiten-mit-dem-h5p-lernmodul\/#breadcrumb\"},\"inLanguage\":\"en-US\",\"potentialAction\":[{\"@type\":\"ReadAction\",\"target\":[\"https:\/\/zfl-lernen.de\/h5p-lernmodul-erstellung\/arbeiten-mit-dem-h5p-lernmodul\/\"]}]},{\"@type\":\"BreadcrumbList\",\"@id\":\"https:\/\/zfl-lernen.de\/h5p-lernmodul-erstellung\/arbeiten-mit-dem-h5p-lernmodul\/#breadcrumb\",\"itemListElement\":[{\"@type\":\"ListItem\",\"position\":1,\"name\":\"Startseite\",\"item\":\"https:\/\/zfl-lernen.de\/\"},{\"@type\":\"ListItem\",\"position\":2,\"name\":\"Lernmodule erstellen mit dem Tool H5P\",\"item\":\"https:\/\/zfl-lernen.de\/h5p-lernmodul-erstellung\/\"},{\"@type\":\"ListItem\",\"position\":3,\"name\":\"Arbeiten mit dem H5P-Lernmodul\"}]},{\"@type\":\"WebSite\",\"@id\":\"https:\/\/zfl-lernen.de\/#website\",\"url\":\"https:\/\/zfl-lernen.de\/\",\"name\":\"ZfL Lernen\",\"description\":\"ZfL Offene Bildungsangebote\",\"potentialAction\":[{\"@type\":\"SearchAction\",\"target\":{\"@type\":\"EntryPoint\",\"urlTemplate\":\"https:\/\/zfl-lernen.de\/?s={search_term_string}\"},\"query-input\":{\"@type\":\"PropertyValueSpecification\",\"valueRequired\":true,\"valueName\":\"search_term_string\"}}],\"inLanguage\":\"en-US\"}]}<\/script>\n<!-- \/ Yoast SEO plugin. -->","yoast_head_json":{"title":"Arbeiten mit dem H5P-Lernmodul - ZfL Lernen","robots":{"index":"index","follow":"follow","max-snippet":"max-snippet:-1","max-image-preview":"max-image-preview:large","max-video-preview":"max-video-preview:-1"},"canonical":"https:\/\/zfl-lernen.de\/en\/h5p-lernmodul-erstellung\/arbeiten-mit-dem-h5p-lernmodul\/","og_locale":"en_US","og_type":"article","og_title":"Arbeiten mit dem H5P-Lernmodul - ZfL Lernen","og_url":"https:\/\/zfl-lernen.de\/en\/h5p-lernmodul-erstellung\/arbeiten-mit-dem-h5p-lernmodul\/","og_site_name":"ZfL Lernen","article_publisher":"https:\/\/www.facebook.com\/zflkoeln","article_modified_time":"2025-02-17T13:22:47+00:00","og_image":[{"width":300,"height":161,"url":"https:\/\/zfl-lernen.de\/wp-content\/uploads\/zfl-logo_neu-1.png","type":"image\/png"}],"twitter_card":"summary_large_image","twitter_site":"@Lehrer_innen","twitter_misc":{"Est. reading time":"1 minute"},"schema":{"@context":"https:\/\/schema.org","@graph":[{"@type":"WebPage","@id":"https:\/\/zfl-lernen.de\/h5p-lernmodul-erstellung\/arbeiten-mit-dem-h5p-lernmodul\/","url":"https:\/\/zfl-lernen.de\/h5p-lernmodul-erstellung\/arbeiten-mit-dem-h5p-lernmodul\/","name":"Arbeiten mit dem H5P-Lernmodul - ZfL Lernen","isPartOf":{"@id":"https:\/\/zfl-lernen.de\/#website"},"datePublished":"2025-02-04T08:57:10+00:00","dateModified":"2025-02-17T13:22:47+00:00","breadcrumb":{"@id":"https:\/\/zfl-lernen.de\/h5p-lernmodul-erstellung\/arbeiten-mit-dem-h5p-lernmodul\/#breadcrumb"},"inLanguage":"en-US","potentialAction":[{"@type":"ReadAction","target":["https:\/\/zfl-lernen.de\/h5p-lernmodul-erstellung\/arbeiten-mit-dem-h5p-lernmodul\/"]}]},{"@type":"BreadcrumbList","@id":"https:\/\/zfl-lernen.de\/h5p-lernmodul-erstellung\/arbeiten-mit-dem-h5p-lernmodul\/#breadcrumb","itemListElement":[{"@type":"ListItem","position":1,"name":"Startseite","item":"https:\/\/zfl-lernen.de\/"},{"@type":"ListItem","position":2,"name":"Lernmodule erstellen mit dem Tool H5P","item":"https:\/\/zfl-lernen.de\/h5p-lernmodul-erstellung\/"},{"@type":"ListItem","position":3,"name":"Arbeiten mit dem H5P-Lernmodul"}]},{"@type":"WebSite","@id":"https:\/\/zfl-lernen.de\/#website","url":"https:\/\/zfl-lernen.de\/","name":"ZfL Lernen","description":"ZfL Offene Bildungsangebote","potentialAction":[{"@type":"SearchAction","target":{"@type":"EntryPoint","urlTemplate":"https:\/\/zfl-lernen.de\/?s={search_term_string}"},"query-input":{"@type":"PropertyValueSpecification","valueRequired":true,"valueName":"search_term_string"}}],"inLanguage":"en-US"}]}},"_links":{"self":[{"href":"https:\/\/zfl-lernen.de\/en\/wp-json\/wp\/v2\/pages\/82309","targetHints":{"allow":["GET"]}}],"collection":[{"href":"https:\/\/zfl-lernen.de\/en\/wp-json\/wp\/v2\/pages"}],"about":[{"href":"https:\/\/zfl-lernen.de\/en\/wp-json\/wp\/v2\/types\/page"}],"author":[{"embeddable":true,"href":"https:\/\/zfl-lernen.de\/en\/wp-json\/wp\/v2\/users\/124"}],"replies":[{"embeddable":true,"href":"https:\/\/zfl-lernen.de\/en\/wp-json\/wp\/v2\/comments?post=82309"}],"version-history":[{"count":6,"href":"https:\/\/zfl-lernen.de\/en\/wp-json\/wp\/v2\/pages\/82309\/revisions"}],"predecessor-version":[{"id":82584,"href":"https:\/\/zfl-lernen.de\/en\/wp-json\/wp\/v2\/pages\/82309\/revisions\/82584"}],"up":[{"embeddable":true,"href":"https:\/\/zfl-lernen.de\/en\/wp-json\/wp\/v2\/pages\/82207"}],"wp:attachment":[{"href":"https:\/\/zfl-lernen.de\/en\/wp-json\/wp\/v2\/media?parent=82309"}],"wp:term":[{"taxonomy":"category","embeddable":true,"href":"https:\/\/zfl-lernen.de\/en\/wp-json\/wp\/v2\/categories?post=82309"},{"taxonomy":"post_tag","embeddable":true,"href":"https:\/\/zfl-lernen.de\/en\/wp-json\/wp\/v2\/tags?post=82309"},{"taxonomy":"kooperation","embeddable":true,"href":"https:\/\/zfl-lernen.de\/en\/wp-json\/wp\/v2\/kooperation?post=82309"}],"curies":[{"name":"wp","href":"https:\/\/api.w.org\/{rel}","templated":true}]}}